{"id":104,"date":"2025-10-28T12:10:00","date_gmt":"2025-10-28T11:10:00","guid":{"rendered":"https:\/\/styrke.no\/styrkeavd107sunnhordland\/?page_id=104"},"modified":"2025-10-28T14:15:18","modified_gmt":"2025-10-28T13:15:18","slug":"nyheter","status":"publish","type":"page","link":"https:\/\/styrke.no\/avd107sunnhordland\/nyheter\/","title":{"rendered":"Nyheter"},"content":{"rendered":"\n<h2 class=\"wp-block-heading\" id=\"h-landsmote-2025\">LANDSM\u00d8TE 2025<\/h2>\n\n\n\n<p>Forbundet Styrkes f\u00f8rste ordin\u00e6re landsm\u00f8te.<\/p>\n\n\n\n<p>Landsm\u00f8tet er forbundets h\u00f8yeste myndighet<\/p>\n\n\n\n<figure class=\"wp-block-image size-large\"><img loading=\"lazy\" decoding=\"async\" width=\"1024\" height=\"461\" src=\"https:\/\/styrke.no\/content\/uploads\/sites\/25\/2025\/10\/Vare-representanter-1024x461.jpg\" alt=\"\" class=\"wp-image-571\" srcset=\"https:\/\/styrke.no\/content\/uploads\/sites\/25\/2025\/10\/Vare-representanter-1024x461.jpg 1024w, https:\/\/styrke.no\/content\/uploads\/sites\/25\/2025\/10\/Vare-representanter-300x135.jpg 300w, https:\/\/styrke.no\/content\/uploads\/sites\/25\/2025\/10\/Vare-representanter-768x345.jpg 768w, https:\/\/styrke.no\/content\/uploads\/sites\/25\/2025\/10\/Vare-representanter-1536x691.jpg 1536w, https:\/\/styrke.no\/content\/uploads\/sites\/25\/2025\/10\/Vare-representanter.jpg 2048w\" sizes=\"(max-width: 1024px) 100vw, 1024px\" \/><figcaption class=\"wp-element-caption\">Delegater fra avd107 Sunnhordland. <\/figcaption><\/figure>\n\n\n\n<p><a href=\"https:\/\/styrke.no\/landsmotet-2025\/\">Landsm\u00f8tet 2025 &#8211; Styrke<\/a><\/p>\n\n\n\n<p>Deler av organisasjon og vedtekter ble endret under landsm\u00f8te, flest for \u00e5 samkj\u00f8re de to tidligere forbundene. En del vil videref\u00f8res fram til neste landsm\u00f8te, og vi oppfordrer alle til spesielt \u00e5 sette seg inn i de endringene som ble vedtatt av Landsm\u00f8te 2025. <\/p>\n\n\n\n<p><\/p>\n","protected":false},"excerpt":{"rendered":"<p>LANDSM\u00d8TE 2025 Forbundet Styrkes f\u00f8rste ordin\u00e6re landsm\u00f8te. Landsm\u00f8tet er forbundets h\u00f8yeste myndighet Landsm\u00f8tet 2025 &#8211; Styrke Deler av organisasjon og \u2026 <\/p>\n","protected":false},"author":1,"featured_media":0,"parent":0,"menu_order":0,"comment_status":"closed","ping_status":"closed","template":"","meta":{"_acf_changed":false,"teft_cards_image_id":0,"teft_cards_image_focal_point_x":0,"teft_cards_image_focal_point_y":0,"teft_cards_title":"","teft_cards_excerpt":"","footnotes":""},"news-tag":[],"class_list":["post-104","page","type-page","status-publish","hentry"],"yoast_head":"<!-- This site is optimized with the Yoast SEO Premium plugin v22.4 (Yoast SEO v23.0) - https:\/\/yoast.com\/wordpress\/plugins\/seo\/ -->\n<title>Nyheter - Styrke avd107 Sunnhordland<\/title>\n<meta name=\"robots\" content=\"index, follow, max-snippet:-1, max-image-preview:large, max-video-preview:-1\" \/>\n<link rel=\"canonical\" href=\"https:\/\/styrke.no\/avd107sunnhordland\/nyheter\/\" \/>\n<meta property=\"og:locale\" content=\"nb_NO\" \/>\n<meta property=\"og:type\" content=\"article\" \/>\n<meta property=\"og:title\" content=\"Nyheter\" \/>\n<meta property=\"og:description\" content=\"LANDSM\u00d8TE 2025 Forbundet Styrkes f\u00f8rste ordin\u00e6re landsm\u00f8te. Landsm\u00f8tet er forbundets h\u00f8yeste myndighet Landsm\u00f8tet 2025 &#8211; Styrke Deler av organisasjon og \u2026\" \/>\n<meta property=\"og:url\" content=\"https:\/\/styrke.no\/avd107sunnhordland\/nyheter\/\" \/>\n<meta property=\"og:site_name\" content=\"Styrke avd107 Sunnhordland\" \/>\n<meta property=\"article:modified_time\" content=\"2025-10-28T13:15:18+00:00\" \/>\n<meta property=\"og:image\" content=\"https:\/\/styrke.no\/content\/uploads\/sites\/25\/2025\/10\/Vare-representanter-1024x461.jpg\" \/>\n<meta name=\"twitter:card\" content=\"summary_large_image\" \/>\n<meta name=\"twitter:label1\" content=\"Ansl. lesetid\" \/>\n\t<meta name=\"twitter:data1\" content=\"1 minutt\" \/>\n<script type=\"application\/ld+json\" class=\"yoast-schema-graph\">{\"@context\":\"https:\/\/schema.org\",\"@graph\":[{\"@type\":\"WebPage\",\"@id\":\"https:\/\/styrke.no\/avd107sunnhordland\/nyheter\/\",\"url\":\"https:\/\/styrke.no\/avd107sunnhordland\/nyheter\/\",\"name\":\"Nyheter - Styrke avd107 Sunnhordland\",\"isPartOf\":{\"@id\":\"https:\/\/styrke.no\/avd107sunnhordland\/#website\"},\"primaryImageOfPage\":{\"@id\":\"https:\/\/styrke.no\/avd107sunnhordland\/nyheter\/#primaryimage\"},\"image\":{\"@id\":\"https:\/\/styrke.no\/avd107sunnhordland\/nyheter\/#primaryimage\"},\"thumbnailUrl\":\"https:\/\/styrke.no\/content\/uploads\/sites\/25\/2025\/10\/Vare-representanter-1024x461.jpg\",\"datePublished\":\"2025-10-28T11:10:00+00:00\",\"dateModified\":\"2025-10-28T13:15:18+00:00\",\"breadcrumb\":{\"@id\":\"https:\/\/styrke.no\/avd107sunnhordland\/nyheter\/#breadcrumb\"},\"inLanguage\":\"nb-NO\",\"potentialAction\":[{\"@type\":\"ReadAction\",\"target\":[\"https:\/\/styrke.no\/avd107sunnhordland\/nyheter\/\"]}]},{\"@type\":\"ImageObject\",\"inLanguage\":\"nb-NO\",\"@id\":\"https:\/\/styrke.no\/avd107sunnhordland\/nyheter\/#primaryimage\",\"url\":\"https:\/\/styrke.no\/content\/uploads\/sites\/25\/2025\/10\/Vare-representanter-1024x461.jpg\",\"contentUrl\":\"https:\/\/styrke.no\/content\/uploads\/sites\/25\/2025\/10\/Vare-representanter-1024x461.jpg\"},{\"@type\":\"BreadcrumbList\",\"@id\":\"https:\/\/styrke.no\/avd107sunnhordland\/nyheter\/#breadcrumb\",\"itemListElement\":[{\"@type\":\"ListItem\",\"position\":1,\"name\":\"Hjem\",\"item\":\"https:\/\/styrke.no\/avd107sunnhordland\/\"},{\"@type\":\"ListItem\",\"position\":2,\"name\":\"Nyheter\"}]},{\"@type\":\"WebSite\",\"@id\":\"https:\/\/styrke.no\/avd107sunnhordland\/#website\",\"url\":\"https:\/\/styrke.no\/avd107sunnhordland\/\",\"name\":\"Styrke avd107 Sunnhordland\",\"description\":\"\",\"publisher\":{\"@id\":\"https:\/\/styrke.no\/avd107sunnhordland\/#organization\"},\"potentialAction\":[{\"@type\":\"SearchAction\",\"target\":{\"@type\":\"EntryPoint\",\"urlTemplate\":\"https:\/\/styrke.no\/avd107sunnhordland\/?s={search_term_string}\"},\"query-input\":\"required name=search_term_string\"}],\"inLanguage\":\"nb-NO\"},{\"@type\":\"Organization\",\"@id\":\"https:\/\/styrke.no\/avd107sunnhordland\/#organization\",\"name\":\"Styrke avd107 Sunnhordland\",\"url\":\"https:\/\/styrke.no\/avd107sunnhordland\/\",\"logo\":{\"@type\":\"ImageObject\",\"inLanguage\":\"nb-NO\",\"@id\":\"https:\/\/styrke.no\/avd107sunnhordland\/#\/schema\/logo\/image\/\",\"url\":\"https:\/\/styrke.no\/content\/uploads\/sites\/25\/2024\/10\/Isolation_Mode.svg\",\"contentUrl\":\"https:\/\/styrke.no\/content\/uploads\/sites\/25\/2024\/10\/Isolation_Mode.svg\",\"width\":185,\"height\":54,\"caption\":\"Styrke avd107 Sunnhordland\"},\"image\":{\"@id\":\"https:\/\/styrke.no\/avd107sunnhordland\/#\/schema\/logo\/image\/\"}}]}<\/script>\n<!-- \/ Yoast SEO Premium plugin. -->","yoast_head_json":{"title":"Nyheter - Styrke avd107 Sunnhordland","robots":{"index":"index","follow":"follow","max-snippet":"max-snippet:-1","max-image-preview":"max-image-preview:large","max-video-preview":"max-video-preview:-1"},"canonical":"https:\/\/styrke.no\/avd107sunnhordland\/nyheter\/","og_locale":"nb_NO","og_type":"article","og_title":"Nyheter","og_description":"LANDSM\u00d8TE 2025 Forbundet Styrkes f\u00f8rste ordin\u00e6re landsm\u00f8te. Landsm\u00f8tet er forbundets h\u00f8yeste myndighet Landsm\u00f8tet 2025 &#8211; Styrke Deler av organisasjon og \u2026","og_url":"https:\/\/styrke.no\/avd107sunnhordland\/nyheter\/","og_site_name":"Styrke avd107 Sunnhordland","article_modified_time":"2025-10-28T13:15:18+00:00","og_image":[{"url":"https:\/\/styrke.no\/content\/uploads\/sites\/25\/2025\/10\/Vare-representanter-1024x461.jpg"}],"twitter_card":"summary_large_image","twitter_misc":{"Ansl. lesetid":"1 minutt"},"schema":{"@context":"https:\/\/schema.org","@graph":[{"@type":"WebPage","@id":"https:\/\/styrke.no\/avd107sunnhordland\/nyheter\/","url":"https:\/\/styrke.no\/avd107sunnhordland\/nyheter\/","name":"Nyheter - Styrke avd107 Sunnhordland","isPartOf":{"@id":"https:\/\/styrke.no\/avd107sunnhordland\/#website"},"primaryImageOfPage":{"@id":"https:\/\/styrke.no\/avd107sunnhordland\/nyheter\/#primaryimage"},"image":{"@id":"https:\/\/styrke.no\/avd107sunnhordland\/nyheter\/#primaryimage"},"thumbnailUrl":"https:\/\/styrke.no\/content\/uploads\/sites\/25\/2025\/10\/Vare-representanter-1024x461.jpg","datePublished":"2025-10-28T11:10:00+00:00","dateModified":"2025-10-28T13:15:18+00:00","breadcrumb":{"@id":"https:\/\/styrke.no\/avd107sunnhordland\/nyheter\/#breadcrumb"},"inLanguage":"nb-NO","potentialAction":[{"@type":"ReadAction","target":["https:\/\/styrke.no\/avd107sunnhordland\/nyheter\/"]}]},{"@type":"ImageObject","inLanguage":"nb-NO","@id":"https:\/\/styrke.no\/avd107sunnhordland\/nyheter\/#primaryimage","url":"https:\/\/styrke.no\/content\/uploads\/sites\/25\/2025\/10\/Vare-representanter-1024x461.jpg","contentUrl":"https:\/\/styrke.no\/content\/uploads\/sites\/25\/2025\/10\/Vare-representanter-1024x461.jpg"},{"@type":"BreadcrumbList","@id":"https:\/\/styrke.no\/avd107sunnhordland\/nyheter\/#breadcrumb","itemListElement":[{"@type":"ListItem","position":1,"name":"Hjem","item":"https:\/\/styrke.no\/avd107sunnhordland\/"},{"@type":"ListItem","position":2,"name":"Nyheter"}]},{"@type":"WebSite","@id":"https:\/\/styrke.no\/avd107sunnhordland\/#website","url":"https:\/\/styrke.no\/avd107sunnhordland\/","name":"Styrke avd107 Sunnhordland","description":"","publisher":{"@id":"https:\/\/styrke.no\/avd107sunnhordland\/#organization"},"potentialAction":[{"@type":"SearchAction","target":{"@type":"EntryPoint","urlTemplate":"https:\/\/styrke.no\/avd107sunnhordland\/?s={search_term_string}"},"query-input":"required name=search_term_string"}],"inLanguage":"nb-NO"},{"@type":"Organization","@id":"https:\/\/styrke.no\/avd107sunnhordland\/#organization","name":"Styrke avd107 Sunnhordland","url":"https:\/\/styrke.no\/avd107sunnhordland\/","logo":{"@type":"ImageObject","inLanguage":"nb-NO","@id":"https:\/\/styrke.no\/avd107sunnhordland\/#\/schema\/logo\/image\/","url":"https:\/\/styrke.no\/content\/uploads\/sites\/25\/2024\/10\/Isolation_Mode.svg","contentUrl":"https:\/\/styrke.no\/content\/uploads\/sites\/25\/2024\/10\/Isolation_Mode.svg","width":185,"height":54,"caption":"Styrke avd107 Sunnhordland"},"image":{"@id":"https:\/\/styrke.no\/avd107sunnhordland\/#\/schema\/logo\/image\/"}}]}},"acf":[],"_links":{"self":[{"href":"https:\/\/styrke.no\/avd107sunnhordland\/wp-json\/wp\/v2\/pages\/104"}],"collection":[{"href":"https:\/\/styrke.no\/avd107sunnhordland\/wp-json\/wp\/v2\/pages"}],"about":[{"href":"https:\/\/styrke.no\/avd107sunnhordland\/wp-json\/wp\/v2\/types\/page"}],"author":[{"embeddable":true,"href":"https:\/\/styrke.no\/avd107sunnhordland\/wp-json\/wp\/v2\/users\/1"}],"replies":[{"embeddable":true,"href":"https:\/\/styrke.no\/avd107sunnhordland\/wp-json\/wp\/v2\/comments?post=104"}],"version-history":[{"count":5,"href":"https:\/\/styrke.no\/avd107sunnhordland\/wp-json\/wp\/v2\/pages\/104\/revisions"}],"predecessor-version":[{"id":574,"href":"https:\/\/styrke.no\/avd107sunnhordland\/wp-json\/wp\/v2\/pages\/104\/revisions\/574"}],"wp:attachment":[{"href":"https:\/\/styrke.no\/avd107sunnhordland\/wp-json\/wp\/v2\/media?parent=104"}],"wp:term":[{"taxonomy":"news-tag","embeddable":true,"href":"https:\/\/styrke.no\/avd107sunnhordland\/wp-json\/wp\/v2\/news-tag?post=104"}],"curies":[{"name":"wp","href":"https:\/\/api.w.org\/{rel}","templated":true}]}}