{"id":135,"date":"2021-11-15T10:49:16","date_gmt":"2021-11-15T09:49:16","guid":{"rendered":"https:\/\/styrke.no\/styrkeavd107sunnhordland\/?page_id=135"},"modified":"2025-10-27T16:09:57","modified_gmt":"2025-10-27T15:09:57","slug":"pensjonister","status":"publish","type":"page","link":"https:\/\/styrke.no\/avd107sunnhordland\/pensjonister\/","title":{"rendered":"Pensjonister"},"content":{"rendered":"\n<h3 class=\"wp-block-heading\" id=\"h-birger-r-larsen-pa-landsmote-2025-til-styrke\">Birger R. Larsen p\u00e5 Landsm\u00f8te 2025 til Styrke<\/h3>\n\n\n\n<p>Birger ble p\u00e5 avdelingens \u00e5rsm\u00f8te valgt som representant fra pensjonistgruppa i Sunnhordland<\/p>\n\n\n\n<p><\/p>\n\n\n\n<p><\/p>\n\n\n\n<div class=\"wp-block-media-text has-media-on-the-right is-stacked-on-mobile is-vertically-aligned-top\"><div class=\"wp-block-media-text__content\">\n<p>Forrige uke ble landsm\u00f8tet til Forbundet Styrke gjennomf\u00f8rt. Det ble siste gang pensjonerte medlemmer fikk delta som<a href=\"https:\/\/frifagbevegelse.no\/magasinet-styrke\/i-dette-forbundet-skal-ikke-lenger-pensjonistene-hores-6.158.1170413.bd039b204d\"> observat\u00f8rer<\/a>. (se link)<\/p>\n\n\n\n<p>&#8221; Hva med \u00e5 bruke den kompetansen og kunnskapen vi innehar og gi oss en arena der vi og kan bidra? Slik vi har i dag som observat\u00f8rer med tale- og forslagsrett&#8221; sa Eva Nord\u00e5s fra talerstolen.<\/p>\n\n\n\n<p>Hun er leder for Pensjonistavdelingen til Styrke avdeling 4 Oslo og Akershus.<\/p>\n\n\n\n<p>Med flere andre pensjonistobservat\u00f8rer fulgte hun landsm\u00f8tet fra tredje bakerste benk. (Vi ser Birger nest \u00f8verst p\u00e5 den benkeraden.)<\/p>\n\n\n\n<p><\/p>\n<\/div><figure class=\"wp-block-media-text__media\"><img loading=\"lazy\" decoding=\"async\" width=\"461\" height=\"1024\" src=\"https:\/\/styrke.no\/content\/uploads\/sites\/25\/2025\/10\/Seniorbenken-1-461x1024.jpg\" alt=\"\" class=\"wp-image-559 size-full\" srcset=\"https:\/\/styrke.no\/content\/uploads\/sites\/25\/2025\/10\/Seniorbenken-1-461x1024.jpg 461w, https:\/\/styrke.no\/content\/uploads\/sites\/25\/2025\/10\/Seniorbenken-1-135x300.jpg 135w, https:\/\/styrke.no\/content\/uploads\/sites\/25\/2025\/10\/Seniorbenken-1-768x1708.jpg 768w, https:\/\/styrke.no\/content\/uploads\/sites\/25\/2025\/10\/Seniorbenken-1-691x1536.jpg 691w, https:\/\/styrke.no\/content\/uploads\/sites\/25\/2025\/10\/Seniorbenken-1.jpg 921w\" sizes=\"(max-width: 461px) 100vw, 461px\" \/><\/figure><\/div>\n\n\n\n<p><\/p>\n\n\n\n<p><\/p>\n\n\n\n<p>Oppsummert fra Birger:<\/p>\n\n\n\n<p>Sakene p\u00e5 Landsm\u00f8tet ble behandlet&nbsp; profesjonelt, med unntak av fredagen da, det ble mye rot. Mange &#8220;til forretningsorden&#8221;. Jeg fikk hilst p\u00e5 Frode, og inviterte han til Stord \ud83d\ude42&nbsp;<\/p>\n\n\n\n<p>LO lederen holdt et fint innlegg, det samme med n\u00e6ringsministeren . Oljen\u00e6ringen skal utvikles, ikke avvikles, var nok konklusjonen.<\/p>\n\n\n\n<p>De styrende organene i Styrke har nok f\u00e5tt et mer ungdommelig l\u00f8ft n\u00e5.&nbsp; P\u00e5 benken bak oss satt ungdomsutvalget. De er veldig&nbsp;p\u00e5 hugget, og jeg har bedt han ta kontakt med Stord VGS for \u00e5 ha en presentasjon&nbsp;der, og kanskje f\u00e5 til et ungdomsutvalg p\u00e5 Verftet?<\/p>\n\n\n\n<p>Pensjonistene hadde flere forslag til endringer til b\u00e5de vedtekter og andre forslag p\u00e5 landsm\u00f8tet. Dessverre, s\u00e5&nbsp; n\u00e5dde vi ikke fram. Noen av de siste sakene p\u00e5&nbsp; fredag var om pensjonistene skulle fortsatt ha observat\u00f8rer p\u00e5 kommende Landsm\u00f8ter. Det kom til avstemning, men falt med 295 mot og 159 for.&nbsp;<\/p>\n\n\n\n<p>* Kommentaren fra Frode Alvheim var da at Forbundet Styrke skulle v\u00e6re et forbund for yrkesaktive medlemmer. Det er fortsatt slik at avdelingene kan invitere leder av pensjonistgruppene til styrem\u00f8tene med tale og forslagsrett.<\/p>\n\n\n\n<p>Landsm\u00f8tet var perfekt gjennomf\u00f8rt fra ende til annen, med flott kunstneriske innslag f\u00f8r m\u00f8testart,&nbsp; &nbsp;Landsm\u00f8te festen&nbsp;er nesten verd et kapittel for seg \ud83d\ude42<\/p>\n\n\n\n<figure class=\"wp-block-image size-large\"><img loading=\"lazy\" decoding=\"async\" width=\"1024\" height=\"461\" src=\"https:\/\/styrke.no\/content\/uploads\/sites\/25\/2025\/10\/Fra-bakre-benk-1-1024x461.jpg\" alt=\"\" class=\"wp-image-562\" srcset=\"https:\/\/styrke.no\/content\/uploads\/sites\/25\/2025\/10\/Fra-bakre-benk-1-1024x461.jpg 1024w, https:\/\/styrke.no\/content\/uploads\/sites\/25\/2025\/10\/Fra-bakre-benk-1-300x135.jpg 300w, https:\/\/styrke.no\/content\/uploads\/sites\/25\/2025\/10\/Fra-bakre-benk-1-768x345.jpg 768w, https:\/\/styrke.no\/content\/uploads\/sites\/25\/2025\/10\/Fra-bakre-benk-1-1536x691.jpg 1536w, https:\/\/styrke.no\/content\/uploads\/sites\/25\/2025\/10\/Fra-bakre-benk-1.jpg 2048w\" sizes=\"(max-width: 1024px) 100vw, 1024px\" \/><\/figure>\n\n\n\n<h4 class=\"wp-block-heading\" id=\"h-en-oppsummering-fra-pensjonist-styret-om-aktiviteter-i-andre-halvar-og-litt-om-tanker-for-2024\"><br>En oppsummering fra pensjonist styret om aktiviteter i andre halv\u00e5r, og litt om tanker for 2024.<\/h4>\n\n\n\n<figure class=\"wp-block-image alignright\"><img decoding=\"async\" src=\"https:\/\/www.flt107.org\/wp-content\/uploads\/2023\/10\/IMG_2398-559x1024.jpg\" alt=\"\"\/><\/figure>\n\n\n\n<p id=\"block-3a7c0137-eefa-43b6-bc3c-3b39c0f0d585\">Vi har endret m\u00f8te frekvensen fra m\u00f8ter HVER m\u00e5ned til annenhver m\u00e5ned.<\/p>\n\n\n\n<p id=\"block-9702713f-a276-4446-9a3d-63e1ef720100\">Vi har gjennomf\u00f8rt v\u00e5rt f\u00f8rste h\u00f8stm\u00f8te med v\u00e5re pensjonister.<\/p>\n\n\n\n<p id=\"block-ddb2abbd-1373-46ba-b8da-8c181b52f907\">Vi inviterte VESTBO fra Bergen til \u00e5 informere om kommende prosjekter, b\u00e5de p\u00e5 Stord og Bergen\/Os\u2026 De kom med b\u00e5de admin direkt\u00f8r og teknisk direkt\u00f8r, samt v\u00e5r lokale Vestbo representant.<\/p>\n\n\n\n<p id=\"block-64c8c03f-9b7b-40bf-b14d-abc73adbee33\">Det ble ogs\u00e5 orienterte om prosessen mellom IE og FLT p\u00e5 m\u00f8te.<\/p>\n\n\n\n<figure class=\"wp-block-image\" id=\"block-66ec2348-7c52-425d-b2b4-445c4ce39fba\"><img decoding=\"async\" src=\"https:\/\/www.flt107.org\/wp-content\/uploads\/2023\/10\/Pensjonist-2023.09-1024x461.jpg\" alt=\"Dette bildet mangler alt-tekst; dets filnavn er Pensjonist-2023.09-1024x461.jpg\"\/><\/figure>\n\n\n\n<p id=\"block-22819184-f283-48b1-9b42-8b65f3932ea4\">Det ble et godt m\u00f8te, og 26 medlemmer, noen med ektefeller m\u00f8tte opp. Vi markedsf\u00f8rte m\u00f8tet via eposter og ogs\u00e5 en annonse i Sunnhordland.<\/p>\n\n\n\n<p id=\"block-3a946237-110c-43ef-a167-a1643ac36bde\">Neste m\u00f8te blir<strong> tirsdag 07.november.<\/strong><\/p>\n\n\n\n<p id=\"block-7b6f7beb-86f9-4d28-8584-d019fb1945f0\">Da kommer Sokneprest i Nys\u00e6rter Kyrkje Reidar Aadnanes, og skal fortelle fra sitt liv som sj\u00f8mannsprest.<\/p>\n\n\n\n<p id=\"block-91349651-4f45-4c2a-a5e3-dcf2e56a9fb8\">\u00c5rsavslutningen for 2023, og Julem\u00f8tet blir i <strong><em>Leirvikstova MANDAG 4. Desember,&nbsp; fra kl. 14:00 til 16:00.<\/em><\/strong> Vi serverer snitter og kaffe. Vi har ikke bestemt noen foredragsholder enda, men det kommer. S\u00e5 f\u00e5r vi noen fra musikklinja p\u00e5 Stord VGS til \u00e5 spille for oss \ud83d\ude0a<\/p>\n\n\n\n<p id=\"block-2b459c0d-d2a9-49df-83e7-33c7f5d22df5\">2024<\/p>\n\n\n\n<p id=\"block-55b34cf1-6ac8-4de6-b07e-7bab63996e0d\">2024 vet vi lite om enda, men vi satser p\u00e5 f\u00f8rste m\u00f8te i 2024 den 6. Februar. Her m\u00e5 jo tema bli om det nye forbundet, s\u00e5 fint om vi kan kombinere dette m\u00f8tet med medlemsm\u00f8te i V\u00c5R nye avdeling og bes\u00f8k fra det NYE forbundet?<\/p>\n\n\n\n<ul id=\"block-43a702bc-e21a-44fb-84e2-cf4d5eb2010c\" class=\"wp-block-list\">\n<li>Aprilm\u00f8te 9. April \u2013 B\u00f8r bli et historiem\u00f8te.<\/li>\n<\/ul>\n\n\n\n<p id=\"block-9e2b7054-4e9d-4b2d-bd93-5d78a1e00b8e\">Vi har n\u00e5 f\u00e5tt en god liste med navn og eposter, s\u00e5 vi vil nok kun benytte eposter og info p\u00e5 v\u00e5r FB-side, og web-siden.<\/p>\n\n\n\n<p id=\"block-2287a386-4707-4fad-a37f-76638486a947\">Med hilsen fra Pensjoniststyret<\/p>\n\n\n\n<p id=\"block-f6c299d7-ddc7-4007-837c-e55deccb1146\">Birger Reinhardt Larsen<\/p>\n\n\n\n<p id=\"block-65320756-1f02-41f4-8725-ae3c32526755\">Sekret\u00e6r<\/p>\n\n\n\n<p id=\"block-da9414d1-83b4-4b9c-9809-f8af0d699b30\"><br><\/p>\n\n\n\n<h5 class=\"wp-block-heading\" id=\"block-932cc41e-e5a7-455c-9ea2-1461647d301c\">Juleavslutning i Kristornbua er blitt en god tradisjon<\/h5>\n\n\n\n<p id=\"block-813a4673-c2d5-4957-8035-75a27b5e290d\">Det har blitt en god tradisjon \u00e5 ta en juleavslutning i Kristornbua sier Willy, leder i pensjonistgruppen. Og spesielt gledelig er alle de gjester som stiller opp, i \u00e5r regionr\u00e5dgiveren, Lisa Nordlund som fortalte om hennes rolle i regionen v\u00e5r.<\/p>\n\n\n\n<figure class=\"wp-block-image\" id=\"block-51e57918-7656-4256-b6e6-60178be28e27\"><img decoding=\"async\" src=\"https:\/\/www.flt107.org\/wp-content\/uploads\/2020\/10\/Pensjonistgruppa-1024x919.jpg\" alt=\"Dette bildet mangler alt-tekst; dets filnavn er Pensjonistgruppa-1024x919.jpg\"\/><figcaption class=\"wp-element-caption\">Birger, Lisa og Willy utenfor Kristornbua f\u00f8r julesamling 2019<\/figcaption><\/figure>\n\n\n\n<p id=\"block-da9414d1-83b4-4b9c-9809-f8af0d699b30\">Gl\u00f8gg og gr\u00f8t h\u00f8rer med til samlingen, og s\u00e5 m\u00e5 hver enkelt bidra litt med en egenandel. Dette er for at vi skal ha en grei \u00f8konomi i gruppen sier Birger, pensjonistgruppens sekret\u00e6r.<\/p>\n\n\n\n<p><\/p>\n","protected":false},"excerpt":{"rendered":"<p>Birger R. Larsen p\u00e5 Landsm\u00f8te 2025 til Styrke Birger ble p\u00e5 avdelingens \u00e5rsm\u00f8te valgt som representant fra pensjonistgruppa i Sunnhordland \u2026 <\/p>\n","protected":false},"author":218,"featured_media":0,"parent":0,"menu_order":5,"comment_status":"closed","ping_status":"closed","template":"","meta":{"_acf_changed":false,"teft_cards_image_id":0,"teft_cards_image_focal_point_x":0,"teft_cards_image_focal_point_y":0,"teft_cards_title":"","teft_cards_excerpt":"","footnotes":""},"news-tag":[],"class_list":["post-135","page","type-page","status-publish","hentry"],"yoast_head":"<!-- This site is optimized with the Yoast SEO Premium plugin v22.4 (Yoast SEO v23.0) - https:\/\/yoast.com\/wordpress\/plugins\/seo\/ -->\n<title>Pensjonister - Styrke avd107 Sunnhordland<\/title>\n<meta name=\"robots\" content=\"index, follow, max-snippet:-1, max-image-preview:large, max-video-preview:-1\" \/>\n<link rel=\"canonical\" href=\"https:\/\/styrke.no\/avd107sunnhordland\/pensjonister\/\" \/>\n<meta property=\"og:locale\" content=\"nb_NO\" \/>\n<meta property=\"og:type\" content=\"article\" \/>\n<meta property=\"og:title\" content=\"Pensjonister\" \/>\n<meta property=\"og:description\" content=\"Birger R. Larsen p\u00e5 Landsm\u00f8te 2025 til Styrke Birger ble p\u00e5 avdelingens \u00e5rsm\u00f8te valgt som representant fra pensjonistgruppa i Sunnhordland \u2026\" \/>\n<meta property=\"og:url\" content=\"https:\/\/styrke.no\/avd107sunnhordland\/pensjonister\/\" \/>\n<meta property=\"og:site_name\" content=\"Styrke avd107 Sunnhordland\" \/>\n<meta property=\"article:modified_time\" content=\"2025-10-27T15:09:57+00:00\" \/>\n<meta property=\"og:image\" content=\"https:\/\/styrke.no\/content\/uploads\/sites\/25\/2025\/10\/Seniorbenken-1-461x1024.jpg\" \/>\n<meta name=\"twitter:card\" content=\"summary_large_image\" \/>\n<meta name=\"twitter:label1\" content=\"Ansl. lesetid\" \/>\n\t<meta name=\"twitter:data1\" content=\"5 minutter\" \/>\n<script type=\"application\/ld+json\" class=\"yoast-schema-graph\">{\"@context\":\"https:\/\/schema.org\",\"@graph\":[{\"@type\":\"WebPage\",\"@id\":\"https:\/\/styrke.no\/avd107sunnhordland\/pensjonister\/\",\"url\":\"https:\/\/styrke.no\/avd107sunnhordland\/pensjonister\/\",\"name\":\"Pensjonister - Styrke avd107 Sunnhordland\",\"isPartOf\":{\"@id\":\"https:\/\/styrke.no\/avd107sunnhordland\/#website\"},\"primaryImageOfPage\":{\"@id\":\"https:\/\/styrke.no\/avd107sunnhordland\/pensjonister\/#primaryimage\"},\"image\":{\"@id\":\"https:\/\/styrke.no\/avd107sunnhordland\/pensjonister\/#primaryimage\"},\"thumbnailUrl\":\"https:\/\/styrke.no\/content\/uploads\/sites\/25\/2025\/10\/Seniorbenken-1-461x1024.jpg\",\"datePublished\":\"2021-11-15T09:49:16+00:00\",\"dateModified\":\"2025-10-27T15:09:57+00:00\",\"breadcrumb\":{\"@id\":\"https:\/\/styrke.no\/avd107sunnhordland\/pensjonister\/#breadcrumb\"},\"inLanguage\":\"nb-NO\",\"potentialAction\":[{\"@type\":\"ReadAction\",\"target\":[\"https:\/\/styrke.no\/avd107sunnhordland\/pensjonister\/\"]}]},{\"@type\":\"ImageObject\",\"inLanguage\":\"nb-NO\",\"@id\":\"https:\/\/styrke.no\/avd107sunnhordland\/pensjonister\/#primaryimage\",\"url\":\"https:\/\/styrke.no\/content\/uploads\/sites\/25\/2025\/10\/Seniorbenken-1-461x1024.jpg\",\"contentUrl\":\"https:\/\/styrke.no\/content\/uploads\/sites\/25\/2025\/10\/Seniorbenken-1-461x1024.jpg\"},{\"@type\":\"BreadcrumbList\",\"@id\":\"https:\/\/styrke.no\/avd107sunnhordland\/pensjonister\/#breadcrumb\",\"itemListElement\":[{\"@type\":\"ListItem\",\"position\":1,\"name\":\"Hjem\",\"item\":\"https:\/\/styrke.no\/avd107sunnhordland\/\"},{\"@type\":\"ListItem\",\"position\":2,\"name\":\"Pensjonister\"}]},{\"@type\":\"WebSite\",\"@id\":\"https:\/\/styrke.no\/avd107sunnhordland\/#website\",\"url\":\"https:\/\/styrke.no\/avd107sunnhordland\/\",\"name\":\"Styrke avd107 Sunnhordland\",\"description\":\"\",\"publisher\":{\"@id\":\"https:\/\/styrke.no\/avd107sunnhordland\/#organization\"},\"potentialAction\":[{\"@type\":\"SearchAction\",\"target\":{\"@type\":\"EntryPoint\",\"urlTemplate\":\"https:\/\/styrke.no\/avd107sunnhordland\/?s={search_term_string}\"},\"query-input\":\"required name=search_term_string\"}],\"inLanguage\":\"nb-NO\"},{\"@type\":\"Organization\",\"@id\":\"https:\/\/styrke.no\/avd107sunnhordland\/#organization\",\"name\":\"Styrke avd107 Sunnhordland\",\"url\":\"https:\/\/styrke.no\/avd107sunnhordland\/\",\"logo\":{\"@type\":\"ImageObject\",\"inLanguage\":\"nb-NO\",\"@id\":\"https:\/\/styrke.no\/avd107sunnhordland\/#\/schema\/logo\/image\/\",\"url\":\"https:\/\/styrke.no\/content\/uploads\/sites\/25\/2024\/10\/Isolation_Mode.svg\",\"contentUrl\":\"https:\/\/styrke.no\/content\/uploads\/sites\/25\/2024\/10\/Isolation_Mode.svg\",\"width\":185,\"height\":54,\"caption\":\"Styrke avd107 Sunnhordland\"},\"image\":{\"@id\":\"https:\/\/styrke.no\/avd107sunnhordland\/#\/schema\/logo\/image\/\"}}]}<\/script>\n<!-- \/ Yoast SEO Premium plugin. -->","yoast_head_json":{"title":"Pensjonister - Styrke avd107 Sunnhordland","robots":{"index":"index","follow":"follow","max-snippet":"max-snippet:-1","max-image-preview":"max-image-preview:large","max-video-preview":"max-video-preview:-1"},"canonical":"https:\/\/styrke.no\/avd107sunnhordland\/pensjonister\/","og_locale":"nb_NO","og_type":"article","og_title":"Pensjonister","og_description":"Birger R. Larsen p\u00e5 Landsm\u00f8te 2025 til Styrke Birger ble p\u00e5 avdelingens \u00e5rsm\u00f8te valgt som representant fra pensjonistgruppa i Sunnhordland \u2026","og_url":"https:\/\/styrke.no\/avd107sunnhordland\/pensjonister\/","og_site_name":"Styrke avd107 Sunnhordland","article_modified_time":"2025-10-27T15:09:57+00:00","og_image":[{"url":"https:\/\/styrke.no\/content\/uploads\/sites\/25\/2025\/10\/Seniorbenken-1-461x1024.jpg"}],"twitter_card":"summary_large_image","twitter_misc":{"Ansl. lesetid":"5 minutter"},"schema":{"@context":"https:\/\/schema.org","@graph":[{"@type":"WebPage","@id":"https:\/\/styrke.no\/avd107sunnhordland\/pensjonister\/","url":"https:\/\/styrke.no\/avd107sunnhordland\/pensjonister\/","name":"Pensjonister - Styrke avd107 Sunnhordland","isPartOf":{"@id":"https:\/\/styrke.no\/avd107sunnhordland\/#website"},"primaryImageOfPage":{"@id":"https:\/\/styrke.no\/avd107sunnhordland\/pensjonister\/#primaryimage"},"image":{"@id":"https:\/\/styrke.no\/avd107sunnhordland\/pensjonister\/#primaryimage"},"thumbnailUrl":"https:\/\/styrke.no\/content\/uploads\/sites\/25\/2025\/10\/Seniorbenken-1-461x1024.jpg","datePublished":"2021-11-15T09:49:16+00:00","dateModified":"2025-10-27T15:09:57+00:00","breadcrumb":{"@id":"https:\/\/styrke.no\/avd107sunnhordland\/pensjonister\/#breadcrumb"},"inLanguage":"nb-NO","potentialAction":[{"@type":"ReadAction","target":["https:\/\/styrke.no\/avd107sunnhordland\/pensjonister\/"]}]},{"@type":"ImageObject","inLanguage":"nb-NO","@id":"https:\/\/styrke.no\/avd107sunnhordland\/pensjonister\/#primaryimage","url":"https:\/\/styrke.no\/content\/uploads\/sites\/25\/2025\/10\/Seniorbenken-1-461x1024.jpg","contentUrl":"https:\/\/styrke.no\/content\/uploads\/sites\/25\/2025\/10\/Seniorbenken-1-461x1024.jpg"},{"@type":"BreadcrumbList","@id":"https:\/\/styrke.no\/avd107sunnhordland\/pensjonister\/#breadcrumb","itemListElement":[{"@type":"ListItem","position":1,"name":"Hjem","item":"https:\/\/styrke.no\/avd107sunnhordland\/"},{"@type":"ListItem","position":2,"name":"Pensjonister"}]},{"@type":"WebSite","@id":"https:\/\/styrke.no\/avd107sunnhordland\/#website","url":"https:\/\/styrke.no\/avd107sunnhordland\/","name":"Styrke avd107 Sunnhordland","description":"","publisher":{"@id":"https:\/\/styrke.no\/avd107sunnhordland\/#organization"},"potentialAction":[{"@type":"SearchAction","target":{"@type":"EntryPoint","urlTemplate":"https:\/\/styrke.no\/avd107sunnhordland\/?s={search_term_string}"},"query-input":"required name=search_term_string"}],"inLanguage":"nb-NO"},{"@type":"Organization","@id":"https:\/\/styrke.no\/avd107sunnhordland\/#organization","name":"Styrke avd107 Sunnhordland","url":"https:\/\/styrke.no\/avd107sunnhordland\/","logo":{"@type":"ImageObject","inLanguage":"nb-NO","@id":"https:\/\/styrke.no\/avd107sunnhordland\/#\/schema\/logo\/image\/","url":"https:\/\/styrke.no\/content\/uploads\/sites\/25\/2024\/10\/Isolation_Mode.svg","contentUrl":"https:\/\/styrke.no\/content\/uploads\/sites\/25\/2024\/10\/Isolation_Mode.svg","width":185,"height":54,"caption":"Styrke avd107 Sunnhordland"},"image":{"@id":"https:\/\/styrke.no\/avd107sunnhordland\/#\/schema\/logo\/image\/"}}]}},"acf":[],"_links":{"self":[{"href":"https:\/\/styrke.no\/avd107sunnhordland\/wp-json\/wp\/v2\/pages\/135"}],"collection":[{"href":"https:\/\/styrke.no\/avd107sunnhordland\/wp-json\/wp\/v2\/pages"}],"about":[{"href":"https:\/\/styrke.no\/avd107sunnhordland\/wp-json\/wp\/v2\/types\/page"}],"author":[{"embeddable":true,"href":"https:\/\/styrke.no\/avd107sunnhordland\/wp-json\/wp\/v2\/users\/218"}],"replies":[{"embeddable":true,"href":"https:\/\/styrke.no\/avd107sunnhordland\/wp-json\/wp\/v2\/comments?post=135"}],"version-history":[{"count":25,"href":"https:\/\/styrke.no\/avd107sunnhordland\/wp-json\/wp\/v2\/pages\/135\/revisions"}],"predecessor-version":[{"id":582,"href":"https:\/\/styrke.no\/avd107sunnhordland\/wp-json\/wp\/v2\/pages\/135\/revisions\/582"}],"wp:attachment":[{"href":"https:\/\/styrke.no\/avd107sunnhordland\/wp-json\/wp\/v2\/media?parent=135"}],"wp:term":[{"taxonomy":"news-tag","embeddable":true,"href":"https:\/\/styrke.no\/avd107sunnhordland\/wp-json\/wp\/v2\/news-tag?post=135"}],"curies":[{"name":"wp","href":"https:\/\/api.w.org\/{rel}","templated":true}]}}