{"id":452,"date":"2025-04-28T11:58:45","date_gmt":"2025-04-28T09:58:45","guid":{"rendered":"https:\/\/styrke.no\/avd107sunnhordland\/?page_id=452"},"modified":"2025-04-28T11:58:46","modified_gmt":"2025-04-28T09:58:46","slug":"pensjonistgruppen-medlemsmote-04-03-25","status":"publish","type":"page","link":"https:\/\/styrke.no\/avd107sunnhordland\/pensjonistgruppen-medlemsmote-04-03-25\/","title":{"rendered":"Pensjonistgruppen Medlemsm\u00f8te 04.03.25"},"content":{"rendered":"\t<div class=\"hero alignfull wp-block-dekode-hero\">\n\t\t<div class=\"hero__inner\">\n\t\t\t<div class=\"hero__media\">\n\t\t\t\t\n\t\t<div class=\"illustration\">\n\t\t<img loading=\"lazy\" decoding=\"async\" width=\"1024\" height=\"840\" src=\"https:\/\/styrke.no\/content\/uploads\/sites\/25\/2025\/03\/Mjanes-SKL-1024x840.jpeg\" class=\"illustration__image\" alt=\"\" style=\"object-position: 50% 50%\" srcset=\"https:\/\/styrke.no\/content\/uploads\/sites\/25\/2025\/03\/Mjanes-SKL-1024x840.jpeg 1024w, https:\/\/styrke.no\/content\/uploads\/sites\/25\/2025\/03\/Mjanes-SKL-300x246.jpeg 300w, https:\/\/styrke.no\/content\/uploads\/sites\/25\/2025\/03\/Mjanes-SKL-768x630.jpeg 768w, https:\/\/styrke.no\/content\/uploads\/sites\/25\/2025\/03\/Mjanes-SKL-1536x1260.jpeg 1536w, https:\/\/styrke.no\/content\/uploads\/sites\/25\/2025\/03\/Mjanes-SKL-scaled.jpeg 2048w\" \/>\t<\/div>\n\t\t\n\t\t\t<\/div>\n\n\t\t\t<div class=\"hero__content\">\n\t\t\t\t<h1 class=\"hero__title\">Forberedelse til avdelingens \u00e5rsm\u00f8te<\/h1>\t\t\t\t\t<p>Medlemsm\u00f8te ble avholdt for \u00e5 f\u00e5 godkjent styrets \u00e5rsmelding for 2024. \u00c5rsmeldingen ble framlagt m\u00f8te og godkjent. <br>Administrerende direkt\u00f8r i SKL holdt et meget interessant foredrag om SKL, dagens status, framtidens marked og de utfordringer det er for \u00e5 komme dit. <\/p>\n\t\t\t\t\t\t\t\t\t\t<div class=\"wp-block-buttons is-layout-flex wp-block-buttons-is-layout-flex\">\n\t\t\t\t\t\t<div class=\"wp-block-button\"><a class=\"wp-block-button__link wp-element-button\" href=\"https:\/\/skl.as\/\" target=\"_blank\">John Martin Mj\u00e5nes holdt foredrag om Ren energi<\/a><\/div>\t\t\t\t\t<\/div>\n\t\t\t\t\t\t\t\t<\/div>\n\t\t<\/div>\n\t<\/div>\n\t\n\n\n<p>\u00c5rsmelding fra Pensjonistgruppa i Forbundet Styrke avd 107 Sunnhordland for perioden mars 24 til mars 25.<\/p>\n\n\n\n<p>Pensjonistgruppen best\u00e5r i dag av over 170 medlemmer.<\/p>\n\n\n\n<p>\u00c5rsm\u00f8te 2024 for pensjonistgruppen ble avholdt p\u00e5 Sj\u00f8huset i avdeling 107 sitt \u00e5rsm\u00f8te. Da styret i pensjonistutvalget ikke tok gjenvalg, ble det nye styret valgt i henhold til valgnemndas innstilling.<\/p>\n\n\n\n<p>Leder: Christian Danmo<\/p>\n\n\n\n<p>Styremedlem: Peggy H. B\u00e6r\u00f8y<\/p>\n\n\n\n<p>Styremedlem: Dag Bergsv\u00e5g.<\/p>\n\n\n\n<p>(Willy og Birger har v\u00e6rt aktive bidragsytere for \u00e5 f\u00e5 opp aktivitetsniv\u00e5et)<\/p>\n\n\n\n<p>Det har v\u00e6rt avholdt 3 medlems\/ kafem\u00f8ter i \u00e5rsm\u00f8teperioden.&nbsp;<\/p>\n\n\n\n<p>Det ble i perioden foresl\u00e5tt en busstur til Bergen, middag p\u00e5 Bryggeloftet, tur p\u00e5 Fl\u00f8yen og museumsbes\u00f8k. Grunnet relativt stor egenandel \u00f8nsket vi ikke \u00e5 g\u00e5 videre med tiltaket.<\/p>\n\n\n\n<p>Julelunsj i Leirvikstova ble satt opp, men denne ble avlyst.<\/p>\n\n\n\n<p><strong>\u00d8konomiske utfordringer<\/strong><\/p>\n\n\n\n<p>P\u00e5 forrige \u00e5rsm\u00f8te i avdelingen ble den \u00f8konomiske situasjonen tatt opp. Det ble fremmet et forslag p\u00e5 \u00e5 \u00f8ke avdelingens bidrag til pensjonistgruppen fra kr 20.000 til kr. 30.000.-<\/p>\n\n\n\n<p>\u00c5rsm\u00f8te ville ikke l\u00e5se seg p\u00e5 et slikt bel\u00f8p, men var villig til \u00e5 se om behovet og aktivitetsniv\u00e5et ville \u00f8ke, og at det da ville bli behov for en justering av avdelingens bidrag. Aktiviteten i 2024 tilsier ikke at et slikt behov har v\u00e6rt til stede, da det grunnet sykdom ikke har blitt gjennomf\u00f8rt tilstrekkelig antall tiltak.<\/p>\n\n\n\n<p>Det er ikke mulig \u00e5 bygge opp noen konto for gruppen slik det er i dag. Vi vil derfor foresl\u00e5 en l\u00f8pende \u00f8konomi, og ikke en sletting av ubrukt tilskudd ved \u00e5rets slutt. Forslag om \u00f8kning til kr 30.000 vil ogs\u00e5 s\u00f8kes om for \u00e5ret 2025.<\/p>\n\n\n\n<p>Det ble p\u00e5 \u00e5rsm\u00f8te 2024 vedtatt \u00e5 ikke levere ut blomster til jubilanter, men sende et gavekort p\u00e5lydende kr. 500.- istedenfor.<\/p>\n\n\n\n<figure class=\"wp-block-image size-full\"><img loading=\"lazy\" decoding=\"async\" width=\"763\" height=\"549\" src=\"https:\/\/styrke.no\/content\/uploads\/sites\/25\/2025\/03\/image.jpg\" alt=\"\" class=\"wp-image-460\" srcset=\"https:\/\/styrke.no\/content\/uploads\/sites\/25\/2025\/03\/image.jpg 763w, https:\/\/styrke.no\/content\/uploads\/sites\/25\/2025\/03\/image-300x216.jpg 300w\" sizes=\"(max-width: 763px) 100vw, 763px\" \/><\/figure>\n\n\n\n<p>Dette utkastet ble rettet litt p\u00e5 f\u00f8r trykk, vi har sendt ut til alle for 2024 og har i dag ca 80 gavekort igjen.<\/p>\n\n\n\n<p>Kalender for 2025 er ogs\u00e5 sendt ut til alle pensjonister<\/p>\n\n\n\n<p>Av personlige grunner trekker Dag og Christian seg, og valgnemnda har foresl\u00e5tt Magne Spiss\u00f8y og Terje Stensletten som nye medlemmer av pensjoniststyret. Peggy tar gjennvalg. Disse konstituerer seg p\u00e5 f\u00f8rste m\u00f8te.<\/p>\n\n\n\n<p>Vedtak: \u00c5rsmeldingen er godkjent som pensjonistgruppas \u00e5rsmelding, og tas inn i avdeling 107 sitt \u00e5rsm\u00f8te som \u00e5rsmelding fra pensjonistgruppen.<\/p>\n\n\n\n<p><\/p>\n","protected":false},"excerpt":{"rendered":"<p>\u00c5rsmelding fra Pensjonistgruppa i Forbundet Styrke avd 107 Sunnhordland for perioden mars 24 til mars 25. Pensjonistgruppen best\u00e5r i dag \u2026 <\/p>\n","protected":false},"author":218,"featured_media":0,"parent":0,"menu_order":0,"comment_status":"closed","ping_status":"closed","template":"","meta":{"_acf_changed":false,"teft_cards_image_id":0,"teft_cards_image_focal_point_x":0,"teft_cards_image_focal_point_y":0,"teft_cards_title":"","teft_cards_excerpt":"","footnotes":""},"news-tag":[],"class_list":["post-452","page","type-page","status-publish","hentry"],"yoast_head":"<!-- This site is optimized with the Yoast SEO Premium plugin v22.4 (Yoast SEO v23.0) - https:\/\/yoast.com\/wordpress\/plugins\/seo\/ -->\n<title>Pensjonistgruppen Medlemsm\u00f8te 04.03.25 - Styrke avd107 Sunnhordland<\/title>\n<meta name=\"robots\" content=\"index, follow, max-snippet:-1, max-image-preview:large, max-video-preview:-1\" \/>\n<link rel=\"canonical\" href=\"https:\/\/styrke.no\/avd107sunnhordland\/pensjonistgruppen-medlemsmote-04-03-25\/\" \/>\n<meta property=\"og:locale\" content=\"nb_NO\" \/>\n<meta property=\"og:type\" content=\"article\" \/>\n<meta property=\"og:title\" content=\"Pensjonistgruppen Medlemsm\u00f8te 04.03.25\" \/>\n<meta property=\"og:description\" content=\"\u00c5rsmelding fra Pensjonistgruppa i Forbundet Styrke avd 107 Sunnhordland for perioden mars 24 til mars 25. Pensjonistgruppen best\u00e5r i dag \u2026\" \/>\n<meta property=\"og:url\" content=\"https:\/\/styrke.no\/avd107sunnhordland\/pensjonistgruppen-medlemsmote-04-03-25\/\" \/>\n<meta property=\"og:site_name\" content=\"Styrke avd107 Sunnhordland\" \/>\n<meta property=\"article:modified_time\" content=\"2025-04-28T09:58:46+00:00\" \/>\n<meta property=\"og:image\" content=\"https:\/\/styrke.no\/content\/uploads\/sites\/25\/2025\/03\/image.jpg\" \/>\n<meta name=\"twitter:card\" content=\"summary_large_image\" \/>\n<meta name=\"twitter:label1\" content=\"Ansl. lesetid\" \/>\n\t<meta name=\"twitter:data1\" content=\"3 minutter\" \/>\n<script type=\"application\/ld+json\" class=\"yoast-schema-graph\">{\"@context\":\"https:\/\/schema.org\",\"@graph\":[{\"@type\":\"WebPage\",\"@id\":\"https:\/\/styrke.no\/avd107sunnhordland\/pensjonistgruppen-medlemsmote-04-03-25\/\",\"url\":\"https:\/\/styrke.no\/avd107sunnhordland\/pensjonistgruppen-medlemsmote-04-03-25\/\",\"name\":\"Pensjonistgruppen Medlemsm\u00f8te 04.03.25 - Styrke avd107 Sunnhordland\",\"isPartOf\":{\"@id\":\"https:\/\/styrke.no\/avd107sunnhordland\/#website\"},\"primaryImageOfPage\":{\"@id\":\"https:\/\/styrke.no\/avd107sunnhordland\/pensjonistgruppen-medlemsmote-04-03-25\/#primaryimage\"},\"image\":{\"@id\":\"https:\/\/styrke.no\/avd107sunnhordland\/pensjonistgruppen-medlemsmote-04-03-25\/#primaryimage\"},\"thumbnailUrl\":\"https:\/\/styrke.no\/content\/uploads\/sites\/25\/2025\/03\/image.jpg\",\"datePublished\":\"2025-04-28T09:58:45+00:00\",\"dateModified\":\"2025-04-28T09:58:46+00:00\",\"breadcrumb\":{\"@id\":\"https:\/\/styrke.no\/avd107sunnhordland\/pensjonistgruppen-medlemsmote-04-03-25\/#breadcrumb\"},\"inLanguage\":\"nb-NO\",\"potentialAction\":[{\"@type\":\"ReadAction\",\"target\":[\"https:\/\/styrke.no\/avd107sunnhordland\/pensjonistgruppen-medlemsmote-04-03-25\/\"]}]},{\"@type\":\"ImageObject\",\"inLanguage\":\"nb-NO\",\"@id\":\"https:\/\/styrke.no\/avd107sunnhordland\/pensjonistgruppen-medlemsmote-04-03-25\/#primaryimage\",\"url\":\"https:\/\/styrke.no\/content\/uploads\/sites\/25\/2025\/03\/image.jpg\",\"contentUrl\":\"https:\/\/styrke.no\/content\/uploads\/sites\/25\/2025\/03\/image.jpg\"},{\"@type\":\"BreadcrumbList\",\"@id\":\"https:\/\/styrke.no\/avd107sunnhordland\/pensjonistgruppen-medlemsmote-04-03-25\/#breadcrumb\",\"itemListElement\":[{\"@type\":\"ListItem\",\"position\":1,\"name\":\"Hjem\",\"item\":\"https:\/\/styrke.no\/avd107sunnhordland\/\"},{\"@type\":\"ListItem\",\"position\":2,\"name\":\"Pensjonistgruppen Medlemsm\u00f8te 04.03.25\"}]},{\"@type\":\"WebSite\",\"@id\":\"https:\/\/styrke.no\/avd107sunnhordland\/#website\",\"url\":\"https:\/\/styrke.no\/avd107sunnhordland\/\",\"name\":\"Styrke avd107 Sunnhordland\",\"description\":\"\",\"publisher\":{\"@id\":\"https:\/\/styrke.no\/avd107sunnhordland\/#organization\"},\"potentialAction\":[{\"@type\":\"SearchAction\",\"target\":{\"@type\":\"EntryPoint\",\"urlTemplate\":\"https:\/\/styrke.no\/avd107sunnhordland\/?s={search_term_string}\"},\"query-input\":\"required name=search_term_string\"}],\"inLanguage\":\"nb-NO\"},{\"@type\":\"Organization\",\"@id\":\"https:\/\/styrke.no\/avd107sunnhordland\/#organization\",\"name\":\"Styrke avd107 Sunnhordland\",\"url\":\"https:\/\/styrke.no\/avd107sunnhordland\/\",\"logo\":{\"@type\":\"ImageObject\",\"inLanguage\":\"nb-NO\",\"@id\":\"https:\/\/styrke.no\/avd107sunnhordland\/#\/schema\/logo\/image\/\",\"url\":\"https:\/\/styrke.no\/content\/uploads\/sites\/25\/2024\/10\/Isolation_Mode.svg\",\"contentUrl\":\"https:\/\/styrke.no\/content\/uploads\/sites\/25\/2024\/10\/Isolation_Mode.svg\",\"width\":185,\"height\":54,\"caption\":\"Styrke avd107 Sunnhordland\"},\"image\":{\"@id\":\"https:\/\/styrke.no\/avd107sunnhordland\/#\/schema\/logo\/image\/\"}}]}<\/script>\n<!-- \/ Yoast SEO Premium plugin. -->","yoast_head_json":{"title":"Pensjonistgruppen Medlemsm\u00f8te 04.03.25 - Styrke avd107 Sunnhordland","robots":{"index":"index","follow":"follow","max-snippet":"max-snippet:-1","max-image-preview":"max-image-preview:large","max-video-preview":"max-video-preview:-1"},"canonical":"https:\/\/styrke.no\/avd107sunnhordland\/pensjonistgruppen-medlemsmote-04-03-25\/","og_locale":"nb_NO","og_type":"article","og_title":"Pensjonistgruppen Medlemsm\u00f8te 04.03.25","og_description":"\u00c5rsmelding fra Pensjonistgruppa i Forbundet Styrke avd 107 Sunnhordland for perioden mars 24 til mars 25. Pensjonistgruppen best\u00e5r i dag \u2026","og_url":"https:\/\/styrke.no\/avd107sunnhordland\/pensjonistgruppen-medlemsmote-04-03-25\/","og_site_name":"Styrke avd107 Sunnhordland","article_modified_time":"2025-04-28T09:58:46+00:00","og_image":[{"url":"https:\/\/styrke.no\/content\/uploads\/sites\/25\/2025\/03\/image.jpg"}],"twitter_card":"summary_large_image","twitter_misc":{"Ansl. lesetid":"3 minutter"},"schema":{"@context":"https:\/\/schema.org","@graph":[{"@type":"WebPage","@id":"https:\/\/styrke.no\/avd107sunnhordland\/pensjonistgruppen-medlemsmote-04-03-25\/","url":"https:\/\/styrke.no\/avd107sunnhordland\/pensjonistgruppen-medlemsmote-04-03-25\/","name":"Pensjonistgruppen Medlemsm\u00f8te 04.03.25 - Styrke avd107 Sunnhordland","isPartOf":{"@id":"https:\/\/styrke.no\/avd107sunnhordland\/#website"},"primaryImageOfPage":{"@id":"https:\/\/styrke.no\/avd107sunnhordland\/pensjonistgruppen-medlemsmote-04-03-25\/#primaryimage"},"image":{"@id":"https:\/\/styrke.no\/avd107sunnhordland\/pensjonistgruppen-medlemsmote-04-03-25\/#primaryimage"},"thumbnailUrl":"https:\/\/styrke.no\/content\/uploads\/sites\/25\/2025\/03\/image.jpg","datePublished":"2025-04-28T09:58:45+00:00","dateModified":"2025-04-28T09:58:46+00:00","breadcrumb":{"@id":"https:\/\/styrke.no\/avd107sunnhordland\/pensjonistgruppen-medlemsmote-04-03-25\/#breadcrumb"},"inLanguage":"nb-NO","potentialAction":[{"@type":"ReadAction","target":["https:\/\/styrke.no\/avd107sunnhordland\/pensjonistgruppen-medlemsmote-04-03-25\/"]}]},{"@type":"ImageObject","inLanguage":"nb-NO","@id":"https:\/\/styrke.no\/avd107sunnhordland\/pensjonistgruppen-medlemsmote-04-03-25\/#primaryimage","url":"https:\/\/styrke.no\/content\/uploads\/sites\/25\/2025\/03\/image.jpg","contentUrl":"https:\/\/styrke.no\/content\/uploads\/sites\/25\/2025\/03\/image.jpg"},{"@type":"BreadcrumbList","@id":"https:\/\/styrke.no\/avd107sunnhordland\/pensjonistgruppen-medlemsmote-04-03-25\/#breadcrumb","itemListElement":[{"@type":"ListItem","position":1,"name":"Hjem","item":"https:\/\/styrke.no\/avd107sunnhordland\/"},{"@type":"ListItem","position":2,"name":"Pensjonistgruppen Medlemsm\u00f8te 04.03.25"}]},{"@type":"WebSite","@id":"https:\/\/styrke.no\/avd107sunnhordland\/#website","url":"https:\/\/styrke.no\/avd107sunnhordland\/","name":"Styrke avd107 Sunnhordland","description":"","publisher":{"@id":"https:\/\/styrke.no\/avd107sunnhordland\/#organization"},"potentialAction":[{"@type":"SearchAction","target":{"@type":"EntryPoint","urlTemplate":"https:\/\/styrke.no\/avd107sunnhordland\/?s={search_term_string}"},"query-input":"required name=search_term_string"}],"inLanguage":"nb-NO"},{"@type":"Organization","@id":"https:\/\/styrke.no\/avd107sunnhordland\/#organization","name":"Styrke avd107 Sunnhordland","url":"https:\/\/styrke.no\/avd107sunnhordland\/","logo":{"@type":"ImageObject","inLanguage":"nb-NO","@id":"https:\/\/styrke.no\/avd107sunnhordland\/#\/schema\/logo\/image\/","url":"https:\/\/styrke.no\/content\/uploads\/sites\/25\/2024\/10\/Isolation_Mode.svg","contentUrl":"https:\/\/styrke.no\/content\/uploads\/sites\/25\/2024\/10\/Isolation_Mode.svg","width":185,"height":54,"caption":"Styrke avd107 Sunnhordland"},"image":{"@id":"https:\/\/styrke.no\/avd107sunnhordland\/#\/schema\/logo\/image\/"}}]}},"acf":[],"_links":{"self":[{"href":"https:\/\/styrke.no\/avd107sunnhordland\/wp-json\/wp\/v2\/pages\/452"}],"collection":[{"href":"https:\/\/styrke.no\/avd107sunnhordland\/wp-json\/wp\/v2\/pages"}],"about":[{"href":"https:\/\/styrke.no\/avd107sunnhordland\/wp-json\/wp\/v2\/types\/page"}],"author":[{"embeddable":true,"href":"https:\/\/styrke.no\/avd107sunnhordland\/wp-json\/wp\/v2\/users\/218"}],"replies":[{"embeddable":true,"href":"https:\/\/styrke.no\/avd107sunnhordland\/wp-json\/wp\/v2\/comments?post=452"}],"version-history":[{"count":7,"href":"https:\/\/styrke.no\/avd107sunnhordland\/wp-json\/wp\/v2\/pages\/452\/revisions"}],"predecessor-version":[{"id":498,"href":"https:\/\/styrke.no\/avd107sunnhordland\/wp-json\/wp\/v2\/pages\/452\/revisions\/498"}],"wp:attachment":[{"href":"https:\/\/styrke.no\/avd107sunnhordland\/wp-json\/wp\/v2\/media?parent=452"}],"wp:term":[{"taxonomy":"news-tag","embeddable":true,"href":"https:\/\/styrke.no\/avd107sunnhordland\/wp-json\/wp\/v2\/news-tag?post=452"}],"curies":[{"name":"wp","href":"https:\/\/api.w.org\/{rel}","templated":true}]}}