{"id":135,"date":"2021-11-15T10:49:16","date_gmt":"2021-11-15T09:49:16","guid":{"rendered":"https:\/\/styrke.no\/husneskjemiske\/?page_id=135"},"modified":"2023-10-18T10:09:54","modified_gmt":"2023-10-18T08:09:54","slug":"tariffavtaler","status":"publish","type":"page","link":"https:\/\/styrke.no\/husneskjemiske\/tariffavtaler\/","title":{"rendered":"Tariffavtaler"},"content":{"rendered":"\t<div class=\"hero alignfull wp-block-dekode-hero\">\n\t\t<div class=\"hero__inner\">\n\t\t\t<div class=\"hero__media\">\n\t\t\t\t\n\t\t<div class=\"illustration\">\n\t\t<img loading=\"lazy\" decoding=\"async\" width=\"1001\" height=\"1000\" src=\"https:\/\/styrke.no\/content\/uploads\/sites\/21\/2021\/11\/notes.png\" class=\"illustration__image\" alt=\"\" style=\"object-position: 50% 50%\" srcset=\"https:\/\/styrke.no\/content\/uploads\/sites\/21\/2021\/11\/notes.png 1001w, https:\/\/styrke.no\/content\/uploads\/sites\/21\/2021\/11\/notes-300x300.png 300w, https:\/\/styrke.no\/content\/uploads\/sites\/21\/2021\/11\/notes-150x150.png 150w, https:\/\/styrke.no\/content\/uploads\/sites\/21\/2021\/11\/notes-768x767.png 768w\" \/>\t<\/div>\n\t\t\n\t\t\t<\/div>\n\n\t\t\t<div class=\"hero__content\">\n\t\t\t\t<h1 class=\"hero__title\">Tariffavtaler<\/h1>\t\t\t\t\t<p>Industri Energi forhandler tariffavtaler for hele 24 ulike fagomr\u00e5der. Dette inkluderer arbeidstakere innen industri, olje og gass, energi, havbruk, og mange andre sektorer. Med sin brede dekning og ekspertise er Industri Energi en kraftfull talsmann for medlemmene, og de jobber for \u00e5 sikre gode arbeidsvilk\u00e5r, l\u00f8nn, og rettigheter p\u00e5 tvers av ulike bransjer.<\/p>\n\t\t\t\t\t\t\t\t\t\t<div class=\"wp-block-buttons is-layout-flex wp-block-buttons-is-layout-flex\">\n\t\t\t\t\t\t<div class=\"wp-block-button\"><a class=\"wp-block-button__link wp-element-button\" href=\"https:\/\/styrke.no\/lonns-og-arbeidsvilkar\/tarriffavtaler\/\">oversikt over avtaler<\/a><\/div><div class=\"wp-block-button is-style-secondary\"><a class=\"wp-block-button__link wp-element-button\" href=\"https:\/\/styrke.no\/content\/uploads\/sites\/21\/2023\/03\/Elektrokjemisk-overenskomst-2022-2024.pdf\" target=\"_blank\">Elektrokjemisk-overenskomst<\/a><\/div>\t\t\t\t\t<\/div>\n\t\t\t\t\t\t\t\t<\/div>\n\t\t<\/div>\n\t<\/div>\n\t\n\n\n<div class=\"wp-block-dekode-shortcut dekode-shortcut\"><div class=\"dekode-shortcut__inner\"><h2><\/h2><p><\/p><div class=\"shortcut-columns\">\n<div class=\"wp-block-dekode-linkitem\"><div class=\"shortcut-column\"><div class=\"shortcut-column__inner\"><a href=\"https:\/\/lovdata.no\/dokument\/NL\/lov\/2005-06-17-62\" rel=\"\"><div class=\"shortcut-column__content\"><h3>Aarbeidsmilj\u00f8loven<\/h3><\/div><\/a><\/div><\/div><\/div>\n\n\n\n<div class=\"wp-block-dekode-linkitem\"><div class=\"shortcut-column\"><div class=\"shortcut-column__inner\"><a href=\"https:\/\/www.ptil.no\/\" rel=\"\"><div class=\"shortcut-column__content\"><h3>Petroleumstilsynet<\/h3><\/div><\/a><\/div><\/div><\/div>\n\n\n\n<div class=\"wp-block-dekode-linkitem\"><div class=\"shortcut-column\"><div class=\"shortcut-column__inner\"><a href=\"https:\/\/www.arbeidstilsynet.no\/\" rel=\"\"><div class=\"shortcut-column__content\"><h3>Arbeidstilsynet<\/h3><\/div><\/a><\/div><\/div><\/div>\n\n\n\n<div class=\"wp-block-dekode-linkitem\"><div class=\"shortcut-column\"><div class=\"shortcut-column__inner\"><a href=\"https:\/\/styrke.no\/husneskjemiske\/fordeler\/\" rel=\"\"><div class=\"shortcut-column__content\"><h3>Fordeler<\/h3><\/div><\/a><\/div><\/div><\/div>\n\n\n\n<div class=\"wp-block-dekode-linkitem\"><div class=\"shortcut-column\"><div class=\"shortcut-column__inner\"><a href=\"https:\/\/styrke.no\/kurs-og-kompetanse\/\"><div class=\"shortcut-column__content\"><h3>IE kurs <\/h3><\/div><\/a><\/div><\/div><\/div>\n<\/div><\/div><\/div>\n","protected":false},"excerpt":{"rendered":"","protected":false},"author":129,"featured_media":0,"parent":0,"menu_order":0,"comment_status":"closed","ping_status":"closed","template":"","meta":{"_acf_changed":false,"teft_cards_image_id":0,"teft_cards_image_focal_point_x":0,"teft_cards_image_focal_point_y":0,"teft_cards_title":"","teft_cards_excerpt":"","footnotes":""},"news-tag":[],"class_list":["post-135","page","type-page","status-publish","hentry"],"yoast_head":"<!-- This site is optimized with the Yoast SEO Premium plugin v22.4 (Yoast SEO v23.0) - https:\/\/yoast.com\/wordpress\/plugins\/seo\/ -->\n<title>Tariffavtaler - Husnes Kjemiske Fagforening<\/title>\n<meta name=\"robots\" content=\"index, follow, max-snippet:-1, max-image-preview:large, max-video-preview:-1\" \/>\n<link rel=\"canonical\" href=\"https:\/\/styrke.no\/husneskjemiske\/tariffavtaler\/\" \/>\n<meta property=\"og:locale\" content=\"nb_NO\" \/>\n<meta property=\"og:type\" content=\"article\" \/>\n<meta property=\"og:title\" content=\"Tariffavtaler\" \/>\n<meta property=\"og:url\" content=\"https:\/\/styrke.no\/husneskjemiske\/tariffavtaler\/\" \/>\n<meta property=\"og:site_name\" content=\"Husnes Kjemiske Fagforening\" \/>\n<meta property=\"article:modified_time\" content=\"2023-10-18T08:09:54+00:00\" \/>\n<meta name=\"twitter:card\" content=\"summary_large_image\" \/>\n<meta name=\"twitter:label1\" content=\"Ansl. lesetid\" \/>\n\t<meta name=\"twitter:data1\" content=\"1 minutt\" \/>\n<script type=\"application\/ld+json\" class=\"yoast-schema-graph\">{\"@context\":\"https:\/\/schema.org\",\"@graph\":[{\"@type\":\"WebPage\",\"@id\":\"https:\/\/styrke.no\/husneskjemiske\/tariffavtaler\/\",\"url\":\"https:\/\/styrke.no\/husneskjemiske\/tariffavtaler\/\",\"name\":\"Tariffavtaler - Husnes Kjemiske Fagforening\",\"isPartOf\":{\"@id\":\"https:\/\/styrke.no\/husneskjemiske\/#website\"},\"datePublished\":\"2021-11-15T09:49:16+00:00\",\"dateModified\":\"2023-10-18T08:09:54+00:00\",\"breadcrumb\":{\"@id\":\"https:\/\/styrke.no\/husneskjemiske\/tariffavtaler\/#breadcrumb\"},\"inLanguage\":\"nb-NO\",\"potentialAction\":[{\"@type\":\"ReadAction\",\"target\":[\"https:\/\/styrke.no\/husneskjemiske\/tariffavtaler\/\"]}]},{\"@type\":\"BreadcrumbList\",\"@id\":\"https:\/\/styrke.no\/husneskjemiske\/tariffavtaler\/#breadcrumb\",\"itemListElement\":[{\"@type\":\"ListItem\",\"position\":1,\"name\":\"Hjem\",\"item\":\"https:\/\/styrke.no\/husneskjemiske\/\"},{\"@type\":\"ListItem\",\"position\":2,\"name\":\"Tariffavtaler\"}]},{\"@type\":\"WebSite\",\"@id\":\"https:\/\/styrke.no\/husneskjemiske\/#website\",\"url\":\"https:\/\/styrke.no\/husneskjemiske\/\",\"name\":\"Husnes Kjemiske Fagforening\",\"description\":\"Bare enda et Industrienergi Sites-nettsted\",\"publisher\":{\"@id\":\"https:\/\/styrke.no\/husneskjemiske\/#organization\"},\"potentialAction\":[{\"@type\":\"SearchAction\",\"target\":{\"@type\":\"EntryPoint\",\"urlTemplate\":\"https:\/\/styrke.no\/husneskjemiske\/?s={search_term_string}\"},\"query-input\":\"required name=search_term_string\"}],\"inLanguage\":\"nb-NO\"},{\"@type\":\"Organization\",\"@id\":\"https:\/\/styrke.no\/husneskjemiske\/#organization\",\"name\":\"Husnes Kjemiske Fagforening\",\"url\":\"https:\/\/styrke.no\/husneskjemiske\/\",\"logo\":{\"@type\":\"ImageObject\",\"inLanguage\":\"nb-NO\",\"@id\":\"https:\/\/styrke.no\/husneskjemiske\/#\/schema\/logo\/image\/\",\"url\":\"https:\/\/styrke.no\/content\/uploads\/sites\/21\/2024\/09\/Styrke-logo.svg\",\"contentUrl\":\"https:\/\/styrke.no\/content\/uploads\/sites\/21\/2024\/09\/Styrke-logo.svg\",\"width\":185,\"height\":54,\"caption\":\"Husnes Kjemiske Fagforening\"},\"image\":{\"@id\":\"https:\/\/styrke.no\/husneskjemiske\/#\/schema\/logo\/image\/\"}}]}<\/script>\n<!-- \/ Yoast SEO Premium plugin. -->","yoast_head_json":{"title":"Tariffavtaler - Husnes Kjemiske Fagforening","robots":{"index":"index","follow":"follow","max-snippet":"max-snippet:-1","max-image-preview":"max-image-preview:large","max-video-preview":"max-video-preview:-1"},"canonical":"https:\/\/styrke.no\/husneskjemiske\/tariffavtaler\/","og_locale":"nb_NO","og_type":"article","og_title":"Tariffavtaler","og_url":"https:\/\/styrke.no\/husneskjemiske\/tariffavtaler\/","og_site_name":"Husnes Kjemiske Fagforening","article_modified_time":"2023-10-18T08:09:54+00:00","twitter_card":"summary_large_image","twitter_misc":{"Ansl. lesetid":"1 minutt"},"schema":{"@context":"https:\/\/schema.org","@graph":[{"@type":"WebPage","@id":"https:\/\/styrke.no\/husneskjemiske\/tariffavtaler\/","url":"https:\/\/styrke.no\/husneskjemiske\/tariffavtaler\/","name":"Tariffavtaler - Husnes Kjemiske Fagforening","isPartOf":{"@id":"https:\/\/styrke.no\/husneskjemiske\/#website"},"datePublished":"2021-11-15T09:49:16+00:00","dateModified":"2023-10-18T08:09:54+00:00","breadcrumb":{"@id":"https:\/\/styrke.no\/husneskjemiske\/tariffavtaler\/#breadcrumb"},"inLanguage":"nb-NO","potentialAction":[{"@type":"ReadAction","target":["https:\/\/styrke.no\/husneskjemiske\/tariffavtaler\/"]}]},{"@type":"BreadcrumbList","@id":"https:\/\/styrke.no\/husneskjemiske\/tariffavtaler\/#breadcrumb","itemListElement":[{"@type":"ListItem","position":1,"name":"Hjem","item":"https:\/\/styrke.no\/husneskjemiske\/"},{"@type":"ListItem","position":2,"name":"Tariffavtaler"}]},{"@type":"WebSite","@id":"https:\/\/styrke.no\/husneskjemiske\/#website","url":"https:\/\/styrke.no\/husneskjemiske\/","name":"Husnes Kjemiske Fagforening","description":"Bare enda et Industrienergi Sites-nettsted","publisher":{"@id":"https:\/\/styrke.no\/husneskjemiske\/#organization"},"potentialAction":[{"@type":"SearchAction","target":{"@type":"EntryPoint","urlTemplate":"https:\/\/styrke.no\/husneskjemiske\/?s={search_term_string}"},"query-input":"required name=search_term_string"}],"inLanguage":"nb-NO"},{"@type":"Organization","@id":"https:\/\/styrke.no\/husneskjemiske\/#organization","name":"Husnes Kjemiske Fagforening","url":"https:\/\/styrke.no\/husneskjemiske\/","logo":{"@type":"ImageObject","inLanguage":"nb-NO","@id":"https:\/\/styrke.no\/husneskjemiske\/#\/schema\/logo\/image\/","url":"https:\/\/styrke.no\/content\/uploads\/sites\/21\/2024\/09\/Styrke-logo.svg","contentUrl":"https:\/\/styrke.no\/content\/uploads\/sites\/21\/2024\/09\/Styrke-logo.svg","width":185,"height":54,"caption":"Husnes Kjemiske Fagforening"},"image":{"@id":"https:\/\/styrke.no\/husneskjemiske\/#\/schema\/logo\/image\/"}}]}},"acf":[],"_links":{"self":[{"href":"https:\/\/styrke.no\/husneskjemiske\/wp-json\/wp\/v2\/pages\/135"}],"collection":[{"href":"https:\/\/styrke.no\/husneskjemiske\/wp-json\/wp\/v2\/pages"}],"about":[{"href":"https:\/\/styrke.no\/husneskjemiske\/wp-json\/wp\/v2\/types\/page"}],"author":[{"embeddable":true,"href":"https:\/\/styrke.no\/husneskjemiske\/wp-json\/wp\/v2\/users\/129"}],"replies":[{"embeddable":true,"href":"https:\/\/styrke.no\/husneskjemiske\/wp-json\/wp\/v2\/comments?post=135"}],"version-history":[{"count":16,"href":"https:\/\/styrke.no\/husneskjemiske\/wp-json\/wp\/v2\/pages\/135\/revisions"}],"predecessor-version":[{"id":390,"href":"https:\/\/styrke.no\/husneskjemiske\/wp-json\/wp\/v2\/pages\/135\/revisions\/390"}],"wp:attachment":[{"href":"https:\/\/styrke.no\/husneskjemiske\/wp-json\/wp\/v2\/media?parent=135"}],"wp:term":[{"taxonomy":"news-tag","embeddable":true,"href":"https:\/\/styrke.no\/husneskjemiske\/wp-json\/wp\/v2\/news-tag?post=135"}],"curies":[{"name":"wp","href":"https:\/\/api.w.org\/{rel}","templated":true}]}}