{"id":111,"date":"2021-11-04T12:20:56","date_gmt":"2021-11-04T11:20:56","guid":{"rendered":"https:\/\/styrke.no\/ikmaf\/?page_id=111"},"modified":"2025-11-28T06:50:38","modified_gmt":"2025-11-28T05:50:38","slug":"kontakt-oss","status":"publish","type":"page","link":"https:\/\/styrke.no\/ikmaf\/kontakt-oss\/","title":{"rendered":"Kontakt oss"},"content":{"rendered":"\t<div class=\"hero alignfull wp-block-dekode-hero has-background has-primary-200-background-color\">\n\t\t<div class=\"hero__inner\">\n\t\t\t<div class=\"hero__media\">\n\t\t\t\t\n\t\t<div class=\"illustration\">\n\t\t<img loading=\"lazy\" decoding=\"async\" width=\"1001\" height=\"1000\" src=\"https:\/\/styrke.no\/content\/uploads\/sites\/30\/2021\/11\/location.png\" class=\"illustration__image\" alt=\"\" style=\"object-position: 50% 50%\" srcset=\"https:\/\/styrke.no\/content\/uploads\/sites\/30\/2021\/11\/location.png 1001w, https:\/\/styrke.no\/content\/uploads\/sites\/30\/2021\/11\/location-300x300.png 300w, https:\/\/styrke.no\/content\/uploads\/sites\/30\/2021\/11\/location-150x150.png 150w, https:\/\/styrke.no\/content\/uploads\/sites\/30\/2021\/11\/location-768x767.png 768w\" \/>\t<\/div>\n\t\t\n\t\t\t<\/div>\n\n\t\t\t<div class=\"hero__content\">\n\t\t\t\t<h1 class=\"hero__title\">Kontakt oss<\/h1>\t\t\t\t\t<p>IKM Ansattes Forening representerer alle ansatte i IKM Testing AS og tilknyttede selskaper.<br>Vi arbeider for et trygt, rettferdig og inkluderende arbeidsmilj\u00f8, og for at hver enkelt ansatt skal ha en tydelig stemme i saker som ang\u00e5r l\u00f8nn, arbeidsvilk\u00e5r, HMS og utvikling.<br>Har du sp\u00f8rsm\u00e5l, behov for bistand eller \u00f8nsker \u00e5 ta opp en sak med klubben, er du alltid velkommen til \u00e5 ta kontakt.<br><br><strong>Henvendelser og saker<\/strong><br>Du kan kontakte oss for:<br>* R\u00e5dgivning om l\u00f8nns- og arbeidsforhold<br>* Sp\u00f8rsm\u00e5l om kontrakt, rotasjon og arbeidstid<br>* Hjelp i saker som gjelder HMS, varsling eller trivsel<br>* Informasjon om medlemskap og rettigheter<br>* Innspill til saker som skal l\u00f8ftes til ledelsen eller forbundet<br><br>Alle henvendelser behandles konfidensielt.<\/p>\n\t\t\t\t\t\t\t\t\t\t<div class=\"wp-block-buttons is-layout-flex wp-block-buttons-is-layout-flex\">\n\t\t\t\t\t\t<div class=\"wp-block-button\"><a class=\"wp-block-button__link wp-element-button\" href=\"mailto:IKMtesting.Ansattesforening@ikm.no\" target=\"_blank\">E-post<\/a><\/div><div class=\"wp-block-button is-style-secondary\"><a class=\"wp-block-button__link wp-element-button\" href=\"https:\/\/www.facebook.com\/groups\/ikmaf\" target=\"_blank\">IKM Ansattes Forening | Facebook<\/a><\/div>\t\t\t\t\t<\/div>\n\t\t\t\t\t\t\t\t<\/div>\n\t\t<\/div>\n\t<\/div>\n\t\n\n\n<h2 class=\"wp-block-heading is-style-default\" id=\"h-kontakt\">Kontakt<\/h2>\n\n\n\n<div class=\"wp-block-buttons is-layout-flex wp-block-buttons-is-layout-flex\">\n<div class=\"wp-block-button has-icon has-icon-send\"><a class=\"wp-block-button__link wp-element-button\">E-post:  IKMtesting.Ansattesforening@ikm.no<svg xmlns=\"http:\/\/www.w3.org\/2000\/svg\" viewBox=\"0 0 24 24\" height=\"24\" width=\"24\" class=\"t2-icon t2-icon-send\" aria-hidden=\"true\" focusable=\"false\"><path d=\"m20.988281 10.6875-15.75-8.988281c-.542969-.304688-1.21875-.242188-1.699219.15625C3.0625 2.257812 2.882812 2.910156 3.085938 3.5l2.90625 8.480469V12l-2.90625 8.5c-.160157.457031-.089844.96875.191406 1.367188C3.558594 22.261719 4.011719 22.5 4.5 22.5c.261719 0 .515625-.070312.742188-.195312l15.742187-9.007813c.472656-.261719.765625-.761719.765625-1.304687.003906-.542969-.289062-1.042969-.761719-1.308594ZM4.5 21v-.007812L7.324219 12.75H12.75c.414062 0 .75-.335938.75-.75s-.335938-.75-.75-.75H7.332031L4.503906 3.011719 4.5 3l15.75 8.984375Zm0 0\"\/><\/svg><\/a><\/div>\n<\/div>\n\n\n\n<div class=\"wp-block-group alignfull is-nowrap is-layout-flex wp-container-core-group-is-layout-1 wp-block-group-is-layout-flex\">\n<div class=\"wp-block-buttons alignfull is-layout-flex wp-block-buttons-is-layout-flex\" style=\"margin-top:var(--wp--preset--spacing--xxs);margin-bottom:var(--wp--preset--spacing--xxs)\">\n<div class=\"wp-block-button has-icon has-icon-phone\"><a class=\"wp-block-button__link has-text-align-center wp-element-button\">Klubbleder: +47 484 53 853<svg xmlns=\"http:\/\/www.w3.org\/2000\/svg\" viewBox=\"0 0 24 24\" height=\"24\" width=\"24\" class=\"t2-icon t2-icon-phone\" aria-hidden=\"true\" focusable=\"false\"><path d=\"M20.847656 14.855469 16.429688 12.875l-.011719-.003906c-.464844-.199219-1-.148438-1.421875.132812-.023438.015625-.046875.03125-.070313.050782L12.644531 15c-1.445312-.703125-2.9375-2.183594-3.640625-3.609375l1.949219-2.316406c.015625-.023438.035156-.046875.050781-.074219.277344-.417969.324219-.949219.125-1.410156v-.011719L9.144531 3.152344c-.265625-.609375-.898437-.972656-1.558593-.890625C4.957031 2.605469 2.996094 4.847656 3 7.5 3 14.945312 9.054688 21 16.5 21c2.652344.003906 4.894531-1.957031 5.238281-4.585938.082031-.660156-.28125-1.292968-.890625-1.558593ZM16.5 19.5c-6.625-.007812-11.992188-5.375-12-12C4.492188 5.605469 5.890625 4 7.769531 3.75v.011719l1.96875 4.40625-1.9375 2.320312c-.019531.019531-.039062.046875-.054687.070313-.285156.441406-.320313 1-.09375 1.472656.851562 1.738281 2.601562 3.472656 4.355468 4.324219.476563.226562 1.039063.183593 1.476563-.109375.023437-.015625.046875-.03125.070313-.050782L15.832031 14.25l4.40625 1.972656H20.25c-.246094 1.878906-1.855469 3.285156-3.75 3.277344Zm0 0\"\/><\/svg><\/a><\/div>\n\n\n\n<div class=\"wp-block-button has-icon has-icon-phone\"><a class=\"wp-block-button__link has-text-align-center wp-element-button\">Nestleder: +47 406 00 840<svg xmlns=\"http:\/\/www.w3.org\/2000\/svg\" viewBox=\"0 0 24 24\" height=\"24\" width=\"24\" class=\"t2-icon t2-icon-phone\" aria-hidden=\"true\" focusable=\"false\"><path d=\"M20.847656 14.855469 16.429688 12.875l-.011719-.003906c-.464844-.199219-1-.148438-1.421875.132812-.023438.015625-.046875.03125-.070313.050782L12.644531 15c-1.445312-.703125-2.9375-2.183594-3.640625-3.609375l1.949219-2.316406c.015625-.023438.035156-.046875.050781-.074219.277344-.417969.324219-.949219.125-1.410156v-.011719L9.144531 3.152344c-.265625-.609375-.898437-.972656-1.558593-.890625C4.957031 2.605469 2.996094 4.847656 3 7.5 3 14.945312 9.054688 21 16.5 21c2.652344.003906 4.894531-1.957031 5.238281-4.585938.082031-.660156-.28125-1.292968-.890625-1.558593ZM16.5 19.5c-6.625-.007812-11.992188-5.375-12-12C4.492188 5.605469 5.890625 4 7.769531 3.75v.011719l1.96875 4.40625-1.9375 2.320312c-.019531.019531-.039062.046875-.054687.070313-.285156.441406-.320313 1-.09375 1.472656.851562 1.738281 2.601562 3.472656 4.355468 4.324219.476563.226562 1.039063.183593 1.476563-.109375.023437-.015625.046875-.03125.070313-.050782L15.832031 14.25l4.40625 1.972656H20.25c-.246094 1.878906-1.855469 3.285156-3.75 3.277344Zm0 0\"\/><\/svg><\/a><\/div>\n\n\n\n<div class=\"wp-block-button has-icon has-icon-locationOn\"><a class=\"wp-block-button__link wp-element-button\">Bes\u00f8ksadresse: Ljosheimvegen 14, 4052 Sola<svg xmlns=\"http:\/\/www.w3.org\/2000\/svg\" viewBox=\"0 0 24 24\" height=\"24\" width=\"24\" class=\"t2-icon t2-icon-locationon\" aria-hidden=\"true\" focusable=\"false\"><path d=\"M12 6C9.929688 6 8.25 7.679688 8.25 9.75S9.929688 13.5 12 13.5s3.75-1.679688 3.75-3.75S14.070312 6 12 6Zm0 6c-1.242188 0-2.25-1.007812-2.25-2.25S10.757812 7.5 12 7.5s2.25 1.007812 2.25 2.25S13.242188 12 12 12Zm0-10.5c-4.554688.003906-8.246094 3.695312-8.25 8.25 0 2.945312 1.359375 6.0625 3.9375 9.023438 1.15625 1.335937 2.460938 2.542968 3.886719 3.589843.257812.183594.601562.183594.859375 0 1.421875-1.046875 2.722656-2.253906 3.878906-3.589843C18.886719 15.8125 20.25 12.695312 20.25 9.75 20.246094 5.195312 16.554688 1.503906 12 1.5Zm0 19.3125C10.449219 19.59375 5.25 15.117188 5.25 9.75 5.25 6.023438 8.273438 3 12 3s6.75 3.023438 6.75 6.75c0 5.367188-5.199219 9.84375-6.75 11.0625Zm0 0\"\/><\/svg><\/a><\/div>\n<\/div>\n<\/div>\n\n\n\n<p><\/p>\n","protected":false},"excerpt":{"rendered":"<p>Kontakt<\/p>\n","protected":false},"author":235,"featured_media":0,"parent":0,"menu_order":0,"comment_status":"closed","ping_status":"closed","template":"","meta":{"_acf_changed":false,"teft_cards_image_id":0,"teft_cards_image_focal_point_x":0,"teft_cards_image_focal_point_y":0,"teft_cards_title":"","teft_cards_excerpt":"","footnotes":""},"news-tag":[],"class_list":["post-111","page","type-page","status-publish","hentry"],"yoast_head":"<!-- This site is optimized with the Yoast SEO Premium plugin v22.4 (Yoast SEO v23.0) - https:\/\/yoast.com\/wordpress\/plugins\/seo\/ -->\n<title>Kontakt oss - IKMAF<\/title>\n<meta name=\"robots\" content=\"index, follow, max-snippet:-1, max-image-preview:large, max-video-preview:-1\" \/>\n<link rel=\"canonical\" href=\"https:\/\/styrke.no\/ikmaf\/kontakt-oss\/\" \/>\n<meta property=\"og:locale\" content=\"nb_NO\" \/>\n<meta property=\"og:type\" content=\"article\" \/>\n<meta property=\"og:title\" content=\"Kontakt oss\" \/>\n<meta property=\"og:description\" content=\"Kontakt\" \/>\n<meta property=\"og:url\" content=\"https:\/\/styrke.no\/ikmaf\/kontakt-oss\/\" \/>\n<meta property=\"og:site_name\" content=\"IKMAF\" \/>\n<meta property=\"article:publisher\" content=\"https:\/\/www.facebook.com\/share\/g\/1BiLPsUqug\/?mibextid=wwXIfr\" \/>\n<meta property=\"article:modified_time\" content=\"2025-11-28T05:50:38+00:00\" \/>\n<meta property=\"og:image\" content=\"https:\/\/styrke.no\/content\/uploads\/sites\/30\/2025\/11\/Goliat-01.jpg\" \/>\n\t<meta property=\"og:image:width\" content=\"1536\" \/>\n\t<meta property=\"og:image:height\" content=\"2048\" \/>\n\t<meta property=\"og:image:type\" content=\"image\/jpeg\" \/>\n<meta name=\"twitter:card\" content=\"summary_large_image\" \/>\n<meta name=\"twitter:label1\" content=\"Ansl. lesetid\" \/>\n\t<meta name=\"twitter:data1\" content=\"1 minutt\" \/>\n<script type=\"application\/ld+json\" class=\"yoast-schema-graph\">{\"@context\":\"https:\/\/schema.org\",\"@graph\":[{\"@type\":\"WebPage\",\"@id\":\"https:\/\/styrke.no\/ikmaf\/kontakt-oss\/\",\"url\":\"https:\/\/styrke.no\/ikmaf\/kontakt-oss\/\",\"name\":\"Kontakt oss - IKMAF\",\"isPartOf\":{\"@id\":\"https:\/\/styrke.no\/ikmaf\/#website\"},\"datePublished\":\"2021-11-04T11:20:56+00:00\",\"dateModified\":\"2025-11-28T05:50:38+00:00\",\"breadcrumb\":{\"@id\":\"https:\/\/styrke.no\/ikmaf\/kontakt-oss\/#breadcrumb\"},\"inLanguage\":\"nb-NO\",\"potentialAction\":[{\"@type\":\"ReadAction\",\"target\":[\"https:\/\/styrke.no\/ikmaf\/kontakt-oss\/\"]}]},{\"@type\":\"BreadcrumbList\",\"@id\":\"https:\/\/styrke.no\/ikmaf\/kontakt-oss\/#breadcrumb\",\"itemListElement\":[{\"@type\":\"ListItem\",\"position\":1,\"name\":\"Hjem\",\"item\":\"https:\/\/styrke.no\/ikmaf\/\"},{\"@type\":\"ListItem\",\"position\":2,\"name\":\"Kontakt oss\"}]},{\"@type\":\"WebSite\",\"@id\":\"https:\/\/styrke.no\/ikmaf\/#website\",\"url\":\"https:\/\/styrke.no\/ikmaf\/\",\"name\":\"IKMAF\",\"description\":\"Ansvarlig, Modig, Tydelig og M\u00e5lbevist\",\"publisher\":{\"@id\":\"https:\/\/styrke.no\/ikmaf\/#organization\"},\"potentialAction\":[{\"@type\":\"SearchAction\",\"target\":{\"@type\":\"EntryPoint\",\"urlTemplate\":\"https:\/\/styrke.no\/ikmaf\/?s={search_term_string}\"},\"query-input\":\"required name=search_term_string\"}],\"inLanguage\":\"nb-NO\"},{\"@type\":\"Organization\",\"@id\":\"https:\/\/styrke.no\/ikmaf\/#organization\",\"name\":\"IKMAF\",\"url\":\"https:\/\/styrke.no\/ikmaf\/\",\"logo\":{\"@type\":\"ImageObject\",\"inLanguage\":\"nb-NO\",\"@id\":\"https:\/\/styrke.no\/ikmaf\/#\/schema\/logo\/image\/\",\"url\":\"https:\/\/styrke.no\/content\/uploads\/sites\/30\/2025\/11\/IKM-Ansattes-Forening-50-percent-e1764241607787.jpg\",\"contentUrl\":\"https:\/\/styrke.no\/content\/uploads\/sites\/30\/2025\/11\/IKM-Ansattes-Forening-50-percent-e1764241607787.jpg\",\"width\":150,\"height\":127,\"caption\":\"IKMAF\"},\"image\":{\"@id\":\"https:\/\/styrke.no\/ikmaf\/#\/schema\/logo\/image\/\"},\"sameAs\":[\"https:\/\/www.facebook.com\/share\/g\/1BiLPsUqug\/?mibextid=wwXIfr\"]}]}<\/script>\n<!-- \/ Yoast SEO Premium plugin. -->","yoast_head_json":{"title":"Kontakt oss - IKMAF","robots":{"index":"index","follow":"follow","max-snippet":"max-snippet:-1","max-image-preview":"max-image-preview:large","max-video-preview":"max-video-preview:-1"},"canonical":"https:\/\/styrke.no\/ikmaf\/kontakt-oss\/","og_locale":"nb_NO","og_type":"article","og_title":"Kontakt oss","og_description":"Kontakt","og_url":"https:\/\/styrke.no\/ikmaf\/kontakt-oss\/","og_site_name":"IKMAF","article_publisher":"https:\/\/www.facebook.com\/share\/g\/1BiLPsUqug\/?mibextid=wwXIfr","article_modified_time":"2025-11-28T05:50:38+00:00","og_image":[{"width":1536,"height":2048,"url":"https:\/\/styrke.no\/content\/uploads\/sites\/30\/2025\/11\/Goliat-01.jpg","type":"image\/jpeg"}],"twitter_card":"summary_large_image","twitter_misc":{"Ansl. lesetid":"1 minutt"},"schema":{"@context":"https:\/\/schema.org","@graph":[{"@type":"WebPage","@id":"https:\/\/styrke.no\/ikmaf\/kontakt-oss\/","url":"https:\/\/styrke.no\/ikmaf\/kontakt-oss\/","name":"Kontakt oss - IKMAF","isPartOf":{"@id":"https:\/\/styrke.no\/ikmaf\/#website"},"datePublished":"2021-11-04T11:20:56+00:00","dateModified":"2025-11-28T05:50:38+00:00","breadcrumb":{"@id":"https:\/\/styrke.no\/ikmaf\/kontakt-oss\/#breadcrumb"},"inLanguage":"nb-NO","potentialAction":[{"@type":"ReadAction","target":["https:\/\/styrke.no\/ikmaf\/kontakt-oss\/"]}]},{"@type":"BreadcrumbList","@id":"https:\/\/styrke.no\/ikmaf\/kontakt-oss\/#breadcrumb","itemListElement":[{"@type":"ListItem","position":1,"name":"Hjem","item":"https:\/\/styrke.no\/ikmaf\/"},{"@type":"ListItem","position":2,"name":"Kontakt oss"}]},{"@type":"WebSite","@id":"https:\/\/styrke.no\/ikmaf\/#website","url":"https:\/\/styrke.no\/ikmaf\/","name":"IKMAF","description":"Ansvarlig, Modig, Tydelig og M\u00e5lbevist","publisher":{"@id":"https:\/\/styrke.no\/ikmaf\/#organization"},"potentialAction":[{"@type":"SearchAction","target":{"@type":"EntryPoint","urlTemplate":"https:\/\/styrke.no\/ikmaf\/?s={search_term_string}"},"query-input":"required name=search_term_string"}],"inLanguage":"nb-NO"},{"@type":"Organization","@id":"https:\/\/styrke.no\/ikmaf\/#organization","name":"IKMAF","url":"https:\/\/styrke.no\/ikmaf\/","logo":{"@type":"ImageObject","inLanguage":"nb-NO","@id":"https:\/\/styrke.no\/ikmaf\/#\/schema\/logo\/image\/","url":"https:\/\/styrke.no\/content\/uploads\/sites\/30\/2025\/11\/IKM-Ansattes-Forening-50-percent-e1764241607787.jpg","contentUrl":"https:\/\/styrke.no\/content\/uploads\/sites\/30\/2025\/11\/IKM-Ansattes-Forening-50-percent-e1764241607787.jpg","width":150,"height":127,"caption":"IKMAF"},"image":{"@id":"https:\/\/styrke.no\/ikmaf\/#\/schema\/logo\/image\/"},"sameAs":["https:\/\/www.facebook.com\/share\/g\/1BiLPsUqug\/?mibextid=wwXIfr"]}]}},"acf":[],"_links":{"self":[{"href":"https:\/\/styrke.no\/ikmaf\/wp-json\/wp\/v2\/pages\/111"}],"collection":[{"href":"https:\/\/styrke.no\/ikmaf\/wp-json\/wp\/v2\/pages"}],"about":[{"href":"https:\/\/styrke.no\/ikmaf\/wp-json\/wp\/v2\/types\/page"}],"author":[{"embeddable":true,"href":"https:\/\/styrke.no\/ikmaf\/wp-json\/wp\/v2\/users\/235"}],"replies":[{"embeddable":true,"href":"https:\/\/styrke.no\/ikmaf\/wp-json\/wp\/v2\/comments?post=111"}],"version-history":[{"count":15,"href":"https:\/\/styrke.no\/ikmaf\/wp-json\/wp\/v2\/pages\/111\/revisions"}],"predecessor-version":[{"id":502,"href":"https:\/\/styrke.no\/ikmaf\/wp-json\/wp\/v2\/pages\/111\/revisions\/502"}],"wp:attachment":[{"href":"https:\/\/styrke.no\/ikmaf\/wp-json\/wp\/v2\/media?parent=111"}],"wp:term":[{"taxonomy":"news-tag","embeddable":true,"href":"https:\/\/styrke.no\/ikmaf\/wp-json\/wp\/v2\/news-tag?post=111"}],"curies":[{"name":"wp","href":"https:\/\/api.w.org\/{rel}","templated":true}]}}