{"id":644,"date":"2025-12-02T07:47:02","date_gmt":"2025-12-02T06:47:02","guid":{"rendered":"https:\/\/styrke.no\/ikmaf\/?page_id=644"},"modified":"2025-12-02T08:08:31","modified_gmt":"2025-12-02T07:08:31","slug":"avklaring-rundt-fagbrevstillegg-pa-reiseavdelingen","status":"publish","type":"page","link":"https:\/\/styrke.no\/ikmaf\/avklaring-rundt-fagbrevstillegg-pa-reiseavdelingen\/","title":{"rendered":"Avklaring rundt \u00abfagbrevstillegg\u00bb p\u00e5 reiseavdelingen"},"content":{"rendered":"\n<h2 class=\"wp-block-heading\" id=\"h-avklaring-rundt-fagbrevstillegg-pa-reiseavdelingen\">Avklaring rundt \u00abfagbrevstillegg\u00bb p\u00e5 reiseavdelingen<\/h2>\n\n\n\n<p>Det har i flere sammenhenger v\u00e6rt henvist til et tillegg omtalt som \u00abfagbrevstillegg\u00bb for ansatte p\u00e5 reiseavdelingen. For \u00e5 skape tydelighet \u00f8nsker vi \u00e5 informere om hvordan dette tillegget skal forst\u00e5s og praktiseres.<\/p>\n\n\n\n<p>Bedriften har gjort det klart at dette tillegget ikke skal oppfattes som et <strong>fagtillegg i tariffmessig forstand<\/strong>, men som et <strong>kompetansetillegg<\/strong>. Dette har sin bakgrunn i et initiativ fra St\u00e5le Kyllingstad, som \u00f8nsket \u00e5 bel\u00f8nne kompetanse og erfaring hos ansatte p\u00e5 reiseavdelingen. I den forbindelse ble det innf\u00f8rt et tillegg p\u00e5 kr 5,- per time, som han den gang valgte \u00e5 omtale som \u00abfagbrevstillegg\u00bb.<\/p>\n\n\n\n<p>Navnebruken har i ettertid skapt noe forvirring, da det kan tolkes som et tillegg utelukkende knyttet til fagbrev, slik dette er definert i overenskomst og avtaleverk. Bedriften har presisert at det ikke er tilfelle, og at tillegget skal forst\u00e5s som en kompensasjon for relevant kompetanse i bredere forstand, ikke n\u00f8dvendigvis fagbrev alene.<\/p>\n\n\n\n<p>Det inneb\u00e6rer at dette tillegget er \u00e5 anse som et <strong>lokalt fastsatt kompetansetillegg<\/strong>, og ikke et fagbrevtillegg etter sentrale tariffavtaler.<\/p>\n\n\n\n<p>Har du sp\u00f8rsm\u00e5l eller behov for ytterligere avklaringer, er du velkommen til \u00e5 ta kontakt med din tillitsvalgte.<\/p>\n\n\n\n<p>Med vennlig hilsen<br><strong>IKM Ansattes Forening<\/strong><\/p>\n","protected":false},"excerpt":{"rendered":"<p>Avklaring rundt \u00abfagbrevstillegg\u00bb p\u00e5 reiseavdelingen Det har i flere sammenhenger v\u00e6rt henvist til et tillegg omtalt som \u00abfagbrevstillegg\u00bb for ansatte \u2026 <\/p>\n","protected":false},"author":235,"featured_media":0,"parent":0,"menu_order":0,"comment_status":"closed","ping_status":"closed","template":"","meta":{"_acf_changed":false,"teft_cards_image_id":0,"teft_cards_image_focal_point_x":0,"teft_cards_image_focal_point_y":0,"teft_cards_title":"","teft_cards_excerpt":"","footnotes":""},"news-tag":[],"class_list":["post-644","page","type-page","status-publish","hentry"],"yoast_head":"<!-- This site is optimized with the Yoast SEO Premium plugin v22.4 (Yoast SEO v23.0) - https:\/\/yoast.com\/wordpress\/plugins\/seo\/ -->\n<title>Avklaring rundt \u00abfagbrevstillegg\u00bb p\u00e5 reiseavdelingen - IKMAF<\/title>\n<meta name=\"robots\" content=\"index, follow, max-snippet:-1, max-image-preview:large, max-video-preview:-1\" \/>\n<link rel=\"canonical\" href=\"https:\/\/styrke.no\/ikmaf\/avklaring-rundt-fagbrevstillegg-pa-reiseavdelingen\/\" \/>\n<meta property=\"og:locale\" content=\"nb_NO\" \/>\n<meta property=\"og:type\" content=\"article\" \/>\n<meta property=\"og:title\" content=\"Avklaring rundt \u00abfagbrevstillegg\u00bb p\u00e5 reiseavdelingen\" \/>\n<meta property=\"og:description\" content=\"Avklaring rundt \u00abfagbrevstillegg\u00bb p\u00e5 reiseavdelingen Det har i flere sammenhenger v\u00e6rt henvist til et tillegg omtalt som \u00abfagbrevstillegg\u00bb for ansatte \u2026\" \/>\n<meta property=\"og:url\" content=\"https:\/\/styrke.no\/ikmaf\/avklaring-rundt-fagbrevstillegg-pa-reiseavdelingen\/\" \/>\n<meta property=\"og:site_name\" content=\"IKMAF\" \/>\n<meta property=\"article:publisher\" content=\"https:\/\/www.facebook.com\/share\/g\/1BiLPsUqug\/?mibextid=wwXIfr\" \/>\n<meta property=\"article:modified_time\" content=\"2025-12-02T07:08:31+00:00\" \/>\n<meta name=\"twitter:card\" content=\"summary_large_image\" \/>\n<meta name=\"twitter:label1\" content=\"Ansl. lesetid\" \/>\n\t<meta name=\"twitter:data1\" content=\"2 minutter\" \/>\n<script type=\"application\/ld+json\" class=\"yoast-schema-graph\">{\"@context\":\"https:\/\/schema.org\",\"@graph\":[{\"@type\":\"WebPage\",\"@id\":\"https:\/\/styrke.no\/ikmaf\/avklaring-rundt-fagbrevstillegg-pa-reiseavdelingen\/\",\"url\":\"https:\/\/styrke.no\/ikmaf\/avklaring-rundt-fagbrevstillegg-pa-reiseavdelingen\/\",\"name\":\"Avklaring rundt \u00abfagbrevstillegg\u00bb p\u00e5 reiseavdelingen - IKMAF\",\"isPartOf\":{\"@id\":\"https:\/\/styrke.no\/ikmaf\/#website\"},\"datePublished\":\"2025-12-02T06:47:02+00:00\",\"dateModified\":\"2025-12-02T07:08:31+00:00\",\"breadcrumb\":{\"@id\":\"https:\/\/styrke.no\/ikmaf\/avklaring-rundt-fagbrevstillegg-pa-reiseavdelingen\/#breadcrumb\"},\"inLanguage\":\"nb-NO\",\"potentialAction\":[{\"@type\":\"ReadAction\",\"target\":[\"https:\/\/styrke.no\/ikmaf\/avklaring-rundt-fagbrevstillegg-pa-reiseavdelingen\/\"]}]},{\"@type\":\"BreadcrumbList\",\"@id\":\"https:\/\/styrke.no\/ikmaf\/avklaring-rundt-fagbrevstillegg-pa-reiseavdelingen\/#breadcrumb\",\"itemListElement\":[{\"@type\":\"ListItem\",\"position\":1,\"name\":\"Hjem\",\"item\":\"https:\/\/styrke.no\/ikmaf\/\"},{\"@type\":\"ListItem\",\"position\":2,\"name\":\"Avklaring rundt \u00abfagbrevstillegg\u00bb p\u00e5 reiseavdelingen\"}]},{\"@type\":\"WebSite\",\"@id\":\"https:\/\/styrke.no\/ikmaf\/#website\",\"url\":\"https:\/\/styrke.no\/ikmaf\/\",\"name\":\"IKMAF\",\"description\":\"Ansvarlig, Modig, Tydelig og M\u00e5lbevist\",\"publisher\":{\"@id\":\"https:\/\/styrke.no\/ikmaf\/#organization\"},\"potentialAction\":[{\"@type\":\"SearchAction\",\"target\":{\"@type\":\"EntryPoint\",\"urlTemplate\":\"https:\/\/styrke.no\/ikmaf\/?s={search_term_string}\"},\"query-input\":\"required name=search_term_string\"}],\"inLanguage\":\"nb-NO\"},{\"@type\":\"Organization\",\"@id\":\"https:\/\/styrke.no\/ikmaf\/#organization\",\"name\":\"IKMAF\",\"url\":\"https:\/\/styrke.no\/ikmaf\/\",\"logo\":{\"@type\":\"ImageObject\",\"inLanguage\":\"nb-NO\",\"@id\":\"https:\/\/styrke.no\/ikmaf\/#\/schema\/logo\/image\/\",\"url\":\"https:\/\/styrke.no\/content\/uploads\/sites\/30\/2025\/11\/IKM-Ansattes-Forening-50-percent-e1764241607787.jpg\",\"contentUrl\":\"https:\/\/styrke.no\/content\/uploads\/sites\/30\/2025\/11\/IKM-Ansattes-Forening-50-percent-e1764241607787.jpg\",\"width\":150,\"height\":127,\"caption\":\"IKMAF\"},\"image\":{\"@id\":\"https:\/\/styrke.no\/ikmaf\/#\/schema\/logo\/image\/\"},\"sameAs\":[\"https:\/\/www.facebook.com\/share\/g\/1BiLPsUqug\/?mibextid=wwXIfr\"]}]}<\/script>\n<!-- \/ Yoast SEO Premium plugin. -->","yoast_head_json":{"title":"Avklaring rundt \u00abfagbrevstillegg\u00bb p\u00e5 reiseavdelingen - IKMAF","robots":{"index":"index","follow":"follow","max-snippet":"max-snippet:-1","max-image-preview":"max-image-preview:large","max-video-preview":"max-video-preview:-1"},"canonical":"https:\/\/styrke.no\/ikmaf\/avklaring-rundt-fagbrevstillegg-pa-reiseavdelingen\/","og_locale":"nb_NO","og_type":"article","og_title":"Avklaring rundt \u00abfagbrevstillegg\u00bb p\u00e5 reiseavdelingen","og_description":"Avklaring rundt \u00abfagbrevstillegg\u00bb p\u00e5 reiseavdelingen Det har i flere sammenhenger v\u00e6rt henvist til et tillegg omtalt som \u00abfagbrevstillegg\u00bb for ansatte \u2026","og_url":"https:\/\/styrke.no\/ikmaf\/avklaring-rundt-fagbrevstillegg-pa-reiseavdelingen\/","og_site_name":"IKMAF","article_publisher":"https:\/\/www.facebook.com\/share\/g\/1BiLPsUqug\/?mibextid=wwXIfr","article_modified_time":"2025-12-02T07:08:31+00:00","twitter_card":"summary_large_image","twitter_misc":{"Ansl. lesetid":"2 minutter"},"schema":{"@context":"https:\/\/schema.org","@graph":[{"@type":"WebPage","@id":"https:\/\/styrke.no\/ikmaf\/avklaring-rundt-fagbrevstillegg-pa-reiseavdelingen\/","url":"https:\/\/styrke.no\/ikmaf\/avklaring-rundt-fagbrevstillegg-pa-reiseavdelingen\/","name":"Avklaring rundt \u00abfagbrevstillegg\u00bb p\u00e5 reiseavdelingen - IKMAF","isPartOf":{"@id":"https:\/\/styrke.no\/ikmaf\/#website"},"datePublished":"2025-12-02T06:47:02+00:00","dateModified":"2025-12-02T07:08:31+00:00","breadcrumb":{"@id":"https:\/\/styrke.no\/ikmaf\/avklaring-rundt-fagbrevstillegg-pa-reiseavdelingen\/#breadcrumb"},"inLanguage":"nb-NO","potentialAction":[{"@type":"ReadAction","target":["https:\/\/styrke.no\/ikmaf\/avklaring-rundt-fagbrevstillegg-pa-reiseavdelingen\/"]}]},{"@type":"BreadcrumbList","@id":"https:\/\/styrke.no\/ikmaf\/avklaring-rundt-fagbrevstillegg-pa-reiseavdelingen\/#breadcrumb","itemListElement":[{"@type":"ListItem","position":1,"name":"Hjem","item":"https:\/\/styrke.no\/ikmaf\/"},{"@type":"ListItem","position":2,"name":"Avklaring rundt \u00abfagbrevstillegg\u00bb p\u00e5 reiseavdelingen"}]},{"@type":"WebSite","@id":"https:\/\/styrke.no\/ikmaf\/#website","url":"https:\/\/styrke.no\/ikmaf\/","name":"IKMAF","description":"Ansvarlig, Modig, Tydelig og M\u00e5lbevist","publisher":{"@id":"https:\/\/styrke.no\/ikmaf\/#organization"},"potentialAction":[{"@type":"SearchAction","target":{"@type":"EntryPoint","urlTemplate":"https:\/\/styrke.no\/ikmaf\/?s={search_term_string}"},"query-input":"required name=search_term_string"}],"inLanguage":"nb-NO"},{"@type":"Organization","@id":"https:\/\/styrke.no\/ikmaf\/#organization","name":"IKMAF","url":"https:\/\/styrke.no\/ikmaf\/","logo":{"@type":"ImageObject","inLanguage":"nb-NO","@id":"https:\/\/styrke.no\/ikmaf\/#\/schema\/logo\/image\/","url":"https:\/\/styrke.no\/content\/uploads\/sites\/30\/2025\/11\/IKM-Ansattes-Forening-50-percent-e1764241607787.jpg","contentUrl":"https:\/\/styrke.no\/content\/uploads\/sites\/30\/2025\/11\/IKM-Ansattes-Forening-50-percent-e1764241607787.jpg","width":150,"height":127,"caption":"IKMAF"},"image":{"@id":"https:\/\/styrke.no\/ikmaf\/#\/schema\/logo\/image\/"},"sameAs":["https:\/\/www.facebook.com\/share\/g\/1BiLPsUqug\/?mibextid=wwXIfr"]}]}},"acf":[],"_links":{"self":[{"href":"https:\/\/styrke.no\/ikmaf\/wp-json\/wp\/v2\/pages\/644"}],"collection":[{"href":"https:\/\/styrke.no\/ikmaf\/wp-json\/wp\/v2\/pages"}],"about":[{"href":"https:\/\/styrke.no\/ikmaf\/wp-json\/wp\/v2\/types\/page"}],"author":[{"embeddable":true,"href":"https:\/\/styrke.no\/ikmaf\/wp-json\/wp\/v2\/users\/235"}],"replies":[{"embeddable":true,"href":"https:\/\/styrke.no\/ikmaf\/wp-json\/wp\/v2\/comments?post=644"}],"version-history":[{"count":3,"href":"https:\/\/styrke.no\/ikmaf\/wp-json\/wp\/v2\/pages\/644\/revisions"}],"predecessor-version":[{"id":666,"href":"https:\/\/styrke.no\/ikmaf\/wp-json\/wp\/v2\/pages\/644\/revisions\/666"}],"wp:attachment":[{"href":"https:\/\/styrke.no\/ikmaf\/wp-json\/wp\/v2\/media?parent=644"}],"wp:term":[{"taxonomy":"news-tag","embeddable":true,"href":"https:\/\/styrke.no\/ikmaf\/wp-json\/wp\/v2\/news-tag?post=644"}],"curies":[{"name":"wp","href":"https:\/\/api.w.org\/{rel}","templated":true}]}}