{"id":647,"date":"2025-12-02T07:58:07","date_gmt":"2025-12-02T06:58:07","guid":{"rendered":"https:\/\/styrke.no\/ikmaf\/?page_id=647"},"modified":"2025-12-02T10:37:25","modified_gmt":"2025-12-02T09:37:25","slug":"arkivet","status":"publish","type":"page","link":"https:\/\/styrke.no\/ikmaf\/forside\/arkivet\/","title":{"rendered":"Arkivet"},"content":{"rendered":"\t<div class=\"hero alignfull wp-block-dekode-hero\">\n\t\t<div class=\"hero__inner\">\n\t\t\t<div class=\"hero__media\">\n\t\t\t\t\n\t\t<div class=\"illustration\">\n\t\t<img loading=\"lazy\" decoding=\"async\" width=\"1024\" height=\"573\" src=\"https:\/\/styrke.no\/content\/uploads\/sites\/30\/2025\/12\/Arkiv-1024x573.png\" class=\"illustration__image\" alt=\"\" style=\"object-position: 50% 50%\" srcset=\"https:\/\/styrke.no\/content\/uploads\/sites\/30\/2025\/12\/Arkiv-1024x573.png 1024w, https:\/\/styrke.no\/content\/uploads\/sites\/30\/2025\/12\/Arkiv-300x168.png 300w, https:\/\/styrke.no\/content\/uploads\/sites\/30\/2025\/12\/Arkiv-768x430.png 768w, https:\/\/styrke.no\/content\/uploads\/sites\/30\/2025\/12\/Arkiv.png 1096w\" \/>\t<\/div>\n\t\t\n\t\t\t<\/div>\n\n\t\t\t<div class=\"hero__content\">\n\t\t\t\t<h1 class=\"hero__title\">Arkivet<\/h1>\t\t\t\t\t<p>Her finner du informasjon gjeldende klubbens arbeid, b\u00e5de p\u00e5g\u00e5ende og historisk. I tillegg legger vi fortl\u00f8pende ut mer teknisk informasjon n\u00e5r det kommer til spesifike l\u00f8sninger som er gjeldende i IKM Testing.<\/p>\n\t\t\t\t\t\t\t\t\t\t<div class=\"wp-block-buttons is-layout-flex wp-block-buttons-is-layout-flex\">\n\t\t\t\t\t\t<div class=\"wp-block-button\"><a class=\"wp-block-button__link wp-element-button\" href=\"https:\/\/styrke.no\/ikmaf\/informasjon-2025\/\">Medlemsinformasjon 2025<\/a><\/div><div class=\"wp-block-button is-style-secondary\"><a class=\"wp-block-button__link wp-element-button\" href=\"#\">Eldre medlemsinformasjon<\/a><\/div>\t\t\t\t\t<\/div>\n\t\t\t\t\t\t\t\t<\/div>\n\t\t<\/div>\n\t<\/div>\n\t\n\n\n<p><\/p>\n","protected":false},"excerpt":{"rendered":"","protected":false},"author":235,"featured_media":656,"parent":4,"menu_order":0,"comment_status":"closed","ping_status":"closed","template":"","meta":{"_acf_changed":false,"teft_cards_image_id":656,"teft_cards_image_focal_point_x":0.5,"teft_cards_image_focal_point_y":0.5,"teft_cards_title":"Arkivet","teft_cards_excerpt":"","footnotes":""},"news-tag":[67,46,39],"class_list":["post-647","page","type-page","status-publish","has-post-thumbnail","hentry","news-tag-arkivet","news-tag-informasjon-til-medlemmer","news-tag-klubbnytt"],"yoast_head":"<!-- This site is optimized with the Yoast SEO Premium plugin v22.4 (Yoast SEO v23.0) - https:\/\/yoast.com\/wordpress\/plugins\/seo\/ -->\n<title>Arkivet - IKMAF<\/title>\n<meta name=\"robots\" content=\"index, follow, max-snippet:-1, max-image-preview:large, max-video-preview:-1\" \/>\n<link rel=\"canonical\" href=\"https:\/\/styrke.no\/ikmaf\/forside\/arkivet\/\" \/>\n<meta property=\"og:locale\" content=\"nb_NO\" \/>\n<meta property=\"og:type\" content=\"article\" \/>\n<meta property=\"og:title\" content=\"Arkivet\" \/>\n<meta property=\"og:url\" content=\"https:\/\/styrke.no\/ikmaf\/forside\/arkivet\/\" \/>\n<meta property=\"og:site_name\" content=\"IKMAF\" \/>\n<meta property=\"article:publisher\" content=\"https:\/\/www.facebook.com\/share\/g\/1BiLPsUqug\/?mibextid=wwXIfr\" \/>\n<meta property=\"article:modified_time\" content=\"2025-12-02T09:37:25+00:00\" \/>\n<meta property=\"og:image\" content=\"https:\/\/styrke.no\/content\/uploads\/sites\/30\/2025\/12\/Arkiv.png\" \/>\n\t<meta property=\"og:image:width\" content=\"1096\" \/>\n\t<meta property=\"og:image:height\" content=\"613\" \/>\n\t<meta property=\"og:image:type\" content=\"image\/png\" \/>\n<meta name=\"twitter:card\" content=\"summary_large_image\" \/>\n<meta name=\"twitter:label1\" content=\"Ansl. lesetid\" \/>\n\t<meta name=\"twitter:data1\" content=\"1 minutt\" \/>\n<script type=\"application\/ld+json\" class=\"yoast-schema-graph\">{\"@context\":\"https:\/\/schema.org\",\"@graph\":[{\"@type\":\"WebPage\",\"@id\":\"https:\/\/styrke.no\/ikmaf\/forside\/arkivet\/\",\"url\":\"https:\/\/styrke.no\/ikmaf\/forside\/arkivet\/\",\"name\":\"Arkivet - IKMAF\",\"isPartOf\":{\"@id\":\"https:\/\/styrke.no\/ikmaf\/#website\"},\"primaryImageOfPage\":{\"@id\":\"https:\/\/styrke.no\/ikmaf\/forside\/arkivet\/#primaryimage\"},\"image\":{\"@id\":\"https:\/\/styrke.no\/ikmaf\/forside\/arkivet\/#primaryimage\"},\"thumbnailUrl\":\"https:\/\/styrke.no\/content\/uploads\/sites\/30\/2025\/12\/Arkiv.png\",\"datePublished\":\"2025-12-02T06:58:07+00:00\",\"dateModified\":\"2025-12-02T09:37:25+00:00\",\"breadcrumb\":{\"@id\":\"https:\/\/styrke.no\/ikmaf\/forside\/arkivet\/#breadcrumb\"},\"inLanguage\":\"nb-NO\",\"potentialAction\":[{\"@type\":\"ReadAction\",\"target\":[\"https:\/\/styrke.no\/ikmaf\/forside\/arkivet\/\"]}]},{\"@type\":\"ImageObject\",\"inLanguage\":\"nb-NO\",\"@id\":\"https:\/\/styrke.no\/ikmaf\/forside\/arkivet\/#primaryimage\",\"url\":\"https:\/\/styrke.no\/content\/uploads\/sites\/30\/2025\/12\/Arkiv.png\",\"contentUrl\":\"https:\/\/styrke.no\/content\/uploads\/sites\/30\/2025\/12\/Arkiv.png\",\"width\":1096,\"height\":613},{\"@type\":\"BreadcrumbList\",\"@id\":\"https:\/\/styrke.no\/ikmaf\/forside\/arkivet\/#breadcrumb\",\"itemListElement\":[{\"@type\":\"ListItem\",\"position\":1,\"name\":\"Hjem\",\"item\":\"https:\/\/styrke.no\/ikmaf\/\"},{\"@type\":\"ListItem\",\"position\":2,\"name\":\"Forside\",\"item\":\"https:\/\/styrke.no\/ikmaf\/\"},{\"@type\":\"ListItem\",\"position\":3,\"name\":\"Arkivet\"}]},{\"@type\":\"WebSite\",\"@id\":\"https:\/\/styrke.no\/ikmaf\/#website\",\"url\":\"https:\/\/styrke.no\/ikmaf\/\",\"name\":\"IKMAF\",\"description\":\"Ansvarlig, Modig, Tydelig og M\u00e5lbevist\",\"publisher\":{\"@id\":\"https:\/\/styrke.no\/ikmaf\/#organization\"},\"potentialAction\":[{\"@type\":\"SearchAction\",\"target\":{\"@type\":\"EntryPoint\",\"urlTemplate\":\"https:\/\/styrke.no\/ikmaf\/?s={search_term_string}\"},\"query-input\":\"required name=search_term_string\"}],\"inLanguage\":\"nb-NO\"},{\"@type\":\"Organization\",\"@id\":\"https:\/\/styrke.no\/ikmaf\/#organization\",\"name\":\"IKMAF\",\"url\":\"https:\/\/styrke.no\/ikmaf\/\",\"logo\":{\"@type\":\"ImageObject\",\"inLanguage\":\"nb-NO\",\"@id\":\"https:\/\/styrke.no\/ikmaf\/#\/schema\/logo\/image\/\",\"url\":\"https:\/\/styrke.no\/content\/uploads\/sites\/30\/2025\/11\/IKM-Ansattes-Forening-50-percent-e1764241607787.jpg\",\"contentUrl\":\"https:\/\/styrke.no\/content\/uploads\/sites\/30\/2025\/11\/IKM-Ansattes-Forening-50-percent-e1764241607787.jpg\",\"width\":150,\"height\":127,\"caption\":\"IKMAF\"},\"image\":{\"@id\":\"https:\/\/styrke.no\/ikmaf\/#\/schema\/logo\/image\/\"},\"sameAs\":[\"https:\/\/www.facebook.com\/share\/g\/1BiLPsUqug\/?mibextid=wwXIfr\"]}]}<\/script>\n<!-- \/ Yoast SEO Premium plugin. -->","yoast_head_json":{"title":"Arkivet - IKMAF","robots":{"index":"index","follow":"follow","max-snippet":"max-snippet:-1","max-image-preview":"max-image-preview:large","max-video-preview":"max-video-preview:-1"},"canonical":"https:\/\/styrke.no\/ikmaf\/forside\/arkivet\/","og_locale":"nb_NO","og_type":"article","og_title":"Arkivet","og_url":"https:\/\/styrke.no\/ikmaf\/forside\/arkivet\/","og_site_name":"IKMAF","article_publisher":"https:\/\/www.facebook.com\/share\/g\/1BiLPsUqug\/?mibextid=wwXIfr","article_modified_time":"2025-12-02T09:37:25+00:00","og_image":[{"width":1096,"height":613,"url":"https:\/\/styrke.no\/content\/uploads\/sites\/30\/2025\/12\/Arkiv.png","type":"image\/png"}],"twitter_card":"summary_large_image","twitter_misc":{"Ansl. lesetid":"1 minutt"},"schema":{"@context":"https:\/\/schema.org","@graph":[{"@type":"WebPage","@id":"https:\/\/styrke.no\/ikmaf\/forside\/arkivet\/","url":"https:\/\/styrke.no\/ikmaf\/forside\/arkivet\/","name":"Arkivet - IKMAF","isPartOf":{"@id":"https:\/\/styrke.no\/ikmaf\/#website"},"primaryImageOfPage":{"@id":"https:\/\/styrke.no\/ikmaf\/forside\/arkivet\/#primaryimage"},"image":{"@id":"https:\/\/styrke.no\/ikmaf\/forside\/arkivet\/#primaryimage"},"thumbnailUrl":"https:\/\/styrke.no\/content\/uploads\/sites\/30\/2025\/12\/Arkiv.png","datePublished":"2025-12-02T06:58:07+00:00","dateModified":"2025-12-02T09:37:25+00:00","breadcrumb":{"@id":"https:\/\/styrke.no\/ikmaf\/forside\/arkivet\/#breadcrumb"},"inLanguage":"nb-NO","potentialAction":[{"@type":"ReadAction","target":["https:\/\/styrke.no\/ikmaf\/forside\/arkivet\/"]}]},{"@type":"ImageObject","inLanguage":"nb-NO","@id":"https:\/\/styrke.no\/ikmaf\/forside\/arkivet\/#primaryimage","url":"https:\/\/styrke.no\/content\/uploads\/sites\/30\/2025\/12\/Arkiv.png","contentUrl":"https:\/\/styrke.no\/content\/uploads\/sites\/30\/2025\/12\/Arkiv.png","width":1096,"height":613},{"@type":"BreadcrumbList","@id":"https:\/\/styrke.no\/ikmaf\/forside\/arkivet\/#breadcrumb","itemListElement":[{"@type":"ListItem","position":1,"name":"Hjem","item":"https:\/\/styrke.no\/ikmaf\/"},{"@type":"ListItem","position":2,"name":"Forside","item":"https:\/\/styrke.no\/ikmaf\/"},{"@type":"ListItem","position":3,"name":"Arkivet"}]},{"@type":"WebSite","@id":"https:\/\/styrke.no\/ikmaf\/#website","url":"https:\/\/styrke.no\/ikmaf\/","name":"IKMAF","description":"Ansvarlig, Modig, Tydelig og M\u00e5lbevist","publisher":{"@id":"https:\/\/styrke.no\/ikmaf\/#organization"},"potentialAction":[{"@type":"SearchAction","target":{"@type":"EntryPoint","urlTemplate":"https:\/\/styrke.no\/ikmaf\/?s={search_term_string}"},"query-input":"required name=search_term_string"}],"inLanguage":"nb-NO"},{"@type":"Organization","@id":"https:\/\/styrke.no\/ikmaf\/#organization","name":"IKMAF","url":"https:\/\/styrke.no\/ikmaf\/","logo":{"@type":"ImageObject","inLanguage":"nb-NO","@id":"https:\/\/styrke.no\/ikmaf\/#\/schema\/logo\/image\/","url":"https:\/\/styrke.no\/content\/uploads\/sites\/30\/2025\/11\/IKM-Ansattes-Forening-50-percent-e1764241607787.jpg","contentUrl":"https:\/\/styrke.no\/content\/uploads\/sites\/30\/2025\/11\/IKM-Ansattes-Forening-50-percent-e1764241607787.jpg","width":150,"height":127,"caption":"IKMAF"},"image":{"@id":"https:\/\/styrke.no\/ikmaf\/#\/schema\/logo\/image\/"},"sameAs":["https:\/\/www.facebook.com\/share\/g\/1BiLPsUqug\/?mibextid=wwXIfr"]}]}},"acf":[],"_links":{"self":[{"href":"https:\/\/styrke.no\/ikmaf\/wp-json\/wp\/v2\/pages\/647"}],"collection":[{"href":"https:\/\/styrke.no\/ikmaf\/wp-json\/wp\/v2\/pages"}],"about":[{"href":"https:\/\/styrke.no\/ikmaf\/wp-json\/wp\/v2\/types\/page"}],"author":[{"embeddable":true,"href":"https:\/\/styrke.no\/ikmaf\/wp-json\/wp\/v2\/users\/235"}],"replies":[{"embeddable":true,"href":"https:\/\/styrke.no\/ikmaf\/wp-json\/wp\/v2\/comments?post=647"}],"version-history":[{"count":19,"href":"https:\/\/styrke.no\/ikmaf\/wp-json\/wp\/v2\/pages\/647\/revisions"}],"predecessor-version":[{"id":709,"href":"https:\/\/styrke.no\/ikmaf\/wp-json\/wp\/v2\/pages\/647\/revisions\/709"}],"up":[{"embeddable":true,"href":"https:\/\/styrke.no\/ikmaf\/wp-json\/wp\/v2\/pages\/4"}],"wp:featuredmedia":[{"embeddable":true,"href":"https:\/\/styrke.no\/ikmaf\/wp-json\/wp\/v2\/media\/656"}],"wp:attachment":[{"href":"https:\/\/styrke.no\/ikmaf\/wp-json\/wp\/v2\/media?parent=647"}],"wp:term":[{"taxonomy":"news-tag","embeddable":true,"href":"https:\/\/styrke.no\/ikmaf\/wp-json\/wp\/v2\/news-tag?post=647"}],"curies":[{"name":"wp","href":"https:\/\/api.w.org\/{rel}","templated":true}]}}