{"id":230,"date":"2023-08-29T15:43:32","date_gmt":"2023-08-29T13:43:32","guid":{"rendered":"https:\/\/styrke.no\/moduklubben\/?page_id=230"},"modified":"2023-09-14T13:23:06","modified_gmt":"2023-09-14T11:23:06","slug":"medlemsfordeler","status":"publish","type":"page","link":"https:\/\/styrke.no\/moduklubben\/medlemsfordeler\/","title":{"rendered":"Medlemsfordeler"},"content":{"rendered":"\t<div class=\"hero alignfull is-style-red is-style-red wp-block-dekode-hero\">\n\t\t<div class=\"hero__inner\">\n\t\t\t<div class=\"hero__media\">\n\t\t\t\t\n\t\t<div class=\"illustration\">\n\t\t<img loading=\"lazy\" decoding=\"async\" width=\"1024\" height=\"682\" src=\"https:\/\/styrke.no\/content\/uploads\/sites\/23\/2023\/08\/IMG_3622-1024x682.jpg\" class=\"illustration__image\" alt=\"\" style=\"object-position: 50% 50%\" srcset=\"https:\/\/styrke.no\/content\/uploads\/sites\/23\/2023\/08\/IMG_3622-1024x682.jpg 1024w, https:\/\/styrke.no\/content\/uploads\/sites\/23\/2023\/08\/IMG_3622-300x200.jpg 300w, https:\/\/styrke.no\/content\/uploads\/sites\/23\/2023\/08\/IMG_3622-768x512.jpg 768w, https:\/\/styrke.no\/content\/uploads\/sites\/23\/2023\/08\/IMG_3622.jpg 1280w\" \/>\t<\/div>\n\t\t\n\t\t\t<\/div>\n\n\t\t\t<div class=\"hero__content\">\n\t\t\t\t<h2 class=\"hero__title\">Medlemsfordeler<\/h2>\t\t\t<\/div>\n\t\t<\/div>\n\t<\/div>\n\t\n\n\n<h2 class=\"wp-block-heading\" id=\"h-forsikringer\"><strong>Forsikringer<\/strong><\/h2>\n\n\n\n<p>Som medlem f\u00e5r en nyte godt av forsikringene til LO-Fav\u00f8r. Disse forsikringen er inkludert i medlemskapet:<\/p>\n\n\n\n<p><a href=\"https:\/\/www.lofavor.no\/Medlemsfordeler\/Forsikringer\/Innboforsikring\" target=\"_blank\" rel=\"noreferrer noopener\"><strong>LOfav\u00f8r Innboforsikring<\/strong><\/a>&nbsp;\u2013 Omtales som \u00abNorges beste innboforsikring\u00bb. Forsikringen dekker alt fra innbo- og l\u00f8s\u00f8re i hjemmet, tyveri av l\u00f8s\u00f8re fra l\u00e5st bil, flytteforsikring og typiske uhell.<\/p>\n\n\n\n<p><a href=\"https:\/\/styrke.no\/medlemskap\/alle-forsikringer\/help-advokatforsikring\/\" target=\"_blank\" rel=\"noreferrer noopener\"><strong>Advokatforsikring fra HELP<\/strong><\/a>&nbsp;\u2013 Advokathjelp \/ Privatrettslig juridisk bistand hvor du f\u00e5r rask og proff hjelp \u2013 enten du bare trenger r\u00e5d eller st\u00e5r ovenfor en mulig rettssak. Du betaler ingen timepris. Det er heller ingen egenandel. Advokatforsikringen gjelder hele familien: deg, samboer eller ektefelle og barn under 20 \u00e5r som bor hjemme.<\/p>\n\n\n\n<p><a href=\"https:\/\/www.lofavor.no\/forsikring\/fritidsulykkeforsikring\" target=\"_blank\" rel=\"noreferrer noopener\"><strong>LOfav\u00f8r Fritidsulykkeforsikring<\/strong><\/a>&nbsp;\u2013&nbsp;&nbsp;Dekker ulykker i fritiden og gjelder for deg som medlem. Medlemmets familie er ikke dekket.<\/p>\n\n\n\n<p><a href=\"https:\/\/www.lofavor.no\/Medlemsfordeler\/Forsikringer\/Grunnforsikring\" target=\"_blank\" rel=\"noreferrer noopener\"><strong>LOfav\u00f8r Grunnforsikring<\/strong><\/a>&nbsp;\u2013&nbsp;Gir \u00f8konomisk f\u00f8rstehjelp (engangsutbetaling) i tilfelle d\u00f8dsfall av medlemmet, ektefelle\/samboer eller barn. Utbetalingen i 2022 er 91 367 kroner frem til fylte 50 \u00e5r. Deretter trappes utbetalingen ned avhengig av alder. For barn under 21 \u00e5r er utbetalingen 53 201 kroner.<\/p>\n\n\n\n<h2 class=\"wp-block-heading\" id=\"h-videre-har-en-ogs-en-rekke-forsikringer-som-ikke-er-inkludert-i-medlemskapet-men-som-en-kan-tegne-selv\">Videre har en ogs\u00e5 en&nbsp;rekke forsikringer som ikke er inkludert i medlemskapet, men som en kan tegne selv:<\/h2>\n\n\n\n<p><a href=\"https:\/\/www.lofavor.no\/forsikring\/reiseforsikring?d=Desktop\" target=\"_blank\" rel=\"noreferrer noopener\"><strong>Topp reiseforsikring for deg og familien din<\/strong>&nbsp;<\/a>\u2013&nbsp;LOfav\u00f8r Reiseforsikring gjelder for deg som medlem, din ektefelle\/samboer, og barn inntil 20 \u00e5r, hele \u00e5ret og avbestillingsforsikring er inkludert . Med denne forsikringen er du og familien din forsikret p\u00e5 alle typer reiser \u00e5ret rundt, og det stilles ingen krav til overnatting.<\/p>\n\n\n\n<p>LO Fav\u00f8r tilbyr ogs\u00e5 mange andre forsikringer som for eksempel:<\/p>\n\n\n\n<ul class=\"wp-block-list\"><li><strong><a href=\"https:\/\/www.lofavor.no\/Medlemsfordeler\/Forsikringer\/Husforsikring\" target=\"_blank\" rel=\"noreferrer noopener\">Husforsikring<\/a><\/strong><\/li><li><strong><a href=\"https:\/\/www.lofavor.no\/Medlemsfordeler\/Forsikringer\/Bilforsikring\" target=\"_blank\" rel=\"noreferrer noopener\">Bilforsikring<\/a><\/strong><\/li><li><strong><a href=\"https:\/\/www.lofavor.no\/Medlemsfordeler\/Forsikringer\/Baatforsikring\" target=\"_blank\" rel=\"noreferrer noopener\">B\u00e5tforsikring<\/a><\/strong><\/li><li><strong><a href=\"https:\/\/www.lofavor.no\/Medlemsfordeler\/Forsikringer\/Hund-og-katt\" target=\"_blank\" rel=\"noreferrer noopener\">Hund- og katteforsikring<\/a><\/strong><\/li><\/ul>\n\n\n\n<p><a href=\"https:\/\/www.lofavor.no\/Medlemsfordeler\/Forsikringer\" target=\"_blank\" rel=\"noreferrer noopener\">Les mer om flere forsikringer p\u00e5 LO Fav\u00f8r sine sider<\/a><\/p>\n\n\n\n<h2 class=\"wp-block-heading\" id=\"h-medlemsfordeler-sentralt\">Medlemsfordeler sentralt:<\/h2>\n\n\n\n<p><a href=\"https:\/\/www.lofavor.no\/Medlemsfordeler\/Bank\/Boliglaan\" target=\"_blank\" rel=\"noreferrer noopener\"><strong>Gode betingelser p\u00e5 boligl\u00e5n \/ boligrente<\/strong><\/a>&nbsp;\u2013 Som LO organisert har en tilgang til meget lav og konkurransedyktig rente over tid, samt god hjelp fra flinke, \u00f8konomiske r\u00e5dgivere fra samarbeidspartner SpareBank1. R\u00e5dgivning som er tilpasset deg og din \u00f8konomi og kan samtidig informere om hvilke forsikringer du har i medlemskapet ditt slik at du unng\u00e5r dobbeltforsikring.<\/p>\n\n\n\n<p><a href=\"https:\/\/styrke.no\/medlemskap\/pensjonist\/vet-du-hva-du-far-i-pensjon\/\" target=\"_blank\" rel=\"noreferrer noopener\"><strong>Pensjonsr\u00e5dgivning<\/strong><\/a>&nbsp;\u2013&nbsp;Har du sp\u00f8rsm\u00e5l om pensjon? Vet du hva som l\u00f8nner seg for deg?&nbsp;Industri Energi har et sv\u00e6rt godt pensjonsr\u00e5dgivningstilbud til medlemmene, med egen&nbsp;<a href=\"https:\/\/styrke.no\/medlemsfordeler\/ordinaert-medlemskap\/pensjonstelefonen-gratis-uavhengig-pensjonsradgivning-for-medlemmer-i-industri-energi\/\" target=\"_blank\" rel=\"noreferrer noopener\">pensjonstelefon<\/a>&nbsp;for alle medlemmer uansett alder \u2013 samt en mer dyptg\u00e5ende r\u00e5dgivningstjeneste for medlemmer fra 57 \u00e5r og oppover.&nbsp;<em>Klubben dekker egenandelen p\u00e5 500 kr . (Merk: Klubben refunderer betalt faktura p\u00e5 egendalen. Send inn betalt faktura&nbsp; med ditt kontonr p\u00e5f\u00f8rt, til industrienergi@odfjelldrilling.com))<\/em><\/p>\n\n\n\n<ul class=\"wp-block-list\"><li><a href=\"https:\/\/styrke.no\/nyheter\/alt-trenger-a-medlemsfordelen-industri-energi-bi\/\" target=\"_blank\" rel=\"noreferrer noopener\"><strong>Studiest\u00f8tte<\/strong><\/a>&nbsp;(utdanning )<\/li><li>Ta kontakt med Hildegunn Thorsen i Industri Energi tlf: 90951736 om du har mindre enn 3 \u00e5rs medlemsskap i forbundet)<\/li><li><a href=\"https:\/\/styrke.no\/kurs-og-konferanse\/sok-om-stipend-til-videreutdanning-og-kurs\/\" target=\"_blank\" rel=\"noreferrer noopener\"><strong>Stipend til videreutdanning og kurs<\/strong><\/a>&nbsp;(utdanning)<\/li><li><strong><a href=\"http:\/\/www.fjordkraft.no\/industrienergi\" target=\"_blank\" rel=\"noreferrer noopener\">Str\u00f8m med prisgaranti<\/a><\/strong><\/li><li><strong><a href=\"https:\/\/www.lofavor.no\/Medlemsfordeler\/Ferie-opplevelser\/Leiebil\" target=\"_blank\" rel=\"noreferrer noopener\">Rabatt hos Hertz bilutleie<\/a><\/strong><\/li><\/ul>\n\n\n\n<p><strong>TIPS:&nbsp;<\/strong>LO-Fav\u00f8r har egen mobilapp&nbsp;hvor en f\u00e5r oversikt over alle medlemsfordeler, b\u00e5de de en har inkludert i medlemskapet og de en ikke har pr\u00f8vd enn\u00e5<\/p>\n\n\n\n<div class=\"wp-block-dekode-factbox factbox is-style-blue\"><div class=\"factbox__inner\"><h3 class=\"factbox__title\">Ta kontakt<\/h3><div class=\"factbox__content\">\n<p class=\"has-medium-font-size\">Vi anbefaler medlemmer \u00e5 ta kontakt med LOfav\u00f8r sin samarbeidspartner, SpareBank 1.<br>SpareBank1 kjenner forsikringsordningene du har i medlemskapet ditt, og kan hjelpe deg slik at du utnytter medlemsfordelene dine innen bank og forsikring best mulig. Som medlem av et LO-forbund f\u00e5r du gunstigere rente p\u00e5 innskudd og gode betingelser for brukskonto\/l\u00f8nnskonto. I tillegg f\u00e5r du gratis \u00f8konomisk r\u00e5dgivning av r\u00e5dgiver.<\/p>\n\n\n\n<p class=\"has-medium-font-size\">Dette gjelder ogs\u00e5 for medlemmer som allerede benytter seg av LOfav\u00f8r Boligl\u00e5n. SpareBank 1-bankene er innstilt p\u00e5, innenfor de rammene de r\u00e5r over, \u00e5 finne tilpassede l\u00f8sninger for medlemmer som kommer i en vanskelig \u00f8konomisk situasjon.<\/p>\n\n\n\n<p class=\"has-medium-font-size\">De har et eget team som kun jobber med medlemmer av et LO-forbund. De hjelper deg med sp\u00f8rsm\u00e5l til eksisterende forsikringer eller ved kj\u00f8p av forsikring.<\/p>\n\n\n\n<p class=\"has-medium-font-size\">De kan n\u00e5s hver dag mellom kl. 07 og 24:00. Du kan sende e-post til lodirekte@sparebank1.no s\u00e5 kontakter SpareBank 1 deg med et forsikringstilbud hvor dine medlemsfordeler er innlagt. Du kan ogs\u00e5 ringe 416 06 600, tast 1 s\u00e5 3 hver dag fra kl. 07:00-24:00.<\/p>\n<\/div><\/div><\/div>\n","protected":false},"excerpt":{"rendered":"<p>Forsikringer Som medlem f\u00e5r en nyte godt av forsikringene til LO-Fav\u00f8r. Disse forsikringen er inkludert i medlemskapet: LOfav\u00f8r Innboforsikring&nbsp;\u2013 Omtales \u2026 <\/p>\n","protected":false},"author":121,"featured_media":0,"parent":0,"menu_order":0,"comment_status":"closed","ping_status":"closed","template":"","meta":{"_acf_changed":false,"teft_cards_image_id":0,"teft_cards_image_focal_point_x":0,"teft_cards_image_focal_point_y":0,"teft_cards_title":"","teft_cards_excerpt":"","footnotes":""},"news-tag":[],"class_list":["post-230","page","type-page","status-publish","hentry"],"yoast_head":"<!-- This site is optimized with the Yoast SEO Premium plugin v22.4 (Yoast SEO v23.0) - https:\/\/yoast.com\/wordpress\/plugins\/seo\/ -->\n<title>Medlemsfordeler - Moduklubben<\/title>\n<meta name=\"robots\" content=\"index, follow, max-snippet:-1, max-image-preview:large, max-video-preview:-1\" \/>\n<link rel=\"canonical\" href=\"https:\/\/styrke.no\/moduklubben\/medlemsfordeler\/\" \/>\n<meta property=\"og:locale\" content=\"nb_NO\" \/>\n<meta property=\"og:type\" content=\"article\" \/>\n<meta property=\"og:title\" content=\"Medlemsfordeler\" \/>\n<meta property=\"og:description\" content=\"Forsikringer Som medlem f\u00e5r en nyte godt av forsikringene til LO-Fav\u00f8r. Disse forsikringen er inkludert i medlemskapet: LOfav\u00f8r Innboforsikring&nbsp;\u2013 Omtales \u2026\" \/>\n<meta property=\"og:url\" content=\"https:\/\/styrke.no\/moduklubben\/medlemsfordeler\/\" \/>\n<meta property=\"og:site_name\" content=\"Moduklubben\" \/>\n<meta property=\"article:modified_time\" content=\"2023-09-14T11:23:06+00:00\" \/>\n<meta name=\"twitter:card\" content=\"summary_large_image\" \/>\n<meta name=\"twitter:label1\" content=\"Ansl. lesetid\" \/>\n\t<meta name=\"twitter:data1\" content=\"3 minutter\" \/>\n<script type=\"application\/ld+json\" class=\"yoast-schema-graph\">{\"@context\":\"https:\/\/schema.org\",\"@graph\":[{\"@type\":\"WebPage\",\"@id\":\"https:\/\/styrke.no\/moduklubben\/medlemsfordeler\/\",\"url\":\"https:\/\/styrke.no\/moduklubben\/medlemsfordeler\/\",\"name\":\"Medlemsfordeler - Moduklubben\",\"isPartOf\":{\"@id\":\"https:\/\/styrke.no\/moduklubben\/#website\"},\"datePublished\":\"2023-08-29T13:43:32+00:00\",\"dateModified\":\"2023-09-14T11:23:06+00:00\",\"breadcrumb\":{\"@id\":\"https:\/\/styrke.no\/moduklubben\/medlemsfordeler\/#breadcrumb\"},\"inLanguage\":\"nb-NO\",\"potentialAction\":[{\"@type\":\"ReadAction\",\"target\":[\"https:\/\/styrke.no\/moduklubben\/medlemsfordeler\/\"]}]},{\"@type\":\"BreadcrumbList\",\"@id\":\"https:\/\/styrke.no\/moduklubben\/medlemsfordeler\/#breadcrumb\",\"itemListElement\":[{\"@type\":\"ListItem\",\"position\":1,\"name\":\"Hjem\",\"item\":\"https:\/\/styrke.no\/moduklubben\/\"},{\"@type\":\"ListItem\",\"position\":2,\"name\":\"Medlemsfordeler\"}]},{\"@type\":\"WebSite\",\"@id\":\"https:\/\/styrke.no\/moduklubben\/#website\",\"url\":\"https:\/\/styrke.no\/moduklubben\/\",\"name\":\"Moduklubben\",\"description\":\"Bare enda et Industrienergi Sites-nettsted\",\"publisher\":{\"@id\":\"https:\/\/styrke.no\/moduklubben\/#organization\"},\"potentialAction\":[{\"@type\":\"SearchAction\",\"target\":{\"@type\":\"EntryPoint\",\"urlTemplate\":\"https:\/\/styrke.no\/moduklubben\/?s={search_term_string}\"},\"query-input\":\"required name=search_term_string\"}],\"inLanguage\":\"nb-NO\"},{\"@type\":\"Organization\",\"@id\":\"https:\/\/styrke.no\/moduklubben\/#organization\",\"name\":\"Moduklubben\",\"url\":\"https:\/\/styrke.no\/moduklubben\/\",\"logo\":{\"@type\":\"ImageObject\",\"inLanguage\":\"nb-NO\",\"@id\":\"https:\/\/styrke.no\/moduklubben\/#\/schema\/logo\/image\/\",\"url\":\"https:\/\/styrke.no\/content\/uploads\/sites\/23\/2024\/09\/Styrke-logo.svg\",\"contentUrl\":\"https:\/\/styrke.no\/content\/uploads\/sites\/23\/2024\/09\/Styrke-logo.svg\",\"width\":185,\"height\":54,\"caption\":\"Moduklubben\"},\"image\":{\"@id\":\"https:\/\/styrke.no\/moduklubben\/#\/schema\/logo\/image\/\"}}]}<\/script>\n<!-- \/ Yoast SEO Premium plugin. -->","yoast_head_json":{"title":"Medlemsfordeler - Moduklubben","robots":{"index":"index","follow":"follow","max-snippet":"max-snippet:-1","max-image-preview":"max-image-preview:large","max-video-preview":"max-video-preview:-1"},"canonical":"https:\/\/styrke.no\/moduklubben\/medlemsfordeler\/","og_locale":"nb_NO","og_type":"article","og_title":"Medlemsfordeler","og_description":"Forsikringer Som medlem f\u00e5r en nyte godt av forsikringene til LO-Fav\u00f8r. Disse forsikringen er inkludert i medlemskapet: LOfav\u00f8r Innboforsikring&nbsp;\u2013 Omtales \u2026","og_url":"https:\/\/styrke.no\/moduklubben\/medlemsfordeler\/","og_site_name":"Moduklubben","article_modified_time":"2023-09-14T11:23:06+00:00","twitter_card":"summary_large_image","twitter_misc":{"Ansl. lesetid":"3 minutter"},"schema":{"@context":"https:\/\/schema.org","@graph":[{"@type":"WebPage","@id":"https:\/\/styrke.no\/moduklubben\/medlemsfordeler\/","url":"https:\/\/styrke.no\/moduklubben\/medlemsfordeler\/","name":"Medlemsfordeler - Moduklubben","isPartOf":{"@id":"https:\/\/styrke.no\/moduklubben\/#website"},"datePublished":"2023-08-29T13:43:32+00:00","dateModified":"2023-09-14T11:23:06+00:00","breadcrumb":{"@id":"https:\/\/styrke.no\/moduklubben\/medlemsfordeler\/#breadcrumb"},"inLanguage":"nb-NO","potentialAction":[{"@type":"ReadAction","target":["https:\/\/styrke.no\/moduklubben\/medlemsfordeler\/"]}]},{"@type":"BreadcrumbList","@id":"https:\/\/styrke.no\/moduklubben\/medlemsfordeler\/#breadcrumb","itemListElement":[{"@type":"ListItem","position":1,"name":"Hjem","item":"https:\/\/styrke.no\/moduklubben\/"},{"@type":"ListItem","position":2,"name":"Medlemsfordeler"}]},{"@type":"WebSite","@id":"https:\/\/styrke.no\/moduklubben\/#website","url":"https:\/\/styrke.no\/moduklubben\/","name":"Moduklubben","description":"Bare enda et Industrienergi Sites-nettsted","publisher":{"@id":"https:\/\/styrke.no\/moduklubben\/#organization"},"potentialAction":[{"@type":"SearchAction","target":{"@type":"EntryPoint","urlTemplate":"https:\/\/styrke.no\/moduklubben\/?s={search_term_string}"},"query-input":"required name=search_term_string"}],"inLanguage":"nb-NO"},{"@type":"Organization","@id":"https:\/\/styrke.no\/moduklubben\/#organization","name":"Moduklubben","url":"https:\/\/styrke.no\/moduklubben\/","logo":{"@type":"ImageObject","inLanguage":"nb-NO","@id":"https:\/\/styrke.no\/moduklubben\/#\/schema\/logo\/image\/","url":"https:\/\/styrke.no\/content\/uploads\/sites\/23\/2024\/09\/Styrke-logo.svg","contentUrl":"https:\/\/styrke.no\/content\/uploads\/sites\/23\/2024\/09\/Styrke-logo.svg","width":185,"height":54,"caption":"Moduklubben"},"image":{"@id":"https:\/\/styrke.no\/moduklubben\/#\/schema\/logo\/image\/"}}]}},"acf":[],"_links":{"self":[{"href":"https:\/\/styrke.no\/moduklubben\/wp-json\/wp\/v2\/pages\/230"}],"collection":[{"href":"https:\/\/styrke.no\/moduklubben\/wp-json\/wp\/v2\/pages"}],"about":[{"href":"https:\/\/styrke.no\/moduklubben\/wp-json\/wp\/v2\/types\/page"}],"author":[{"embeddable":true,"href":"https:\/\/styrke.no\/moduklubben\/wp-json\/wp\/v2\/users\/121"}],"replies":[{"embeddable":true,"href":"https:\/\/styrke.no\/moduklubben\/wp-json\/wp\/v2\/comments?post=230"}],"version-history":[{"count":8,"href":"https:\/\/styrke.no\/moduklubben\/wp-json\/wp\/v2\/pages\/230\/revisions"}],"predecessor-version":[{"id":335,"href":"https:\/\/styrke.no\/moduklubben\/wp-json\/wp\/v2\/pages\/230\/revisions\/335"}],"wp:attachment":[{"href":"https:\/\/styrke.no\/moduklubben\/wp-json\/wp\/v2\/media?parent=230"}],"wp:term":[{"taxonomy":"news-tag","embeddable":true,"href":"https:\/\/styrke.no\/moduklubben\/wp-json\/wp\/v2\/news-tag?post=230"}],"curies":[{"name":"wp","href":"https:\/\/api.w.org\/{rel}","templated":true}]}}