{"id":104,"date":"2021-11-04T12:10:18","date_gmt":"2021-11-04T11:10:18","guid":{"rendered":"https:\/\/styrke.no\/oljearbeiderforeningen\/?page_id=104"},"modified":"2025-09-23T20:58:09","modified_gmt":"2025-09-23T18:58:09","slug":"nyheter","status":"publish","type":"page","link":"https:\/\/styrke.no\/oljearbeiderforeningen\/nyheter\/","title":{"rendered":"Nyheter"},"content":{"rendered":"\n\n\n<p>4-6 november er det planlagt tillitsvalgtkonferanse i Bergen.  Denne gangen arrangeres konferansen i samarbeid mellom Styrke i Archer, Styrke i Odfjell og Oljearbeiderforeningen. Er det noen tillitsvalgte p\u00e5 v\u00e5re respektable rigger som ikke har meldt seg p\u00e5, s\u00e5 ta kontakt med klubbkontoret s\u00e5 fort som mulig. Er det noen som ikke er tillitsvalgt, som tenker det kunne v\u00e6rt interresant \u00e5 bli med for l\u00e6ring &#8211; s\u00e5 ta kontakt dere ogs\u00e5!<\/p>\n\n\n\n<p><\/p>\n\n\n\n<p><\/p>\n","protected":false},"excerpt":{"rendered":"<p>4-6 november er det planlagt tillitsvalgtkonferanse i Bergen. Denne gangen arrangeres konferansen i samarbeid mellom Styrke i Archer, Styrke i \u2026 <\/p>\n","protected":false},"author":1,"featured_media":0,"parent":0,"menu_order":0,"comment_status":"closed","ping_status":"closed","template":"","meta":{"_acf_changed":false,"teft_cards_image_id":0,"teft_cards_image_focal_point_x":0,"teft_cards_image_focal_point_y":0,"teft_cards_title":"","teft_cards_excerpt":"","footnotes":""},"news-tag":[],"class_list":["post-104","page","type-page","status-publish","hentry"],"yoast_head":"<!-- This site is optimized with the Yoast SEO Premium plugin v22.4 (Yoast SEO v23.0) - https:\/\/yoast.com\/wordpress\/plugins\/seo\/ -->\n<title>Nyheter - Oljearbeiderforeningen<\/title>\n<meta name=\"robots\" content=\"index, follow, max-snippet:-1, max-image-preview:large, max-video-preview:-1\" \/>\n<link rel=\"canonical\" href=\"https:\/\/styrke.no\/oljearbeiderforeningen\/nyheter\/\" \/>\n<meta property=\"og:locale\" content=\"nb_NO\" \/>\n<meta property=\"og:type\" content=\"article\" \/>\n<meta property=\"og:title\" content=\"Nyheter\" \/>\n<meta property=\"og:description\" content=\"4-6 november er det planlagt tillitsvalgtkonferanse i Bergen. Denne gangen arrangeres konferansen i samarbeid mellom Styrke i Archer, Styrke i \u2026\" \/>\n<meta property=\"og:url\" content=\"https:\/\/styrke.no\/oljearbeiderforeningen\/nyheter\/\" \/>\n<meta property=\"og:site_name\" content=\"Oljearbeiderforeningen\" \/>\n<meta property=\"article:modified_time\" content=\"2025-09-23T18:58:09+00:00\" \/>\n<meta name=\"twitter:card\" content=\"summary_large_image\" \/>\n<meta name=\"twitter:label1\" content=\"Ansl. lesetid\" \/>\n\t<meta name=\"twitter:data1\" content=\"1 minutt\" \/>\n<script type=\"application\/ld+json\" class=\"yoast-schema-graph\">{\"@context\":\"https:\/\/schema.org\",\"@graph\":[{\"@type\":\"WebPage\",\"@id\":\"https:\/\/styrke.no\/oljearbeiderforeningen\/nyheter\/\",\"url\":\"https:\/\/styrke.no\/oljearbeiderforeningen\/nyheter\/\",\"name\":\"Nyheter - Oljearbeiderforeningen\",\"isPartOf\":{\"@id\":\"https:\/\/styrke.no\/oljearbeiderforeningen\/#website\"},\"datePublished\":\"2021-11-04T11:10:18+00:00\",\"dateModified\":\"2025-09-23T18:58:09+00:00\",\"breadcrumb\":{\"@id\":\"https:\/\/styrke.no\/oljearbeiderforeningen\/nyheter\/#breadcrumb\"},\"inLanguage\":\"nb-NO\",\"potentialAction\":[{\"@type\":\"ReadAction\",\"target\":[\"https:\/\/styrke.no\/oljearbeiderforeningen\/nyheter\/\"]}]},{\"@type\":\"BreadcrumbList\",\"@id\":\"https:\/\/styrke.no\/oljearbeiderforeningen\/nyheter\/#breadcrumb\",\"itemListElement\":[{\"@type\":\"ListItem\",\"position\":1,\"name\":\"Hjem\",\"item\":\"https:\/\/styrke.no\/oljearbeiderforeningen\/\"},{\"@type\":\"ListItem\",\"position\":2,\"name\":\"Nyheter\"}]},{\"@type\":\"WebSite\",\"@id\":\"https:\/\/styrke.no\/oljearbeiderforeningen\/#website\",\"url\":\"https:\/\/styrke.no\/oljearbeiderforeningen\/\",\"name\":\"Oljearbeiderforeningen\",\"description\":\"\",\"publisher\":{\"@id\":\"https:\/\/styrke.no\/oljearbeiderforeningen\/#organization\"},\"potentialAction\":[{\"@type\":\"SearchAction\",\"target\":{\"@type\":\"EntryPoint\",\"urlTemplate\":\"https:\/\/styrke.no\/oljearbeiderforeningen\/?s={search_term_string}\"},\"query-input\":\"required name=search_term_string\"}],\"inLanguage\":\"nb-NO\"},{\"@type\":\"Organization\",\"@id\":\"https:\/\/styrke.no\/oljearbeiderforeningen\/#organization\",\"name\":\"Oljearbeiderforeningen\",\"url\":\"https:\/\/styrke.no\/oljearbeiderforeningen\/\",\"logo\":{\"@type\":\"ImageObject\",\"inLanguage\":\"nb-NO\",\"@id\":\"https:\/\/styrke.no\/oljearbeiderforeningen\/#\/schema\/logo\/image\/\",\"url\":\"https:\/\/styrke.no\/content\/uploads\/sites\/24\/2024\/10\/Isolation_Mode.svg\",\"contentUrl\":\"https:\/\/styrke.no\/content\/uploads\/sites\/24\/2024\/10\/Isolation_Mode.svg\",\"width\":185,\"height\":54,\"caption\":\"Oljearbeiderforeningen\"},\"image\":{\"@id\":\"https:\/\/styrke.no\/oljearbeiderforeningen\/#\/schema\/logo\/image\/\"}}]}<\/script>\n<!-- \/ Yoast SEO Premium plugin. -->","yoast_head_json":{"title":"Nyheter - Oljearbeiderforeningen","robots":{"index":"index","follow":"follow","max-snippet":"max-snippet:-1","max-image-preview":"max-image-preview:large","max-video-preview":"max-video-preview:-1"},"canonical":"https:\/\/styrke.no\/oljearbeiderforeningen\/nyheter\/","og_locale":"nb_NO","og_type":"article","og_title":"Nyheter","og_description":"4-6 november er det planlagt tillitsvalgtkonferanse i Bergen. Denne gangen arrangeres konferansen i samarbeid mellom Styrke i Archer, Styrke i \u2026","og_url":"https:\/\/styrke.no\/oljearbeiderforeningen\/nyheter\/","og_site_name":"Oljearbeiderforeningen","article_modified_time":"2025-09-23T18:58:09+00:00","twitter_card":"summary_large_image","twitter_misc":{"Ansl. lesetid":"1 minutt"},"schema":{"@context":"https:\/\/schema.org","@graph":[{"@type":"WebPage","@id":"https:\/\/styrke.no\/oljearbeiderforeningen\/nyheter\/","url":"https:\/\/styrke.no\/oljearbeiderforeningen\/nyheter\/","name":"Nyheter - Oljearbeiderforeningen","isPartOf":{"@id":"https:\/\/styrke.no\/oljearbeiderforeningen\/#website"},"datePublished":"2021-11-04T11:10:18+00:00","dateModified":"2025-09-23T18:58:09+00:00","breadcrumb":{"@id":"https:\/\/styrke.no\/oljearbeiderforeningen\/nyheter\/#breadcrumb"},"inLanguage":"nb-NO","potentialAction":[{"@type":"ReadAction","target":["https:\/\/styrke.no\/oljearbeiderforeningen\/nyheter\/"]}]},{"@type":"BreadcrumbList","@id":"https:\/\/styrke.no\/oljearbeiderforeningen\/nyheter\/#breadcrumb","itemListElement":[{"@type":"ListItem","position":1,"name":"Hjem","item":"https:\/\/styrke.no\/oljearbeiderforeningen\/"},{"@type":"ListItem","position":2,"name":"Nyheter"}]},{"@type":"WebSite","@id":"https:\/\/styrke.no\/oljearbeiderforeningen\/#website","url":"https:\/\/styrke.no\/oljearbeiderforeningen\/","name":"Oljearbeiderforeningen","description":"","publisher":{"@id":"https:\/\/styrke.no\/oljearbeiderforeningen\/#organization"},"potentialAction":[{"@type":"SearchAction","target":{"@type":"EntryPoint","urlTemplate":"https:\/\/styrke.no\/oljearbeiderforeningen\/?s={search_term_string}"},"query-input":"required name=search_term_string"}],"inLanguage":"nb-NO"},{"@type":"Organization","@id":"https:\/\/styrke.no\/oljearbeiderforeningen\/#organization","name":"Oljearbeiderforeningen","url":"https:\/\/styrke.no\/oljearbeiderforeningen\/","logo":{"@type":"ImageObject","inLanguage":"nb-NO","@id":"https:\/\/styrke.no\/oljearbeiderforeningen\/#\/schema\/logo\/image\/","url":"https:\/\/styrke.no\/content\/uploads\/sites\/24\/2024\/10\/Isolation_Mode.svg","contentUrl":"https:\/\/styrke.no\/content\/uploads\/sites\/24\/2024\/10\/Isolation_Mode.svg","width":185,"height":54,"caption":"Oljearbeiderforeningen"},"image":{"@id":"https:\/\/styrke.no\/oljearbeiderforeningen\/#\/schema\/logo\/image\/"}}]}},"acf":[],"_links":{"self":[{"href":"https:\/\/styrke.no\/oljearbeiderforeningen\/wp-json\/wp\/v2\/pages\/104"}],"collection":[{"href":"https:\/\/styrke.no\/oljearbeiderforeningen\/wp-json\/wp\/v2\/pages"}],"about":[{"href":"https:\/\/styrke.no\/oljearbeiderforeningen\/wp-json\/wp\/v2\/types\/page"}],"author":[{"embeddable":true,"href":"https:\/\/styrke.no\/oljearbeiderforeningen\/wp-json\/wp\/v2\/users\/1"}],"replies":[{"embeddable":true,"href":"https:\/\/styrke.no\/oljearbeiderforeningen\/wp-json\/wp\/v2\/comments?post=104"}],"version-history":[{"count":5,"href":"https:\/\/styrke.no\/oljearbeiderforeningen\/wp-json\/wp\/v2\/pages\/104\/revisions"}],"predecessor-version":[{"id":426,"href":"https:\/\/styrke.no\/oljearbeiderforeningen\/wp-json\/wp\/v2\/pages\/104\/revisions\/426"}],"wp:attachment":[{"href":"https:\/\/styrke.no\/oljearbeiderforeningen\/wp-json\/wp\/v2\/media?parent=104"}],"wp:term":[{"taxonomy":"news-tag","embeddable":true,"href":"https:\/\/styrke.no\/oljearbeiderforeningen\/wp-json\/wp\/v2\/news-tag?post=104"}],"curies":[{"name":"wp","href":"https:\/\/api.w.org\/{rel}","templated":true}]}}