{"id":132,"date":"2021-11-15T11:01:45","date_gmt":"2021-11-15T10:01:45","guid":{"rendered":"https:\/\/styrke.no\/oljearbeiderforeningen\/?page_id=132"},"modified":"2025-10-01T10:20:17","modified_gmt":"2025-10-01T08:20:17","slug":"fordeler","status":"publish","type":"page","link":"https:\/\/styrke.no\/oljearbeiderforeningen\/fordeler\/","title":{"rendered":"Medlemsfordeler"},"content":{"rendered":"\t<div class=\"hero alignfull wp-block-dekode-hero\">\n\t\t<div class=\"hero__inner\">\n\t\t\t<div class=\"hero__media\">\n\t\t\t\t\n\t\t<div class=\"illustration\">\n\t\t<img loading=\"lazy\" decoding=\"async\" width=\"862\" height=\"862\" src=\"https:\/\/styrke.no\/content\/uploads\/sites\/24\/2025\/10\/Skjermbilde-2025-10-01-101532.jpg\" class=\"illustration__image\" alt=\"\" style=\"object-position: 50% 50%\" srcset=\"https:\/\/styrke.no\/content\/uploads\/sites\/24\/2025\/10\/Skjermbilde-2025-10-01-101532.jpg 862w, https:\/\/styrke.no\/content\/uploads\/sites\/24\/2025\/10\/Skjermbilde-2025-10-01-101532-300x300.jpg 300w, https:\/\/styrke.no\/content\/uploads\/sites\/24\/2025\/10\/Skjermbilde-2025-10-01-101532-150x150.jpg 150w, https:\/\/styrke.no\/content\/uploads\/sites\/24\/2025\/10\/Skjermbilde-2025-10-01-101532-768x768.jpg 768w\" \/>\t<\/div>\n\t\t\n\t\t\t<\/div>\n\n\t\t\t<div class=\"hero__content\">\n\t\t\t\t<h1 class=\"hero__title\">Medlemsfordeler<\/h1>\t\t\t\t\t<p>Medlemsfordeler og forsikringer som gir trygghet b\u00e5de p\u00e5 jobben og privat.<br><br>Som medlem i Styrke slipper du \u00e5 st\u00e5 alene enten du f\u00e5r problemer p\u00e5 jobben, eller i privatlivet.\u00a0Du har ogs\u00e5 en rekke forsikringer og medlemsfordeler, noen f\u00e5r en automatisk og er inkludert i medlemskapet, mens andre kan en tegne selv om en \u00f8nsker det.\u00a0<br><br>Her kan du lese litt om hvilke forsikringsordninger du har hos oss.<\/p>\n\t\t\t\t\t\t\t\t\t\t<div class=\"wp-block-buttons is-layout-flex wp-block-buttons-is-layout-flex\">\n\t\t\t\t\t\t<div class=\"wp-block-button\"><a class=\"wp-block-button__link wp-element-button\" href=\"https:\/\/styrke.no\/medlemskap\/medlemsfordeler\/\" target=\"_blank\">Styrke medlemsfordeler<\/a><\/div>\t\t\t\t\t<\/div>\n\t\t\t\t\t\t\t\t<\/div>\n\t\t<\/div>\n\t<\/div>\n\t\n\n\n<h4 class=\"wp-block-heading\" id=\"h-disse-forsikringene-er-inkludert-i-medlemskapet\">Disse forsikringene er inkludert i medlemskapet<\/h4>\n\n\n\n<p><a href=\"https:\/\/www.sparebank1.no\/nb\/bank\/privat\/forsikring\/innboforsikring\/lofavor-innboforsikring.html?ef_id=0f5ee3f0eebe12a0b75b8b2c3653d58b:G:s&amp;s_kwcid=AL!8661!10!85143996398792!!!!85144760528687!!531530249!1362297447487885&amp;cid=p-search&amp;utm_source=bing&amp;utm_medium=cpc&amp;utm_campaign=Generisk_Forsikring_Innboforsikring_Nasjonal_Eksakt&amp;utm_term=lofav%C3%B8r%20innboforsikring&amp;utm_content=Innboforsikring_LO%20fav%C3%B8r_xb0c04\">LO Fav\u00f8r innboforsikring<\/a><\/p>\n\n\n\n<p><a href=\"https:\/\/styrke.no\/medlemskap\/alle-forsikringer\/help-advokatforsikring\/\">Advokatforsikring<\/a> fra HELP<\/p>\n\n\n\n<p>LO Fav\u00f8r <a href=\"https:\/\/www.lofavor.no\/forsikring\/fritidsulykkeforsikring\">fritidsulykkeforsikring<\/a><\/p>\n\n\n\n<p>LO Fav\u00f8r <a href=\"https:\/\/www.lofavor.no\/Medlemsfordeler\/Forsikringer\/Grunnforsikring\">grunnforsikring<\/a><\/p>\n\n\n\n<p><\/p>\n\n\n\n<h4 class=\"wp-block-heading\" id=\"h-videre-finnes-det-en-rekke-andre-forsikringer-som-ikke-er-inkludert-i-medlemskapet-men-som-en-kan-tegne-selv\">Videre finnes det en rekke andre forsikringer som ikke er inkludert i medlemskapet, men som en kan tegne selv<\/h4>\n\n\n\n<p>Noen eksempler (ikke fullstendig liste)<\/p>\n\n\n\n<p><a href=\"https:\/\/www.lofavor.no\/forsikring\/reiseforsikring\">Topp reiseforsikring<\/a><\/p>\n\n\n\n<p><a href=\"https:\/\/www.lofavor.no\/forsikring\/husforsikring\">Husforsikring<\/a><\/p>\n\n\n\n<p><a href=\"https:\/\/www.lofavor.no\/forsikring\/batforsikring\">B\u00e5tforsikring<\/a><\/p>\n\n\n\n<p><a href=\"https:\/\/www.lofavor.no\/forsikring\/hundeforsikring\">Hund og katteforsikring<\/a><\/p>\n\n\n\n<p><\/p>\n\n\n\n<p>Les mer om forsikringer p\u00e5 <a href=\"https:\/\/www.lofavor.no\/home\">LO fav\u00f8r<\/a> sine egne nettsider<\/p>\n\n\n\n<p>Last ned <a href=\"https:\/\/www.lofavor.no\/lofavorappen\">mobilappen<\/a> for enklere tilgang<\/p>\n\n\n\n<p><\/p>\n\n\n\n<p><a href=\"https:\/\/styrke.no\/medlemskap\/pensjonist\/vet-du-hva-du-far-i-pensjon\/\">Pensjonsr\u00e5dgivning<\/a><\/p>\n\n\n\n<p><a href=\"https:\/\/www.lofavor.no\/Medlemsfordeler\/Bank\/Boliglaan\">Gode renter og l\u00e5n hos Sparebank 1<\/a><\/p>\n\n\n\n<p><\/p>\n","protected":false},"excerpt":{"rendered":"<p>Disse forsikringene er inkludert i medlemskapet LO Fav\u00f8r innboforsikring Advokatforsikring fra HELP LO Fav\u00f8r fritidsulykkeforsikring LO Fav\u00f8r grunnforsikring Videre finnes \u2026 <\/p>\n","protected":false},"author":129,"featured_media":0,"parent":0,"menu_order":0,"comment_status":"closed","ping_status":"closed","template":"","meta":{"_acf_changed":false,"teft_cards_image_id":0,"teft_cards_image_focal_point_x":0,"teft_cards_image_focal_point_y":0,"teft_cards_title":"","teft_cards_excerpt":"","footnotes":""},"news-tag":[],"class_list":["post-132","page","type-page","status-publish","hentry"],"yoast_head":"<!-- This site is optimized with the Yoast SEO Premium plugin v22.4 (Yoast SEO v23.0) - https:\/\/yoast.com\/wordpress\/plugins\/seo\/ -->\n<title>Medlemsfordeler - Oljearbeiderforeningen<\/title>\n<meta name=\"robots\" content=\"index, follow, max-snippet:-1, max-image-preview:large, max-video-preview:-1\" \/>\n<link rel=\"canonical\" href=\"https:\/\/styrke.no\/oljearbeiderforeningen\/fordeler\/\" \/>\n<meta property=\"og:locale\" content=\"nb_NO\" \/>\n<meta property=\"og:type\" content=\"article\" \/>\n<meta property=\"og:title\" content=\"Medlemsfordeler\" \/>\n<meta property=\"og:description\" content=\"Disse forsikringene er inkludert i medlemskapet LO Fav\u00f8r innboforsikring Advokatforsikring fra HELP LO Fav\u00f8r fritidsulykkeforsikring LO Fav\u00f8r grunnforsikring Videre finnes \u2026\" \/>\n<meta property=\"og:url\" content=\"https:\/\/styrke.no\/oljearbeiderforeningen\/fordeler\/\" \/>\n<meta property=\"og:site_name\" content=\"Oljearbeiderforeningen\" \/>\n<meta property=\"article:modified_time\" content=\"2025-10-01T08:20:17+00:00\" \/>\n<meta name=\"twitter:card\" content=\"summary_large_image\" \/>\n<meta name=\"twitter:label1\" content=\"Ansl. lesetid\" \/>\n\t<meta name=\"twitter:data1\" content=\"1 minutt\" \/>\n<script type=\"application\/ld+json\" class=\"yoast-schema-graph\">{\"@context\":\"https:\/\/schema.org\",\"@graph\":[{\"@type\":\"WebPage\",\"@id\":\"https:\/\/styrke.no\/oljearbeiderforeningen\/fordeler\/\",\"url\":\"https:\/\/styrke.no\/oljearbeiderforeningen\/fordeler\/\",\"name\":\"Medlemsfordeler - Oljearbeiderforeningen\",\"isPartOf\":{\"@id\":\"https:\/\/styrke.no\/oljearbeiderforeningen\/#website\"},\"datePublished\":\"2021-11-15T10:01:45+00:00\",\"dateModified\":\"2025-10-01T08:20:17+00:00\",\"breadcrumb\":{\"@id\":\"https:\/\/styrke.no\/oljearbeiderforeningen\/fordeler\/#breadcrumb\"},\"inLanguage\":\"nb-NO\",\"potentialAction\":[{\"@type\":\"ReadAction\",\"target\":[\"https:\/\/styrke.no\/oljearbeiderforeningen\/fordeler\/\"]}]},{\"@type\":\"BreadcrumbList\",\"@id\":\"https:\/\/styrke.no\/oljearbeiderforeningen\/fordeler\/#breadcrumb\",\"itemListElement\":[{\"@type\":\"ListItem\",\"position\":1,\"name\":\"Hjem\",\"item\":\"https:\/\/styrke.no\/oljearbeiderforeningen\/\"},{\"@type\":\"ListItem\",\"position\":2,\"name\":\"Medlemsfordeler\"}]},{\"@type\":\"WebSite\",\"@id\":\"https:\/\/styrke.no\/oljearbeiderforeningen\/#website\",\"url\":\"https:\/\/styrke.no\/oljearbeiderforeningen\/\",\"name\":\"Oljearbeiderforeningen\",\"description\":\"\",\"publisher\":{\"@id\":\"https:\/\/styrke.no\/oljearbeiderforeningen\/#organization\"},\"potentialAction\":[{\"@type\":\"SearchAction\",\"target\":{\"@type\":\"EntryPoint\",\"urlTemplate\":\"https:\/\/styrke.no\/oljearbeiderforeningen\/?s={search_term_string}\"},\"query-input\":\"required name=search_term_string\"}],\"inLanguage\":\"nb-NO\"},{\"@type\":\"Organization\",\"@id\":\"https:\/\/styrke.no\/oljearbeiderforeningen\/#organization\",\"name\":\"Oljearbeiderforeningen\",\"url\":\"https:\/\/styrke.no\/oljearbeiderforeningen\/\",\"logo\":{\"@type\":\"ImageObject\",\"inLanguage\":\"nb-NO\",\"@id\":\"https:\/\/styrke.no\/oljearbeiderforeningen\/#\/schema\/logo\/image\/\",\"url\":\"https:\/\/styrke.no\/content\/uploads\/sites\/24\/2024\/10\/Isolation_Mode.svg\",\"contentUrl\":\"https:\/\/styrke.no\/content\/uploads\/sites\/24\/2024\/10\/Isolation_Mode.svg\",\"width\":185,\"height\":54,\"caption\":\"Oljearbeiderforeningen\"},\"image\":{\"@id\":\"https:\/\/styrke.no\/oljearbeiderforeningen\/#\/schema\/logo\/image\/\"}}]}<\/script>\n<!-- \/ Yoast SEO Premium plugin. -->","yoast_head_json":{"title":"Medlemsfordeler - Oljearbeiderforeningen","robots":{"index":"index","follow":"follow","max-snippet":"max-snippet:-1","max-image-preview":"max-image-preview:large","max-video-preview":"max-video-preview:-1"},"canonical":"https:\/\/styrke.no\/oljearbeiderforeningen\/fordeler\/","og_locale":"nb_NO","og_type":"article","og_title":"Medlemsfordeler","og_description":"Disse forsikringene er inkludert i medlemskapet LO Fav\u00f8r innboforsikring Advokatforsikring fra HELP LO Fav\u00f8r fritidsulykkeforsikring LO Fav\u00f8r grunnforsikring Videre finnes \u2026","og_url":"https:\/\/styrke.no\/oljearbeiderforeningen\/fordeler\/","og_site_name":"Oljearbeiderforeningen","article_modified_time":"2025-10-01T08:20:17+00:00","twitter_card":"summary_large_image","twitter_misc":{"Ansl. lesetid":"1 minutt"},"schema":{"@context":"https:\/\/schema.org","@graph":[{"@type":"WebPage","@id":"https:\/\/styrke.no\/oljearbeiderforeningen\/fordeler\/","url":"https:\/\/styrke.no\/oljearbeiderforeningen\/fordeler\/","name":"Medlemsfordeler - Oljearbeiderforeningen","isPartOf":{"@id":"https:\/\/styrke.no\/oljearbeiderforeningen\/#website"},"datePublished":"2021-11-15T10:01:45+00:00","dateModified":"2025-10-01T08:20:17+00:00","breadcrumb":{"@id":"https:\/\/styrke.no\/oljearbeiderforeningen\/fordeler\/#breadcrumb"},"inLanguage":"nb-NO","potentialAction":[{"@type":"ReadAction","target":["https:\/\/styrke.no\/oljearbeiderforeningen\/fordeler\/"]}]},{"@type":"BreadcrumbList","@id":"https:\/\/styrke.no\/oljearbeiderforeningen\/fordeler\/#breadcrumb","itemListElement":[{"@type":"ListItem","position":1,"name":"Hjem","item":"https:\/\/styrke.no\/oljearbeiderforeningen\/"},{"@type":"ListItem","position":2,"name":"Medlemsfordeler"}]},{"@type":"WebSite","@id":"https:\/\/styrke.no\/oljearbeiderforeningen\/#website","url":"https:\/\/styrke.no\/oljearbeiderforeningen\/","name":"Oljearbeiderforeningen","description":"","publisher":{"@id":"https:\/\/styrke.no\/oljearbeiderforeningen\/#organization"},"potentialAction":[{"@type":"SearchAction","target":{"@type":"EntryPoint","urlTemplate":"https:\/\/styrke.no\/oljearbeiderforeningen\/?s={search_term_string}"},"query-input":"required name=search_term_string"}],"inLanguage":"nb-NO"},{"@type":"Organization","@id":"https:\/\/styrke.no\/oljearbeiderforeningen\/#organization","name":"Oljearbeiderforeningen","url":"https:\/\/styrke.no\/oljearbeiderforeningen\/","logo":{"@type":"ImageObject","inLanguage":"nb-NO","@id":"https:\/\/styrke.no\/oljearbeiderforeningen\/#\/schema\/logo\/image\/","url":"https:\/\/styrke.no\/content\/uploads\/sites\/24\/2024\/10\/Isolation_Mode.svg","contentUrl":"https:\/\/styrke.no\/content\/uploads\/sites\/24\/2024\/10\/Isolation_Mode.svg","width":185,"height":54,"caption":"Oljearbeiderforeningen"},"image":{"@id":"https:\/\/styrke.no\/oljearbeiderforeningen\/#\/schema\/logo\/image\/"}}]}},"acf":[],"_links":{"self":[{"href":"https:\/\/styrke.no\/oljearbeiderforeningen\/wp-json\/wp\/v2\/pages\/132"}],"collection":[{"href":"https:\/\/styrke.no\/oljearbeiderforeningen\/wp-json\/wp\/v2\/pages"}],"about":[{"href":"https:\/\/styrke.no\/oljearbeiderforeningen\/wp-json\/wp\/v2\/types\/page"}],"author":[{"embeddable":true,"href":"https:\/\/styrke.no\/oljearbeiderforeningen\/wp-json\/wp\/v2\/users\/129"}],"replies":[{"embeddable":true,"href":"https:\/\/styrke.no\/oljearbeiderforeningen\/wp-json\/wp\/v2\/comments?post=132"}],"version-history":[{"count":32,"href":"https:\/\/styrke.no\/oljearbeiderforeningen\/wp-json\/wp\/v2\/pages\/132\/revisions"}],"predecessor-version":[{"id":615,"href":"https:\/\/styrke.no\/oljearbeiderforeningen\/wp-json\/wp\/v2\/pages\/132\/revisions\/615"}],"wp:attachment":[{"href":"https:\/\/styrke.no\/oljearbeiderforeningen\/wp-json\/wp\/v2\/media?parent=132"}],"wp:term":[{"taxonomy":"news-tag","embeddable":true,"href":"https:\/\/styrke.no\/oljearbeiderforeningen\/wp-json\/wp\/v2\/news-tag?post=132"}],"curies":[{"name":"wp","href":"https:\/\/api.w.org\/{rel}","templated":true}]}}