{"id":135,"date":"2021-11-15T10:49:16","date_gmt":"2021-11-15T09:49:16","guid":{"rendered":"https:\/\/styrke.no\/oljearbeiderforeningen\/?page_id=135"},"modified":"2025-10-03T11:28:25","modified_gmt":"2025-10-03T09:28:25","slug":"avtaler","status":"publish","type":"page","link":"https:\/\/styrke.no\/oljearbeiderforeningen\/avtaler\/","title":{"rendered":"L\u00f8nns- og arbeidsavtaler"},"content":{"rendered":"\t<div class=\"hero alignfull wp-block-dekode-hero\">\n\t\t<div class=\"hero__inner\">\n\t\t\t<div class=\"hero__media\">\n\t\t\t\t\n\t\t<div class=\"illustration\">\n\t\t<img loading=\"lazy\" decoding=\"async\" width=\"225\" height=\"225\" src=\"https:\/\/styrke.no\/content\/uploads\/sites\/24\/2025\/09\/images.png\" class=\"illustration__image\" alt=\"\" style=\"object-position: 50% 50%\" srcset=\"https:\/\/styrke.no\/content\/uploads\/sites\/24\/2025\/09\/images.png 225w, https:\/\/styrke.no\/content\/uploads\/sites\/24\/2025\/09\/images-150x150.png 150w\" \/>\t<\/div>\n\t\t\n\t\t\t<\/div>\n\n\t\t\t<div class=\"hero__content\">\n\t\t\t\t<h1 class=\"hero__title\">L\u00f8nns- og arbeidsavtaler<\/h1>\t\t\t\t\t<p>Her finner du tariffavtaler, lokale s\u00e6ravtaler og l\u00f8nnsmatriser.<\/p>\n\t\t\t\t\t\t\t\t<\/div>\n\t\t<\/div>\n\t<\/div>\n\t\n\n\n<h2 class=\"wp-block-heading\" id=\"h-sentrale-avtaler\">Sentrale avtaler<\/h2>\n\n\n\n<p>Her finner du forbundets sentrale avtaler (l\u00f8nnsmatriser finner du inne p\u00e5 linkene) <\/p>\n\n\n\n<ul class=\"wp-block-list\">\n<li><a href=\"https:\/\/styrke.no\/lonns-og-arbeidsvilkar\/tariffavtaler\/oljeboringsbedrifter-125-2024-2026\/\" target=\"_blank\" rel=\"noreferrer noopener\">Oljeboringsbedrifter<\/a><\/li>\n\n\n\n<li><a href=\"https:\/\/styrke.no\/lonns-og-arbeidsvilkar\/tariffavtaler\/landbaseavtalen-124-2024-2026\/\">Landbaseavtalen<\/a><\/li>\n\n\n\n<li><a href=\"https:\/\/styrke.no\/lonns-og-arbeidsvilkar\/tariffavtaler\/bransjeavtalen-130-2022-2024\/\">Bransjeavtalen<\/a><\/li>\n<\/ul>\n\n\n\n<div class=\"wp-block-buttons is-layout-flex wp-block-buttons-is-layout-flex\">\n<div class=\"wp-block-button\"><a class=\"wp-block-button__link wp-element-button\" href=\"https:\/\/www.offshorenorge.no\/temaer\/arbeidsliv-og-tariff\/avtaler-og-tabeller\/\">Offshore Norge<\/a><\/div>\n<\/div>\n\n\n\n<p><\/p>\n\n\n\n<h2 class=\"wp-block-heading\" id=\"h-lokale-saeravtaler\">Lokale s\u00e6ravtaler<\/h2>\n\n\n\n<p>Lokale avtaler (s\u00e6ravtaler) f\u00f8lger tariffavtalens avtaletid og regulerer lokale forhold som ikke er definert i tariffavtalene.<\/p>\n\n\n\n<p>Disse avtalene finner dere i personalh\u00e5ndboken v\u00e5r.<\/p>\n\n\n\n<p><\/p>\n\n\n\n<p><\/p>\n\n\n\n<p><\/p>\n","protected":false},"excerpt":{"rendered":"<p>Sentrale avtaler Her finner du forbundets sentrale avtaler (l\u00f8nnsmatriser finner du inne p\u00e5 linkene) Lokale s\u00e6ravtaler Lokale avtaler (s\u00e6ravtaler) f\u00f8lger \u2026 <\/p>\n","protected":false},"author":129,"featured_media":0,"parent":0,"menu_order":0,"comment_status":"closed","ping_status":"closed","template":"","meta":{"_acf_changed":false,"teft_cards_image_id":0,"teft_cards_image_focal_point_x":0,"teft_cards_image_focal_point_y":0,"teft_cards_title":"","teft_cards_excerpt":"","footnotes":""},"news-tag":[],"class_list":["post-135","page","type-page","status-publish","hentry"],"yoast_head":"<!-- This site is optimized with the Yoast SEO Premium plugin v22.4 (Yoast SEO v23.0) - https:\/\/yoast.com\/wordpress\/plugins\/seo\/ -->\n<title>L\u00f8nns- og arbeidsavtaler - Oljearbeiderforeningen<\/title>\n<meta name=\"robots\" content=\"index, follow, max-snippet:-1, max-image-preview:large, max-video-preview:-1\" \/>\n<link rel=\"canonical\" href=\"https:\/\/styrke.no\/oljearbeiderforeningen\/avtaler\/\" \/>\n<meta property=\"og:locale\" content=\"nb_NO\" \/>\n<meta property=\"og:type\" content=\"article\" \/>\n<meta property=\"og:title\" content=\"L\u00f8nns- og arbeidsavtaler\" \/>\n<meta property=\"og:description\" content=\"Sentrale avtaler Her finner du forbundets sentrale avtaler (l\u00f8nnsmatriser finner du inne p\u00e5 linkene) Lokale s\u00e6ravtaler Lokale avtaler (s\u00e6ravtaler) f\u00f8lger \u2026\" \/>\n<meta property=\"og:url\" content=\"https:\/\/styrke.no\/oljearbeiderforeningen\/avtaler\/\" \/>\n<meta property=\"og:site_name\" content=\"Oljearbeiderforeningen\" \/>\n<meta property=\"article:modified_time\" content=\"2025-10-03T09:28:25+00:00\" \/>\n<meta name=\"twitter:card\" content=\"summary_large_image\" \/>\n<meta name=\"twitter:label1\" content=\"Ansl. lesetid\" \/>\n\t<meta name=\"twitter:data1\" content=\"1 minutt\" \/>\n<script type=\"application\/ld+json\" class=\"yoast-schema-graph\">{\"@context\":\"https:\/\/schema.org\",\"@graph\":[{\"@type\":\"WebPage\",\"@id\":\"https:\/\/styrke.no\/oljearbeiderforeningen\/avtaler\/\",\"url\":\"https:\/\/styrke.no\/oljearbeiderforeningen\/avtaler\/\",\"name\":\"L\u00f8nns- og arbeidsavtaler - Oljearbeiderforeningen\",\"isPartOf\":{\"@id\":\"https:\/\/styrke.no\/oljearbeiderforeningen\/#website\"},\"datePublished\":\"2021-11-15T09:49:16+00:00\",\"dateModified\":\"2025-10-03T09:28:25+00:00\",\"breadcrumb\":{\"@id\":\"https:\/\/styrke.no\/oljearbeiderforeningen\/avtaler\/#breadcrumb\"},\"inLanguage\":\"nb-NO\",\"potentialAction\":[{\"@type\":\"ReadAction\",\"target\":[\"https:\/\/styrke.no\/oljearbeiderforeningen\/avtaler\/\"]}]},{\"@type\":\"BreadcrumbList\",\"@id\":\"https:\/\/styrke.no\/oljearbeiderforeningen\/avtaler\/#breadcrumb\",\"itemListElement\":[{\"@type\":\"ListItem\",\"position\":1,\"name\":\"Hjem\",\"item\":\"https:\/\/styrke.no\/oljearbeiderforeningen\/\"},{\"@type\":\"ListItem\",\"position\":2,\"name\":\"L\u00f8nns- og arbeidsavtaler\"}]},{\"@type\":\"WebSite\",\"@id\":\"https:\/\/styrke.no\/oljearbeiderforeningen\/#website\",\"url\":\"https:\/\/styrke.no\/oljearbeiderforeningen\/\",\"name\":\"Oljearbeiderforeningen\",\"description\":\"\",\"publisher\":{\"@id\":\"https:\/\/styrke.no\/oljearbeiderforeningen\/#organization\"},\"potentialAction\":[{\"@type\":\"SearchAction\",\"target\":{\"@type\":\"EntryPoint\",\"urlTemplate\":\"https:\/\/styrke.no\/oljearbeiderforeningen\/?s={search_term_string}\"},\"query-input\":\"required name=search_term_string\"}],\"inLanguage\":\"nb-NO\"},{\"@type\":\"Organization\",\"@id\":\"https:\/\/styrke.no\/oljearbeiderforeningen\/#organization\",\"name\":\"Oljearbeiderforeningen\",\"url\":\"https:\/\/styrke.no\/oljearbeiderforeningen\/\",\"logo\":{\"@type\":\"ImageObject\",\"inLanguage\":\"nb-NO\",\"@id\":\"https:\/\/styrke.no\/oljearbeiderforeningen\/#\/schema\/logo\/image\/\",\"url\":\"https:\/\/styrke.no\/content\/uploads\/sites\/24\/2024\/10\/Isolation_Mode.svg\",\"contentUrl\":\"https:\/\/styrke.no\/content\/uploads\/sites\/24\/2024\/10\/Isolation_Mode.svg\",\"width\":185,\"height\":54,\"caption\":\"Oljearbeiderforeningen\"},\"image\":{\"@id\":\"https:\/\/styrke.no\/oljearbeiderforeningen\/#\/schema\/logo\/image\/\"}}]}<\/script>\n<!-- \/ Yoast SEO Premium plugin. -->","yoast_head_json":{"title":"L\u00f8nns- og arbeidsavtaler - Oljearbeiderforeningen","robots":{"index":"index","follow":"follow","max-snippet":"max-snippet:-1","max-image-preview":"max-image-preview:large","max-video-preview":"max-video-preview:-1"},"canonical":"https:\/\/styrke.no\/oljearbeiderforeningen\/avtaler\/","og_locale":"nb_NO","og_type":"article","og_title":"L\u00f8nns- og arbeidsavtaler","og_description":"Sentrale avtaler Her finner du forbundets sentrale avtaler (l\u00f8nnsmatriser finner du inne p\u00e5 linkene) Lokale s\u00e6ravtaler Lokale avtaler (s\u00e6ravtaler) f\u00f8lger \u2026","og_url":"https:\/\/styrke.no\/oljearbeiderforeningen\/avtaler\/","og_site_name":"Oljearbeiderforeningen","article_modified_time":"2025-10-03T09:28:25+00:00","twitter_card":"summary_large_image","twitter_misc":{"Ansl. lesetid":"1 minutt"},"schema":{"@context":"https:\/\/schema.org","@graph":[{"@type":"WebPage","@id":"https:\/\/styrke.no\/oljearbeiderforeningen\/avtaler\/","url":"https:\/\/styrke.no\/oljearbeiderforeningen\/avtaler\/","name":"L\u00f8nns- og arbeidsavtaler - Oljearbeiderforeningen","isPartOf":{"@id":"https:\/\/styrke.no\/oljearbeiderforeningen\/#website"},"datePublished":"2021-11-15T09:49:16+00:00","dateModified":"2025-10-03T09:28:25+00:00","breadcrumb":{"@id":"https:\/\/styrke.no\/oljearbeiderforeningen\/avtaler\/#breadcrumb"},"inLanguage":"nb-NO","potentialAction":[{"@type":"ReadAction","target":["https:\/\/styrke.no\/oljearbeiderforeningen\/avtaler\/"]}]},{"@type":"BreadcrumbList","@id":"https:\/\/styrke.no\/oljearbeiderforeningen\/avtaler\/#breadcrumb","itemListElement":[{"@type":"ListItem","position":1,"name":"Hjem","item":"https:\/\/styrke.no\/oljearbeiderforeningen\/"},{"@type":"ListItem","position":2,"name":"L\u00f8nns- og arbeidsavtaler"}]},{"@type":"WebSite","@id":"https:\/\/styrke.no\/oljearbeiderforeningen\/#website","url":"https:\/\/styrke.no\/oljearbeiderforeningen\/","name":"Oljearbeiderforeningen","description":"","publisher":{"@id":"https:\/\/styrke.no\/oljearbeiderforeningen\/#organization"},"potentialAction":[{"@type":"SearchAction","target":{"@type":"EntryPoint","urlTemplate":"https:\/\/styrke.no\/oljearbeiderforeningen\/?s={search_term_string}"},"query-input":"required name=search_term_string"}],"inLanguage":"nb-NO"},{"@type":"Organization","@id":"https:\/\/styrke.no\/oljearbeiderforeningen\/#organization","name":"Oljearbeiderforeningen","url":"https:\/\/styrke.no\/oljearbeiderforeningen\/","logo":{"@type":"ImageObject","inLanguage":"nb-NO","@id":"https:\/\/styrke.no\/oljearbeiderforeningen\/#\/schema\/logo\/image\/","url":"https:\/\/styrke.no\/content\/uploads\/sites\/24\/2024\/10\/Isolation_Mode.svg","contentUrl":"https:\/\/styrke.no\/content\/uploads\/sites\/24\/2024\/10\/Isolation_Mode.svg","width":185,"height":54,"caption":"Oljearbeiderforeningen"},"image":{"@id":"https:\/\/styrke.no\/oljearbeiderforeningen\/#\/schema\/logo\/image\/"}}]}},"acf":[],"_links":{"self":[{"href":"https:\/\/styrke.no\/oljearbeiderforeningen\/wp-json\/wp\/v2\/pages\/135"}],"collection":[{"href":"https:\/\/styrke.no\/oljearbeiderforeningen\/wp-json\/wp\/v2\/pages"}],"about":[{"href":"https:\/\/styrke.no\/oljearbeiderforeningen\/wp-json\/wp\/v2\/types\/page"}],"author":[{"embeddable":true,"href":"https:\/\/styrke.no\/oljearbeiderforeningen\/wp-json\/wp\/v2\/users\/129"}],"replies":[{"embeddable":true,"href":"https:\/\/styrke.no\/oljearbeiderforeningen\/wp-json\/wp\/v2\/comments?post=135"}],"version-history":[{"count":31,"href":"https:\/\/styrke.no\/oljearbeiderforeningen\/wp-json\/wp\/v2\/pages\/135\/revisions"}],"predecessor-version":[{"id":645,"href":"https:\/\/styrke.no\/oljearbeiderforeningen\/wp-json\/wp\/v2\/pages\/135\/revisions\/645"}],"wp:attachment":[{"href":"https:\/\/styrke.no\/oljearbeiderforeningen\/wp-json\/wp\/v2\/media?parent=135"}],"wp:term":[{"taxonomy":"news-tag","embeddable":true,"href":"https:\/\/styrke.no\/oljearbeiderforeningen\/wp-json\/wp\/v2\/news-tag?post=135"}],"curies":[{"name":"wp","href":"https:\/\/api.w.org\/{rel}","templated":true}]}}