{"id":4,"date":"2021-09-23T13:29:47","date_gmt":"2021-09-23T11:29:47","guid":{"rendered":"https:\/\/styrke.no\/oljearbeiderforeningen\/?page_id=4"},"modified":"2025-10-01T09:22:23","modified_gmt":"2025-10-01T07:22:23","slug":"forside","status":"publish","type":"page","link":"https:\/\/styrke.no\/oljearbeiderforeningen\/","title":{"rendered":"Oljearbeiderforeningen i HP"},"content":{"rendered":"\t<div class=\"hero alignfull is-style-default is-style-default wp-block-dekode-hero has-background has-primary-200-background-color\">\n\t\t<div class=\"hero__inner\">\n\t\t\t<div class=\"hero__media\">\n\t\t\t\t\n\t\t<div class=\"illustration\">\n\t\t<img loading=\"lazy\" decoding=\"async\" width=\"827\" height=\"528\" src=\"https:\/\/styrke.no\/content\/uploads\/sites\/24\/2025\/09\/1.jpg\" class=\"illustration__image\" alt=\"\" style=\"object-position: 50% 50%\" srcset=\"https:\/\/styrke.no\/content\/uploads\/sites\/24\/2025\/09\/1.jpg 827w, https:\/\/styrke.no\/content\/uploads\/sites\/24\/2025\/09\/1-300x192.jpg 300w, https:\/\/styrke.no\/content\/uploads\/sites\/24\/2025\/09\/1-768x490.jpg 768w\" \/>\t<\/div>\n\t\t\n\t\t\t<\/div>\n\n\t\t\t<div class=\"hero__content\">\n\t\t\t\t<h1 class=\"hero__title\">OAF avd 10.<\/h1>\t\t\t\t\t<p>Oljearbeiderforeningen avd 10 i  Styrke, er den st\u00f8rste og eldste fagforeningen i HP (Helmerich&amp;Payne). Vi jobber kontinuerlig for \u00e5 opprettholde og forbedre de avtalene og godene vi har opparbeidet oss de siste 50 \u00e5rene. <\/p>\n\t\t\t\t\t\t\t\t<\/div>\n\t\t<\/div>\n\t<\/div>\n\t\n\n\n\t<div class=\"dekode-featured-news alignfull wp-block-dekode-featured-news\">\n\t\t<div class=\"dekode-featured-news__inner\">\n\t\t\t\t\t\t\t<h2>Nyheter<\/h2>\n\t\t\t\t\t\t\n\t\t\t<div class=\"t2-featured-content-layout wp-block-t2-featured-content-layout\">\n\t\t\t\t<div class=\"t2-featured-single-post t2-featured-content is-post-type-news wp-block-t2-featured-single-post t2-featured-content-layout-col-12\"><a class=\"t2-post-link wp-block-t2-post-link\" href=\"https:\/\/styrke.no\/oljearbeiderforeningen\/nyhet\/tv-konferanse-2025-2\/\">\n<figure style=\"--t2-focal-point: 50% 50%\" class=\"t2-post-featured-image has-image-ratio-16-9 wp-block-t2-post-featured-image\"><img loading=\"lazy\" decoding=\"async\" width=\"1024\" height=\"768\" src=\"https:\/\/styrke.no\/content\/uploads\/sites\/24\/2025\/09\/konferanse.jpg\" class=\"attachment-large size-large wp-post-image\" alt=\"\" srcset=\"https:\/\/styrke.no\/content\/uploads\/sites\/24\/2025\/09\/konferanse.jpg 1024w, https:\/\/styrke.no\/content\/uploads\/sites\/24\/2025\/09\/konferanse-300x225.jpg 300w, https:\/\/styrke.no\/content\/uploads\/sites\/24\/2025\/09\/konferanse-768x576.jpg 768w\" \/><\/figure>\n\n<div class=\"wp-block-group alignfull is-layout-flow wp-block-group-is-layout-flow\">\n\t<div class=\"wp-block-post-date\">september 24, 2025<\/div>\n\t<h2 class=\"t2-post-title wp-block-t2-post-title\">TV-konferanse 2025<\/h2>\n\t<div class=\"t2-post-excerpt wp-block-t2-post-excerpt\"><p>4-6 november er det planlagt tillitsvalgt konferanse i Bergen. Denne gangen arrangeres konferansen i samarbeid mellom Styrke i Archer, Styrke&hellip;<\/p><\/div>\n\t<div class=\"dekode-post-category wp-block-dekode-post-category\"><\/div>\n<\/div>\n\n<\/a>\n<\/div><div class=\"t2-featured-single-post t2-featured-content is-post-type-news wp-block-t2-featured-single-post t2-featured-content-layout-col-6\"><a class=\"t2-post-link wp-block-t2-post-link\" href=\"https:\/\/styrke.no\/oljearbeiderforeningen\/nyhet\/50-ars-jubileum\/\">\n<figure style=\"--t2-focal-point: 50% 50%\" class=\"t2-post-featured-image has-image-ratio-16-9 wp-block-t2-post-featured-image\"><img loading=\"lazy\" decoding=\"async\" width=\"1024\" height=\"767\" src=\"https:\/\/styrke.no\/content\/uploads\/sites\/24\/2024\/11\/1-1024x767.jpg\" class=\"attachment-large size-large wp-post-image\" alt=\"\" srcset=\"https:\/\/styrke.no\/content\/uploads\/sites\/24\/2024\/11\/1-1024x767.jpg 1024w, https:\/\/styrke.no\/content\/uploads\/sites\/24\/2024\/11\/1-300x225.jpg 300w, https:\/\/styrke.no\/content\/uploads\/sites\/24\/2024\/11\/1-768x575.jpg 768w, https:\/\/styrke.no\/content\/uploads\/sites\/24\/2024\/11\/1.jpg 1284w\" \/><\/figure>\n\n<div class=\"wp-block-group alignfull is-layout-flow wp-block-group-is-layout-flow\">\n\t<div class=\"wp-block-post-date\">november 15, 2024<\/div>\n\t<h2 class=\"t2-post-title wp-block-t2-post-title\">50 \u00e5rs jubileum<\/h2>\n\t<div class=\"t2-post-excerpt wp-block-t2-post-excerpt\"><p>Oljearbeiderforeningen feiret 50 \u00e5rs jubileum i \u00e5r.<\/p><\/div>\n\t<div class=\"dekode-post-category wp-block-dekode-post-category\"><\/div>\n<\/div>\n\n<\/a>\n<\/div>\t\t\t<\/div>\n\n\t\t\t\t\t\t\t<div class=\"wp-block-button is-style-inline\"><a class=\"wp-block-button__link\" href=\"https:\/\/styrke.no\/oljearbeiderforeningen\/nyheter\/\">Vis alle nyheter<\/a><\/div>\n\t\t\t\n\t\t\t\t\t<\/div>\n\t<\/div>\n\n\t\n\n\t\t<div class=\"network-cards alignfull\">\n\t\t<div class=\"network-cards__inner\">\n\t\t\t\t\t\t<h2>Nyheter fra forbundet<\/h2>\n\t\t\t\t\t<div class=\"t2-featured-content-layout wp-block-t2-featured-content-layout\">\n\t\t\t\t\t<div class=\"t2-featured-single-post t2-featured-content is-post-type-news news-category-lonn-og-arbeidsliv news-category-olje-og-gass news-tag-arbeidsliv news-tag-juridisk news-tag-landindustri news-tag-offshore wp-block-t2-featured-single-post t2-featured-content-layout-col-4\"><a class=\"t2-post-link wp-block-t2-post-link\" href=\"https:\/\/styrke.no\/nyhet\/ser-klar-okning-i-antall-bestridte-sykmeldinger\/\">\n<figure style=\"--t2-focal-point: 50% 50%\" class=\"t2-post-featured-image has-image-ratio-16-9 wp-block-t2-post-featured-image\"><img loading=\"lazy\" decoding=\"async\" width=\"1024\" height=\"768\" src=\"https:\/\/styrke.no\/content\/uploads\/2026\/04\/Karianne-Rettedal-foto_aeh-20260421_084621-1024x768.jpg\" class=\"attachment-large size-large wp-post-image\" alt=\"\" srcset=\"https:\/\/styrke.no\/content\/uploads\/2026\/04\/Karianne-Rettedal-foto_aeh-20260421_084621-1024x768.jpg 1024w, https:\/\/styrke.no\/content\/uploads\/2026\/04\/Karianne-Rettedal-foto_aeh-20260421_084621-300x225.jpg 300w, https:\/\/styrke.no\/content\/uploads\/2026\/04\/Karianne-Rettedal-foto_aeh-20260421_084621-768x576.jpg 768w, https:\/\/styrke.no\/content\/uploads\/2026\/04\/Karianne-Rettedal-foto_aeh-20260421_084621-1536x1152.jpg 1536w, https:\/\/styrke.no\/content\/uploads\/2026\/04\/Karianne-Rettedal-foto_aeh-20260421_084621-scaled.jpg 2048w\" \/><\/figure>\n\n<div class=\"wp-block-group alignfull is-layout-flow wp-block-group-is-layout-flow\">\n\t<div class=\"wp-block-post-date\">april 21, 2026<\/div>\n\t<h2 class=\"t2-post-title wp-block-t2-post-title\">Ser klar \u00f8kning i antall bestridte sykmeldinger<\/h2>\n\t<div class=\"t2-post-excerpt wp-block-t2-post-excerpt\"><p>Forbundet Styrke ser en \u00f8kende tendens der b\u00e5de arbeidsgivere og Nav bestrider sykmeldinger. -I slike tilfeller vil vi bist\u00e5 medlemmene&hellip;<\/p><\/div>\n\t<div class=\"dekode-post-category wp-block-dekode-post-category\"><span class=\"teft-cards-category-link\">Arbeidsliv og rettigheter<\/span><\/div>\n<\/div>\n\n<\/a>\n<\/div>\t\t\t\t<div class=\"t2-featured-single-post t2-featured-content is-post-type-news news-category-lonn-og-arbeidsliv wp-block-t2-featured-single-post t2-featured-content-layout-col-4\"><a class=\"t2-post-link wp-block-t2-post-link\" href=\"https:\/\/styrke.no\/nyhet\/stotteerklaering-til-streikende-i-hotell-og-restaurantbransjen\/\">\n<figure style=\"--t2-focal-point: 50% 50%\" class=\"t2-post-featured-image has-image-ratio-16-9 wp-block-t2-post-featured-image\"><img loading=\"lazy\" decoding=\"async\" width=\"1024\" height=\"768\" src=\"https:\/\/styrke.no\/content\/uploads\/2022\/08\/20220816_101555-1024x768.jpg\" class=\"attachment-large size-large wp-post-image\" alt=\"\" srcset=\"https:\/\/styrke.no\/content\/uploads\/2022\/08\/20220816_101555-1024x768.jpg 1024w, https:\/\/styrke.no\/content\/uploads\/2022\/08\/20220816_101555-300x225.jpg 300w, https:\/\/styrke.no\/content\/uploads\/2022\/08\/20220816_101555-768x576.jpg 768w, https:\/\/styrke.no\/content\/uploads\/2022\/08\/20220816_101555-1536x1152.jpg 1536w, https:\/\/styrke.no\/content\/uploads\/2022\/08\/20220816_101555-2048x1536.jpg 2048w\" \/><\/figure>\n\n<div class=\"wp-block-group alignfull is-layout-flow wp-block-group-is-layout-flow\">\n\t<div class=\"wp-block-post-date\">april 20, 2026<\/div>\n\t<h2 class=\"t2-post-title wp-block-t2-post-title\">St\u00f8tteerkl\u00e6ring til streikende i hotell- og restaurantbransjen<\/h2>\n\t<div class=\"t2-post-excerpt wp-block-t2-post-excerpt\"><p>Forbundet Styrke sender st\u00f8tteerkl\u00e6ring og sympati til de streikende i hotell- og restaurantn\u00e6ringen.<\/p><\/div>\n\t<div class=\"dekode-post-category wp-block-dekode-post-category\"><span class=\"teft-cards-category-link\">Arbeidsliv og rettigheter<\/span><\/div>\n<\/div>\n\n<\/a>\n<\/div>\t\t\t\t<div class=\"t2-featured-single-post t2-featured-content is-post-type-news news-category-internasjonalt news-category-olje-og-gass news-tag-hms news-tag-nordomradene news-tag-offshore wp-block-t2-featured-single-post t2-featured-content-layout-col-4\"><a class=\"t2-post-link wp-block-t2-post-link\" href=\"https:\/\/styrke.no\/nyhet\/krever-topp-sikring-og-beredskap-pa-norske-olje-og-gassanlegg\/\">\n<figure style=\"--t2-focal-point: 50% 50%\" class=\"t2-post-featured-image has-image-ratio-16-9 wp-block-t2-post-featured-image\"><img loading=\"lazy\" decoding=\"async\" width=\"1024\" height=\"726\" src=\"https:\/\/styrke.no\/content\/uploads\/2026\/04\/DSC_0219-kopi-1024x726.jpg\" class=\"attachment-large size-large wp-post-image\" alt=\"\" srcset=\"https:\/\/styrke.no\/content\/uploads\/2026\/04\/DSC_0219-kopi-1024x726.jpg 1024w, https:\/\/styrke.no\/content\/uploads\/2026\/04\/DSC_0219-kopi-300x213.jpg 300w, https:\/\/styrke.no\/content\/uploads\/2026\/04\/DSC_0219-kopi-768x545.jpg 768w, https:\/\/styrke.no\/content\/uploads\/2026\/04\/DSC_0219-kopi-1536x1089.jpg 1536w, https:\/\/styrke.no\/content\/uploads\/2026\/04\/DSC_0219-kopi-scaled.jpg 2048w\" \/><\/figure>\n\n<div class=\"wp-block-group alignfull is-layout-flow wp-block-group-is-layout-flow\">\n\t<div class=\"wp-block-post-date\">april 16, 2026<\/div>\n\t<h2 class=\"t2-post-title wp-block-t2-post-title\">Krever topp sikring og beredskap p\u00e5 norske olje- og gassanlegg<\/h2>\n\t<div class=\"t2-post-excerpt wp-block-t2-post-excerpt\"><p>Energiarbeidere i Ukraina og Midt\u00f8sten er blitt legitime bombem\u00e5l. Det er helt forkastelig, men like fullt reelt. Derfor m\u00e5 vi&hellip;<\/p><\/div>\n\t<div class=\"dekode-post-category wp-block-dekode-post-category\"><span class=\"teft-cards-category-link\">Internasjonalt<\/span><\/div>\n<\/div>\n\n<\/a>\n<\/div>\t\t\t\t<div class=\"t2-featured-single-post t2-featured-content is-post-type-news news-category-ledelse-og-teknikk news-tag-hovedoppgjoret wp-block-t2-featured-single-post t2-featured-content-layout-col-4\"><a class=\"t2-post-link wp-block-t2-post-link\" href=\"https:\/\/styrke.no\/nyhet\/enighet-mellom-lo-og-spekter\/\">\n<figure style=\"--t2-focal-point: 50% 50%\" class=\"t2-post-featured-image has-image-ratio-16-9 wp-block-t2-post-featured-image\"><img loading=\"lazy\" decoding=\"async\" width=\"1024\" height=\"589\" src=\"https:\/\/styrke.no\/content\/uploads\/2026\/04\/spekter-150426-8766-1-kopi-1024x589.jpg\" class=\"attachment-large size-large wp-post-image\" alt=\"\" srcset=\"https:\/\/styrke.no\/content\/uploads\/2026\/04\/spekter-150426-8766-1-kopi-1024x589.jpg 1024w, https:\/\/styrke.no\/content\/uploads\/2026\/04\/spekter-150426-8766-1-kopi-300x173.jpg 300w, https:\/\/styrke.no\/content\/uploads\/2026\/04\/spekter-150426-8766-1-kopi-768x442.jpg 768w, https:\/\/styrke.no\/content\/uploads\/2026\/04\/spekter-150426-8766-1-kopi.jpg 1251w\" \/><\/figure>\n\n<div class=\"wp-block-group alignfull is-layout-flow wp-block-group-is-layout-flow\">\n\t<div class=\"wp-block-post-date\">april 16, 2026<\/div>\n\t<h2 class=\"t2-post-title wp-block-t2-post-title\">Enighet mellom LO og Spekter<\/h2>\n\t<div class=\"t2-post-excerpt wp-block-t2-post-excerpt\"><p>LO og Spekter er enige om et at alle skal f\u00e5 et l\u00f8nnstillegg p\u00e5 over 12 675 kroner. N\u00e5 g\u00e5r&hellip;<\/p><\/div>\n\t<div class=\"dekode-post-category wp-block-dekode-post-category\"><span class=\"teft-cards-category-link\">Ledelse og teknikk<\/span><\/div>\n<\/div>\n\n<\/a>\n<\/div>\t\t\t<\/div>\n\t<\/div>\n\t<\/div>\n\t\t\n\n\t\t<div class=\"network-cards alignfull\">\n\t\t<div class=\"network-cards__inner\">\n\t\t\t\t\t\t<h2>Kurs fra forbundet<\/h2>\n\t\t\t\t\t<div class=\"t2-featured-content-layout wp-block-t2-featured-content-layout\">\n\t\t\t\t\t<div class=\"t2-featured-single-post t2-featured-content is-post-type-course course-category-digitalt course-category-kurs-2 course-place-web wp-block-t2-featured-single-post t2-featured-content-layout-col-4\"><a class=\"t2-post-link wp-block-t2-post-link\" href=\"https:\/\/styrke.no\/kurs\/digital-e-laering-ny-i-styrke\/\">\n\n<figure style=\"--t2-focal-point: 50% 50%\" class=\"t2-post-featured-image has-image-ratio-16-9 wp-block-t2-post-featured-image\"><img loading=\"lazy\" decoding=\"async\" width=\"768\" height=\"548\" src=\"https:\/\/styrke.no\/content\/uploads\/2025\/03\/DSC_8709-768x548.jpg\" class=\"attachment-medium_large size-medium_large wp-post-image\" alt=\"\" srcset=\"https:\/\/styrke.no\/content\/uploads\/2025\/03\/DSC_8709-768x548.jpg 768w, https:\/\/styrke.no\/content\/uploads\/2025\/03\/DSC_8709-300x214.jpg 300w, https:\/\/styrke.no\/content\/uploads\/2025\/03\/DSC_8709-1024x730.jpg 1024w, https:\/\/styrke.no\/content\/uploads\/2025\/03\/DSC_8709-1536x1095.jpg 1536w, https:\/\/styrke.no\/content\/uploads\/2025\/03\/DSC_8709-scaled.jpg 2048w\" \/><\/figure>\n\n<div class=\"wp-block-group alignfull card-content is-layout-flow wp-block-group-is-layout-flow\">\n\t<h2 class=\"t2-post-title wp-block-t2-post-title\">Digital e-l\u00e6ring &#8211; Ny i Styrke<\/h2>\n\t<div class=\"dekode-course-card-meta type-meta type-is-sticky wp-block-dekode-course-card-meta\"><div class=\"card-meta\"> <p class=\"card-meta__location\">Digitalt\/web<\/p><\/div><\/div>\n<\/div>\n\n<\/a>\n<\/div>\t\t\t\t<div class=\"t2-featured-single-post t2-featured-content is-post-type-course course-category-digitalt course-place-web wp-block-t2-featured-single-post t2-featured-content-layout-col-4\"><a class=\"t2-post-link wp-block-t2-post-link\" href=\"https:\/\/styrke.no\/kurs\/digitalt-pensjon-kurs\/\">\n<div class=\"dekode-course-card-meta type-badge type-is-sticky wp-block-dekode-course-card-meta\"><div class=\"date-badge\"><div class=\"date-badge__month\">apr<\/div><div class=\"date-badge__day\">21<\/div><\/div><\/div>\n<figure style=\"--t2-focal-point: 50% 50%\" class=\"t2-post-featured-image has-image-ratio-16-9 wp-block-t2-post-featured-image\"><img loading=\"lazy\" decoding=\"async\" width=\"768\" height=\"543\" src=\"https:\/\/styrke.no\/content\/uploads\/2025\/08\/Ole-Magnnus-Batstad-og-Christer-Systad-24-768x543.jpg\" class=\"attachment-medium_large size-medium_large wp-post-image\" alt=\"\" srcset=\"https:\/\/styrke.no\/content\/uploads\/2025\/08\/Ole-Magnnus-Batstad-og-Christer-Systad-24-768x543.jpg 768w, https:\/\/styrke.no\/content\/uploads\/2025\/08\/Ole-Magnnus-Batstad-og-Christer-Systad-24-300x212.jpg 300w, https:\/\/styrke.no\/content\/uploads\/2025\/08\/Ole-Magnnus-Batstad-og-Christer-Systad-24-1024x724.jpg 1024w, https:\/\/styrke.no\/content\/uploads\/2025\/08\/Ole-Magnnus-Batstad-og-Christer-Systad-24-1536x1086.jpg 1536w, https:\/\/styrke.no\/content\/uploads\/2025\/08\/Ole-Magnnus-Batstad-og-Christer-Systad-24-scaled.jpg 2048w\" \/><\/figure>\n\n<div class=\"wp-block-group alignfull card-content is-layout-flow wp-block-group-is-layout-flow\">\n\t<h2 class=\"t2-post-title wp-block-t2-post-title\">Digitalt Pensjon kurs<\/h2>\n\t<div class=\"dekode-course-card-meta type-meta type-is-sticky wp-block-dekode-course-card-meta\"><div class=\"card-meta\"><p class=\"card-meta__date\">tirsdag 21. april 2026 kl 12:00 &#8211; 13:00<\/p> <p class=\"card-meta__location\">Digitalt\/web<\/p><\/div><\/div>\n<\/div>\n\n<\/a>\n<\/div>\t\t\t\t<div class=\"t2-featured-single-post t2-featured-content is-post-type-course course-category-konferanse course-place-quality-airport-hotel-stavanger wp-block-t2-featured-single-post t2-featured-content-layout-col-4\"><a class=\"t2-post-link wp-block-t2-post-link\" href=\"https:\/\/styrke.no\/kurs\/offshore-helikopterkonferanse-2026\/\">\n<div class=\"dekode-course-card-meta type-badge wp-block-dekode-course-card-meta\"><div class=\"date-badge\"><div class=\"date-badge__month\">mai<\/div><div class=\"date-badge__day\">6<\/div><\/div><\/div>\n<figure style=\"--t2-focal-point: 50% 50%\" class=\"t2-post-featured-image has-image-ratio-16-9 wp-block-t2-post-featured-image\"><img loading=\"lazy\" decoding=\"async\" width=\"768\" height=\"488\" src=\"https:\/\/styrke.no\/content\/uploads\/2024\/09\/DSC_2546-1-768x488.jpg\" class=\"attachment-medium_large size-medium_large wp-post-image\" alt=\"\" srcset=\"https:\/\/styrke.no\/content\/uploads\/2024\/09\/DSC_2546-1-768x488.jpg 768w, https:\/\/styrke.no\/content\/uploads\/2024\/09\/DSC_2546-1-300x191.jpg 300w, https:\/\/styrke.no\/content\/uploads\/2024\/09\/DSC_2546-1-1024x651.jpg 1024w, https:\/\/styrke.no\/content\/uploads\/2024\/09\/DSC_2546-1-1536x976.jpg 1536w, https:\/\/styrke.no\/content\/uploads\/2024\/09\/DSC_2546-1.jpg 2048w\" \/><\/figure>\n\n<div class=\"wp-block-group alignfull card-content is-layout-flow wp-block-group-is-layout-flow\">\n\t<h2 class=\"t2-post-title wp-block-t2-post-title\">Offshore helikopterkonferanse 2026<\/h2>\n\t<div class=\"dekode-course-card-meta type-meta wp-block-dekode-course-card-meta\"><div class=\"card-meta\"><p class=\"card-meta__date\">onsdag 6. mai 2026 kl 12:00 &#8211; torsdag 7. mai 2026 kl 12:00<\/p> <p class=\"card-meta__location\">Quality Airport Hotel Stavanger<\/p><\/div><\/div>\n<\/div>\n\n<\/a>\n<\/div>\t\t\t\t<div class=\"t2-featured-single-post t2-featured-content is-post-type-course course-category-konferanse course-place-sola-strandhotell wp-block-t2-featured-single-post t2-featured-content-layout-col-4\"><a class=\"t2-post-link wp-block-t2-post-link\" href=\"https:\/\/styrke.no\/kurs\/arbeiderkonferansen-var-2026\/\">\n<div class=\"dekode-course-card-meta type-badge wp-block-dekode-course-card-meta\"><div class=\"date-badge\"><div class=\"date-badge__month\">mai<\/div><div class=\"date-badge__day\">18<\/div><\/div><\/div>\n<figure style=\"--t2-focal-point: 50% 50%\" class=\"t2-post-featured-image has-image-ratio-16-9 wp-block-t2-post-featured-image\"><img loading=\"lazy\" decoding=\"async\" width=\"768\" height=\"511\" src=\"https:\/\/styrke.no\/content\/uploads\/2025\/11\/L1016481-2-768x511.jpg\" class=\"attachment-medium_large size-medium_large wp-post-image\" alt=\"\" srcset=\"https:\/\/styrke.no\/content\/uploads\/2025\/11\/L1016481-2-768x511.jpg 768w, https:\/\/styrke.no\/content\/uploads\/2025\/11\/L1016481-2-300x200.jpg 300w, https:\/\/styrke.no\/content\/uploads\/2025\/11\/L1016481-2-1024x682.jpg 1024w, https:\/\/styrke.no\/content\/uploads\/2025\/11\/L1016481-2-1536x1022.jpg 1536w, https:\/\/styrke.no\/content\/uploads\/2025\/11\/L1016481-2-scaled.jpg 2048w\" \/><\/figure>\n\n<div class=\"wp-block-group alignfull card-content is-layout-flow wp-block-group-is-layout-flow\">\n\t<h2 class=\"t2-post-title wp-block-t2-post-title\">Arbeiderkonferansen\u00a0 V\u00e5r \u2013 2026<\/h2>\n\t<div class=\"dekode-course-card-meta type-meta wp-block-dekode-course-card-meta\"><div class=\"card-meta\"><p class=\"card-meta__date\">mandag 18. mai 2026 kl 11:00 &#8211; torsdag 21. mai 2026 kl 14:00<\/p> <p class=\"card-meta__location\">Sola Strandhotell<\/p><\/div><\/div>\n<\/div>\n\n<\/a>\n<\/div>\t\t\t<\/div>\n\t<\/div>\n\t<\/div>\n\t\t","protected":false},"excerpt":{"rendered":"","protected":false},"author":121,"featured_media":0,"parent":0,"menu_order":0,"comment_status":"closed","ping_status":"closed","template":"","meta":{"_acf_changed":false,"teft_cards_image_id":0,"teft_cards_image_focal_point_x":0,"teft_cards_image_focal_point_y":0,"teft_cards_title":"","teft_cards_excerpt":"","footnotes":""},"news-tag":[],"class_list":["post-4","page","type-page","status-publish","hentry"],"yoast_head":"<!-- This site is optimized with the Yoast SEO Premium plugin v22.4 (Yoast SEO v23.0) - https:\/\/yoast.com\/wordpress\/plugins\/seo\/ -->\n<title>Oljearbeiderforeningen i HP - Oljearbeiderforeningen<\/title>\n<meta name=\"robots\" content=\"index, follow, max-snippet:-1, max-image-preview:large, max-video-preview:-1\" \/>\n<link rel=\"canonical\" href=\"https:\/\/styrke.no\/oljearbeiderforeningen\/\" \/>\n<meta property=\"og:locale\" content=\"nb_NO\" \/>\n<meta property=\"og:type\" content=\"article\" \/>\n<meta property=\"og:title\" content=\"Oljearbeiderforeningen i HP\" \/>\n<meta property=\"og:url\" content=\"https:\/\/styrke.no\/oljearbeiderforeningen\/\" \/>\n<meta property=\"og:site_name\" content=\"Oljearbeiderforeningen\" \/>\n<meta property=\"article:modified_time\" content=\"2025-10-01T07:22:23+00:00\" \/>\n<meta name=\"twitter:card\" content=\"summary_large_image\" \/>\n<script type=\"application\/ld+json\" class=\"yoast-schema-graph\">{\"@context\":\"https:\/\/schema.org\",\"@graph\":[{\"@type\":\"WebPage\",\"@id\":\"https:\/\/styrke.no\/oljearbeiderforeningen\/\",\"url\":\"https:\/\/styrke.no\/oljearbeiderforeningen\/\",\"name\":\"Oljearbeiderforeningen i HP - Oljearbeiderforeningen\",\"isPartOf\":{\"@id\":\"https:\/\/styrke.no\/oljearbeiderforeningen\/#website\"},\"datePublished\":\"2021-09-23T11:29:47+00:00\",\"dateModified\":\"2025-10-01T07:22:23+00:00\",\"breadcrumb\":{\"@id\":\"https:\/\/styrke.no\/oljearbeiderforeningen\/#breadcrumb\"},\"inLanguage\":\"nb-NO\",\"potentialAction\":[{\"@type\":\"ReadAction\",\"target\":[\"https:\/\/styrke.no\/oljearbeiderforeningen\/\"]}]},{\"@type\":\"BreadcrumbList\",\"@id\":\"https:\/\/styrke.no\/oljearbeiderforeningen\/#breadcrumb\",\"itemListElement\":[{\"@type\":\"ListItem\",\"position\":1,\"name\":\"Hjem\",\"item\":\"https:\/\/styrke.no\/oljearbeiderforeningen\/\"},{\"@type\":\"ListItem\",\"position\":2,\"name\":\"Oljearbeiderforeningen i HP\"}]},{\"@type\":\"WebSite\",\"@id\":\"https:\/\/styrke.no\/oljearbeiderforeningen\/#website\",\"url\":\"https:\/\/styrke.no\/oljearbeiderforeningen\/\",\"name\":\"Oljearbeiderforeningen\",\"description\":\"\",\"publisher\":{\"@id\":\"https:\/\/styrke.no\/oljearbeiderforeningen\/#organization\"},\"potentialAction\":[{\"@type\":\"SearchAction\",\"target\":{\"@type\":\"EntryPoint\",\"urlTemplate\":\"https:\/\/styrke.no\/oljearbeiderforeningen\/?s={search_term_string}\"},\"query-input\":\"required name=search_term_string\"}],\"inLanguage\":\"nb-NO\"},{\"@type\":\"Organization\",\"@id\":\"https:\/\/styrke.no\/oljearbeiderforeningen\/#organization\",\"name\":\"Oljearbeiderforeningen\",\"url\":\"https:\/\/styrke.no\/oljearbeiderforeningen\/\",\"logo\":{\"@type\":\"ImageObject\",\"inLanguage\":\"nb-NO\",\"@id\":\"https:\/\/styrke.no\/oljearbeiderforeningen\/#\/schema\/logo\/image\/\",\"url\":\"https:\/\/styrke.no\/content\/uploads\/sites\/24\/2024\/10\/Isolation_Mode.svg\",\"contentUrl\":\"https:\/\/styrke.no\/content\/uploads\/sites\/24\/2024\/10\/Isolation_Mode.svg\",\"width\":185,\"height\":54,\"caption\":\"Oljearbeiderforeningen\"},\"image\":{\"@id\":\"https:\/\/styrke.no\/oljearbeiderforeningen\/#\/schema\/logo\/image\/\"}}]}<\/script>\n<!-- \/ Yoast SEO Premium plugin. -->","yoast_head_json":{"title":"Oljearbeiderforeningen i HP - Oljearbeiderforeningen","robots":{"index":"index","follow":"follow","max-snippet":"max-snippet:-1","max-image-preview":"max-image-preview:large","max-video-preview":"max-video-preview:-1"},"canonical":"https:\/\/styrke.no\/oljearbeiderforeningen\/","og_locale":"nb_NO","og_type":"article","og_title":"Oljearbeiderforeningen i HP","og_url":"https:\/\/styrke.no\/oljearbeiderforeningen\/","og_site_name":"Oljearbeiderforeningen","article_modified_time":"2025-10-01T07:22:23+00:00","twitter_card":"summary_large_image","schema":{"@context":"https:\/\/schema.org","@graph":[{"@type":"WebPage","@id":"https:\/\/styrke.no\/oljearbeiderforeningen\/","url":"https:\/\/styrke.no\/oljearbeiderforeningen\/","name":"Oljearbeiderforeningen i HP - Oljearbeiderforeningen","isPartOf":{"@id":"https:\/\/styrke.no\/oljearbeiderforeningen\/#website"},"datePublished":"2021-09-23T11:29:47+00:00","dateModified":"2025-10-01T07:22:23+00:00","breadcrumb":{"@id":"https:\/\/styrke.no\/oljearbeiderforeningen\/#breadcrumb"},"inLanguage":"nb-NO","potentialAction":[{"@type":"ReadAction","target":["https:\/\/styrke.no\/oljearbeiderforeningen\/"]}]},{"@type":"BreadcrumbList","@id":"https:\/\/styrke.no\/oljearbeiderforeningen\/#breadcrumb","itemListElement":[{"@type":"ListItem","position":1,"name":"Hjem","item":"https:\/\/styrke.no\/oljearbeiderforeningen\/"},{"@type":"ListItem","position":2,"name":"Oljearbeiderforeningen i HP"}]},{"@type":"WebSite","@id":"https:\/\/styrke.no\/oljearbeiderforeningen\/#website","url":"https:\/\/styrke.no\/oljearbeiderforeningen\/","name":"Oljearbeiderforeningen","description":"","publisher":{"@id":"https:\/\/styrke.no\/oljearbeiderforeningen\/#organization"},"potentialAction":[{"@type":"SearchAction","target":{"@type":"EntryPoint","urlTemplate":"https:\/\/styrke.no\/oljearbeiderforeningen\/?s={search_term_string}"},"query-input":"required name=search_term_string"}],"inLanguage":"nb-NO"},{"@type":"Organization","@id":"https:\/\/styrke.no\/oljearbeiderforeningen\/#organization","name":"Oljearbeiderforeningen","url":"https:\/\/styrke.no\/oljearbeiderforeningen\/","logo":{"@type":"ImageObject","inLanguage":"nb-NO","@id":"https:\/\/styrke.no\/oljearbeiderforeningen\/#\/schema\/logo\/image\/","url":"https:\/\/styrke.no\/content\/uploads\/sites\/24\/2024\/10\/Isolation_Mode.svg","contentUrl":"https:\/\/styrke.no\/content\/uploads\/sites\/24\/2024\/10\/Isolation_Mode.svg","width":185,"height":54,"caption":"Oljearbeiderforeningen"},"image":{"@id":"https:\/\/styrke.no\/oljearbeiderforeningen\/#\/schema\/logo\/image\/"}}]}},"acf":[],"_links":{"self":[{"href":"https:\/\/styrke.no\/oljearbeiderforeningen\/wp-json\/wp\/v2\/pages\/4"}],"collection":[{"href":"https:\/\/styrke.no\/oljearbeiderforeningen\/wp-json\/wp\/v2\/pages"}],"about":[{"href":"https:\/\/styrke.no\/oljearbeiderforeningen\/wp-json\/wp\/v2\/types\/page"}],"author":[{"embeddable":true,"href":"https:\/\/styrke.no\/oljearbeiderforeningen\/wp-json\/wp\/v2\/users\/121"}],"replies":[{"embeddable":true,"href":"https:\/\/styrke.no\/oljearbeiderforeningen\/wp-json\/wp\/v2\/comments?post=4"}],"version-history":[{"count":31,"href":"https:\/\/styrke.no\/oljearbeiderforeningen\/wp-json\/wp\/v2\/pages\/4\/revisions"}],"predecessor-version":[{"id":603,"href":"https:\/\/styrke.no\/oljearbeiderforeningen\/wp-json\/wp\/v2\/pages\/4\/revisions\/603"}],"wp:attachment":[{"href":"https:\/\/styrke.no\/oljearbeiderforeningen\/wp-json\/wp\/v2\/media?parent=4"}],"wp:term":[{"taxonomy":"news-tag","embeddable":true,"href":"https:\/\/styrke.no\/oljearbeiderforeningen\/wp-json\/wp\/v2\/news-tag?post=4"}],"curies":[{"name":"wp","href":"https:\/\/api.w.org\/{rel}","templated":true}]}}