{"id":455,"date":"2025-09-24T11:41:53","date_gmt":"2025-09-24T09:41:53","guid":{"rendered":"https:\/\/styrke.no\/oljearbeiderforeningen\/?page_id=455"},"modified":"2025-10-15T09:11:35","modified_gmt":"2025-10-15T07:11:35","slug":"qa","status":"publish","type":"page","link":"https:\/\/styrke.no\/oljearbeiderforeningen\/qa\/","title":{"rendered":"Q&amp;A"},"content":{"rendered":"\t<div class=\"hero alignfull wp-block-dekode-hero\">\n\t\t<div class=\"hero__inner\">\n\t\t\t<div class=\"hero__media\">\n\t\t\t\t\n\t\t<div class=\"illustration\">\n\t\t<img loading=\"lazy\" decoding=\"async\" width=\"295\" height=\"199\" src=\"https:\/\/styrke.no\/content\/uploads\/sites\/24\/2025\/10\/Skjermbilde-2025-10-01-092555.jpg\" class=\"illustration__image\" alt=\"\" style=\"object-position: 50% 50%\" \/>\t<\/div>\n\t\t\n\t\t\t<\/div>\n\n\t\t\t<div class=\"hero__content\">\n\t\t\t\t<h1 class=\"hero__title\">Q&amp;A<\/h1>\t\t\t\t\t<p>Teamsm\u00f8ter for medlemmene i OAF<br>(Questions &amp; answers).<\/p>\n\t\t\t\t\t\t\t\t<\/div>\n\t\t<\/div>\n\t<\/div>\n\t\n\n\n<p><\/p>\n\n\n\n<p>Klubbkontoret kommer til \u00e5 arrangere Teamsm\u00f8ter for medlemmene i Oljearbeiderforeningen. <\/p>\n\n\n\n<p>Datoene blir publisert her p\u00e5 nettsiden og det blir anledning til \u00e5 sende inn sp\u00f8rsm\u00e5l eller saker man \u00f8nsker at vi skal belyse en uke i forveien. <\/p>\n\n\n\n<p>De av dere som \u00f8nsker \u00e5 delta m\u00e5 sende inn p\u00e5melding via mail til <a href=\"mailto:jonny.torvestad@kcadeutag.com\">jonny.torvestad@kcadeutag.com<\/a> innen 20 november.<\/p>\n\n\n\n<h4 class=\"wp-block-heading\" id=\"h-\"><\/h4>\n\n\n\n<p>F\u00f8rste m\u00f8tet blir arrangert torsdag 27 november (med forbehold).<\/p>\n\n\n\n<p><\/p>\n","protected":false},"excerpt":{"rendered":"<p>Klubbkontoret kommer til \u00e5 arrangere Teamsm\u00f8ter for medlemmene i Oljearbeiderforeningen. Datoene blir publisert her p\u00e5 nettsiden og det blir anledning \u2026 <\/p>\n","protected":false},"author":214,"featured_media":0,"parent":0,"menu_order":0,"comment_status":"closed","ping_status":"closed","template":"","meta":{"_acf_changed":false,"teft_cards_image_id":0,"teft_cards_image_focal_point_x":0,"teft_cards_image_focal_point_y":0,"teft_cards_title":"","teft_cards_excerpt":"","footnotes":""},"news-tag":[],"class_list":["post-455","page","type-page","status-publish","hentry"],"yoast_head":"<!-- This site is optimized with the Yoast SEO Premium plugin v22.4 (Yoast SEO v23.0) - https:\/\/yoast.com\/wordpress\/plugins\/seo\/ -->\n<title>Q&amp;A - Oljearbeiderforeningen<\/title>\n<meta name=\"robots\" content=\"index, follow, max-snippet:-1, max-image-preview:large, max-video-preview:-1\" \/>\n<link rel=\"canonical\" href=\"https:\/\/styrke.no\/oljearbeiderforeningen\/qa\/\" \/>\n<meta property=\"og:locale\" content=\"nb_NO\" \/>\n<meta property=\"og:type\" content=\"article\" \/>\n<meta property=\"og:title\" content=\"Q&amp;A\" \/>\n<meta property=\"og:description\" content=\"Klubbkontoret kommer til \u00e5 arrangere Teamsm\u00f8ter for medlemmene i Oljearbeiderforeningen. Datoene blir publisert her p\u00e5 nettsiden og det blir anledning \u2026\" \/>\n<meta property=\"og:url\" content=\"https:\/\/styrke.no\/oljearbeiderforeningen\/qa\/\" \/>\n<meta property=\"og:site_name\" content=\"Oljearbeiderforeningen\" \/>\n<meta property=\"article:modified_time\" content=\"2025-10-15T07:11:35+00:00\" \/>\n<meta name=\"twitter:card\" content=\"summary_large_image\" \/>\n<meta name=\"twitter:label1\" content=\"Ansl. lesetid\" \/>\n\t<meta name=\"twitter:data1\" content=\"1 minutt\" \/>\n<script type=\"application\/ld+json\" class=\"yoast-schema-graph\">{\"@context\":\"https:\/\/schema.org\",\"@graph\":[{\"@type\":\"WebPage\",\"@id\":\"https:\/\/styrke.no\/oljearbeiderforeningen\/qa\/\",\"url\":\"https:\/\/styrke.no\/oljearbeiderforeningen\/qa\/\",\"name\":\"Q&amp;A - Oljearbeiderforeningen\",\"isPartOf\":{\"@id\":\"https:\/\/styrke.no\/oljearbeiderforeningen\/#website\"},\"datePublished\":\"2025-09-24T09:41:53+00:00\",\"dateModified\":\"2025-10-15T07:11:35+00:00\",\"breadcrumb\":{\"@id\":\"https:\/\/styrke.no\/oljearbeiderforeningen\/qa\/#breadcrumb\"},\"inLanguage\":\"nb-NO\",\"potentialAction\":[{\"@type\":\"ReadAction\",\"target\":[\"https:\/\/styrke.no\/oljearbeiderforeningen\/qa\/\"]}]},{\"@type\":\"BreadcrumbList\",\"@id\":\"https:\/\/styrke.no\/oljearbeiderforeningen\/qa\/#breadcrumb\",\"itemListElement\":[{\"@type\":\"ListItem\",\"position\":1,\"name\":\"Hjem\",\"item\":\"https:\/\/styrke.no\/oljearbeiderforeningen\/\"},{\"@type\":\"ListItem\",\"position\":2,\"name\":\"Q&amp;A\"}]},{\"@type\":\"WebSite\",\"@id\":\"https:\/\/styrke.no\/oljearbeiderforeningen\/#website\",\"url\":\"https:\/\/styrke.no\/oljearbeiderforeningen\/\",\"name\":\"Oljearbeiderforeningen\",\"description\":\"\",\"publisher\":{\"@id\":\"https:\/\/styrke.no\/oljearbeiderforeningen\/#organization\"},\"potentialAction\":[{\"@type\":\"SearchAction\",\"target\":{\"@type\":\"EntryPoint\",\"urlTemplate\":\"https:\/\/styrke.no\/oljearbeiderforeningen\/?s={search_term_string}\"},\"query-input\":\"required name=search_term_string\"}],\"inLanguage\":\"nb-NO\"},{\"@type\":\"Organization\",\"@id\":\"https:\/\/styrke.no\/oljearbeiderforeningen\/#organization\",\"name\":\"Oljearbeiderforeningen\",\"url\":\"https:\/\/styrke.no\/oljearbeiderforeningen\/\",\"logo\":{\"@type\":\"ImageObject\",\"inLanguage\":\"nb-NO\",\"@id\":\"https:\/\/styrke.no\/oljearbeiderforeningen\/#\/schema\/logo\/image\/\",\"url\":\"https:\/\/styrke.no\/content\/uploads\/sites\/24\/2024\/10\/Isolation_Mode.svg\",\"contentUrl\":\"https:\/\/styrke.no\/content\/uploads\/sites\/24\/2024\/10\/Isolation_Mode.svg\",\"width\":185,\"height\":54,\"caption\":\"Oljearbeiderforeningen\"},\"image\":{\"@id\":\"https:\/\/styrke.no\/oljearbeiderforeningen\/#\/schema\/logo\/image\/\"}}]}<\/script>\n<!-- \/ Yoast SEO Premium plugin. -->","yoast_head_json":{"title":"Q&amp;A - Oljearbeiderforeningen","robots":{"index":"index","follow":"follow","max-snippet":"max-snippet:-1","max-image-preview":"max-image-preview:large","max-video-preview":"max-video-preview:-1"},"canonical":"https:\/\/styrke.no\/oljearbeiderforeningen\/qa\/","og_locale":"nb_NO","og_type":"article","og_title":"Q&amp;A","og_description":"Klubbkontoret kommer til \u00e5 arrangere Teamsm\u00f8ter for medlemmene i Oljearbeiderforeningen. Datoene blir publisert her p\u00e5 nettsiden og det blir anledning \u2026","og_url":"https:\/\/styrke.no\/oljearbeiderforeningen\/qa\/","og_site_name":"Oljearbeiderforeningen","article_modified_time":"2025-10-15T07:11:35+00:00","twitter_card":"summary_large_image","twitter_misc":{"Ansl. lesetid":"1 minutt"},"schema":{"@context":"https:\/\/schema.org","@graph":[{"@type":"WebPage","@id":"https:\/\/styrke.no\/oljearbeiderforeningen\/qa\/","url":"https:\/\/styrke.no\/oljearbeiderforeningen\/qa\/","name":"Q&amp;A - Oljearbeiderforeningen","isPartOf":{"@id":"https:\/\/styrke.no\/oljearbeiderforeningen\/#website"},"datePublished":"2025-09-24T09:41:53+00:00","dateModified":"2025-10-15T07:11:35+00:00","breadcrumb":{"@id":"https:\/\/styrke.no\/oljearbeiderforeningen\/qa\/#breadcrumb"},"inLanguage":"nb-NO","potentialAction":[{"@type":"ReadAction","target":["https:\/\/styrke.no\/oljearbeiderforeningen\/qa\/"]}]},{"@type":"BreadcrumbList","@id":"https:\/\/styrke.no\/oljearbeiderforeningen\/qa\/#breadcrumb","itemListElement":[{"@type":"ListItem","position":1,"name":"Hjem","item":"https:\/\/styrke.no\/oljearbeiderforeningen\/"},{"@type":"ListItem","position":2,"name":"Q&amp;A"}]},{"@type":"WebSite","@id":"https:\/\/styrke.no\/oljearbeiderforeningen\/#website","url":"https:\/\/styrke.no\/oljearbeiderforeningen\/","name":"Oljearbeiderforeningen","description":"","publisher":{"@id":"https:\/\/styrke.no\/oljearbeiderforeningen\/#organization"},"potentialAction":[{"@type":"SearchAction","target":{"@type":"EntryPoint","urlTemplate":"https:\/\/styrke.no\/oljearbeiderforeningen\/?s={search_term_string}"},"query-input":"required name=search_term_string"}],"inLanguage":"nb-NO"},{"@type":"Organization","@id":"https:\/\/styrke.no\/oljearbeiderforeningen\/#organization","name":"Oljearbeiderforeningen","url":"https:\/\/styrke.no\/oljearbeiderforeningen\/","logo":{"@type":"ImageObject","inLanguage":"nb-NO","@id":"https:\/\/styrke.no\/oljearbeiderforeningen\/#\/schema\/logo\/image\/","url":"https:\/\/styrke.no\/content\/uploads\/sites\/24\/2024\/10\/Isolation_Mode.svg","contentUrl":"https:\/\/styrke.no\/content\/uploads\/sites\/24\/2024\/10\/Isolation_Mode.svg","width":185,"height":54,"caption":"Oljearbeiderforeningen"},"image":{"@id":"https:\/\/styrke.no\/oljearbeiderforeningen\/#\/schema\/logo\/image\/"}}]}},"acf":[],"_links":{"self":[{"href":"https:\/\/styrke.no\/oljearbeiderforeningen\/wp-json\/wp\/v2\/pages\/455"}],"collection":[{"href":"https:\/\/styrke.no\/oljearbeiderforeningen\/wp-json\/wp\/v2\/pages"}],"about":[{"href":"https:\/\/styrke.no\/oljearbeiderforeningen\/wp-json\/wp\/v2\/types\/page"}],"author":[{"embeddable":true,"href":"https:\/\/styrke.no\/oljearbeiderforeningen\/wp-json\/wp\/v2\/users\/214"}],"replies":[{"embeddable":true,"href":"https:\/\/styrke.no\/oljearbeiderforeningen\/wp-json\/wp\/v2\/comments?post=455"}],"version-history":[{"count":8,"href":"https:\/\/styrke.no\/oljearbeiderforeningen\/wp-json\/wp\/v2\/pages\/455\/revisions"}],"predecessor-version":[{"id":689,"href":"https:\/\/styrke.no\/oljearbeiderforeningen\/wp-json\/wp\/v2\/pages\/455\/revisions\/689"}],"wp:attachment":[{"href":"https:\/\/styrke.no\/oljearbeiderforeningen\/wp-json\/wp\/v2\/media?parent=455"}],"wp:term":[{"taxonomy":"news-tag","embeddable":true,"href":"https:\/\/styrke.no\/oljearbeiderforeningen\/wp-json\/wp\/v2\/news-tag?post=455"}],"curies":[{"name":"wp","href":"https:\/\/api.w.org\/{rel}","templated":true}]}}