{"id":562,"date":"2025-09-26T09:39:35","date_gmt":"2025-09-26T07:39:35","guid":{"rendered":"https:\/\/styrke.no\/oljearbeiderforeningen\/?page_id=562"},"modified":"2025-10-06T20:32:44","modified_gmt":"2025-10-06T18:32:44","slug":"lonnsoppgjor-2025","status":"publish","type":"page","link":"https:\/\/styrke.no\/oljearbeiderforeningen\/lonnsoppgjor-2025\/","title":{"rendered":"L\u00f8nnsoppgj\u00f8r 2025"},"content":{"rendered":"\t<div class=\"hero alignfull wp-block-dekode-hero\">\n\t\t<div class=\"hero__inner\">\n\t\t\t<div class=\"hero__media\">\n\t\t\t\t\n\t\t<div class=\"illustration\">\n\t\t<img loading=\"lazy\" decoding=\"async\" width=\"1024\" height=\"717\" src=\"https:\/\/styrke.no\/content\/uploads\/sites\/24\/2025\/09\/457286617_2254998254847289_5921733254474931031_n-1024x717.jpg\" class=\"illustration__image\" alt=\"\" style=\"object-position: 50% 50%\" srcset=\"https:\/\/styrke.no\/content\/uploads\/sites\/24\/2025\/09\/457286617_2254998254847289_5921733254474931031_n-1024x717.jpg 1024w, https:\/\/styrke.no\/content\/uploads\/sites\/24\/2025\/09\/457286617_2254998254847289_5921733254474931031_n-300x210.jpg 300w, https:\/\/styrke.no\/content\/uploads\/sites\/24\/2025\/09\/457286617_2254998254847289_5921733254474931031_n-768x538.jpg 768w, https:\/\/styrke.no\/content\/uploads\/sites\/24\/2025\/09\/457286617_2254998254847289_5921733254474931031_n.jpg 1200w\" \/>\t<\/div>\n\t\t\n\t\t\t<\/div>\n\n\t\t\t<div class=\"hero__content\">\n\t\t\t\t<h1 class=\"hero__title\">Sammendrag av \u00e5rets l\u00f8nnsoppgj\u00f8r<\/h1>\t\t\t\t\t<p><br><br><br><br><br><\/p>\n\t\t\t\t\t\t\t\t<\/div>\n\t\t<\/div>\n\t<\/div>\n\t\n\n\n<h2 class=\"wp-block-heading\" id=\"h-obf-operator-boring-og-forpleining\">OBF (operat\u00f8r, boring og forpleining)<\/h2>\n\n\n\n<p>\u00c5rets mellomoppgj\u00f8r ble gjennomf\u00f8rt i Offshore Norges lokaler i Stavanger, 12 og 13 mai. Vi endte opp med f\u00f8lgende resultat: <\/p>\n\n\n\n<p>35000,- kr. fra 1. juni. inkludert sentralt avtalt tillegg og sokkelkompenasjon. Videre s\u00e5 utgjorde etterslepet v\u00e5rt i \u00e5r rekordh\u00f8ye 13234,- kr. <\/p>\n\n\n\n<p>Til sammen for boring og forpleining ble det alts\u00e5 48234,-kr.<\/p>\n\n\n\n<p> I tillegg kommer en \u00f8kning av nattillegget p\u00e5 5,- kr, konferanse med 7,- kr, og helligdagstillegget \u00f8kte med 50,- kr.<\/p>\n\n\n\n<h2 class=\"wp-block-heading\" id=\"h-bransjeavtalen\">Bransjeavtalen<\/h2>\n\n\n\n<p>De lokale forhandlingene for bransjeavtalen ble gjennomf\u00f8rt 21 august. Her forhandlet vi b\u00e5de for offshoreansatte som er omfattet av avtalen (individuelt avl\u00f8nnede) og for landansatte.<\/p>\n\n\n\n<p><strong>Offshore:<\/strong> For ledelse og mellomledelse offshore landet vi p\u00e5 en ramme p\u00e5 5%. Her ligger det inne at de som arbeider natt vil f\u00e5 et ekstratillegg p\u00e5 linje med \u00f8kningen p\u00e5 natt m\/konferansetillegg for OBF. Dette utgj\u00f8r kr. 5110,- for den enkelte. Noen medlemmer som ligger lavt i forhold til den stillingen de innehar vil ogs\u00e5 bli l\u00f8ftet litt ekstra og innslagspunktet vil derved justeres. Resterende del av rammen vil med dette gi de fleste 4,45%.<\/p>\n\n\n\n<p><strong>Land: <\/strong>For v\u00e5re medlemmer p\u00e5 land s\u00e5 endte vi p\u00e5 en ramme p\u00e5 4,6%. Et generelt tillegg p\u00e5 3,8% og dermed 0,8% til fordeling. Dette er ikke helt slik vi ville ha det, men som nevnt tidligere s\u00e5 har vi ingen maktmidler i dette oppgj\u00f8ret. Det er heller ikke veldig d\u00e5rlig, sett i lys av frontfagets resultat, men vi kunne selvsagt ha \u00f8nsket at land og hav i st\u00f8rre grad ble likebehandlet.<\/p>\n\n\n\n<h2 class=\"wp-block-heading\" id=\"h-landbaseavtalen\">Landbaseavtalen<\/h2>\n\n\n\n<p>Her forhandlet vi lokalt 18 september. Vi kom dessverre ikke til enighet og bedriftens siste tilbud blir st\u00e5ende. V\u00e5re medlemmer i avd. 92 f\u00e5r et tillegg p\u00e5 4,8%. Vi hadde \u00f8nsket at de skulle ha landet p\u00e5 det samme som de fleste offshore da det er naturlig \u00e5 sammenlikne disse gruppene, men det var det ikke vilje til hos bedriften. Her er det slik at vi har sanksjonsrett ogs\u00e5 i mellomoppgj\u00f8r, men \u00e5 begynne \u00e5 dagse for 0,2% er d\u00e5rlig butikk for begge parter. Det v\u00e5penet skal vi bruke hvis vi m\u00e5, men da m\u00e5 det nok v\u00e6re st\u00f8rre ting p\u00e5 spill.<\/p>\n\n\n\n<p><\/p>\n\n\n\n<p>Klubbleder, Jan Inge Olsen<\/p>\n\n\n\n<p><\/p>\n","protected":false},"excerpt":{"rendered":"<p>OBF (operat\u00f8r, boring og forpleining) \u00c5rets mellomoppgj\u00f8r ble gjennomf\u00f8rt i Offshore Norges lokaler i Stavanger, 12 og 13 mai. Vi \u2026 <\/p>\n","protected":false},"author":214,"featured_media":0,"parent":0,"menu_order":0,"comment_status":"closed","ping_status":"closed","template":"","meta":{"_acf_changed":false,"teft_cards_image_id":0,"teft_cards_image_focal_point_x":0,"teft_cards_image_focal_point_y":0,"teft_cards_title":"","teft_cards_excerpt":"","footnotes":""},"news-tag":[],"class_list":["post-562","page","type-page","status-publish","hentry"],"yoast_head":"<!-- This site is optimized with the Yoast SEO Premium plugin v22.4 (Yoast SEO v23.0) - https:\/\/yoast.com\/wordpress\/plugins\/seo\/ -->\n<title>L\u00f8nnsoppgj\u00f8r 2025 - Oljearbeiderforeningen<\/title>\n<meta name=\"robots\" content=\"index, follow, max-snippet:-1, max-image-preview:large, max-video-preview:-1\" \/>\n<link rel=\"canonical\" href=\"https:\/\/styrke.no\/oljearbeiderforeningen\/lonnsoppgjor-2025\/\" \/>\n<meta property=\"og:locale\" content=\"nb_NO\" \/>\n<meta property=\"og:type\" content=\"article\" \/>\n<meta property=\"og:title\" content=\"L\u00f8nnsoppgj\u00f8r 2025\" \/>\n<meta property=\"og:description\" content=\"OBF (operat\u00f8r, boring og forpleining) \u00c5rets mellomoppgj\u00f8r ble gjennomf\u00f8rt i Offshore Norges lokaler i Stavanger, 12 og 13 mai. Vi \u2026\" \/>\n<meta property=\"og:url\" content=\"https:\/\/styrke.no\/oljearbeiderforeningen\/lonnsoppgjor-2025\/\" \/>\n<meta property=\"og:site_name\" content=\"Oljearbeiderforeningen\" \/>\n<meta property=\"article:modified_time\" content=\"2025-10-06T18:32:44+00:00\" \/>\n<meta name=\"twitter:card\" content=\"summary_large_image\" \/>\n<meta name=\"twitter:label1\" content=\"Ansl. lesetid\" \/>\n\t<meta name=\"twitter:data1\" content=\"2 minutter\" \/>\n<script type=\"application\/ld+json\" class=\"yoast-schema-graph\">{\"@context\":\"https:\/\/schema.org\",\"@graph\":[{\"@type\":\"WebPage\",\"@id\":\"https:\/\/styrke.no\/oljearbeiderforeningen\/lonnsoppgjor-2025\/\",\"url\":\"https:\/\/styrke.no\/oljearbeiderforeningen\/lonnsoppgjor-2025\/\",\"name\":\"L\u00f8nnsoppgj\u00f8r 2025 - Oljearbeiderforeningen\",\"isPartOf\":{\"@id\":\"https:\/\/styrke.no\/oljearbeiderforeningen\/#website\"},\"datePublished\":\"2025-09-26T07:39:35+00:00\",\"dateModified\":\"2025-10-06T18:32:44+00:00\",\"breadcrumb\":{\"@id\":\"https:\/\/styrke.no\/oljearbeiderforeningen\/lonnsoppgjor-2025\/#breadcrumb\"},\"inLanguage\":\"nb-NO\",\"potentialAction\":[{\"@type\":\"ReadAction\",\"target\":[\"https:\/\/styrke.no\/oljearbeiderforeningen\/lonnsoppgjor-2025\/\"]}]},{\"@type\":\"BreadcrumbList\",\"@id\":\"https:\/\/styrke.no\/oljearbeiderforeningen\/lonnsoppgjor-2025\/#breadcrumb\",\"itemListElement\":[{\"@type\":\"ListItem\",\"position\":1,\"name\":\"Hjem\",\"item\":\"https:\/\/styrke.no\/oljearbeiderforeningen\/\"},{\"@type\":\"ListItem\",\"position\":2,\"name\":\"L\u00f8nnsoppgj\u00f8r 2025\"}]},{\"@type\":\"WebSite\",\"@id\":\"https:\/\/styrke.no\/oljearbeiderforeningen\/#website\",\"url\":\"https:\/\/styrke.no\/oljearbeiderforeningen\/\",\"name\":\"Oljearbeiderforeningen\",\"description\":\"\",\"publisher\":{\"@id\":\"https:\/\/styrke.no\/oljearbeiderforeningen\/#organization\"},\"potentialAction\":[{\"@type\":\"SearchAction\",\"target\":{\"@type\":\"EntryPoint\",\"urlTemplate\":\"https:\/\/styrke.no\/oljearbeiderforeningen\/?s={search_term_string}\"},\"query-input\":\"required name=search_term_string\"}],\"inLanguage\":\"nb-NO\"},{\"@type\":\"Organization\",\"@id\":\"https:\/\/styrke.no\/oljearbeiderforeningen\/#organization\",\"name\":\"Oljearbeiderforeningen\",\"url\":\"https:\/\/styrke.no\/oljearbeiderforeningen\/\",\"logo\":{\"@type\":\"ImageObject\",\"inLanguage\":\"nb-NO\",\"@id\":\"https:\/\/styrke.no\/oljearbeiderforeningen\/#\/schema\/logo\/image\/\",\"url\":\"https:\/\/styrke.no\/content\/uploads\/sites\/24\/2024\/10\/Isolation_Mode.svg\",\"contentUrl\":\"https:\/\/styrke.no\/content\/uploads\/sites\/24\/2024\/10\/Isolation_Mode.svg\",\"width\":185,\"height\":54,\"caption\":\"Oljearbeiderforeningen\"},\"image\":{\"@id\":\"https:\/\/styrke.no\/oljearbeiderforeningen\/#\/schema\/logo\/image\/\"}}]}<\/script>\n<!-- \/ Yoast SEO Premium plugin. -->","yoast_head_json":{"title":"L\u00f8nnsoppgj\u00f8r 2025 - Oljearbeiderforeningen","robots":{"index":"index","follow":"follow","max-snippet":"max-snippet:-1","max-image-preview":"max-image-preview:large","max-video-preview":"max-video-preview:-1"},"canonical":"https:\/\/styrke.no\/oljearbeiderforeningen\/lonnsoppgjor-2025\/","og_locale":"nb_NO","og_type":"article","og_title":"L\u00f8nnsoppgj\u00f8r 2025","og_description":"OBF (operat\u00f8r, boring og forpleining) \u00c5rets mellomoppgj\u00f8r ble gjennomf\u00f8rt i Offshore Norges lokaler i Stavanger, 12 og 13 mai. Vi \u2026","og_url":"https:\/\/styrke.no\/oljearbeiderforeningen\/lonnsoppgjor-2025\/","og_site_name":"Oljearbeiderforeningen","article_modified_time":"2025-10-06T18:32:44+00:00","twitter_card":"summary_large_image","twitter_misc":{"Ansl. lesetid":"2 minutter"},"schema":{"@context":"https:\/\/schema.org","@graph":[{"@type":"WebPage","@id":"https:\/\/styrke.no\/oljearbeiderforeningen\/lonnsoppgjor-2025\/","url":"https:\/\/styrke.no\/oljearbeiderforeningen\/lonnsoppgjor-2025\/","name":"L\u00f8nnsoppgj\u00f8r 2025 - Oljearbeiderforeningen","isPartOf":{"@id":"https:\/\/styrke.no\/oljearbeiderforeningen\/#website"},"datePublished":"2025-09-26T07:39:35+00:00","dateModified":"2025-10-06T18:32:44+00:00","breadcrumb":{"@id":"https:\/\/styrke.no\/oljearbeiderforeningen\/lonnsoppgjor-2025\/#breadcrumb"},"inLanguage":"nb-NO","potentialAction":[{"@type":"ReadAction","target":["https:\/\/styrke.no\/oljearbeiderforeningen\/lonnsoppgjor-2025\/"]}]},{"@type":"BreadcrumbList","@id":"https:\/\/styrke.no\/oljearbeiderforeningen\/lonnsoppgjor-2025\/#breadcrumb","itemListElement":[{"@type":"ListItem","position":1,"name":"Hjem","item":"https:\/\/styrke.no\/oljearbeiderforeningen\/"},{"@type":"ListItem","position":2,"name":"L\u00f8nnsoppgj\u00f8r 2025"}]},{"@type":"WebSite","@id":"https:\/\/styrke.no\/oljearbeiderforeningen\/#website","url":"https:\/\/styrke.no\/oljearbeiderforeningen\/","name":"Oljearbeiderforeningen","description":"","publisher":{"@id":"https:\/\/styrke.no\/oljearbeiderforeningen\/#organization"},"potentialAction":[{"@type":"SearchAction","target":{"@type":"EntryPoint","urlTemplate":"https:\/\/styrke.no\/oljearbeiderforeningen\/?s={search_term_string}"},"query-input":"required name=search_term_string"}],"inLanguage":"nb-NO"},{"@type":"Organization","@id":"https:\/\/styrke.no\/oljearbeiderforeningen\/#organization","name":"Oljearbeiderforeningen","url":"https:\/\/styrke.no\/oljearbeiderforeningen\/","logo":{"@type":"ImageObject","inLanguage":"nb-NO","@id":"https:\/\/styrke.no\/oljearbeiderforeningen\/#\/schema\/logo\/image\/","url":"https:\/\/styrke.no\/content\/uploads\/sites\/24\/2024\/10\/Isolation_Mode.svg","contentUrl":"https:\/\/styrke.no\/content\/uploads\/sites\/24\/2024\/10\/Isolation_Mode.svg","width":185,"height":54,"caption":"Oljearbeiderforeningen"},"image":{"@id":"https:\/\/styrke.no\/oljearbeiderforeningen\/#\/schema\/logo\/image\/"}}]}},"acf":[],"_links":{"self":[{"href":"https:\/\/styrke.no\/oljearbeiderforeningen\/wp-json\/wp\/v2\/pages\/562"}],"collection":[{"href":"https:\/\/styrke.no\/oljearbeiderforeningen\/wp-json\/wp\/v2\/pages"}],"about":[{"href":"https:\/\/styrke.no\/oljearbeiderforeningen\/wp-json\/wp\/v2\/types\/page"}],"author":[{"embeddable":true,"href":"https:\/\/styrke.no\/oljearbeiderforeningen\/wp-json\/wp\/v2\/users\/214"}],"replies":[{"embeddable":true,"href":"https:\/\/styrke.no\/oljearbeiderforeningen\/wp-json\/wp\/v2\/comments?post=562"}],"version-history":[{"count":3,"href":"https:\/\/styrke.no\/oljearbeiderforeningen\/wp-json\/wp\/v2\/pages\/562\/revisions"}],"predecessor-version":[{"id":654,"href":"https:\/\/styrke.no\/oljearbeiderforeningen\/wp-json\/wp\/v2\/pages\/562\/revisions\/654"}],"wp:attachment":[{"href":"https:\/\/styrke.no\/oljearbeiderforeningen\/wp-json\/wp\/v2\/media?parent=562"}],"wp:term":[{"taxonomy":"news-tag","embeddable":true,"href":"https:\/\/styrke.no\/oljearbeiderforeningen\/wp-json\/wp\/v2\/news-tag?post=562"}],"curies":[{"name":"wp","href":"https:\/\/api.w.org\/{rel}","templated":true}]}}