{"id":662,"date":"2025-10-08T20:54:29","date_gmt":"2025-10-08T18:54:29","guid":{"rendered":"https:\/\/styrke.no\/oljearbeiderforeningen\/?page_id=662"},"modified":"2025-10-09T17:04:02","modified_gmt":"2025-10-09T15:04:02","slug":"gavepensjon","status":"publish","type":"page","link":"https:\/\/styrke.no\/oljearbeiderforeningen\/gavepensjon\/","title":{"rendered":"Gavepensjon"},"content":{"rendered":"\t<div class=\"hero alignfull wp-block-dekode-hero\">\n\t\t<div class=\"hero__inner\">\n\t\t\t<div class=\"hero__media\">\n\t\t\t\t\n\t\t<div class=\"illustration\">\n\t\t<img loading=\"lazy\" decoding=\"async\" width=\"225\" height=\"225\" src=\"https:\/\/styrke.no\/content\/uploads\/sites\/24\/2025\/09\/images.png\" class=\"illustration__image\" alt=\"\" style=\"object-position: 50% 50%\" srcset=\"https:\/\/styrke.no\/content\/uploads\/sites\/24\/2025\/09\/images.png 225w, https:\/\/styrke.no\/content\/uploads\/sites\/24\/2025\/09\/images-150x150.png 150w\" \/>\t<\/div>\n\t\t\n\t\t\t<\/div>\n\n\t\t\t<div class=\"hero__content\">\n\t\t\t\t<h1 class=\"hero__title\">Gavepensjon<\/h1>\t\t\t\t\t<p>Informasjon vedr\u00f8rende gavepensjon ifm virksomhetsoverdragelse<\/p>\n\t\t\t\t\t\t\t\t\t\t<div class=\"wp-block-buttons is-layout-flex wp-block-buttons-is-layout-flex\">\n\t\t\t\t\t\t<div class=\"wp-block-button\"><a class=\"wp-block-button__link wp-element-button\" href=\"https:\/\/forms.office.com\/pages\/responsepage.aspx?id=XtgAdEkMUkim4pmhCRXORRLnVQplvrtKhyUqTeASauRUNlE3SkpRMURCNkE2SU5RMFhBNThNNjRGUC4u&#038;route=shorturl%20\">Link s\u00f8knadsskjema<\/a><\/div>\t\t\t\t\t<\/div>\n\t\t\t\t\t\t\t\t<\/div>\n\t\t<\/div>\n\t<\/div>\n\t\n\n\n<p>Harald Hereid (Hovedtillitsvalgt i Odfjell) startet en prosess f\u00f8r virksomhetsoverdragelsen til KCAD (n\u00e5 H&amp;P) ang\u00e5ende gavepensjonen p\u00e5 1G, som de hadde i Odfjell og Archer. En samarbeidsgruppe best\u00e5ende av b\u00e5de Styrke og Safe ble opprettet. Alle ansatte som var p\u00e5 NR avtalen f\u00f8r virksomhetsoverdragelsen har fortsatt  rett til gavepensjon p\u00e5 1G ihht. NR Flyteriggavtalen.<\/p>\n\n\n\n<p>Villk\u00e5r for gavepensjon:<\/p>\n\n\n\n<ul class=\"wp-block-list\">\n<li>Uavhengig av at aktuelle s\u00f8kere blir overf\u00f8rt til sokkelavtalen for Oljeboringsbedrifter (125)  <\/li>\n\n\n\n<li>Uavhengig av at vi skifter navn til H&amp;P<\/li>\n\n\n\n<li>Uavhengig av n\u00e5r du skal pensjonere deg<\/li>\n\n\n\n<li>Det er en permanent ordning p\u00e5 akkurat samme vilk\u00e5r som p\u00e5 flyteriggavtalen<\/li>\n<\/ul>\n\n\n\n<p>Kriteriet for \u00e5 s\u00f8ke er at man er virksomhetsoverdratt til en annen borebedrift som ikke ligger under flyteriggavtalen der man hadde disse rettighetene. <\/p>\n\n\n\n<p>For \u00e5 s\u00f8ke om gavepensjon m\u00e5 man ogs\u00e5 ha rett til AFP.<\/p>\n\n\n\n<p>Tidspunkt for \u00e5 s\u00f8ke er n\u00e5r man skal g\u00e5 av med pensjon. Man sender da inn s\u00f8knad (via link\/skjema vedlagt) s\u00e5 blir den enkelte kontaktet og bedt om dokumentasjon p\u00e5 at man har fratr\u00e5dt stilling, dokumentasjon at man har v\u00e6rt virksomhetsoverdratt etc. <\/p>\n\n\n\n<p>Arbeidstaker som slutter p\u00e5 vanlig m\u00e5te i Odfjell\/Archer for \u00e5 begynne i H&amp;P vil ikke ha rettigheter til gavepensjon.<\/p>\n\n\n\n<p>P\u00e5 sp\u00f8rsm\u00e5l 11 krysser du av for &#8220;2.4 overgangsordning for ansatte innen plattformboring (ikke med i MPK) som virksomhets overdras til selskaper utenfor Norges rederiforbund, hvor de opprettholder sine rettigheter til tilleggsordning beskrevet i bilag 4 pkt 5.&#8221;<\/p>\n\n\n\n<p>Hvis det er lenge til du skal pensjonere deg s\u00e5 kan det v\u00e6re lurt \u00e5 allerede n\u00e5 skaffe\/ta vare p\u00e5 bekreftelsen at du har blitt overdratt til H&amp;P.<\/p>\n\n\n\n<p>Jan Inge Olsen, klubbleder.<\/p>\n","protected":false},"excerpt":{"rendered":"<p>Harald Hereid (Hovedtillitsvalgt i Odfjell) startet en prosess f\u00f8r virksomhetsoverdragelsen til KCAD (n\u00e5 H&amp;P) ang\u00e5ende gavepensjonen p\u00e5 1G, som de \u2026 <\/p>\n","protected":false},"author":214,"featured_media":0,"parent":0,"menu_order":0,"comment_status":"closed","ping_status":"closed","template":"","meta":{"_acf_changed":false,"teft_cards_image_id":0,"teft_cards_image_focal_point_x":0,"teft_cards_image_focal_point_y":0,"teft_cards_title":"","teft_cards_excerpt":"","footnotes":""},"news-tag":[],"class_list":["post-662","page","type-page","status-publish","hentry"],"yoast_head":"<!-- This site is optimized with the Yoast SEO Premium plugin v22.4 (Yoast SEO v23.0) - https:\/\/yoast.com\/wordpress\/plugins\/seo\/ -->\n<title>Gavepensjon - Oljearbeiderforeningen<\/title>\n<meta name=\"robots\" content=\"index, follow, max-snippet:-1, max-image-preview:large, max-video-preview:-1\" \/>\n<link rel=\"canonical\" href=\"https:\/\/styrke.no\/oljearbeiderforeningen\/gavepensjon\/\" \/>\n<meta property=\"og:locale\" content=\"nb_NO\" \/>\n<meta property=\"og:type\" content=\"article\" \/>\n<meta property=\"og:title\" content=\"Gavepensjon\" \/>\n<meta property=\"og:description\" content=\"Harald Hereid (Hovedtillitsvalgt i Odfjell) startet en prosess f\u00f8r virksomhetsoverdragelsen til KCAD (n\u00e5 H&amp;P) ang\u00e5ende gavepensjonen p\u00e5 1G, som de \u2026\" \/>\n<meta property=\"og:url\" content=\"https:\/\/styrke.no\/oljearbeiderforeningen\/gavepensjon\/\" \/>\n<meta property=\"og:site_name\" content=\"Oljearbeiderforeningen\" \/>\n<meta property=\"article:modified_time\" content=\"2025-10-09T15:04:02+00:00\" \/>\n<meta name=\"twitter:card\" content=\"summary_large_image\" \/>\n<meta name=\"twitter:label1\" content=\"Ansl. lesetid\" \/>\n\t<meta name=\"twitter:data1\" content=\"2 minutter\" \/>\n<script type=\"application\/ld+json\" class=\"yoast-schema-graph\">{\"@context\":\"https:\/\/schema.org\",\"@graph\":[{\"@type\":\"WebPage\",\"@id\":\"https:\/\/styrke.no\/oljearbeiderforeningen\/gavepensjon\/\",\"url\":\"https:\/\/styrke.no\/oljearbeiderforeningen\/gavepensjon\/\",\"name\":\"Gavepensjon - Oljearbeiderforeningen\",\"isPartOf\":{\"@id\":\"https:\/\/styrke.no\/oljearbeiderforeningen\/#website\"},\"datePublished\":\"2025-10-08T18:54:29+00:00\",\"dateModified\":\"2025-10-09T15:04:02+00:00\",\"breadcrumb\":{\"@id\":\"https:\/\/styrke.no\/oljearbeiderforeningen\/gavepensjon\/#breadcrumb\"},\"inLanguage\":\"nb-NO\",\"potentialAction\":[{\"@type\":\"ReadAction\",\"target\":[\"https:\/\/styrke.no\/oljearbeiderforeningen\/gavepensjon\/\"]}]},{\"@type\":\"BreadcrumbList\",\"@id\":\"https:\/\/styrke.no\/oljearbeiderforeningen\/gavepensjon\/#breadcrumb\",\"itemListElement\":[{\"@type\":\"ListItem\",\"position\":1,\"name\":\"Hjem\",\"item\":\"https:\/\/styrke.no\/oljearbeiderforeningen\/\"},{\"@type\":\"ListItem\",\"position\":2,\"name\":\"Gavepensjon\"}]},{\"@type\":\"WebSite\",\"@id\":\"https:\/\/styrke.no\/oljearbeiderforeningen\/#website\",\"url\":\"https:\/\/styrke.no\/oljearbeiderforeningen\/\",\"name\":\"Oljearbeiderforeningen\",\"description\":\"\",\"publisher\":{\"@id\":\"https:\/\/styrke.no\/oljearbeiderforeningen\/#organization\"},\"potentialAction\":[{\"@type\":\"SearchAction\",\"target\":{\"@type\":\"EntryPoint\",\"urlTemplate\":\"https:\/\/styrke.no\/oljearbeiderforeningen\/?s={search_term_string}\"},\"query-input\":\"required name=search_term_string\"}],\"inLanguage\":\"nb-NO\"},{\"@type\":\"Organization\",\"@id\":\"https:\/\/styrke.no\/oljearbeiderforeningen\/#organization\",\"name\":\"Oljearbeiderforeningen\",\"url\":\"https:\/\/styrke.no\/oljearbeiderforeningen\/\",\"logo\":{\"@type\":\"ImageObject\",\"inLanguage\":\"nb-NO\",\"@id\":\"https:\/\/styrke.no\/oljearbeiderforeningen\/#\/schema\/logo\/image\/\",\"url\":\"https:\/\/styrke.no\/content\/uploads\/sites\/24\/2024\/10\/Isolation_Mode.svg\",\"contentUrl\":\"https:\/\/styrke.no\/content\/uploads\/sites\/24\/2024\/10\/Isolation_Mode.svg\",\"width\":185,\"height\":54,\"caption\":\"Oljearbeiderforeningen\"},\"image\":{\"@id\":\"https:\/\/styrke.no\/oljearbeiderforeningen\/#\/schema\/logo\/image\/\"}}]}<\/script>\n<!-- \/ Yoast SEO Premium plugin. -->","yoast_head_json":{"title":"Gavepensjon - Oljearbeiderforeningen","robots":{"index":"index","follow":"follow","max-snippet":"max-snippet:-1","max-image-preview":"max-image-preview:large","max-video-preview":"max-video-preview:-1"},"canonical":"https:\/\/styrke.no\/oljearbeiderforeningen\/gavepensjon\/","og_locale":"nb_NO","og_type":"article","og_title":"Gavepensjon","og_description":"Harald Hereid (Hovedtillitsvalgt i Odfjell) startet en prosess f\u00f8r virksomhetsoverdragelsen til KCAD (n\u00e5 H&amp;P) ang\u00e5ende gavepensjonen p\u00e5 1G, som de \u2026","og_url":"https:\/\/styrke.no\/oljearbeiderforeningen\/gavepensjon\/","og_site_name":"Oljearbeiderforeningen","article_modified_time":"2025-10-09T15:04:02+00:00","twitter_card":"summary_large_image","twitter_misc":{"Ansl. lesetid":"2 minutter"},"schema":{"@context":"https:\/\/schema.org","@graph":[{"@type":"WebPage","@id":"https:\/\/styrke.no\/oljearbeiderforeningen\/gavepensjon\/","url":"https:\/\/styrke.no\/oljearbeiderforeningen\/gavepensjon\/","name":"Gavepensjon - Oljearbeiderforeningen","isPartOf":{"@id":"https:\/\/styrke.no\/oljearbeiderforeningen\/#website"},"datePublished":"2025-10-08T18:54:29+00:00","dateModified":"2025-10-09T15:04:02+00:00","breadcrumb":{"@id":"https:\/\/styrke.no\/oljearbeiderforeningen\/gavepensjon\/#breadcrumb"},"inLanguage":"nb-NO","potentialAction":[{"@type":"ReadAction","target":["https:\/\/styrke.no\/oljearbeiderforeningen\/gavepensjon\/"]}]},{"@type":"BreadcrumbList","@id":"https:\/\/styrke.no\/oljearbeiderforeningen\/gavepensjon\/#breadcrumb","itemListElement":[{"@type":"ListItem","position":1,"name":"Hjem","item":"https:\/\/styrke.no\/oljearbeiderforeningen\/"},{"@type":"ListItem","position":2,"name":"Gavepensjon"}]},{"@type":"WebSite","@id":"https:\/\/styrke.no\/oljearbeiderforeningen\/#website","url":"https:\/\/styrke.no\/oljearbeiderforeningen\/","name":"Oljearbeiderforeningen","description":"","publisher":{"@id":"https:\/\/styrke.no\/oljearbeiderforeningen\/#organization"},"potentialAction":[{"@type":"SearchAction","target":{"@type":"EntryPoint","urlTemplate":"https:\/\/styrke.no\/oljearbeiderforeningen\/?s={search_term_string}"},"query-input":"required name=search_term_string"}],"inLanguage":"nb-NO"},{"@type":"Organization","@id":"https:\/\/styrke.no\/oljearbeiderforeningen\/#organization","name":"Oljearbeiderforeningen","url":"https:\/\/styrke.no\/oljearbeiderforeningen\/","logo":{"@type":"ImageObject","inLanguage":"nb-NO","@id":"https:\/\/styrke.no\/oljearbeiderforeningen\/#\/schema\/logo\/image\/","url":"https:\/\/styrke.no\/content\/uploads\/sites\/24\/2024\/10\/Isolation_Mode.svg","contentUrl":"https:\/\/styrke.no\/content\/uploads\/sites\/24\/2024\/10\/Isolation_Mode.svg","width":185,"height":54,"caption":"Oljearbeiderforeningen"},"image":{"@id":"https:\/\/styrke.no\/oljearbeiderforeningen\/#\/schema\/logo\/image\/"}}]}},"acf":[],"_links":{"self":[{"href":"https:\/\/styrke.no\/oljearbeiderforeningen\/wp-json\/wp\/v2\/pages\/662"}],"collection":[{"href":"https:\/\/styrke.no\/oljearbeiderforeningen\/wp-json\/wp\/v2\/pages"}],"about":[{"href":"https:\/\/styrke.no\/oljearbeiderforeningen\/wp-json\/wp\/v2\/types\/page"}],"author":[{"embeddable":true,"href":"https:\/\/styrke.no\/oljearbeiderforeningen\/wp-json\/wp\/v2\/users\/214"}],"replies":[{"embeddable":true,"href":"https:\/\/styrke.no\/oljearbeiderforeningen\/wp-json\/wp\/v2\/comments?post=662"}],"version-history":[{"count":3,"href":"https:\/\/styrke.no\/oljearbeiderforeningen\/wp-json\/wp\/v2\/pages\/662\/revisions"}],"predecessor-version":[{"id":683,"href":"https:\/\/styrke.no\/oljearbeiderforeningen\/wp-json\/wp\/v2\/pages\/662\/revisions\/683"}],"wp:attachment":[{"href":"https:\/\/styrke.no\/oljearbeiderforeningen\/wp-json\/wp\/v2\/media?parent=662"}],"wp:term":[{"taxonomy":"news-tag","embeddable":true,"href":"https:\/\/styrke.no\/oljearbeiderforeningen\/wp-json\/wp\/v2\/news-tag?post=662"}],"curies":[{"name":"wp","href":"https:\/\/api.w.org\/{rel}","templated":true}]}}