{"id":135,"date":"2021-11-15T10:49:16","date_gmt":"2021-11-15T09:49:16","guid":{"rendered":"https:\/\/styrke.no\/onesubsea\/?page_id=135"},"modified":"2026-02-23T11:00:25","modified_gmt":"2026-02-23T10:00:25","slug":"lonns-og-arbeidsavtaler","status":"publish","type":"page","link":"https:\/\/styrke.no\/onesubsea\/lonns-og-arbeidsavtaler\/","title":{"rendered":"L\u00f8nns- og arbeidsavtaler"},"content":{"rendered":"\t<div class=\"hero alignfull wp-block-dekode-hero has-background has-primary-200-background-color\">\n\t\t<div class=\"hero__inner\">\n\t\t\t<div class=\"hero__media\">\n\t\t\t\t\n\t\t<div class=\"illustration\">\n\t\t<img loading=\"lazy\" decoding=\"async\" width=\"1024\" height=\"683\" src=\"https:\/\/styrke.no\/content\/uploads\/sites\/33\/2026\/02\/ChatGPT-Image-19.-feb.-2026-14_21_56-1024x683.png\" class=\"illustration__image\" alt=\"\" style=\"object-position: 50% 50%\" srcset=\"https:\/\/styrke.no\/content\/uploads\/sites\/33\/2026\/02\/ChatGPT-Image-19.-feb.-2026-14_21_56-1024x683.png 1024w, https:\/\/styrke.no\/content\/uploads\/sites\/33\/2026\/02\/ChatGPT-Image-19.-feb.-2026-14_21_56-300x200.png 300w, https:\/\/styrke.no\/content\/uploads\/sites\/33\/2026\/02\/ChatGPT-Image-19.-feb.-2026-14_21_56-768x512.png 768w, https:\/\/styrke.no\/content\/uploads\/sites\/33\/2026\/02\/ChatGPT-Image-19.-feb.-2026-14_21_56.png 1536w\" \/>\t<\/div>\n\t\t\n\t\t\t<\/div>\n\n\t\t\t<div class=\"hero__content\">\n\t\t\t\t<h1 class=\"hero__title\">L\u00f8nns- og arbeidsavtaler<\/h1>\t\t\t\t\t<p>Her finner du avtaler som regulerer l\u00f8nns- og arbeidsvilk\u00e5r i virksomheten. <\/p>\n\t\t\t\t\t\t\t\t\t\t<div class=\"wp-block-buttons is-layout-flex wp-block-buttons-is-layout-flex\">\n\t\t\t\t\t\t<div class=\"wp-block-button\"><a class=\"wp-block-button__link wp-element-button\" href=\"https:\/\/styrke.no\/onesubsea\/tillitsvalgte\/\">Kontakt oss<\/a><\/div>\t\t\t\t\t<\/div>\n\t\t\t\t\t\t\t\t<\/div>\n\t\t<\/div>\n\t<\/div>\n\t\n\n\n<h2 class=\"wp-block-heading alignwide\" id=\"h-\"><\/h2>\n\n\n\n<p class=\"alignwide has-text-align-wide\">De organisasjonsmessige forhold og samarbeidsforhold er regulert av Hovedavtalen mellom LO &#8211; NHO. OneSubsea Processing AS er organisert hos NHO gjennom arbeidsgiver- og bransjeorganisasjonen Offshore Norge. Tilsvarende er vi organisert i LO gjennom medlemsskapet i Forbundet Styrke.<br><br>Tariffavtalen forhandles frem av Offshore Norge og Styrke og har overordnede rammer for l\u00f8nns- og arbeidsvilk\u00e5r i bransjen og virksomhetene den omfatter. Oljeserviceavtalen omfatter bedriften og alle ansatte.<br><br>Lokale avtaler forhandles av v\u00e5r fagforening og bedriften. Vi representerer v\u00e5re medlemmer i Styrke og kan representere alle ansatte, uansett stillingskategori. Vi har m\u00e5l om \u00e5 ha avtaler som omfatter alle medlemmer.<\/p>\n\n\n\n<div class=\"wp-block-group alignwide has-bg-soft-background-color has-background tariffavtaler-listing is-layout-flow wp-block-group-is-layout-flow\">\n<h2 class=\"wp-block-heading\" id=\"h-avtalene\">Avtalene<\/h2>\n\n\n\n<div class=\"wp-block-group alignwide has-global-padding is-layout-constrained wp-block-group-is-layout-constrained\"><div class=\"teft-cards-grid-dynamic alignwide has-2-posts has-even-count\"><div class=\"teft-cards-grid default-size-4\"><div class=\"teft-cards-item is-card-document\">\n\t<div class=\"teft-card is-document-card teft-card-size-small\">\n\t\t<div class=\"card-image\">\n\t\t\t<a class=\"card-link\" href=\"https:\/\/styrke.no\/onesubsea\/lonns-og-arbeidsvilkar\/tariffavtaler\/lokal-saeravtale-begrenset\/\">\n\t\t\t\t<div class=\"image-inner image-fallback fallback-4\"><\/div>\t\t\t<\/a>\n\t\t<\/div>\n\t\t<div class=\"card-content\">\n\t\t\t<a class=\"card-link\" href=\"https:\/\/styrke.no\/onesubsea\/lonns-og-arbeidsvilkar\/tariffavtaler\/lokal-saeravtale-begrenset\/\">\n\t\t\t\t<h2 class=\"card-title\">Lokal s\u00e6ravtale, overtidsberettigede<\/h2>\n\t\t\t\t\t\t\t<\/a>\n\t\t<\/div>\n\t<\/div>\n\n\t<\/div><div class=\"teft-cards-item is-card-document\">\n\t<div class=\"teft-card is-document-card teft-card-size-small\">\n\t\t<div class=\"card-image\">\n\t\t\t<a class=\"card-link\" href=\"https:\/\/styrke.no\/onesubsea\/lonns-og-arbeidsvilkar\/tariffavtaler\/oljeserviceavtalen\/\">\n\t\t\t\t<div class=\"image-inner image-fallback fallback-4\"><\/div>\t\t\t<\/a>\n\t\t<\/div>\n\t\t<div class=\"card-content\">\n\t\t\t<a class=\"card-link\" href=\"https:\/\/styrke.no\/onesubsea\/lonns-og-arbeidsvilkar\/tariffavtaler\/oljeserviceavtalen\/\">\n\t\t\t\t<h2 class=\"card-title\">Oljeserviceavtalen<\/h2>\n\t\t\t\t\t\t\t<\/a>\n\t\t<\/div>\n\t<\/div>\n\n\t<\/div><\/div><\/div>\n\n\n<p><\/p>\n<\/div>\n<\/div>\n","protected":false},"excerpt":{"rendered":"<p>De organisasjonsmessige forhold og samarbeidsforhold er regulert av Hovedavtalen mellom LO &#8211; NHO. OneSubsea Processing AS er organisert hos NHO \u2026 <\/p>\n","protected":false},"author":129,"featured_media":0,"parent":0,"menu_order":0,"comment_status":"closed","ping_status":"closed","template":"","meta":{"_acf_changed":false,"teft_cards_image_id":0,"teft_cards_image_focal_point_x":0,"teft_cards_image_focal_point_y":0,"teft_cards_title":"","teft_cards_excerpt":"","footnotes":""},"news-tag":[],"class_list":["post-135","page","type-page","status-publish","hentry"],"yoast_head":"<!-- This site is optimized with the Yoast SEO Premium plugin v22.4 (Yoast SEO v23.0) - https:\/\/yoast.com\/wordpress\/plugins\/seo\/ -->\n<title>L\u00f8nns- og arbeidsavtaler - Styrke OneSubsea<\/title>\n<meta name=\"robots\" content=\"index, follow, max-snippet:-1, max-image-preview:large, max-video-preview:-1\" \/>\n<link rel=\"canonical\" href=\"https:\/\/styrke.no\/onesubsea\/lonns-og-arbeidsavtaler\/\" \/>\n<meta property=\"og:locale\" content=\"nb_NO\" \/>\n<meta property=\"og:type\" content=\"article\" \/>\n<meta property=\"og:title\" content=\"L\u00f8nns- og arbeidsavtaler\" \/>\n<meta property=\"og:description\" content=\"De organisasjonsmessige forhold og samarbeidsforhold er regulert av Hovedavtalen mellom LO &#8211; NHO. OneSubsea Processing AS er organisert hos NHO \u2026\" \/>\n<meta property=\"og:url\" content=\"https:\/\/styrke.no\/onesubsea\/lonns-og-arbeidsavtaler\/\" \/>\n<meta property=\"og:site_name\" content=\"Styrke OneSubsea\" \/>\n<meta property=\"article:modified_time\" content=\"2026-02-23T10:00:25+00:00\" \/>\n<meta name=\"twitter:card\" content=\"summary_large_image\" \/>\n<meta name=\"twitter:label1\" content=\"Ansl. lesetid\" \/>\n\t<meta name=\"twitter:data1\" content=\"1 minutt\" \/>\n<script type=\"application\/ld+json\" class=\"yoast-schema-graph\">{\"@context\":\"https:\/\/schema.org\",\"@graph\":[{\"@type\":\"WebPage\",\"@id\":\"https:\/\/styrke.no\/onesubsea\/lonns-og-arbeidsavtaler\/\",\"url\":\"https:\/\/styrke.no\/onesubsea\/lonns-og-arbeidsavtaler\/\",\"name\":\"L\u00f8nns- og arbeidsavtaler - Styrke OneSubsea\",\"isPartOf\":{\"@id\":\"https:\/\/styrke.no\/onesubsea\/#website\"},\"datePublished\":\"2021-11-15T09:49:16+00:00\",\"dateModified\":\"2026-02-23T10:00:25+00:00\",\"breadcrumb\":{\"@id\":\"https:\/\/styrke.no\/onesubsea\/lonns-og-arbeidsavtaler\/#breadcrumb\"},\"inLanguage\":\"nb-NO\",\"potentialAction\":[{\"@type\":\"ReadAction\",\"target\":[\"https:\/\/styrke.no\/onesubsea\/lonns-og-arbeidsavtaler\/\"]}]},{\"@type\":\"BreadcrumbList\",\"@id\":\"https:\/\/styrke.no\/onesubsea\/lonns-og-arbeidsavtaler\/#breadcrumb\",\"itemListElement\":[{\"@type\":\"ListItem\",\"position\":1,\"name\":\"Hjem\",\"item\":\"https:\/\/styrke.no\/onesubsea\/\"},{\"@type\":\"ListItem\",\"position\":2,\"name\":\"L\u00f8nns- og arbeidsavtaler\"}]},{\"@type\":\"WebSite\",\"@id\":\"https:\/\/styrke.no\/onesubsea\/#website\",\"url\":\"https:\/\/styrke.no\/onesubsea\/\",\"name\":\"Styrke OneSubsea\",\"description\":\"Fagforeningen for ansatte i OneSubsea\",\"publisher\":{\"@id\":\"https:\/\/styrke.no\/onesubsea\/#organization\"},\"potentialAction\":[{\"@type\":\"SearchAction\",\"target\":{\"@type\":\"EntryPoint\",\"urlTemplate\":\"https:\/\/styrke.no\/onesubsea\/?s={search_term_string}\"},\"query-input\":\"required name=search_term_string\"}],\"inLanguage\":\"nb-NO\"},{\"@type\":\"Organization\",\"@id\":\"https:\/\/styrke.no\/onesubsea\/#organization\",\"name\":\"Styrke OneSubsea\",\"url\":\"https:\/\/styrke.no\/onesubsea\/\",\"logo\":{\"@type\":\"ImageObject\",\"inLanguage\":\"nb-NO\",\"@id\":\"https:\/\/styrke.no\/onesubsea\/#\/schema\/logo\/image\/\",\"url\":\"https:\/\/styrke.no\/content\/uploads\/sites\/33\/2024\/10\/Isolation_Mode.svg\",\"contentUrl\":\"https:\/\/styrke.no\/content\/uploads\/sites\/33\/2024\/10\/Isolation_Mode.svg\",\"width\":185,\"height\":54,\"caption\":\"Styrke OneSubsea\"},\"image\":{\"@id\":\"https:\/\/styrke.no\/onesubsea\/#\/schema\/logo\/image\/\"}}]}<\/script>\n<!-- \/ Yoast SEO Premium plugin. -->","yoast_head_json":{"title":"L\u00f8nns- og arbeidsavtaler - Styrke OneSubsea","robots":{"index":"index","follow":"follow","max-snippet":"max-snippet:-1","max-image-preview":"max-image-preview:large","max-video-preview":"max-video-preview:-1"},"canonical":"https:\/\/styrke.no\/onesubsea\/lonns-og-arbeidsavtaler\/","og_locale":"nb_NO","og_type":"article","og_title":"L\u00f8nns- og arbeidsavtaler","og_description":"De organisasjonsmessige forhold og samarbeidsforhold er regulert av Hovedavtalen mellom LO &#8211; NHO. OneSubsea Processing AS er organisert hos NHO \u2026","og_url":"https:\/\/styrke.no\/onesubsea\/lonns-og-arbeidsavtaler\/","og_site_name":"Styrke OneSubsea","article_modified_time":"2026-02-23T10:00:25+00:00","twitter_card":"summary_large_image","twitter_misc":{"Ansl. lesetid":"1 minutt"},"schema":{"@context":"https:\/\/schema.org","@graph":[{"@type":"WebPage","@id":"https:\/\/styrke.no\/onesubsea\/lonns-og-arbeidsavtaler\/","url":"https:\/\/styrke.no\/onesubsea\/lonns-og-arbeidsavtaler\/","name":"L\u00f8nns- og arbeidsavtaler - Styrke OneSubsea","isPartOf":{"@id":"https:\/\/styrke.no\/onesubsea\/#website"},"datePublished":"2021-11-15T09:49:16+00:00","dateModified":"2026-02-23T10:00:25+00:00","breadcrumb":{"@id":"https:\/\/styrke.no\/onesubsea\/lonns-og-arbeidsavtaler\/#breadcrumb"},"inLanguage":"nb-NO","potentialAction":[{"@type":"ReadAction","target":["https:\/\/styrke.no\/onesubsea\/lonns-og-arbeidsavtaler\/"]}]},{"@type":"BreadcrumbList","@id":"https:\/\/styrke.no\/onesubsea\/lonns-og-arbeidsavtaler\/#breadcrumb","itemListElement":[{"@type":"ListItem","position":1,"name":"Hjem","item":"https:\/\/styrke.no\/onesubsea\/"},{"@type":"ListItem","position":2,"name":"L\u00f8nns- og arbeidsavtaler"}]},{"@type":"WebSite","@id":"https:\/\/styrke.no\/onesubsea\/#website","url":"https:\/\/styrke.no\/onesubsea\/","name":"Styrke OneSubsea","description":"Fagforeningen for ansatte i OneSubsea","publisher":{"@id":"https:\/\/styrke.no\/onesubsea\/#organization"},"potentialAction":[{"@type":"SearchAction","target":{"@type":"EntryPoint","urlTemplate":"https:\/\/styrke.no\/onesubsea\/?s={search_term_string}"},"query-input":"required name=search_term_string"}],"inLanguage":"nb-NO"},{"@type":"Organization","@id":"https:\/\/styrke.no\/onesubsea\/#organization","name":"Styrke OneSubsea","url":"https:\/\/styrke.no\/onesubsea\/","logo":{"@type":"ImageObject","inLanguage":"nb-NO","@id":"https:\/\/styrke.no\/onesubsea\/#\/schema\/logo\/image\/","url":"https:\/\/styrke.no\/content\/uploads\/sites\/33\/2024\/10\/Isolation_Mode.svg","contentUrl":"https:\/\/styrke.no\/content\/uploads\/sites\/33\/2024\/10\/Isolation_Mode.svg","width":185,"height":54,"caption":"Styrke OneSubsea"},"image":{"@id":"https:\/\/styrke.no\/onesubsea\/#\/schema\/logo\/image\/"}}]}},"acf":[],"_links":{"self":[{"href":"https:\/\/styrke.no\/onesubsea\/wp-json\/wp\/v2\/pages\/135"}],"collection":[{"href":"https:\/\/styrke.no\/onesubsea\/wp-json\/wp\/v2\/pages"}],"about":[{"href":"https:\/\/styrke.no\/onesubsea\/wp-json\/wp\/v2\/types\/page"}],"author":[{"embeddable":true,"href":"https:\/\/styrke.no\/onesubsea\/wp-json\/wp\/v2\/users\/129"}],"replies":[{"embeddable":true,"href":"https:\/\/styrke.no\/onesubsea\/wp-json\/wp\/v2\/comments?post=135"}],"version-history":[{"count":24,"href":"https:\/\/styrke.no\/onesubsea\/wp-json\/wp\/v2\/pages\/135\/revisions"}],"predecessor-version":[{"id":342,"href":"https:\/\/styrke.no\/onesubsea\/wp-json\/wp\/v2\/pages\/135\/revisions\/342"}],"wp:attachment":[{"href":"https:\/\/styrke.no\/onesubsea\/wp-json\/wp\/v2\/media?parent=135"}],"wp:term":[{"taxonomy":"news-tag","embeddable":true,"href":"https:\/\/styrke.no\/onesubsea\/wp-json\/wp\/v2\/news-tag?post=135"}],"curies":[{"name":"wp","href":"https:\/\/api.w.org\/{rel}","templated":true}]}}