{"id":4,"date":"2021-09-23T13:29:47","date_gmt":"2021-09-23T11:29:47","guid":{"rendered":"https:\/\/styrke.no\/onesubsea\/?page_id=4"},"modified":"2026-02-19T13:29:35","modified_gmt":"2026-02-19T12:29:35","slug":"forside","status":"publish","type":"page","link":"https:\/\/styrke.no\/onesubsea\/","title":{"rendered":"Forside"},"content":{"rendered":"\t<div class=\"hero alignfull is-style-default is-style-default wp-block-dekode-hero has-background has-primary-200-background-color\">\n\t\t<div class=\"hero__inner\">\n\t\t\t<div class=\"hero__media\">\n\t\t\t\t\n\t\t<div class=\"illustration\">\n\t\t<img loading=\"lazy\" decoding=\"async\" width=\"1024\" height=\"588\" src=\"https:\/\/styrke.no\/content\/uploads\/sites\/33\/2026\/02\/Skjermbilde-2026-02-19-132710-1024x588.png\" class=\"illustration__image\" alt=\"OneSubsea Sandsli\" style=\"object-position: 50% 50%\" srcset=\"https:\/\/styrke.no\/content\/uploads\/sites\/33\/2026\/02\/Skjermbilde-2026-02-19-132710-1024x588.png 1024w, https:\/\/styrke.no\/content\/uploads\/sites\/33\/2026\/02\/Skjermbilde-2026-02-19-132710-300x172.png 300w, https:\/\/styrke.no\/content\/uploads\/sites\/33\/2026\/02\/Skjermbilde-2026-02-19-132710-768x441.png 768w, https:\/\/styrke.no\/content\/uploads\/sites\/33\/2026\/02\/Skjermbilde-2026-02-19-132710-1536x881.png 1536w, https:\/\/styrke.no\/content\/uploads\/sites\/33\/2026\/02\/Skjermbilde-2026-02-19-132710.png 1739w\" \/>\t<\/div>\n\t\t\n\t\t\t<\/div>\n\n\t\t\t<div class=\"hero__content\">\n\t\t\t\t<h1 class=\"hero__title\">Styrke<\/h1>\t\t\t\t\t<p>Fagforeningen for ansatte i OneSubsea Processing<\/p>\n\t\t\t\t\t\t\t\t<\/div>\n\t\t<\/div>\n\t<\/div>\n\t\n\n\n\t<div class=\"dekode-featured-news alignfull wp-block-dekode-featured-news\">\n\t\t<div class=\"dekode-featured-news__inner\">\n\t\t\t\t\t\t\t<h2>Nyheter<\/h2>\n\t\t\t\t\t\t\n\t\t\t<div class=\"t2-featured-content-layout wp-block-t2-featured-content-layout\">\n\t\t\t\t<div class=\"t2-featured-single-post t2-featured-content is-post-type-news news-category-nyheter wp-block-t2-featured-single-post t2-featured-content-layout-col-12\"><a class=\"t2-post-link wp-block-t2-post-link\" href=\"https:\/\/styrke.no\/onesubsea\/nyhet\/lorem-ipsum\/\">\n<figure style=\"--t2-focal-point: 50% 50%\" class=\"t2-post-featured-image has-image-ratio-16-9 wp-block-t2-post-featured-image\"><img loading=\"lazy\" decoding=\"async\" width=\"1024\" height=\"683\" src=\"https:\/\/styrke.no\/content\/uploads\/sites\/33\/2026\/02\/vekst-1024x683.png\" class=\"attachment-large size-large wp-post-image\" alt=\"\" srcset=\"https:\/\/styrke.no\/content\/uploads\/sites\/33\/2026\/02\/vekst-1024x683.png 1024w, https:\/\/styrke.no\/content\/uploads\/sites\/33\/2026\/02\/vekst-300x200.png 300w, https:\/\/styrke.no\/content\/uploads\/sites\/33\/2026\/02\/vekst-768x512.png 768w, https:\/\/styrke.no\/content\/uploads\/sites\/33\/2026\/02\/vekst.png 1536w\" \/><\/figure>\n\n<div class=\"wp-block-group alignfull is-layout-flow wp-block-group-is-layout-flow\">\n\t<div class=\"wp-block-post-date\">februar 23, 2026<\/div>\n\t<h2 class=\"t2-post-title wp-block-t2-post-title\">En bedrift, en fagforening<\/h2>\n\t<div class=\"t2-post-excerpt wp-block-t2-post-excerpt\"><p>Gratis medlemskap for nye medlemmer i OneSubsea Processing og vervepremie til eksisterende medlemmer<\/p><\/div>\n\t<div class=\"dekode-post-category wp-block-dekode-post-category\"><span class=\"teft-cards-category-link\">Nyheter<\/span><\/div>\n<\/div>\n\n<\/a>\n<\/div>\t\t\t<\/div>\n\n\t\t\t\t\t\t\t<div class=\"wp-block-button is-style-inline\"><a class=\"wp-block-button__link\" href=\"https:\/\/styrke.no\/onesubsea\/nyheter\/\">Vis alle nyheter<\/a><\/div>\n\t\t\t\n\t\t\t\t\t<\/div>\n\t<\/div>\n\n\t\n\n\t\t<div class=\"network-cards alignfull\">\n\t\t<div class=\"network-cards__inner\">\n\t\t\t\t\t\t<h2>Nyheter fra forbundet<\/h2>\n\t\t\t\t\t<div class=\"t2-featured-content-layout wp-block-t2-featured-content-layout\">\n\t\t\t\t\t<div class=\"t2-featured-single-post t2-featured-content is-post-type-news news-category-olje-og-gass news-tag-helikopter news-tag-konferanse news-tag-offshore wp-block-t2-featured-single-post t2-featured-content-layout-col-4\"><a class=\"t2-post-link wp-block-t2-post-link\" href=\"https:\/\/styrke.no\/nyhet\/se-programmet-for-var-offshore-helikopterkonferanse\/\">\n<figure style=\"--t2-focal-point: 50% 50%\" class=\"t2-post-featured-image has-image-ratio-16-9 wp-block-t2-post-featured-image\"><img loading=\"lazy\" decoding=\"async\" width=\"1024\" height=\"651\" src=\"https:\/\/styrke.no\/content\/uploads\/2024\/09\/DSC_2546-1-1024x651.jpg\" class=\"attachment-large size-large wp-post-image\" alt=\"\" srcset=\"https:\/\/styrke.no\/content\/uploads\/2024\/09\/DSC_2546-1-1024x651.jpg 1024w, https:\/\/styrke.no\/content\/uploads\/2024\/09\/DSC_2546-1-300x191.jpg 300w, https:\/\/styrke.no\/content\/uploads\/2024\/09\/DSC_2546-1-768x488.jpg 768w, https:\/\/styrke.no\/content\/uploads\/2024\/09\/DSC_2546-1-1536x976.jpg 1536w, https:\/\/styrke.no\/content\/uploads\/2024\/09\/DSC_2546-1.jpg 2048w\" \/><\/figure>\n\n<div class=\"wp-block-group alignfull is-layout-flow wp-block-group-is-layout-flow\">\n\t<div class=\"wp-block-post-date\">april 13, 2026<\/div>\n\t<h2 class=\"t2-post-title wp-block-t2-post-title\">Se programmet for v\u00e5r offshore helikopterkonferanse<\/h2>\n\t<div class=\"t2-post-excerpt wp-block-t2-post-excerpt\"><p>Programmet for offshore helikopterkonferansen er n\u00e5 bortimot klart. Vi har fortsatt noen f\u00e5 ledige plasser p\u00e5 denne popul\u00e6re konferansen.<\/p><\/div>\n\t<div class=\"dekode-post-category wp-block-dekode-post-category\"><span class=\"teft-cards-category-link\">Olje og gass<\/span><\/div>\n<\/div>\n\n<\/a>\n<\/div>\t\t\t\t<div class=\"t2-featured-single-post t2-featured-content is-post-type-news news-category-landindustri news-tag-hovedoppgjoret wp-block-t2-featured-single-post t2-featured-content-layout-col-4\"><a class=\"t2-post-link wp-block-t2-post-link\" href=\"https:\/\/styrke.no\/nyhet\/samles-for-a-spisse-kravene-for-hovedoppgjoret\/\">\n<figure style=\"--t2-focal-point: 50% 50%\" class=\"t2-post-featured-image has-image-ratio-16-9 wp-block-t2-post-featured-image\"><img loading=\"lazy\" decoding=\"async\" width=\"1024\" height=\"697\" src=\"https:\/\/styrke.no\/content\/uploads\/2026\/04\/DSC_638624-1024x697.jpg\" class=\"attachment-large size-large wp-post-image\" alt=\"\" srcset=\"https:\/\/styrke.no\/content\/uploads\/2026\/04\/DSC_638624-1024x697.jpg 1024w, https:\/\/styrke.no\/content\/uploads\/2026\/04\/DSC_638624-300x204.jpg 300w, https:\/\/styrke.no\/content\/uploads\/2026\/04\/DSC_638624-768x523.jpg 768w, https:\/\/styrke.no\/content\/uploads\/2026\/04\/DSC_638624-1536x1046.jpg 1536w, https:\/\/styrke.no\/content\/uploads\/2026\/04\/DSC_638624-scaled.jpg 2048w\" \/><\/figure>\n\n<div class=\"wp-block-group alignfull is-layout-flow wp-block-group-is-layout-flow\">\n\t<div class=\"wp-block-post-date\">april 10, 2026<\/div>\n\t<h2 class=\"t2-post-title wp-block-t2-post-title\">Samles for \u00e5 spisse kravene f\u00f8r hovedoppgj\u00f8ret<\/h2>\n\t<div class=\"t2-post-excerpt wp-block-t2-post-excerpt\"><p>\u2013 Vi m\u00e5 fortsette den trenden vi har bygd opp de siste \u00e5rene. For v\u00e5re medlemmer handler dette om \u00e5&hellip;<\/p><\/div>\n\t<div class=\"dekode-post-category wp-block-dekode-post-category\"><span class=\"teft-cards-category-link\">Landindustri<\/span><\/div>\n<\/div>\n\n<\/a>\n<\/div>\t\t\t\t<div class=\"t2-featured-single-post t2-featured-content is-post-type-news news-category-landindustri news-tag-arbeidsliv news-tag-co2-kompensasjon news-tag-politikk wp-block-t2-featured-single-post t2-featured-content-layout-col-4\"><a class=\"t2-post-link wp-block-t2-post-link\" href=\"https:\/\/styrke.no\/nyhet\/ny-hall-og-ny-optimisme-pa-hydro-husnes\/\">\n<figure style=\"--t2-focal-point: 50% 50%\" class=\"t2-post-featured-image has-image-ratio-16-9 wp-block-t2-post-featured-image\"><img loading=\"lazy\" decoding=\"async\" width=\"1024\" height=\"664\" src=\"https:\/\/styrke.no\/content\/uploads\/2026\/04\/DSC_5670-3636-1024x664.jpg\" class=\"attachment-large size-large wp-post-image\" alt=\"\" srcset=\"https:\/\/styrke.no\/content\/uploads\/2026\/04\/DSC_5670-3636-1024x664.jpg 1024w, https:\/\/styrke.no\/content\/uploads\/2026\/04\/DSC_5670-3636-300x194.jpg 300w, https:\/\/styrke.no\/content\/uploads\/2026\/04\/DSC_5670-3636-768x498.jpg 768w, https:\/\/styrke.no\/content\/uploads\/2026\/04\/DSC_5670-3636-1536x995.jpg 1536w, https:\/\/styrke.no\/content\/uploads\/2026\/04\/DSC_5670-3636-scaled.jpg 2048w\" \/><\/figure>\n\n<div class=\"wp-block-group alignfull is-layout-flow wp-block-group-is-layout-flow\">\n\t<div class=\"wp-block-post-date\">april 09, 2026<\/div>\n\t<h2 class=\"t2-post-title wp-block-t2-post-title\">Ny hall og ny optimisme p\u00e5 Hydro Husnes<\/h2>\n\t<div class=\"t2-post-excerpt wp-block-t2-post-excerpt\"><p>\u2013 Dette viser at partssamarbeidet virker. Vi krevde en bedre CO2-kompensasjonsordning, og n\u00e5 ser vi resultatene her p\u00e5 Hydro Husnes,&hellip;<\/p><\/div>\n\t<div class=\"dekode-post-category wp-block-dekode-post-category\"><span class=\"teft-cards-category-link\">Landindustri<\/span><\/div>\n<\/div>\n\n<\/a>\n<\/div>\t\t\t\t<div class=\"t2-featured-single-post t2-featured-content is-post-type-news news-category-ledelse-og-teknikk news-tag-hovedoppgjoret wp-block-t2-featured-single-post t2-featured-content-layout-col-4\"><a class=\"t2-post-link wp-block-t2-post-link\" href=\"https:\/\/styrke.no\/nyhet\/medlemmer-i-styrke-kan-bli-berort-av-eventuell-streik-i-frontfaget\/\">\n<figure style=\"--t2-focal-point: 50% 50%\" class=\"t2-post-featured-image has-image-ratio-16-9 wp-block-t2-post-featured-image\"><img loading=\"lazy\" decoding=\"async\" width=\"1024\" height=\"768\" src=\"https:\/\/styrke.no\/content\/uploads\/2022\/08\/20220816_101555-1024x768.jpg\" class=\"attachment-large size-large wp-post-image\" alt=\"\" srcset=\"https:\/\/styrke.no\/content\/uploads\/2022\/08\/20220816_101555-1024x768.jpg 1024w, https:\/\/styrke.no\/content\/uploads\/2022\/08\/20220816_101555-300x225.jpg 300w, https:\/\/styrke.no\/content\/uploads\/2022\/08\/20220816_101555-768x576.jpg 768w, https:\/\/styrke.no\/content\/uploads\/2022\/08\/20220816_101555-1536x1152.jpg 1536w, https:\/\/styrke.no\/content\/uploads\/2022\/08\/20220816_101555-2048x1536.jpg 2048w\" \/><\/figure>\n\n<div class=\"wp-block-group alignfull is-layout-flow wp-block-group-is-layout-flow\">\n\t<div class=\"wp-block-post-date\">april 09, 2026<\/div>\n\t<h2 class=\"t2-post-title wp-block-t2-post-title\">Medlemmer i Styrke kan bli ber\u00f8rt av eventuell streik i frontfaget<\/h2>\n\t<div class=\"t2-post-excerpt wp-block-t2-post-excerpt\"><p>Medlemmer i Styrke vil ikke bli tatt ut i en eventuell streik i frontfaget, men kan bli ber\u00f8rt hvis Fellesforbundet&hellip;<\/p><\/div>\n\t<div class=\"dekode-post-category wp-block-dekode-post-category\"><span class=\"teft-cards-category-link\">Ledelse og teknikk<\/span><\/div>\n<\/div>\n\n<\/a>\n<\/div>\t\t\t<\/div>\n\t<\/div>\n\t<\/div>\n\t\t\n\n\t\t<div class=\"network-cards alignfull\">\n\t\t<div class=\"network-cards__inner\">\n\t\t\t\t\t\t<h2>Kurs fra forbundet<\/h2>\n\t\t\t\t\t<div class=\"t2-featured-content-layout wp-block-t2-featured-content-layout\">\n\t\t\t\t\t<div class=\"t2-featured-single-post t2-featured-content is-post-type-course course-category-digitalt course-category-kurs-2 course-place-web wp-block-t2-featured-single-post t2-featured-content-layout-col-4\"><a class=\"t2-post-link wp-block-t2-post-link\" href=\"https:\/\/styrke.no\/kurs\/digital-e-laering-ny-i-styrke\/\">\n\n<figure style=\"--t2-focal-point: 50% 50%\" class=\"t2-post-featured-image has-image-ratio-16-9 wp-block-t2-post-featured-image\"><img loading=\"lazy\" decoding=\"async\" width=\"768\" height=\"548\" src=\"https:\/\/styrke.no\/content\/uploads\/2025\/03\/DSC_8709-768x548.jpg\" class=\"attachment-medium_large size-medium_large wp-post-image\" alt=\"\" srcset=\"https:\/\/styrke.no\/content\/uploads\/2025\/03\/DSC_8709-768x548.jpg 768w, https:\/\/styrke.no\/content\/uploads\/2025\/03\/DSC_8709-300x214.jpg 300w, https:\/\/styrke.no\/content\/uploads\/2025\/03\/DSC_8709-1024x730.jpg 1024w, https:\/\/styrke.no\/content\/uploads\/2025\/03\/DSC_8709-1536x1095.jpg 1536w, https:\/\/styrke.no\/content\/uploads\/2025\/03\/DSC_8709-scaled.jpg 2048w\" \/><\/figure>\n\n<div class=\"wp-block-group alignfull card-content is-layout-flow wp-block-group-is-layout-flow\">\n\t<h2 class=\"t2-post-title wp-block-t2-post-title\">Digital e-l\u00e6ring &#8211; Ny i Styrke<\/h2>\n\t<div class=\"dekode-course-card-meta type-meta type-is-sticky wp-block-dekode-course-card-meta\"><div class=\"card-meta\"> <p class=\"card-meta__location\">Digitalt\/web<\/p><\/div><\/div>\n<\/div>\n\n<\/a>\n<\/div>\t\t\t\t<div class=\"t2-featured-single-post t2-featured-content is-post-type-course course-category-digitalt course-place-web wp-block-t2-featured-single-post t2-featured-content-layout-col-4\"><a class=\"t2-post-link wp-block-t2-post-link\" href=\"https:\/\/styrke.no\/kurs\/digitalt-pensjon-kurs\/\">\n<div class=\"dekode-course-card-meta type-badge type-is-sticky wp-block-dekode-course-card-meta\"><div class=\"date-badge\"><div class=\"date-badge__month\">apr<\/div><div class=\"date-badge__day\">21<\/div><\/div><\/div>\n<figure style=\"--t2-focal-point: 50% 50%\" class=\"t2-post-featured-image has-image-ratio-16-9 wp-block-t2-post-featured-image\"><img loading=\"lazy\" decoding=\"async\" width=\"768\" height=\"543\" src=\"https:\/\/styrke.no\/content\/uploads\/2025\/08\/Ole-Magnnus-Batstad-og-Christer-Systad-24-768x543.jpg\" class=\"attachment-medium_large size-medium_large wp-post-image\" alt=\"\" srcset=\"https:\/\/styrke.no\/content\/uploads\/2025\/08\/Ole-Magnnus-Batstad-og-Christer-Systad-24-768x543.jpg 768w, https:\/\/styrke.no\/content\/uploads\/2025\/08\/Ole-Magnnus-Batstad-og-Christer-Systad-24-300x212.jpg 300w, https:\/\/styrke.no\/content\/uploads\/2025\/08\/Ole-Magnnus-Batstad-og-Christer-Systad-24-1024x724.jpg 1024w, https:\/\/styrke.no\/content\/uploads\/2025\/08\/Ole-Magnnus-Batstad-og-Christer-Systad-24-1536x1086.jpg 1536w, https:\/\/styrke.no\/content\/uploads\/2025\/08\/Ole-Magnnus-Batstad-og-Christer-Systad-24-scaled.jpg 2048w\" \/><\/figure>\n\n<div class=\"wp-block-group alignfull card-content is-layout-flow wp-block-group-is-layout-flow\">\n\t<h2 class=\"t2-post-title wp-block-t2-post-title\">Digitalt Pensjon kurs<\/h2>\n\t<div class=\"dekode-course-card-meta type-meta type-is-sticky wp-block-dekode-course-card-meta\"><div class=\"card-meta\"><p class=\"card-meta__date\">tirsdag 21. april 2026 kl 12:00 &#8211; 13:00<\/p> <p class=\"card-meta__location\">Digitalt\/web<\/p><\/div><\/div>\n<\/div>\n\n<\/a>\n<\/div>\t\t\t\t<div class=\"t2-featured-single-post t2-featured-content is-post-type-course course-category-kurs-2 course-place-sola-strandhotell wp-block-t2-featured-single-post t2-featured-content-layout-col-4\"><a class=\"t2-post-link wp-block-t2-post-link\" href=\"https:\/\/styrke.no\/kurs\/gk-modul-2-grunnkurs-for-deg-som-er-ny-som-tillitsvalgt-3\/\">\n<div class=\"dekode-course-card-meta type-badge wp-block-dekode-course-card-meta\"><div class=\"date-badge\"><div class=\"date-badge__month\">apr<\/div><div class=\"date-badge__day\">17<\/div><\/div><\/div>\n<figure style=\"--t2-focal-point: 50% 50%\" class=\"t2-post-featured-image has-image-ratio-16-9 wp-block-t2-post-featured-image\"><img loading=\"lazy\" decoding=\"async\" width=\"768\" height=\"1024\" src=\"https:\/\/styrke.no\/content\/uploads\/2025\/08\/Ole-Magnnus-Batstad-og-Christer-Systad-2.jpeg\" class=\"attachment-medium_large size-medium_large wp-post-image\" alt=\"Ole Magnus B\u00e5tstad og Christer Systad tok seg en luftetur mens de var p\u00e5 Superkurshelg med Styrke. Foto: Ole Magnus B\u00e5tstad.\" srcset=\"https:\/\/styrke.no\/content\/uploads\/2025\/08\/Ole-Magnnus-Batstad-og-Christer-Systad-2.jpeg 768w, https:\/\/styrke.no\/content\/uploads\/2025\/08\/Ole-Magnnus-Batstad-og-Christer-Systad-2-225x300.jpeg 225w\" \/><\/figure>\n\n<div class=\"wp-block-group alignfull card-content is-layout-flow wp-block-group-is-layout-flow\">\n\t<h2 class=\"t2-post-title wp-block-t2-post-title\">GK &#8211; Modul 2 Grunnkurs for deg som er ny som tillitsvalgt.<\/h2>\n\t<div class=\"dekode-course-card-meta type-meta wp-block-dekode-course-card-meta\"><div class=\"card-meta\"><p class=\"card-meta__date\">fredag 17. april 2026 kl 10:00 &#8211; s\u00f8ndag 19. april 2026 kl 14:00<\/p> <p class=\"card-meta__location\">Sola Strandhotell<\/p><\/div><\/div>\n<\/div>\n\n<\/a>\n<\/div>\t\t\t\t<div class=\"t2-featured-single-post t2-featured-content is-post-type-course course-category-kurs-2 course-place-sola-strandhotell wp-block-t2-featured-single-post t2-featured-content-layout-col-4\"><a class=\"t2-post-link wp-block-t2-post-link\" href=\"https:\/\/styrke.no\/kurs\/superkurs-helg-forhandlingskunskap\/\">\n<div class=\"dekode-course-card-meta type-badge wp-block-dekode-course-card-meta\"><div class=\"date-badge\"><div class=\"date-badge__month\">apr<\/div><div class=\"date-badge__day\">17<\/div><\/div><\/div>\n<figure style=\"--t2-focal-point: 50% 50%\" class=\"t2-post-featured-image has-image-ratio-16-9 wp-block-t2-post-featured-image\"><img loading=\"lazy\" decoding=\"async\" width=\"768\" height=\"534\" src=\"https:\/\/styrke.no\/content\/uploads\/2025\/10\/DSC_8443-kopi-1-768x534.jpg\" class=\"attachment-medium_large size-medium_large wp-post-image\" alt=\"\" srcset=\"https:\/\/styrke.no\/content\/uploads\/2025\/10\/DSC_8443-kopi-1-768x534.jpg 768w, https:\/\/styrke.no\/content\/uploads\/2025\/10\/DSC_8443-kopi-1-300x209.jpg 300w, https:\/\/styrke.no\/content\/uploads\/2025\/10\/DSC_8443-kopi-1-1024x712.jpg 1024w, https:\/\/styrke.no\/content\/uploads\/2025\/10\/DSC_8443-kopi-1-1536x1068.jpg 1536w, https:\/\/styrke.no\/content\/uploads\/2025\/10\/DSC_8443-kopi-1-scaled.jpg 2048w\" \/><\/figure>\n\n<div class=\"wp-block-group alignfull card-content is-layout-flow wp-block-group-is-layout-flow\">\n\t<h2 class=\"t2-post-title wp-block-t2-post-title\">Superkurs -Helg Forhandlingskunskap.<\/h2>\n\t<div class=\"dekode-course-card-meta type-meta wp-block-dekode-course-card-meta\"><div class=\"card-meta\"><p class=\"card-meta__date\">fredag 17. april 2026 kl 13:00 &#8211; s\u00f8ndag 19. april 2026 kl 14:00<\/p> <p class=\"card-meta__location\">Sola Strandhotell<\/p><\/div><\/div>\n<\/div>\n\n<\/a>\n<\/div>\t\t\t<\/div>\n\t<\/div>\n\t<\/div>\n\t\t","protected":false},"excerpt":{"rendered":"","protected":false},"author":121,"featured_media":0,"parent":0,"menu_order":0,"comment_status":"closed","ping_status":"closed","template":"","meta":{"_acf_changed":false,"teft_cards_image_id":0,"teft_cards_image_focal_point_x":0,"teft_cards_image_focal_point_y":0,"teft_cards_title":"","teft_cards_excerpt":"","footnotes":""},"news-tag":[],"class_list":["post-4","page","type-page","status-publish","hentry"],"yoast_head":"<!-- This site is optimized with the Yoast SEO Premium plugin v22.4 (Yoast SEO v23.0) - https:\/\/yoast.com\/wordpress\/plugins\/seo\/ -->\n<title>Forside - Styrke OneSubsea<\/title>\n<meta name=\"robots\" content=\"index, follow, max-snippet:-1, max-image-preview:large, max-video-preview:-1\" \/>\n<link rel=\"canonical\" href=\"https:\/\/styrke.no\/onesubsea\/\" \/>\n<meta property=\"og:locale\" content=\"nb_NO\" \/>\n<meta property=\"og:type\" content=\"article\" \/>\n<meta property=\"og:title\" content=\"Forside\" \/>\n<meta property=\"og:url\" content=\"https:\/\/styrke.no\/onesubsea\/\" \/>\n<meta property=\"og:site_name\" content=\"Styrke OneSubsea\" \/>\n<meta property=\"article:modified_time\" content=\"2026-02-19T12:29:35+00:00\" \/>\n<meta name=\"twitter:card\" content=\"summary_large_image\" \/>\n<script type=\"application\/ld+json\" class=\"yoast-schema-graph\">{\"@context\":\"https:\/\/schema.org\",\"@graph\":[{\"@type\":\"WebPage\",\"@id\":\"https:\/\/styrke.no\/onesubsea\/\",\"url\":\"https:\/\/styrke.no\/onesubsea\/\",\"name\":\"Forside - Styrke OneSubsea\",\"isPartOf\":{\"@id\":\"https:\/\/styrke.no\/onesubsea\/#website\"},\"datePublished\":\"2021-09-23T11:29:47+00:00\",\"dateModified\":\"2026-02-19T12:29:35+00:00\",\"breadcrumb\":{\"@id\":\"https:\/\/styrke.no\/onesubsea\/#breadcrumb\"},\"inLanguage\":\"nb-NO\",\"potentialAction\":[{\"@type\":\"ReadAction\",\"target\":[\"https:\/\/styrke.no\/onesubsea\/\"]}]},{\"@type\":\"BreadcrumbList\",\"@id\":\"https:\/\/styrke.no\/onesubsea\/#breadcrumb\",\"itemListElement\":[{\"@type\":\"ListItem\",\"position\":1,\"name\":\"Hjem\",\"item\":\"https:\/\/styrke.no\/onesubsea\/\"},{\"@type\":\"ListItem\",\"position\":2,\"name\":\"Forside\"}]},{\"@type\":\"WebSite\",\"@id\":\"https:\/\/styrke.no\/onesubsea\/#website\",\"url\":\"https:\/\/styrke.no\/onesubsea\/\",\"name\":\"Styrke OneSubsea\",\"description\":\"Fagforeningen for ansatte i OneSubsea\",\"publisher\":{\"@id\":\"https:\/\/styrke.no\/onesubsea\/#organization\"},\"potentialAction\":[{\"@type\":\"SearchAction\",\"target\":{\"@type\":\"EntryPoint\",\"urlTemplate\":\"https:\/\/styrke.no\/onesubsea\/?s={search_term_string}\"},\"query-input\":\"required name=search_term_string\"}],\"inLanguage\":\"nb-NO\"},{\"@type\":\"Organization\",\"@id\":\"https:\/\/styrke.no\/onesubsea\/#organization\",\"name\":\"Styrke OneSubsea\",\"url\":\"https:\/\/styrke.no\/onesubsea\/\",\"logo\":{\"@type\":\"ImageObject\",\"inLanguage\":\"nb-NO\",\"@id\":\"https:\/\/styrke.no\/onesubsea\/#\/schema\/logo\/image\/\",\"url\":\"https:\/\/styrke.no\/content\/uploads\/sites\/33\/2024\/10\/Isolation_Mode.svg\",\"contentUrl\":\"https:\/\/styrke.no\/content\/uploads\/sites\/33\/2024\/10\/Isolation_Mode.svg\",\"width\":185,\"height\":54,\"caption\":\"Styrke OneSubsea\"},\"image\":{\"@id\":\"https:\/\/styrke.no\/onesubsea\/#\/schema\/logo\/image\/\"}}]}<\/script>\n<!-- \/ Yoast SEO Premium plugin. -->","yoast_head_json":{"title":"Forside - Styrke OneSubsea","robots":{"index":"index","follow":"follow","max-snippet":"max-snippet:-1","max-image-preview":"max-image-preview:large","max-video-preview":"max-video-preview:-1"},"canonical":"https:\/\/styrke.no\/onesubsea\/","og_locale":"nb_NO","og_type":"article","og_title":"Forside","og_url":"https:\/\/styrke.no\/onesubsea\/","og_site_name":"Styrke OneSubsea","article_modified_time":"2026-02-19T12:29:35+00:00","twitter_card":"summary_large_image","schema":{"@context":"https:\/\/schema.org","@graph":[{"@type":"WebPage","@id":"https:\/\/styrke.no\/onesubsea\/","url":"https:\/\/styrke.no\/onesubsea\/","name":"Forside - Styrke OneSubsea","isPartOf":{"@id":"https:\/\/styrke.no\/onesubsea\/#website"},"datePublished":"2021-09-23T11:29:47+00:00","dateModified":"2026-02-19T12:29:35+00:00","breadcrumb":{"@id":"https:\/\/styrke.no\/onesubsea\/#breadcrumb"},"inLanguage":"nb-NO","potentialAction":[{"@type":"ReadAction","target":["https:\/\/styrke.no\/onesubsea\/"]}]},{"@type":"BreadcrumbList","@id":"https:\/\/styrke.no\/onesubsea\/#breadcrumb","itemListElement":[{"@type":"ListItem","position":1,"name":"Hjem","item":"https:\/\/styrke.no\/onesubsea\/"},{"@type":"ListItem","position":2,"name":"Forside"}]},{"@type":"WebSite","@id":"https:\/\/styrke.no\/onesubsea\/#website","url":"https:\/\/styrke.no\/onesubsea\/","name":"Styrke OneSubsea","description":"Fagforeningen for ansatte i OneSubsea","publisher":{"@id":"https:\/\/styrke.no\/onesubsea\/#organization"},"potentialAction":[{"@type":"SearchAction","target":{"@type":"EntryPoint","urlTemplate":"https:\/\/styrke.no\/onesubsea\/?s={search_term_string}"},"query-input":"required name=search_term_string"}],"inLanguage":"nb-NO"},{"@type":"Organization","@id":"https:\/\/styrke.no\/onesubsea\/#organization","name":"Styrke OneSubsea","url":"https:\/\/styrke.no\/onesubsea\/","logo":{"@type":"ImageObject","inLanguage":"nb-NO","@id":"https:\/\/styrke.no\/onesubsea\/#\/schema\/logo\/image\/","url":"https:\/\/styrke.no\/content\/uploads\/sites\/33\/2024\/10\/Isolation_Mode.svg","contentUrl":"https:\/\/styrke.no\/content\/uploads\/sites\/33\/2024\/10\/Isolation_Mode.svg","width":185,"height":54,"caption":"Styrke OneSubsea"},"image":{"@id":"https:\/\/styrke.no\/onesubsea\/#\/schema\/logo\/image\/"}}]}},"acf":[],"_links":{"self":[{"href":"https:\/\/styrke.no\/onesubsea\/wp-json\/wp\/v2\/pages\/4"}],"collection":[{"href":"https:\/\/styrke.no\/onesubsea\/wp-json\/wp\/v2\/pages"}],"about":[{"href":"https:\/\/styrke.no\/onesubsea\/wp-json\/wp\/v2\/types\/page"}],"author":[{"embeddable":true,"href":"https:\/\/styrke.no\/onesubsea\/wp-json\/wp\/v2\/users\/121"}],"replies":[{"embeddable":true,"href":"https:\/\/styrke.no\/onesubsea\/wp-json\/wp\/v2\/comments?post=4"}],"version-history":[{"count":21,"href":"https:\/\/styrke.no\/onesubsea\/wp-json\/wp\/v2\/pages\/4\/revisions"}],"predecessor-version":[{"id":292,"href":"https:\/\/styrke.no\/onesubsea\/wp-json\/wp\/v2\/pages\/4\/revisions\/292"}],"wp:attachment":[{"href":"https:\/\/styrke.no\/onesubsea\/wp-json\/wp\/v2\/media?parent=4"}],"wp:term":[{"taxonomy":"news-tag","embeddable":true,"href":"https:\/\/styrke.no\/onesubsea\/wp-json\/wp\/v2\/news-tag?post=4"}],"curies":[{"name":"wp","href":"https:\/\/api.w.org\/{rel}","templated":true}]}}