{"id":4,"date":"2021-09-23T13:29:47","date_gmt":"2021-09-23T11:29:47","guid":{"rendered":"https:\/\/styrke.no\/sdaf\/?page_id=4"},"modified":"2025-07-15T12:43:36","modified_gmt":"2025-07-15T10:43:36","slug":"forside","status":"publish","type":"page","link":"https:\/\/styrke.no\/sdaf\/","title":{"rendered":"Forside"},"content":{"rendered":"\t<div class=\"hero alignfull is-style-default is-style-default wp-block-dekode-hero has-background has-primary-200-background-color\">\n\t\t<div class=\"hero__inner\">\n\t\t\t<div class=\"hero__media\">\n\t\t\t\t\n\t\t<div class=\"illustration\">\n\t\t<img loading=\"lazy\" decoding=\"async\" width=\"1024\" height=\"683\" src=\"https:\/\/styrke.no\/content\/uploads\/sites\/27\/2022\/01\/hydro04-scaled-1-1024x683.jpeg\" class=\"illustration__image\" alt=\"\" style=\"object-position: 50% 50%\" srcset=\"https:\/\/styrke.no\/content\/uploads\/sites\/27\/2022\/01\/hydro04-scaled-1-1024x683.jpeg 1024w, https:\/\/styrke.no\/content\/uploads\/sites\/27\/2022\/01\/hydro04-scaled-1-300x200.jpeg 300w, https:\/\/styrke.no\/content\/uploads\/sites\/27\/2022\/01\/hydro04-scaled-1-768x512.jpeg 768w, https:\/\/styrke.no\/content\/uploads\/sites\/27\/2022\/01\/hydro04-scaled-1-1536x1024.jpeg 1536w, https:\/\/styrke.no\/content\/uploads\/sites\/27\/2022\/01\/hydro04-scaled-1-2048x1366.jpeg 2048w\" \/>\t<\/div>\n\t\t\n\t\t\t<\/div>\n\n\t\t\t<div class=\"hero__content\">\n\t\t\t\t<h1 class=\"hero__title\">Styrke i Shelf Drilling<\/h1>\t\t\t\t\t<p>Fagforeningen for ansatte i Shelf Drilling<\/p>\n\t\t\t\t\t\t\t\t<\/div>\n\t\t<\/div>\n\t<\/div>\n\t\n\n\n\t<div class=\"dekode-featured-news alignfull wp-block-dekode-featured-news\">\n\t\t<div class=\"dekode-featured-news__inner\">\n\t\t\t\t\t\t\t<h2>Nyheter<\/h2>\n\t\t\t\t\t\t\n\t\t\t<div class=\"t2-featured-content-layout wp-block-t2-featured-content-layout\">\n\t\t\t\t<div class=\"t2-featured-single-post t2-featured-content is-post-type-news wp-block-t2-featured-single-post t2-featured-content-layout-col-12\"><a class=\"t2-post-link wp-block-t2-post-link\" href=\"https:\/\/styrke.no\/sdaf\/nyhet\/sdaf-website\/\">\n<figure style=\"--t2-focal-point: 50% 50%\" class=\"t2-post-featured-image has-image-ratio-16-9 wp-block-t2-post-featured-image\"><img loading=\"lazy\" decoding=\"async\" width=\"1024\" height=\"681\" src=\"https:\/\/styrke.no\/content\/uploads\/sites\/27\/2021\/11\/news-dummy-img.jpg\" class=\"attachment-large size-large wp-post-image\" alt=\"\" srcset=\"https:\/\/styrke.no\/content\/uploads\/sites\/27\/2021\/11\/news-dummy-img.jpg 1024w, https:\/\/styrke.no\/content\/uploads\/sites\/27\/2021\/11\/news-dummy-img-300x200.jpg 300w, https:\/\/styrke.no\/content\/uploads\/sites\/27\/2021\/11\/news-dummy-img-768x511.jpg 768w\" \/><\/figure>\n\n<div class=\"wp-block-group alignfull is-layout-flow wp-block-group-is-layout-flow\">\n\t<div class=\"wp-block-post-date\">July 15, 2025<\/div>\n\t<h2 class=\"t2-post-title wp-block-t2-post-title\">SDAF website<\/h2>\n\t<div class=\"t2-post-excerpt wp-block-t2-post-excerpt\"><p>Nettsiden er p\u00e5 plass<\/p><\/div>\n\t<div class=\"dekode-post-category wp-block-dekode-post-category\"><\/div>\n<\/div>\n\n<\/a>\n<\/div>\t\t\t<\/div>\n\n\t\t\t\t\t\t\t<div class=\"wp-block-button is-style-inline\"><a class=\"wp-block-button__link\" href=\"https:\/\/styrke.no\/sdaf\/nyheter\/\">Vis alle nyheter<\/a><\/div>\n\t\t\t\n\t\t\t\t\t<\/div>\n\t<\/div>\n\n\t\n\n\t\t<div class=\"network-cards alignfull\">\n\t\t<div class=\"network-cards__inner\">\n\t\t\t\t\t\t<h2>Nyheter fra forbundet<\/h2>\n\t\t\t\t\t<div class=\"t2-featured-content-layout wp-block-t2-featured-content-layout\">\n\t\t\t\t\t<div class=\"t2-featured-single-post t2-featured-content is-post-type-news news-category-landindustri news-tag-hovedoppgjoret news-tag-organisasjon wp-block-t2-featured-single-post t2-featured-content-layout-col-4\"><a class=\"t2-post-link wp-block-t2-post-link\" href=\"https:\/\/styrke.no\/nyhet\/sterkere-sammen-i-en-toffere-tid-for-mobelindustrien\/\">\n<figure style=\"--t2-focal-point: 50% 50%\" class=\"t2-post-featured-image has-image-ratio-16-9 wp-block-t2-post-featured-image\"><img loading=\"lazy\" decoding=\"async\" width=\"1024\" height=\"702\" src=\"https:\/\/styrke.no\/content\/uploads\/2026\/03\/image00002-24-1024x702.jpg\" class=\"attachment-large size-large wp-post-image\" alt=\"\" srcset=\"https:\/\/styrke.no\/content\/uploads\/2026\/03\/image00002-24-1024x702.jpg 1024w, https:\/\/styrke.no\/content\/uploads\/2026\/03\/image00002-24-300x206.jpg 300w, https:\/\/styrke.no\/content\/uploads\/2026\/03\/image00002-24-768x527.jpg 768w, https:\/\/styrke.no\/content\/uploads\/2026\/03\/image00002-24-1536x1053.jpg 1536w, https:\/\/styrke.no\/content\/uploads\/2026\/03\/image00002-24-scaled.jpg 2048w\" \/><\/figure>\n\n<div class=\"wp-block-group alignfull is-layout-flow wp-block-group-is-layout-flow\">\n\t<div class=\"wp-block-post-date\">April 01, 2026<\/div>\n\t<h2 class=\"t2-post-title wp-block-t2-post-title\">Sterkere sammen i en t\u00f8ffere tid for m\u00f8belindustrien<\/h2>\n\t<div class=\"t2-post-excerpt wp-block-t2-post-excerpt\"><p>Samhold og fellesskap sto i sentrum da tillitsvalgte og medlemmer fra Ekornes, Formfin og Sandella m\u00f8ttes til \u00e5rsm\u00f8te i Styrke&hellip;<\/p><\/div>\n\t<div class=\"dekode-post-category wp-block-dekode-post-category\"><span class=\"teft-cards-category-link\">Landindustri<\/span><\/div>\n<\/div>\n\n<\/a>\n<\/div>\t\t\t\t<div class=\"t2-featured-single-post t2-featured-content is-post-type-news news-category-internasjonalt news-category-olje-og-gass news-tag-brussel news-tag-nordomradene news-tag-politikk wp-block-t2-featured-single-post t2-featured-content-layout-col-4\"><a class=\"t2-post-link wp-block-t2-post-link\" href=\"https:\/\/styrke.no\/nyhet\/styrke-ber-eu-skrote-arktis-moratorium-energi-fra-nord-er-europas-sikkerhet\/\">\n<figure style=\"--t2-focal-point: 50% 50%\" class=\"t2-post-featured-image has-image-ratio-16-9 wp-block-t2-post-featured-image\"><img loading=\"lazy\" decoding=\"async\" width=\"1024\" height=\"768\" src=\"https:\/\/styrke.no\/content\/uploads\/2022\/12\/4f9252156e0847ecbb93fc64302ea407-1-Foto-Ole-Jorgen-Bratland-Equinor-1024x768.jpg\" class=\"attachment-large size-large wp-post-image\" alt=\"\" srcset=\"https:\/\/styrke.no\/content\/uploads\/2022\/12\/4f9252156e0847ecbb93fc64302ea407-1-Foto-Ole-Jorgen-Bratland-Equinor-1024x768.jpg 1024w, https:\/\/styrke.no\/content\/uploads\/2022\/12\/4f9252156e0847ecbb93fc64302ea407-1-Foto-Ole-Jorgen-Bratland-Equinor-300x225.jpg 300w, https:\/\/styrke.no\/content\/uploads\/2022\/12\/4f9252156e0847ecbb93fc64302ea407-1-Foto-Ole-Jorgen-Bratland-Equinor-768x576.jpg 768w, https:\/\/styrke.no\/content\/uploads\/2022\/12\/4f9252156e0847ecbb93fc64302ea407-1-Foto-Ole-Jorgen-Bratland-Equinor-1536x1152.jpg 1536w, https:\/\/styrke.no\/content\/uploads\/2022\/12\/4f9252156e0847ecbb93fc64302ea407-1-Foto-Ole-Jorgen-Bratland-Equinor.jpg 2000w\" \/><\/figure>\n\n<div class=\"wp-block-group alignfull is-layout-flow wp-block-group-is-layout-flow\">\n\t<div class=\"wp-block-post-date\">April 01, 2026<\/div>\n\t<h2 class=\"t2-post-title wp-block-t2-post-title\">Styrke ber EU skrote Arktis moratorium: \u2013 Energi fra nord er Europas sikkerhet<\/h2>\n\t<div class=\"t2-post-excerpt wp-block-t2-post-excerpt\"><p>Forbundet Styrke ber Europakommisjonen om en omfattende kursendring i revisjonen av EUs arktiske politikk. I et h\u00f8ringsinnspill sl\u00e5r forbundet fast&hellip;<\/p><\/div>\n\t<div class=\"dekode-post-category wp-block-dekode-post-category\"><span class=\"teft-cards-category-link\">Internasjonalt<\/span><\/div>\n<\/div>\n\n<\/a>\n<\/div>\t\t\t\t<div class=\"t2-featured-single-post t2-featured-content is-post-type-news news-category-landindustri news-tag-arbeidsliv news-tag-politikk wp-block-t2-featured-single-post t2-featured-content-layout-col-4\"><a class=\"t2-post-link wp-block-t2-post-link\" href=\"https:\/\/styrke.no\/nyhet\/apner-for-kraftutredning-i-porsgrunn\/\">\n<figure style=\"--t2-focal-point: 50% 50%\" class=\"t2-post-featured-image has-image-ratio-16-9 wp-block-t2-post-featured-image\"><img loading=\"lazy\" decoding=\"async\" width=\"1024\" height=\"725\" src=\"https:\/\/styrke.no\/content\/uploads\/2026\/03\/DSC_4391242424-1024x725.jpg\" class=\"attachment-large size-large wp-post-image\" alt=\"\" srcset=\"https:\/\/styrke.no\/content\/uploads\/2026\/03\/DSC_4391242424-1024x725.jpg 1024w, https:\/\/styrke.no\/content\/uploads\/2026\/03\/DSC_4391242424-300x212.jpg 300w, https:\/\/styrke.no\/content\/uploads\/2026\/03\/DSC_4391242424-768x544.jpg 768w, https:\/\/styrke.no\/content\/uploads\/2026\/03\/DSC_4391242424-1536x1087.jpg 1536w, https:\/\/styrke.no\/content\/uploads\/2026\/03\/DSC_4391242424-scaled.jpg 2048w\" \/><\/figure>\n\n<div class=\"wp-block-group alignfull is-layout-flow wp-block-group-is-layout-flow\">\n\t<div class=\"wp-block-post-date\">March 31, 2026<\/div>\n\t<h2 class=\"t2-post-title wp-block-t2-post-title\">\u00c5pner for kraftutredning i Porsgrunn<\/h2>\n\t<div class=\"t2-post-excerpt wp-block-t2-post-excerpt\"><p>\u2013 Det vi har klart fram til n\u00e5, er blant annet \u00e5 f\u00e5 partier og politikere til \u00e5 snu i&hellip;<\/p><\/div>\n\t<div class=\"dekode-post-category wp-block-dekode-post-category\"><span class=\"teft-cards-category-link\">Landindustri<\/span><\/div>\n<\/div>\n\n<\/a>\n<\/div>\t\t\t\t<div class=\"t2-featured-single-post t2-featured-content is-post-type-news news-category-olje-og-gass news-tag-helikopter news-tag-hms news-tag-offshore wp-block-t2-featured-single-post t2-featured-content-layout-col-4\"><a class=\"t2-post-link wp-block-t2-post-link\" href=\"https:\/\/styrke.no\/nyhet\/los-regionkonferanse-i-rogaland-krever-teknisk-inspeksjon-av-helikoptre\/\">\n<figure style=\"--t2-focal-point: 50% 50%\" class=\"t2-post-featured-image has-image-ratio-16-9 wp-block-t2-post-featured-image\"><img loading=\"lazy\" decoding=\"async\" width=\"1024\" height=\"652\" src=\"https:\/\/styrke.no\/content\/uploads\/2024\/09\/DSC_2469-1024x652.jpg\" class=\"attachment-large size-large wp-post-image\" alt=\"\" srcset=\"https:\/\/styrke.no\/content\/uploads\/2024\/09\/DSC_2469-1024x652.jpg 1024w, https:\/\/styrke.no\/content\/uploads\/2024\/09\/DSC_2469-300x191.jpg 300w, https:\/\/styrke.no\/content\/uploads\/2024\/09\/DSC_2469-768x489.jpg 768w, https:\/\/styrke.no\/content\/uploads\/2024\/09\/DSC_2469-1536x978.jpg 1536w, https:\/\/styrke.no\/content\/uploads\/2024\/09\/DSC_2469-2048x1304.jpg 2048w\" \/><\/figure>\n\n<div class=\"wp-block-group alignfull is-layout-flow wp-block-group-is-layout-flow\">\n\t<div class=\"wp-block-post-date\">March 30, 2026<\/div>\n\t<h2 class=\"t2-post-title wp-block-t2-post-title\">LOs regionkonferanse i Rogaland krever teknisk inspeksjon av helikoptre<\/h2>\n\t<div class=\"t2-post-excerpt wp-block-t2-post-excerpt\"><p>LOs regionkonferanse i Rogaland krever at Equinor videref\u00f8rer teknisk inspeksjon med \u00e5pning av luker p\u00e5 alle offshorehelikoptre mellom hver tur.&hellip;<\/p><\/div>\n\t<div class=\"dekode-post-category wp-block-dekode-post-category\"><span class=\"teft-cards-category-link\">Olje og gass<\/span><\/div>\n<\/div>\n\n<\/a>\n<\/div>\t\t\t<\/div>\n\t<\/div>\n\t<\/div>\n\t\t\n\n\t\t<div class=\"network-cards alignfull\">\n\t\t<div class=\"network-cards__inner\">\n\t\t\t\t\t\t<h2>Kurs fra forbundet<\/h2>\n\t\t\t\t\t<div class=\"t2-featured-content-layout wp-block-t2-featured-content-layout\">\n\t\t\t\t\t<div class=\"t2-featured-single-post t2-featured-content is-post-type-course course-category-digitalt course-category-kurs-2 course-place-web wp-block-t2-featured-single-post t2-featured-content-layout-col-4\"><a class=\"t2-post-link wp-block-t2-post-link\" href=\"https:\/\/styrke.no\/kurs\/digital-e-laering-ny-i-styrke\/\">\n\n<figure style=\"--t2-focal-point: 50% 50%\" class=\"t2-post-featured-image has-image-ratio-16-9 wp-block-t2-post-featured-image\"><img loading=\"lazy\" decoding=\"async\" width=\"768\" height=\"548\" src=\"https:\/\/styrke.no\/content\/uploads\/2025\/03\/DSC_8709-768x548.jpg\" class=\"attachment-medium_large size-medium_large wp-post-image\" alt=\"\" srcset=\"https:\/\/styrke.no\/content\/uploads\/2025\/03\/DSC_8709-768x548.jpg 768w, https:\/\/styrke.no\/content\/uploads\/2025\/03\/DSC_8709-300x214.jpg 300w, https:\/\/styrke.no\/content\/uploads\/2025\/03\/DSC_8709-1024x730.jpg 1024w, https:\/\/styrke.no\/content\/uploads\/2025\/03\/DSC_8709-1536x1095.jpg 1536w, https:\/\/styrke.no\/content\/uploads\/2025\/03\/DSC_8709-scaled.jpg 2048w\" \/><\/figure>\n\n<div class=\"wp-block-group alignfull card-content is-layout-flow wp-block-group-is-layout-flow\">\n\t<h2 class=\"t2-post-title wp-block-t2-post-title\">Digital e-l\u00e6ring &#8211; Ny i Styrke<\/h2>\n\t<div class=\"dekode-course-card-meta type-meta type-is-sticky wp-block-dekode-course-card-meta\"><div class=\"card-meta\"> <p class=\"card-meta__location\">Digitalt\/web<\/p><\/div><\/div>\n<\/div>\n\n<\/a>\n<\/div>\t\t\t\t<div class=\"t2-featured-single-post t2-featured-content is-post-type-course course-category-digitalt course-place-web wp-block-t2-featured-single-post t2-featured-content-layout-col-4\"><a class=\"t2-post-link wp-block-t2-post-link\" href=\"https:\/\/styrke.no\/kurs\/digitalt-pensjon-kurs\/\">\n<div class=\"dekode-course-card-meta type-badge type-is-sticky wp-block-dekode-course-card-meta\"><div class=\"date-badge\"><div class=\"date-badge__month\">Apr<\/div><div class=\"date-badge__day\">21<\/div><\/div><\/div>\n<figure style=\"--t2-focal-point: 50% 50%\" class=\"t2-post-featured-image has-image-ratio-16-9 wp-block-t2-post-featured-image\"><img loading=\"lazy\" decoding=\"async\" width=\"768\" height=\"543\" src=\"https:\/\/styrke.no\/content\/uploads\/2025\/08\/Ole-Magnnus-Batstad-og-Christer-Systad-24-768x543.jpg\" class=\"attachment-medium_large size-medium_large wp-post-image\" alt=\"\" srcset=\"https:\/\/styrke.no\/content\/uploads\/2025\/08\/Ole-Magnnus-Batstad-og-Christer-Systad-24-768x543.jpg 768w, https:\/\/styrke.no\/content\/uploads\/2025\/08\/Ole-Magnnus-Batstad-og-Christer-Systad-24-300x212.jpg 300w, https:\/\/styrke.no\/content\/uploads\/2025\/08\/Ole-Magnnus-Batstad-og-Christer-Systad-24-1024x724.jpg 1024w, https:\/\/styrke.no\/content\/uploads\/2025\/08\/Ole-Magnnus-Batstad-og-Christer-Systad-24-1536x1086.jpg 1536w, https:\/\/styrke.no\/content\/uploads\/2025\/08\/Ole-Magnnus-Batstad-og-Christer-Systad-24-scaled.jpg 2048w\" \/><\/figure>\n\n<div class=\"wp-block-group alignfull card-content is-layout-flow wp-block-group-is-layout-flow\">\n\t<h2 class=\"t2-post-title wp-block-t2-post-title\">Digitalt Pensjon kurs<\/h2>\n\t<div class=\"dekode-course-card-meta type-meta type-is-sticky wp-block-dekode-course-card-meta\"><div class=\"card-meta\"><p class=\"card-meta__date\">Tuesday 21. April 2026 kl 12:00 &#8211; 13:00<\/p> <p class=\"card-meta__location\">Digitalt\/web<\/p><\/div><\/div>\n<\/div>\n\n<\/a>\n<\/div>\t\t\t\t<div class=\"t2-featured-single-post t2-featured-content is-post-type-course course-category-kurs-2 course-place-sola-strandhotell wp-block-t2-featured-single-post t2-featured-content-layout-col-4\"><a class=\"t2-post-link wp-block-t2-post-link\" href=\"https:\/\/styrke.no\/kurs\/gk-modul-2-grunnkurs-for-deg-som-er-ny-som-tillitsvalgt-3\/\">\n<div class=\"dekode-course-card-meta type-badge wp-block-dekode-course-card-meta\"><div class=\"date-badge\"><div class=\"date-badge__month\">Apr<\/div><div class=\"date-badge__day\">17<\/div><\/div><\/div>\n<figure style=\"--t2-focal-point: 50% 50%\" class=\"t2-post-featured-image has-image-ratio-16-9 wp-block-t2-post-featured-image\"><img loading=\"lazy\" decoding=\"async\" width=\"768\" height=\"1024\" src=\"https:\/\/styrke.no\/content\/uploads\/2025\/08\/Ole-Magnnus-Batstad-og-Christer-Systad-2.jpeg\" class=\"attachment-medium_large size-medium_large wp-post-image\" alt=\"Ole Magnus B\u00e5tstad og Christer Systad tok seg en luftetur mens de var p\u00e5 Superkurshelg med Styrke. Foto: Ole Magnus B\u00e5tstad.\" srcset=\"https:\/\/styrke.no\/content\/uploads\/2025\/08\/Ole-Magnnus-Batstad-og-Christer-Systad-2.jpeg 768w, https:\/\/styrke.no\/content\/uploads\/2025\/08\/Ole-Magnnus-Batstad-og-Christer-Systad-2-225x300.jpeg 225w\" \/><\/figure>\n\n<div class=\"wp-block-group alignfull card-content is-layout-flow wp-block-group-is-layout-flow\">\n\t<h2 class=\"t2-post-title wp-block-t2-post-title\">GK &#8211; Modul 2 Grunnkurs for deg som er ny som tillitsvalgt.<\/h2>\n\t<div class=\"dekode-course-card-meta type-meta wp-block-dekode-course-card-meta\"><div class=\"card-meta\"><p class=\"card-meta__date\">Friday 17. April 2026 kl 10:00 &#8211; Sunday 19. April 2026 kl 14:00<\/p> <p class=\"card-meta__location\">Sola Strandhotell<\/p><\/div><\/div>\n<\/div>\n\n<\/a>\n<\/div>\t\t\t\t<div class=\"t2-featured-single-post t2-featured-content is-post-type-course course-category-kurs-2 course-place-sola-strandhotell wp-block-t2-featured-single-post t2-featured-content-layout-col-4\"><a class=\"t2-post-link wp-block-t2-post-link\" href=\"https:\/\/styrke.no\/kurs\/superkurs-ny-i-forbundet-styrke\/\">\n<div class=\"dekode-course-card-meta type-badge wp-block-dekode-course-card-meta\"><div class=\"date-badge\"><div class=\"date-badge__month\">Apr<\/div><div class=\"date-badge__day\">17<\/div><\/div><\/div>\n<figure style=\"--t2-focal-point: 50% 50%\" class=\"t2-post-featured-image has-image-ratio-16-9 wp-block-t2-post-featured-image\"><img loading=\"lazy\" decoding=\"async\" width=\"768\" height=\"503\" src=\"https:\/\/styrke.no\/content\/uploads\/2025\/08\/Ole-Magnnus-Batstad-og-Christer-Systad-2424-768x503.jpg\" class=\"attachment-medium_large size-medium_large wp-post-image\" alt=\"\" srcset=\"https:\/\/styrke.no\/content\/uploads\/2025\/08\/Ole-Magnnus-Batstad-og-Christer-Systad-2424-768x503.jpg 768w, https:\/\/styrke.no\/content\/uploads\/2025\/08\/Ole-Magnnus-Batstad-og-Christer-Systad-2424-300x197.jpg 300w, https:\/\/styrke.no\/content\/uploads\/2025\/08\/Ole-Magnnus-Batstad-og-Christer-Systad-2424-1024x671.jpg 1024w, https:\/\/styrke.no\/content\/uploads\/2025\/08\/Ole-Magnnus-Batstad-og-Christer-Systad-2424-1536x1006.jpg 1536w, https:\/\/styrke.no\/content\/uploads\/2025\/08\/Ole-Magnnus-Batstad-og-Christer-Systad-2424-scaled.jpg 2048w\" \/><\/figure>\n\n<div class=\"wp-block-group alignfull card-content is-layout-flow wp-block-group-is-layout-flow\">\n\t<h2 class=\"t2-post-title wp-block-t2-post-title\">Superkurs &#8211; Ny i Forbundet Styrke.<\/h2>\n\t<div class=\"dekode-course-card-meta type-meta wp-block-dekode-course-card-meta\"><div class=\"card-meta\"><p class=\"card-meta__date\">Friday 17. April 2026 kl 13:00 &#8211; Sunday 19. April 2026 kl 14:00<\/p> <p class=\"card-meta__location\">Sola Strandhotell<\/p><\/div><\/div>\n<\/div>\n\n<\/a>\n<\/div>\t\t\t<\/div>\n\t<\/div>\n\t<\/div>\n\t\t","protected":false},"excerpt":{"rendered":"","protected":false},"author":121,"featured_media":0,"parent":0,"menu_order":0,"comment_status":"closed","ping_status":"closed","template":"","meta":{"_acf_changed":false,"teft_cards_image_id":0,"teft_cards_image_focal_point_x":0,"teft_cards_image_focal_point_y":0,"teft_cards_title":"","teft_cards_excerpt":"","footnotes":""},"news-tag":[],"class_list":["post-4","page","type-page","status-publish","hentry"],"yoast_head":"<!-- This site is optimized with the Yoast SEO Premium plugin v22.4 (Yoast SEO v23.0) - https:\/\/yoast.com\/wordpress\/plugins\/seo\/ -->\n<title>Forside - Shelf Drilling Ansattes Forening<\/title>\n<meta name=\"robots\" content=\"index, follow, max-snippet:-1, max-image-preview:large, max-video-preview:-1\" \/>\n<link rel=\"canonical\" href=\"https:\/\/styrke.no\/sdaf\/\" \/>\n<meta property=\"og:locale\" content=\"en_US\" \/>\n<meta property=\"og:type\" content=\"article\" \/>\n<meta property=\"og:title\" content=\"Forside\" \/>\n<meta property=\"og:url\" content=\"https:\/\/styrke.no\/sdaf\/\" \/>\n<meta property=\"og:site_name\" content=\"Shelf Drilling Ansattes Forening\" \/>\n<meta property=\"article:modified_time\" content=\"2025-07-15T10:43:36+00:00\" \/>\n<meta name=\"twitter:card\" content=\"summary_large_image\" \/>\n<script type=\"application\/ld+json\" class=\"yoast-schema-graph\">{\"@context\":\"https:\/\/schema.org\",\"@graph\":[{\"@type\":\"WebPage\",\"@id\":\"https:\/\/styrke.no\/sdaf\/\",\"url\":\"https:\/\/styrke.no\/sdaf\/\",\"name\":\"Forside - Shelf Drilling Ansattes Forening\",\"isPartOf\":{\"@id\":\"https:\/\/styrke.no\/sdaf\/#website\"},\"datePublished\":\"2021-09-23T11:29:47+00:00\",\"dateModified\":\"2025-07-15T10:43:36+00:00\",\"breadcrumb\":{\"@id\":\"https:\/\/styrke.no\/sdaf\/#breadcrumb\"},\"inLanguage\":\"en-US\",\"potentialAction\":[{\"@type\":\"ReadAction\",\"target\":[\"https:\/\/styrke.no\/sdaf\/\"]}]},{\"@type\":\"BreadcrumbList\",\"@id\":\"https:\/\/styrke.no\/sdaf\/#breadcrumb\",\"itemListElement\":[{\"@type\":\"ListItem\",\"position\":1,\"name\":\"Hjem\",\"item\":\"https:\/\/styrke.no\/sdaf\/\"},{\"@type\":\"ListItem\",\"position\":2,\"name\":\"Forside\"}]},{\"@type\":\"WebSite\",\"@id\":\"https:\/\/styrke.no\/sdaf\/#website\",\"url\":\"https:\/\/styrke.no\/sdaf\/\",\"name\":\"Shelf Drilling Ansattes Forening\",\"description\":\"Enda et Styrke subsite-nettsted\",\"publisher\":{\"@id\":\"https:\/\/styrke.no\/sdaf\/#organization\"},\"potentialAction\":[{\"@type\":\"SearchAction\",\"target\":{\"@type\":\"EntryPoint\",\"urlTemplate\":\"https:\/\/styrke.no\/sdaf\/?s={search_term_string}\"},\"query-input\":\"required name=search_term_string\"}],\"inLanguage\":\"en-US\"},{\"@type\":\"Organization\",\"@id\":\"https:\/\/styrke.no\/sdaf\/#organization\",\"name\":\"Shelf Drilling Ansattes Forening\",\"url\":\"https:\/\/styrke.no\/sdaf\/\",\"logo\":{\"@type\":\"ImageObject\",\"inLanguage\":\"en-US\",\"@id\":\"https:\/\/styrke.no\/sdaf\/#\/schema\/logo\/image\/\",\"url\":\"https:\/\/styrke.no\/content\/uploads\/sites\/27\/2024\/10\/Isolation_Mode.svg\",\"contentUrl\":\"https:\/\/styrke.no\/content\/uploads\/sites\/27\/2024\/10\/Isolation_Mode.svg\",\"width\":185,\"height\":54,\"caption\":\"Shelf Drilling Ansattes Forening\"},\"image\":{\"@id\":\"https:\/\/styrke.no\/sdaf\/#\/schema\/logo\/image\/\"}}]}<\/script>\n<!-- \/ Yoast SEO Premium plugin. -->","yoast_head_json":{"title":"Forside - Shelf Drilling Ansattes Forening","robots":{"index":"index","follow":"follow","max-snippet":"max-snippet:-1","max-image-preview":"max-image-preview:large","max-video-preview":"max-video-preview:-1"},"canonical":"https:\/\/styrke.no\/sdaf\/","og_locale":"en_US","og_type":"article","og_title":"Forside","og_url":"https:\/\/styrke.no\/sdaf\/","og_site_name":"Shelf Drilling Ansattes Forening","article_modified_time":"2025-07-15T10:43:36+00:00","twitter_card":"summary_large_image","schema":{"@context":"https:\/\/schema.org","@graph":[{"@type":"WebPage","@id":"https:\/\/styrke.no\/sdaf\/","url":"https:\/\/styrke.no\/sdaf\/","name":"Forside - Shelf Drilling Ansattes Forening","isPartOf":{"@id":"https:\/\/styrke.no\/sdaf\/#website"},"datePublished":"2021-09-23T11:29:47+00:00","dateModified":"2025-07-15T10:43:36+00:00","breadcrumb":{"@id":"https:\/\/styrke.no\/sdaf\/#breadcrumb"},"inLanguage":"en-US","potentialAction":[{"@type":"ReadAction","target":["https:\/\/styrke.no\/sdaf\/"]}]},{"@type":"BreadcrumbList","@id":"https:\/\/styrke.no\/sdaf\/#breadcrumb","itemListElement":[{"@type":"ListItem","position":1,"name":"Hjem","item":"https:\/\/styrke.no\/sdaf\/"},{"@type":"ListItem","position":2,"name":"Forside"}]},{"@type":"WebSite","@id":"https:\/\/styrke.no\/sdaf\/#website","url":"https:\/\/styrke.no\/sdaf\/","name":"Shelf Drilling Ansattes Forening","description":"Enda et Styrke subsite-nettsted","publisher":{"@id":"https:\/\/styrke.no\/sdaf\/#organization"},"potentialAction":[{"@type":"SearchAction","target":{"@type":"EntryPoint","urlTemplate":"https:\/\/styrke.no\/sdaf\/?s={search_term_string}"},"query-input":"required name=search_term_string"}],"inLanguage":"en-US"},{"@type":"Organization","@id":"https:\/\/styrke.no\/sdaf\/#organization","name":"Shelf Drilling Ansattes Forening","url":"https:\/\/styrke.no\/sdaf\/","logo":{"@type":"ImageObject","inLanguage":"en-US","@id":"https:\/\/styrke.no\/sdaf\/#\/schema\/logo\/image\/","url":"https:\/\/styrke.no\/content\/uploads\/sites\/27\/2024\/10\/Isolation_Mode.svg","contentUrl":"https:\/\/styrke.no\/content\/uploads\/sites\/27\/2024\/10\/Isolation_Mode.svg","width":185,"height":54,"caption":"Shelf Drilling Ansattes Forening"},"image":{"@id":"https:\/\/styrke.no\/sdaf\/#\/schema\/logo\/image\/"}}]}},"acf":[],"_links":{"self":[{"href":"https:\/\/styrke.no\/sdaf\/wp-json\/wp\/v2\/pages\/4"}],"collection":[{"href":"https:\/\/styrke.no\/sdaf\/wp-json\/wp\/v2\/pages"}],"about":[{"href":"https:\/\/styrke.no\/sdaf\/wp-json\/wp\/v2\/types\/page"}],"author":[{"embeddable":true,"href":"https:\/\/styrke.no\/sdaf\/wp-json\/wp\/v2\/users\/121"}],"replies":[{"embeddable":true,"href":"https:\/\/styrke.no\/sdaf\/wp-json\/wp\/v2\/comments?post=4"}],"version-history":[{"count":22,"href":"https:\/\/styrke.no\/sdaf\/wp-json\/wp\/v2\/pages\/4\/revisions"}],"predecessor-version":[{"id":457,"href":"https:\/\/styrke.no\/sdaf\/wp-json\/wp\/v2\/pages\/4\/revisions\/457"}],"wp:attachment":[{"href":"https:\/\/styrke.no\/sdaf\/wp-json\/wp\/v2\/media?parent=4"}],"wp:term":[{"taxonomy":"news-tag","embeddable":true,"href":"https:\/\/styrke.no\/sdaf\/wp-json\/wp\/v2\/news-tag?post=4"}],"curies":[{"name":"wp","href":"https:\/\/api.w.org\/{rel}","templated":true}]}}