{"id":563,"date":"2026-03-17T12:18:00","date_gmt":"2026-03-17T11:18:00","guid":{"rendered":"https:\/\/styrke.no\/sdaf\/?page_id=563"},"modified":"2026-03-17T12:22:51","modified_gmt":"2026-03-17T11:22:51","slug":"faq","status":"publish","type":"page","link":"https:\/\/styrke.no\/sdaf\/faq\/","title":{"rendered":"FAQ &#8211; Norsk"},"content":{"rendered":"\n<div class=\"wp-block-dekode-accordion content-wide alignfull has-bg-soft-background-color has-background\"><div class=\"dekode-accordion-content__inner\"><h3 class=\"title\">Ofte stilte sp\u00f8rsm\u00e5l<\/h3><div class=\"before\">Her finner du v\u00e5re mest stilte sp\u00f8rsm\u00e5l og svar.<\/div><div id=\"accordion-group-undefined\" class=\"dekode-accordion__inner accordion\" data-allow-multiple=\"true\">\n<div class=\"wp-block-dekode-accordion-item\"><h3><button type=\"button\" aria-expanded=\"false\" aria-disabled=\"false\" class=\"accordion-trigger\" aria-controls=\"sect-e9821c3c-9841-4367-be25-70b201bfa25c\" id=\"accordion-e9821c3c-9841-4367-be25-70b201bfa25cid\"><span class=\"accordion-title\">Et popul\u00e6rt sp\u00f8rsm\u00e5l <span class=\"accordion-icon\"><\/span><\/span><\/button><\/h3><div id=\"sect-e9821c3c-9841-4367-be25-70b201bfa25c\" role=\"region\" aria-labelledby=\"accordion-e9821c3c-9841-4367-be25-70b201bfa25cid\" class=\"accordion-panel\" hidden><div>\n<p>Nullam id dolor id nibh ultricies vehicula ut id elit. Cum sociis natoque penatibus et magnis dis parturient montes, nascetur ridiculus mus. Vivamus sagittis lacus vel augue laoreet rutrum faucibus dolor auctor. Cras justo odio, dapibus ac facilisis in, egestas eget quam.<\/p>\n<\/div><\/div><\/div>\n\n\n\n<div class=\"wp-block-dekode-accordion-item\"><h3><button type=\"button\" aria-expanded=\"false\" aria-disabled=\"false\" class=\"accordion-trigger\" aria-controls=\"sect-d9181063-ca2b-44cf-974d-f10e5b030c63\" id=\"accordion-d9181063-ca2b-44cf-974d-f10e5b030c63id\"><span class=\"accordion-title\">Et popul\u00e6rt sp\u00f8rsm\u00e5l<span class=\"accordion-icon\"><\/span><\/span><\/button><\/h3><div id=\"sect-d9181063-ca2b-44cf-974d-f10e5b030c63\" role=\"region\" aria-labelledby=\"accordion-d9181063-ca2b-44cf-974d-f10e5b030c63id\" class=\"accordion-panel\" hidden><div>\n<p>Nullam id dolor id nibh ultricies vehicula ut id elit. Cum sociis natoque penatibus et magnis dis parturient montes, nascetur ridiculus mus. Vivamus sagittis lacus vel augue laoreet rutrum faucibus dolor auctor. Cras justo odio, dapibus ac facilisis in, egestas eget quam.<\/p>\n<\/div><\/div><\/div>\n\n\n\n<div class=\"wp-block-dekode-accordion-item\"><h3><button type=\"button\" aria-expanded=\"false\" aria-disabled=\"false\" class=\"accordion-trigger\" aria-controls=\"sect-e290d8b1-81d9-4074-8c5d-d4e9b3c391e8\" id=\"accordion-e290d8b1-81d9-4074-8c5d-d4e9b3c391e8id\"><span class=\"accordion-title\">Et popul\u00e6rt sp\u00f8rsm\u00e5l<span class=\"accordion-icon\"><\/span><\/span><\/button><\/h3><div id=\"sect-e290d8b1-81d9-4074-8c5d-d4e9b3c391e8\" role=\"region\" aria-labelledby=\"accordion-e290d8b1-81d9-4074-8c5d-d4e9b3c391e8id\" class=\"accordion-panel\" hidden><div>\n<p>Nullam id dolor id nibh ultricies vehicula ut id elit. Cum sociis natoque penatibus et magnis dis parturient montes, nascetur ridiculus mus. Vivamus sagittis lacus vel augue laoreet rutrum faucibus dolor auctor. Cras justo odio, dapibus ac facilisis in, egestas eget quam.<\/p>\n<\/div><\/div><\/div>\n\n\n\n<div class=\"wp-block-dekode-accordion-item\"><h3><button type=\"button\" aria-expanded=\"false\" aria-disabled=\"false\" class=\"accordion-trigger\" aria-controls=\"sect-f39cee37-052e-4c95-bae5-79c86c08436a\" id=\"accordion-f39cee37-052e-4c95-bae5-79c86c08436aid\"><span class=\"accordion-title\">Et popul\u00e6rt sp\u00f8rsm\u00e5l<span class=\"accordion-icon\"><\/span><\/span><\/button><\/h3><div id=\"sect-f39cee37-052e-4c95-bae5-79c86c08436a\" role=\"region\" aria-labelledby=\"accordion-f39cee37-052e-4c95-bae5-79c86c08436aid\" class=\"accordion-panel\" hidden><div>\n<p>Nullam id dolor id nibh ultricies vehicula ut id elit. Cum sociis natoque penatibus et magnis dis parturient montes, nascetur ridiculus mus. Vivamus sagittis lacus vel augue laoreet rutrum faucibus dolor auctor. Cras justo odio, dapibus ac facilisis in, egestas eget quam.<\/p>\n<\/div><\/div><\/div>\n<\/div><\/div><\/div>\n","protected":false},"excerpt":{"rendered":"","protected":false},"author":242,"featured_media":0,"parent":0,"menu_order":0,"comment_status":"closed","ping_status":"closed","template":"","meta":{"_acf_changed":false,"teft_cards_image_id":0,"teft_cards_image_focal_point_x":0,"teft_cards_image_focal_point_y":0,"teft_cards_title":"","teft_cards_excerpt":"","footnotes":""},"news-tag":[],"class_list":["post-563","page","type-page","status-publish","hentry"],"yoast_head":"<!-- This site is optimized with the Yoast SEO Premium plugin v22.4 (Yoast SEO v23.0) - https:\/\/yoast.com\/wordpress\/plugins\/seo\/ -->\n<title>FAQ - Norsk - Shelf Drilling Ansattes Forening<\/title>\n<meta name=\"robots\" content=\"index, follow, max-snippet:-1, max-image-preview:large, max-video-preview:-1\" \/>\n<link rel=\"canonical\" href=\"https:\/\/styrke.no\/sdaf\/faq\/\" \/>\n<meta property=\"og:locale\" content=\"en_US\" \/>\n<meta property=\"og:type\" content=\"article\" \/>\n<meta property=\"og:title\" content=\"FAQ - Norsk\" \/>\n<meta property=\"og:url\" content=\"https:\/\/styrke.no\/sdaf\/faq\/\" \/>\n<meta property=\"og:site_name\" content=\"Shelf Drilling Ansattes Forening\" \/>\n<meta property=\"article:modified_time\" content=\"2026-03-17T11:22:51+00:00\" \/>\n<meta name=\"twitter:card\" content=\"summary_large_image\" \/>\n<meta name=\"twitter:label1\" content=\"Est. reading time\" \/>\n\t<meta name=\"twitter:data1\" content=\"1 minute\" \/>\n<script type=\"application\/ld+json\" class=\"yoast-schema-graph\">{\"@context\":\"https:\/\/schema.org\",\"@graph\":[{\"@type\":\"WebPage\",\"@id\":\"https:\/\/styrke.no\/sdaf\/faq\/\",\"url\":\"https:\/\/styrke.no\/sdaf\/faq\/\",\"name\":\"FAQ - Norsk - Shelf Drilling Ansattes Forening\",\"isPartOf\":{\"@id\":\"https:\/\/styrke.no\/sdaf\/#website\"},\"datePublished\":\"2026-03-17T11:18:00+00:00\",\"dateModified\":\"2026-03-17T11:22:51+00:00\",\"breadcrumb\":{\"@id\":\"https:\/\/styrke.no\/sdaf\/faq\/#breadcrumb\"},\"inLanguage\":\"en-US\",\"potentialAction\":[{\"@type\":\"ReadAction\",\"target\":[\"https:\/\/styrke.no\/sdaf\/faq\/\"]}]},{\"@type\":\"BreadcrumbList\",\"@id\":\"https:\/\/styrke.no\/sdaf\/faq\/#breadcrumb\",\"itemListElement\":[{\"@type\":\"ListItem\",\"position\":1,\"name\":\"Hjem\",\"item\":\"https:\/\/styrke.no\/sdaf\/\"},{\"@type\":\"ListItem\",\"position\":2,\"name\":\"FAQ &#8211; Norsk\"}]},{\"@type\":\"WebSite\",\"@id\":\"https:\/\/styrke.no\/sdaf\/#website\",\"url\":\"https:\/\/styrke.no\/sdaf\/\",\"name\":\"Shelf Drilling Ansattes Forening\",\"description\":\"Enda et Styrke subsite-nettsted\",\"publisher\":{\"@id\":\"https:\/\/styrke.no\/sdaf\/#organization\"},\"potentialAction\":[{\"@type\":\"SearchAction\",\"target\":{\"@type\":\"EntryPoint\",\"urlTemplate\":\"https:\/\/styrke.no\/sdaf\/?s={search_term_string}\"},\"query-input\":\"required name=search_term_string\"}],\"inLanguage\":\"en-US\"},{\"@type\":\"Organization\",\"@id\":\"https:\/\/styrke.no\/sdaf\/#organization\",\"name\":\"Shelf Drilling Ansattes Forening\",\"url\":\"https:\/\/styrke.no\/sdaf\/\",\"logo\":{\"@type\":\"ImageObject\",\"inLanguage\":\"en-US\",\"@id\":\"https:\/\/styrke.no\/sdaf\/#\/schema\/logo\/image\/\",\"url\":\"https:\/\/styrke.no\/content\/uploads\/sites\/27\/2024\/10\/Isolation_Mode.svg\",\"contentUrl\":\"https:\/\/styrke.no\/content\/uploads\/sites\/27\/2024\/10\/Isolation_Mode.svg\",\"width\":185,\"height\":54,\"caption\":\"Shelf Drilling Ansattes Forening\"},\"image\":{\"@id\":\"https:\/\/styrke.no\/sdaf\/#\/schema\/logo\/image\/\"}}]}<\/script>\n<!-- \/ Yoast SEO Premium plugin. -->","yoast_head_json":{"title":"FAQ - Norsk - Shelf Drilling Ansattes Forening","robots":{"index":"index","follow":"follow","max-snippet":"max-snippet:-1","max-image-preview":"max-image-preview:large","max-video-preview":"max-video-preview:-1"},"canonical":"https:\/\/styrke.no\/sdaf\/faq\/","og_locale":"en_US","og_type":"article","og_title":"FAQ - Norsk","og_url":"https:\/\/styrke.no\/sdaf\/faq\/","og_site_name":"Shelf Drilling Ansattes Forening","article_modified_time":"2026-03-17T11:22:51+00:00","twitter_card":"summary_large_image","twitter_misc":{"Est. reading time":"1 minute"},"schema":{"@context":"https:\/\/schema.org","@graph":[{"@type":"WebPage","@id":"https:\/\/styrke.no\/sdaf\/faq\/","url":"https:\/\/styrke.no\/sdaf\/faq\/","name":"FAQ - Norsk - Shelf Drilling Ansattes Forening","isPartOf":{"@id":"https:\/\/styrke.no\/sdaf\/#website"},"datePublished":"2026-03-17T11:18:00+00:00","dateModified":"2026-03-17T11:22:51+00:00","breadcrumb":{"@id":"https:\/\/styrke.no\/sdaf\/faq\/#breadcrumb"},"inLanguage":"en-US","potentialAction":[{"@type":"ReadAction","target":["https:\/\/styrke.no\/sdaf\/faq\/"]}]},{"@type":"BreadcrumbList","@id":"https:\/\/styrke.no\/sdaf\/faq\/#breadcrumb","itemListElement":[{"@type":"ListItem","position":1,"name":"Hjem","item":"https:\/\/styrke.no\/sdaf\/"},{"@type":"ListItem","position":2,"name":"FAQ &#8211; Norsk"}]},{"@type":"WebSite","@id":"https:\/\/styrke.no\/sdaf\/#website","url":"https:\/\/styrke.no\/sdaf\/","name":"Shelf Drilling Ansattes Forening","description":"Enda et Styrke subsite-nettsted","publisher":{"@id":"https:\/\/styrke.no\/sdaf\/#organization"},"potentialAction":[{"@type":"SearchAction","target":{"@type":"EntryPoint","urlTemplate":"https:\/\/styrke.no\/sdaf\/?s={search_term_string}"},"query-input":"required name=search_term_string"}],"inLanguage":"en-US"},{"@type":"Organization","@id":"https:\/\/styrke.no\/sdaf\/#organization","name":"Shelf Drilling Ansattes Forening","url":"https:\/\/styrke.no\/sdaf\/","logo":{"@type":"ImageObject","inLanguage":"en-US","@id":"https:\/\/styrke.no\/sdaf\/#\/schema\/logo\/image\/","url":"https:\/\/styrke.no\/content\/uploads\/sites\/27\/2024\/10\/Isolation_Mode.svg","contentUrl":"https:\/\/styrke.no\/content\/uploads\/sites\/27\/2024\/10\/Isolation_Mode.svg","width":185,"height":54,"caption":"Shelf Drilling Ansattes Forening"},"image":{"@id":"https:\/\/styrke.no\/sdaf\/#\/schema\/logo\/image\/"}}]}},"acf":[],"_links":{"self":[{"href":"https:\/\/styrke.no\/sdaf\/wp-json\/wp\/v2\/pages\/563"}],"collection":[{"href":"https:\/\/styrke.no\/sdaf\/wp-json\/wp\/v2\/pages"}],"about":[{"href":"https:\/\/styrke.no\/sdaf\/wp-json\/wp\/v2\/types\/page"}],"author":[{"embeddable":true,"href":"https:\/\/styrke.no\/sdaf\/wp-json\/wp\/v2\/users\/242"}],"replies":[{"embeddable":true,"href":"https:\/\/styrke.no\/sdaf\/wp-json\/wp\/v2\/comments?post=563"}],"version-history":[{"count":2,"href":"https:\/\/styrke.no\/sdaf\/wp-json\/wp\/v2\/pages\/563\/revisions"}],"predecessor-version":[{"id":572,"href":"https:\/\/styrke.no\/sdaf\/wp-json\/wp\/v2\/pages\/563\/revisions\/572"}],"wp:attachment":[{"href":"https:\/\/styrke.no\/sdaf\/wp-json\/wp\/v2\/media?parent=563"}],"wp:term":[{"taxonomy":"news-tag","embeddable":true,"href":"https:\/\/styrke.no\/sdaf\/wp-json\/wp\/v2\/news-tag?post=563"}],"curies":[{"name":"wp","href":"https:\/\/api.w.org\/{rel}","templated":true}]}}