{"id":366,"date":"2026-02-12T10:23:30","date_gmt":"2026-02-12T09:23:30","guid":{"rendered":"https:\/\/styrke.no\/svv\/?page_id=366"},"modified":"2026-03-26T11:22:39","modified_gmt":"2026-03-26T10:22:39","slug":"om-avdelingen","status":"publish","type":"page","link":"https:\/\/styrke.no\/svv\/forside\/om-avdelingen\/","title":{"rendered":"Om avdelingen"},"content":{"rendered":"\n<h1 class=\"wp-block-heading\" id=\"h-om-avdelingen\">Om avdelingen<\/h1>\n\n\n\n<figure class=\"wp-block-image aligncenter size-large\"><img loading=\"lazy\" decoding=\"async\" width=\"1024\" height=\"683\" src=\"https:\/\/styrke.no\/content\/uploads\/sites\/31\/2026\/02\/DSC7269-2-1024x683.jpg\" alt=\"\" class=\"wp-image-359\" srcset=\"https:\/\/styrke.no\/content\/uploads\/sites\/31\/2026\/02\/DSC7269-2-1024x683.jpg 1024w, https:\/\/styrke.no\/content\/uploads\/sites\/31\/2026\/02\/DSC7269-2-300x200.jpg 300w, https:\/\/styrke.no\/content\/uploads\/sites\/31\/2026\/02\/DSC7269-2-768x512.jpg 768w, https:\/\/styrke.no\/content\/uploads\/sites\/31\/2026\/02\/DSC7269-2-1536x1024.jpg 1536w, https:\/\/styrke.no\/content\/uploads\/sites\/31\/2026\/02\/DSC7269-2-scaled.jpg 2048w\" sizes=\"(max-width: 1024px) 100vw, 1024px\" \/><figcaption class=\"wp-element-caption\">Foto: B\u00e5rd Asle Nordb\u00f8 \/ Statens Vegvesen<\/figcaption><\/figure>\n\n\n\n<div class=\"wp-block-buttons is-layout-flex wp-block-buttons-is-layout-flex\">\n<div class=\"wp-block-button has-icon has-icon-schedule\"><a class=\"wp-block-button__link wp-element-button\" href=\"https:\/\/styrke.no\/svv\/forside\/historikk\/\" target=\"_blank\" rel=\"noreferrer noopener\">Historikk<svg xmlns=\"http:\/\/www.w3.org\/2000\/svg\" viewBox=\"0 0 24 24\" height=\"24\" width=\"24\" class=\"t2-icon t2-icon-schedule\" aria-hidden=\"true\" focusable=\"false\"><path d=\"M12 2.25c-5.386719 0-9.75 4.363281-9.75 9.75s4.363281 9.75 9.75 9.75 9.75-4.363281 9.75-9.75c-.003906-5.382812-4.367188-9.746094-9.75-9.75Zm0 18c-4.554688 0-8.25-3.695312-8.25-8.25 0-4.554688 3.695312-8.25 8.25-8.25 4.554688 0 8.25 3.695312 8.25 8.25-.003906 4.554688-3.695312 8.246094-8.25 8.25ZM18 12c0 .414062-.335938.75-.75.75H12c-.414062 0-.75-.335938-.75-.75V6.75c0-.414062.335938-.75.75-.75s.75.335938.75.75v4.5h4.5c.414062 0 .75.335938.75.75Zm0 0\"\/><\/svg><\/a><\/div>\n\n\n\n<div class=\"wp-block-button has-icon has-icon-menuSearch\"><a class=\"wp-block-button__link wp-element-button\" href=\"https:\/\/intranett.vegvesen.no\/medarbeider\/ansettelse\/fagforbund\/styrke\/\" target=\"_blank\" rel=\"noreferrer noopener\">Tillitsvalgt<svg xmlns=\"http:\/\/www.w3.org\/2000\/svg\" viewBox=\"0 0 24 24\" height=\"24\" width=\"24\" class=\"t2-icon t2-icon-menusearch\" aria-hidden=\"true\" focusable=\"false\"><path d=\"M3 6c0-.414062.335938-.75.75-.75h16.5c.414062 0 .75.335938.75.75s-.335938.75-.75.75H3.75C3.335938 6.75 3 6.414062 3 6Zm.75 6.75h6.75c.414062 0 .75-.335938.75-.75s-.335938-.75-.75-.75H3.75c-.414062 0-.75.335938-.75.75s.335938.75.75.75Zm8.25 4.5H3.75c-.414062 0-.75.335938-.75.75s.335938.75.75.75H12c.414062 0 .75-.335938.75-.75s-.335938-.75-.75-.75Zm10.28125 1.28125c-.140625.140625-.332031.21875-.53125.21875-.199219 0-.390625-.078125-.53125-.21875l-1.90625-1.902344c-1.605469 1.058594-3.753906.730469-4.972656-.761718-1.214844-1.492188-1.105469-3.660157.257812-5.019532C15.957031 9.484375 18.125 9.375 19.617188 10.589844c1.492187 1.21875 1.820312 3.367187.761718 4.972656l1.902344 1.902344c.140625.140625.222656.332031.222656.535156 0 .199219-.082031.390625-.222656.53125ZM17.25 15.75c1.242188 0 2.25-1.007812 2.25-2.25s-1.007812-2.25-2.25-2.25S15 12.257812 15 13.5s1.007812 2.25 2.25 2.25Zm0 0\"\/><\/svg><\/a><\/div>\n<\/div>\n\n\n\n<p>Forbundet Styrke er i dag den 3-4 st\u00f8rste forbundet under LO med over 80&nbsp;000 medlemmer. &nbsp;Avdeling 73, STYRKE &#8211; Statens vegvesen er ogs\u00e5 en av de store foreningene i Statens vegvesen med engasjerte tillitsvalgte for alle etatens divisjoner. Sammen kjemper vi for din l\u00f8nn, dine rettigheter, sikkerhet og rammebetingelser. <\/p>\n\n\n\n<p>V\u00e5r avdeling har faktisk representasjon i b\u00e5de forbundsstyret, landsstyret og kontrollkomiteen til Styrke, samt 7 av 10 plasser i Styrkes samarbeidskomit\u00e9 for staten. Vi har ogs\u00e5 fast plass i Samferdselspolitisk utvalg i LO. Disse utvalgene er samarbeidsorgan for Styrke og LO-forbundene som organiserer ansatte i stat og samferdselssektoren. Utvalgene samordner interesser og bidrar til \u00e5 utvikle politikk p\u00e5 omr\u00e5det. Det f\u00f8lger opp saker overfor myndigheter, n\u00e6ringsliv og andre organisasjoner, og sikrer at de ansattes perspektiver blir ivaretatt i den nasjonale samferdselspolitikken.<\/p>\n\n\n\n<p>Vi jobber strategisk igjennom disse plattformene p\u00e5 veiene av v\u00e5re medlemmer for \u00e5 bedre deres vilk\u00e5r, rettigheter og arbeidssituasjon. &nbsp;<\/p>\n\n\n\n<p><strong>Denne type posisjon og mulighet til innflytelse vi har som avdeling er ganske unik sammenlignet med andre foreninger i Statens vegvesen.<\/strong><\/p>\n\n\n\n<p><a href=\"https:\/\/styrke.no\/hvem-vi-er\/samarbeidskomiteer\/\">Samarbeidskomiteer (styrke.n<\/a><a href=\"https:\/\/styrke.no\/hvem-vi-er\/samarbeidskomiteer\/\" target=\"_blank\" rel=\"noreferrer noopener\">o)<\/a><\/p>\n\n\n\n<div class=\"wp-block-group is-layout-flow wp-block-group-is-layout-flow\">\n<p>Vi er i dag et forbund som organiserer hele bredden i Statens vegvesen, og har i dag medlemmer innenfor alle yrkesgrupper.\u00a0Fra \u00f8vre ledelse til de som st\u00e5r for det operative arbeidet.\u00a0<\/p>\n<\/div>\n\n\n\n<p>Vi er politisk uavhengige og selv om vi er en del av LO, \u00f8nsker vi \u00e5 v\u00e6re et forbund for alle uavhengig av politisk st\u00e5sted. Vi er opptatt av \u00e5 gi rom for meningsmangfold og gjensidig respekt. Vi tror nettopp slike forskjeller gir rom for refleksjon og mulighet til \u00e5 spille hverandre gode. Nettopp igjennom et slikt klima vil vi kunne vokse b\u00e5de som personer, samt skape bedre resultater sammen.<\/p>\n\n\n\n<h2 class=\"wp-block-heading\" id=\"h-medlemsfordeler\">Medlemsfordeler<\/h2>\n\n\n\n<p>Vi har sv\u00e6rt fordelaktige kollektive forsikringer igjennom LOfav\u00f8r og HELPadvokatene, som v\u00e5re medlemmer nyter sv\u00e6rt godt av!<\/p>\n\n\n\n<p>Som medlem f\u00e5r du gode forsikringsordninger, muligheter for gratis juridisk bistand uten egenandeler, utdanningsmuligheter via toppskoleringen til LO skolen ved Universitet i Bergen, og fortl\u00f8pende tilgang til aktuelle kurs og konferanser via b\u00e5de LO Stat og STYRKE.<\/p>\n\n\n\n<p><a href=\"https:\/\/www.lostat.no\/kurs-og-konferanser\/alle-kurs-og-konferanser\/\" target=\"_blank\" rel=\"noreferrer noopener\">Alle kurs og konferanser &#8211; (LOStat.no)<\/a><\/p>\n\n\n\n<p>V\u00e5rt siste og mest popul\u00e6re tilskudd i v\u00e5r pott av grunnforsikringer, er LOfav\u00f8r Advokatforsikring, som tilbys via HELP. Her har du eksempelvis mulighet for ubegrenset r\u00e5dgivning fra advokat, <strong>uten egenandeler<\/strong> innenfor de fleste omr\u00e5der som ber\u00f8rer deg i l\u00f8pet av livet.&nbsp;<\/p>\n\n\n\n<p>Dine synspunkter er verdifulle for oss. Vi har alltid plass til flere medlemmer, og du er hjertelig velkommen!<\/p>\n\n\n\n<p>Vi er sterkere sammen!<\/p>\n","protected":false},"excerpt":{"rendered":"<p>Om avdelingen Forbundet Styrke er i dag den 3-4 st\u00f8rste forbundet under LO med over 80&nbsp;000 medlemmer. &nbsp;Avdeling 73, STYRKE \u2026 <\/p>\n","protected":false},"author":240,"featured_media":0,"parent":4,"menu_order":0,"comment_status":"closed","ping_status":"closed","template":"","meta":{"_acf_changed":false,"teft_cards_image_id":0,"teft_cards_image_focal_point_x":0,"teft_cards_image_focal_point_y":0,"teft_cards_title":"","teft_cards_excerpt":"","footnotes":""},"news-tag":[],"class_list":["post-366","page","type-page","status-publish","hentry"],"yoast_head":"<!-- This site is optimized with the Yoast SEO Premium plugin v22.4 (Yoast SEO v23.0) - https:\/\/yoast.com\/wordpress\/plugins\/seo\/ -->\n<title>Om avdelingen - Styrke Statens vegvesen<\/title>\n<meta name=\"robots\" content=\"index, follow, max-snippet:-1, max-image-preview:large, max-video-preview:-1\" \/>\n<link rel=\"canonical\" href=\"https:\/\/styrke.no\/svv\/forside\/om-avdelingen\/\" \/>\n<meta property=\"og:locale\" content=\"nb_NO\" \/>\n<meta property=\"og:type\" content=\"article\" \/>\n<meta property=\"og:title\" content=\"Om avdelingen\" \/>\n<meta property=\"og:description\" content=\"Om avdelingen Forbundet Styrke er i dag den 3-4 st\u00f8rste forbundet under LO med over 80&nbsp;000 medlemmer. &nbsp;Avdeling 73, STYRKE \u2026\" \/>\n<meta property=\"og:url\" content=\"https:\/\/styrke.no\/svv\/forside\/om-avdelingen\/\" \/>\n<meta property=\"og:site_name\" content=\"Styrke Statens vegvesen\" \/>\n<meta property=\"article:modified_time\" content=\"2026-03-26T10:22:39+00:00\" \/>\n<meta property=\"og:image\" content=\"https:\/\/styrke.no\/content\/uploads\/sites\/31\/2026\/02\/DSC7269-2-1024x683.jpg\" \/>\n<meta name=\"twitter:card\" content=\"summary_large_image\" \/>\n<meta name=\"twitter:label1\" content=\"Ansl. lesetid\" \/>\n\t<meta name=\"twitter:data1\" content=\"3 minutter\" \/>\n<script type=\"application\/ld+json\" class=\"yoast-schema-graph\">{\"@context\":\"https:\/\/schema.org\",\"@graph\":[{\"@type\":\"WebPage\",\"@id\":\"https:\/\/styrke.no\/svv\/forside\/om-avdelingen\/\",\"url\":\"https:\/\/styrke.no\/svv\/forside\/om-avdelingen\/\",\"name\":\"Om avdelingen - Styrke Statens vegvesen\",\"isPartOf\":{\"@id\":\"https:\/\/styrke.no\/svv\/#website\"},\"primaryImageOfPage\":{\"@id\":\"https:\/\/styrke.no\/svv\/forside\/om-avdelingen\/#primaryimage\"},\"image\":{\"@id\":\"https:\/\/styrke.no\/svv\/forside\/om-avdelingen\/#primaryimage\"},\"thumbnailUrl\":\"https:\/\/styrke.no\/content\/uploads\/sites\/31\/2026\/02\/DSC7269-2-1024x683.jpg\",\"datePublished\":\"2026-02-12T09:23:30+00:00\",\"dateModified\":\"2026-03-26T10:22:39+00:00\",\"breadcrumb\":{\"@id\":\"https:\/\/styrke.no\/svv\/forside\/om-avdelingen\/#breadcrumb\"},\"inLanguage\":\"nb-NO\",\"potentialAction\":[{\"@type\":\"ReadAction\",\"target\":[\"https:\/\/styrke.no\/svv\/forside\/om-avdelingen\/\"]}]},{\"@type\":\"ImageObject\",\"inLanguage\":\"nb-NO\",\"@id\":\"https:\/\/styrke.no\/svv\/forside\/om-avdelingen\/#primaryimage\",\"url\":\"https:\/\/styrke.no\/content\/uploads\/sites\/31\/2026\/02\/DSC7269-2-1024x683.jpg\",\"contentUrl\":\"https:\/\/styrke.no\/content\/uploads\/sites\/31\/2026\/02\/DSC7269-2-1024x683.jpg\"},{\"@type\":\"BreadcrumbList\",\"@id\":\"https:\/\/styrke.no\/svv\/forside\/om-avdelingen\/#breadcrumb\",\"itemListElement\":[{\"@type\":\"ListItem\",\"position\":1,\"name\":\"Hjem\",\"item\":\"https:\/\/styrke.no\/svv\/\"},{\"@type\":\"ListItem\",\"position\":2,\"name\":\"Styrke i Statens vegvesen\",\"item\":\"https:\/\/styrke.no\/svv\/\"},{\"@type\":\"ListItem\",\"position\":3,\"name\":\"Om avdelingen\"}]},{\"@type\":\"WebSite\",\"@id\":\"https:\/\/styrke.no\/svv\/#website\",\"url\":\"https:\/\/styrke.no\/svv\/\",\"name\":\"Styrke Statens vegvesen\",\"description\":\"Enda et Styrke subsite-nettsted\",\"publisher\":{\"@id\":\"https:\/\/styrke.no\/svv\/#organization\"},\"potentialAction\":[{\"@type\":\"SearchAction\",\"target\":{\"@type\":\"EntryPoint\",\"urlTemplate\":\"https:\/\/styrke.no\/svv\/?s={search_term_string}\"},\"query-input\":\"required name=search_term_string\"}],\"inLanguage\":\"nb-NO\"},{\"@type\":\"Organization\",\"@id\":\"https:\/\/styrke.no\/svv\/#organization\",\"name\":\"Styrke Statens vegvesen\",\"url\":\"https:\/\/styrke.no\/svv\/\",\"logo\":{\"@type\":\"ImageObject\",\"inLanguage\":\"nb-NO\",\"@id\":\"https:\/\/styrke.no\/svv\/#\/schema\/logo\/image\/\",\"url\":\"https:\/\/styrke.no\/content\/uploads\/sites\/31\/2024\/10\/Isolation_Mode.svg\",\"contentUrl\":\"https:\/\/styrke.no\/content\/uploads\/sites\/31\/2024\/10\/Isolation_Mode.svg\",\"width\":185,\"height\":54,\"caption\":\"Styrke Statens vegvesen\"},\"image\":{\"@id\":\"https:\/\/styrke.no\/svv\/#\/schema\/logo\/image\/\"}}]}<\/script>\n<!-- \/ Yoast SEO Premium plugin. -->","yoast_head_json":{"title":"Om avdelingen - Styrke Statens vegvesen","robots":{"index":"index","follow":"follow","max-snippet":"max-snippet:-1","max-image-preview":"max-image-preview:large","max-video-preview":"max-video-preview:-1"},"canonical":"https:\/\/styrke.no\/svv\/forside\/om-avdelingen\/","og_locale":"nb_NO","og_type":"article","og_title":"Om avdelingen","og_description":"Om avdelingen Forbundet Styrke er i dag den 3-4 st\u00f8rste forbundet under LO med over 80&nbsp;000 medlemmer. &nbsp;Avdeling 73, STYRKE \u2026","og_url":"https:\/\/styrke.no\/svv\/forside\/om-avdelingen\/","og_site_name":"Styrke Statens vegvesen","article_modified_time":"2026-03-26T10:22:39+00:00","og_image":[{"url":"https:\/\/styrke.no\/content\/uploads\/sites\/31\/2026\/02\/DSC7269-2-1024x683.jpg"}],"twitter_card":"summary_large_image","twitter_misc":{"Ansl. lesetid":"3 minutter"},"schema":{"@context":"https:\/\/schema.org","@graph":[{"@type":"WebPage","@id":"https:\/\/styrke.no\/svv\/forside\/om-avdelingen\/","url":"https:\/\/styrke.no\/svv\/forside\/om-avdelingen\/","name":"Om avdelingen - Styrke Statens vegvesen","isPartOf":{"@id":"https:\/\/styrke.no\/svv\/#website"},"primaryImageOfPage":{"@id":"https:\/\/styrke.no\/svv\/forside\/om-avdelingen\/#primaryimage"},"image":{"@id":"https:\/\/styrke.no\/svv\/forside\/om-avdelingen\/#primaryimage"},"thumbnailUrl":"https:\/\/styrke.no\/content\/uploads\/sites\/31\/2026\/02\/DSC7269-2-1024x683.jpg","datePublished":"2026-02-12T09:23:30+00:00","dateModified":"2026-03-26T10:22:39+00:00","breadcrumb":{"@id":"https:\/\/styrke.no\/svv\/forside\/om-avdelingen\/#breadcrumb"},"inLanguage":"nb-NO","potentialAction":[{"@type":"ReadAction","target":["https:\/\/styrke.no\/svv\/forside\/om-avdelingen\/"]}]},{"@type":"ImageObject","inLanguage":"nb-NO","@id":"https:\/\/styrke.no\/svv\/forside\/om-avdelingen\/#primaryimage","url":"https:\/\/styrke.no\/content\/uploads\/sites\/31\/2026\/02\/DSC7269-2-1024x683.jpg","contentUrl":"https:\/\/styrke.no\/content\/uploads\/sites\/31\/2026\/02\/DSC7269-2-1024x683.jpg"},{"@type":"BreadcrumbList","@id":"https:\/\/styrke.no\/svv\/forside\/om-avdelingen\/#breadcrumb","itemListElement":[{"@type":"ListItem","position":1,"name":"Hjem","item":"https:\/\/styrke.no\/svv\/"},{"@type":"ListItem","position":2,"name":"Styrke i Statens vegvesen","item":"https:\/\/styrke.no\/svv\/"},{"@type":"ListItem","position":3,"name":"Om avdelingen"}]},{"@type":"WebSite","@id":"https:\/\/styrke.no\/svv\/#website","url":"https:\/\/styrke.no\/svv\/","name":"Styrke Statens vegvesen","description":"Enda et Styrke subsite-nettsted","publisher":{"@id":"https:\/\/styrke.no\/svv\/#organization"},"potentialAction":[{"@type":"SearchAction","target":{"@type":"EntryPoint","urlTemplate":"https:\/\/styrke.no\/svv\/?s={search_term_string}"},"query-input":"required name=search_term_string"}],"inLanguage":"nb-NO"},{"@type":"Organization","@id":"https:\/\/styrke.no\/svv\/#organization","name":"Styrke Statens vegvesen","url":"https:\/\/styrke.no\/svv\/","logo":{"@type":"ImageObject","inLanguage":"nb-NO","@id":"https:\/\/styrke.no\/svv\/#\/schema\/logo\/image\/","url":"https:\/\/styrke.no\/content\/uploads\/sites\/31\/2024\/10\/Isolation_Mode.svg","contentUrl":"https:\/\/styrke.no\/content\/uploads\/sites\/31\/2024\/10\/Isolation_Mode.svg","width":185,"height":54,"caption":"Styrke Statens vegvesen"},"image":{"@id":"https:\/\/styrke.no\/svv\/#\/schema\/logo\/image\/"}}]}},"acf":[],"_links":{"self":[{"href":"https:\/\/styrke.no\/svv\/wp-json\/wp\/v2\/pages\/366"}],"collection":[{"href":"https:\/\/styrke.no\/svv\/wp-json\/wp\/v2\/pages"}],"about":[{"href":"https:\/\/styrke.no\/svv\/wp-json\/wp\/v2\/types\/page"}],"author":[{"embeddable":true,"href":"https:\/\/styrke.no\/svv\/wp-json\/wp\/v2\/users\/240"}],"replies":[{"embeddable":true,"href":"https:\/\/styrke.no\/svv\/wp-json\/wp\/v2\/comments?post=366"}],"version-history":[{"count":17,"href":"https:\/\/styrke.no\/svv\/wp-json\/wp\/v2\/pages\/366\/revisions"}],"predecessor-version":[{"id":670,"href":"https:\/\/styrke.no\/svv\/wp-json\/wp\/v2\/pages\/366\/revisions\/670"}],"up":[{"embeddable":true,"href":"https:\/\/styrke.no\/svv\/wp-json\/wp\/v2\/pages\/4"}],"wp:attachment":[{"href":"https:\/\/styrke.no\/svv\/wp-json\/wp\/v2\/media?parent=366"}],"wp:term":[{"taxonomy":"news-tag","embeddable":true,"href":"https:\/\/styrke.no\/svv\/wp-json\/wp\/v2\/news-tag?post=366"}],"curies":[{"name":"wp","href":"https:\/\/api.w.org\/{rel}","templated":true}]}}