{"id":376,"date":"2026-02-13T13:08:24","date_gmt":"2026-02-13T12:08:24","guid":{"rendered":"https:\/\/styrke.no\/svv\/?page_id=376"},"modified":"2026-02-13T13:08:25","modified_gmt":"2026-02-13T12:08:25","slug":"historikk","status":"publish","type":"page","link":"https:\/\/styrke.no\/svv\/forside\/historikk\/","title":{"rendered":"Historikk"},"content":{"rendered":"\n<h2 class=\"wp-block-heading\" id=\"h-historikk\">Historikk<\/h2>\n\n\n\n<figure class=\"wp-block-image size-large\"><img loading=\"lazy\" decoding=\"async\" width=\"1024\" height=\"686\" src=\"https:\/\/styrke.no\/content\/uploads\/sites\/31\/2026\/02\/DSC7895-5-1024x686.jpg\" alt=\"\" class=\"wp-image-361\" srcset=\"https:\/\/styrke.no\/content\/uploads\/sites\/31\/2026\/02\/DSC7895-5-1024x686.jpg 1024w, https:\/\/styrke.no\/content\/uploads\/sites\/31\/2026\/02\/DSC7895-5-300x201.jpg 300w, https:\/\/styrke.no\/content\/uploads\/sites\/31\/2026\/02\/DSC7895-5-768x514.jpg 768w, https:\/\/styrke.no\/content\/uploads\/sites\/31\/2026\/02\/DSC7895-5-1536x1029.jpg 1536w, https:\/\/styrke.no\/content\/uploads\/sites\/31\/2026\/02\/DSC7895-5-scaled.jpg 2048w\" sizes=\"(max-width: 1024px) 100vw, 1024px\" \/><figcaption class=\"wp-element-caption\">Foto: B\u00e5rd Asle Nordb\u00f8 \/ Statens Vegvesen<\/figcaption><\/figure>\n\n\n\n<p>STYRKE-Statens vegvesen ble stiftet i 1920 som \u00abNorsk Vegteknisk Forening\u00bb (NVF) hvor dette var en forening for oppsynsmenn i Statens vegvesen.<br>Dette var p\u00e5 bakgrunn av at man s\u00e5 behovet for \u00e5 st\u00e5 samlet i en organisasjon i arbeidet med \u00e5 bedre oppsynsmennenes arbeids- og l\u00f8nnsvilk\u00e5r.<\/p>\n\n\n\n<p>I 1950 ble sp\u00f8rsm\u00e5let om \u00e5 melde seg inn i LO tatt opp, og i 1952 meldte NVF seg inn i det nyetablerte forbundet Norsk Forbund for Arbeidsledere og Tekniske Funksjon\u00e6rer (NFATF).<br>NFATF skiftet i 1995 navn til Forbundet for Ledelse og Teknikk (FLT).<br>H\u00f8sten 2023 gikk forbundet Industri og energi (IE) sammen med FLT og vi er i dag over 80 000 medlemmer. V\u00e5ren 2024 skiftet vi navn fra FLT til STYRKE.<\/p>\n\n\n\n<p><\/p>\n","protected":false},"excerpt":{"rendered":"<p>Historikk STYRKE-Statens vegvesen ble stiftet i 1920 som \u00abNorsk Vegteknisk Forening\u00bb (NVF) hvor dette var en forening for oppsynsmenn i \u2026 <\/p>\n","protected":false},"author":240,"featured_media":0,"parent":4,"menu_order":0,"comment_status":"closed","ping_status":"closed","template":"","meta":{"_acf_changed":false,"teft_cards_image_id":0,"teft_cards_image_focal_point_x":0,"teft_cards_image_focal_point_y":0,"teft_cards_title":"","teft_cards_excerpt":"","footnotes":""},"news-tag":[],"class_list":["post-376","page","type-page","status-publish","hentry"],"yoast_head":"<!-- This site is optimized with the Yoast SEO Premium plugin v22.4 (Yoast SEO v23.0) - https:\/\/yoast.com\/wordpress\/plugins\/seo\/ -->\n<title>Historikk - Styrke Statens vegvesen<\/title>\n<meta name=\"robots\" content=\"index, follow, max-snippet:-1, max-image-preview:large, max-video-preview:-1\" \/>\n<link rel=\"canonical\" href=\"https:\/\/styrke.no\/svv\/forside\/historikk\/\" \/>\n<meta property=\"og:locale\" content=\"nb_NO\" \/>\n<meta property=\"og:type\" content=\"article\" \/>\n<meta property=\"og:title\" content=\"Historikk\" \/>\n<meta property=\"og:description\" content=\"Historikk STYRKE-Statens vegvesen ble stiftet i 1920 som \u00abNorsk Vegteknisk Forening\u00bb (NVF) hvor dette var en forening for oppsynsmenn i \u2026\" \/>\n<meta property=\"og:url\" content=\"https:\/\/styrke.no\/svv\/forside\/historikk\/\" \/>\n<meta property=\"og:site_name\" content=\"Styrke Statens vegvesen\" \/>\n<meta property=\"article:modified_time\" content=\"2026-02-13T12:08:25+00:00\" \/>\n<meta property=\"og:image\" content=\"https:\/\/styrke.no\/content\/uploads\/sites\/31\/2026\/02\/DSC7895-5-1024x686.jpg\" \/>\n<meta name=\"twitter:card\" content=\"summary_large_image\" \/>\n<meta name=\"twitter:label1\" content=\"Ansl. lesetid\" \/>\n\t<meta name=\"twitter:data1\" content=\"1 minutt\" \/>\n<script type=\"application\/ld+json\" class=\"yoast-schema-graph\">{\"@context\":\"https:\/\/schema.org\",\"@graph\":[{\"@type\":\"WebPage\",\"@id\":\"https:\/\/styrke.no\/svv\/forside\/historikk\/\",\"url\":\"https:\/\/styrke.no\/svv\/forside\/historikk\/\",\"name\":\"Historikk - Styrke Statens vegvesen\",\"isPartOf\":{\"@id\":\"https:\/\/styrke.no\/svv\/#website\"},\"primaryImageOfPage\":{\"@id\":\"https:\/\/styrke.no\/svv\/forside\/historikk\/#primaryimage\"},\"image\":{\"@id\":\"https:\/\/styrke.no\/svv\/forside\/historikk\/#primaryimage\"},\"thumbnailUrl\":\"https:\/\/styrke.no\/content\/uploads\/sites\/31\/2026\/02\/DSC7895-5-1024x686.jpg\",\"datePublished\":\"2026-02-13T12:08:24+00:00\",\"dateModified\":\"2026-02-13T12:08:25+00:00\",\"breadcrumb\":{\"@id\":\"https:\/\/styrke.no\/svv\/forside\/historikk\/#breadcrumb\"},\"inLanguage\":\"nb-NO\",\"potentialAction\":[{\"@type\":\"ReadAction\",\"target\":[\"https:\/\/styrke.no\/svv\/forside\/historikk\/\"]}]},{\"@type\":\"ImageObject\",\"inLanguage\":\"nb-NO\",\"@id\":\"https:\/\/styrke.no\/svv\/forside\/historikk\/#primaryimage\",\"url\":\"https:\/\/styrke.no\/content\/uploads\/sites\/31\/2026\/02\/DSC7895-5-1024x686.jpg\",\"contentUrl\":\"https:\/\/styrke.no\/content\/uploads\/sites\/31\/2026\/02\/DSC7895-5-1024x686.jpg\"},{\"@type\":\"BreadcrumbList\",\"@id\":\"https:\/\/styrke.no\/svv\/forside\/historikk\/#breadcrumb\",\"itemListElement\":[{\"@type\":\"ListItem\",\"position\":1,\"name\":\"Hjem\",\"item\":\"https:\/\/styrke.no\/svv\/\"},{\"@type\":\"ListItem\",\"position\":2,\"name\":\"Styrke i Statens vegvesen\",\"item\":\"https:\/\/styrke.no\/svv\/\"},{\"@type\":\"ListItem\",\"position\":3,\"name\":\"Historikk\"}]},{\"@type\":\"WebSite\",\"@id\":\"https:\/\/styrke.no\/svv\/#website\",\"url\":\"https:\/\/styrke.no\/svv\/\",\"name\":\"Styrke Statens vegvesen\",\"description\":\"Enda et Styrke subsite-nettsted\",\"publisher\":{\"@id\":\"https:\/\/styrke.no\/svv\/#organization\"},\"potentialAction\":[{\"@type\":\"SearchAction\",\"target\":{\"@type\":\"EntryPoint\",\"urlTemplate\":\"https:\/\/styrke.no\/svv\/?s={search_term_string}\"},\"query-input\":\"required name=search_term_string\"}],\"inLanguage\":\"nb-NO\"},{\"@type\":\"Organization\",\"@id\":\"https:\/\/styrke.no\/svv\/#organization\",\"name\":\"Styrke Statens vegvesen\",\"url\":\"https:\/\/styrke.no\/svv\/\",\"logo\":{\"@type\":\"ImageObject\",\"inLanguage\":\"nb-NO\",\"@id\":\"https:\/\/styrke.no\/svv\/#\/schema\/logo\/image\/\",\"url\":\"https:\/\/styrke.no\/content\/uploads\/sites\/31\/2024\/10\/Isolation_Mode.svg\",\"contentUrl\":\"https:\/\/styrke.no\/content\/uploads\/sites\/31\/2024\/10\/Isolation_Mode.svg\",\"width\":185,\"height\":54,\"caption\":\"Styrke Statens vegvesen\"},\"image\":{\"@id\":\"https:\/\/styrke.no\/svv\/#\/schema\/logo\/image\/\"}}]}<\/script>\n<!-- \/ Yoast SEO Premium plugin. -->","yoast_head_json":{"title":"Historikk - Styrke Statens vegvesen","robots":{"index":"index","follow":"follow","max-snippet":"max-snippet:-1","max-image-preview":"max-image-preview:large","max-video-preview":"max-video-preview:-1"},"canonical":"https:\/\/styrke.no\/svv\/forside\/historikk\/","og_locale":"nb_NO","og_type":"article","og_title":"Historikk","og_description":"Historikk STYRKE-Statens vegvesen ble stiftet i 1920 som \u00abNorsk Vegteknisk Forening\u00bb (NVF) hvor dette var en forening for oppsynsmenn i \u2026","og_url":"https:\/\/styrke.no\/svv\/forside\/historikk\/","og_site_name":"Styrke Statens vegvesen","article_modified_time":"2026-02-13T12:08:25+00:00","og_image":[{"url":"https:\/\/styrke.no\/content\/uploads\/sites\/31\/2026\/02\/DSC7895-5-1024x686.jpg"}],"twitter_card":"summary_large_image","twitter_misc":{"Ansl. lesetid":"1 minutt"},"schema":{"@context":"https:\/\/schema.org","@graph":[{"@type":"WebPage","@id":"https:\/\/styrke.no\/svv\/forside\/historikk\/","url":"https:\/\/styrke.no\/svv\/forside\/historikk\/","name":"Historikk - Styrke Statens vegvesen","isPartOf":{"@id":"https:\/\/styrke.no\/svv\/#website"},"primaryImageOfPage":{"@id":"https:\/\/styrke.no\/svv\/forside\/historikk\/#primaryimage"},"image":{"@id":"https:\/\/styrke.no\/svv\/forside\/historikk\/#primaryimage"},"thumbnailUrl":"https:\/\/styrke.no\/content\/uploads\/sites\/31\/2026\/02\/DSC7895-5-1024x686.jpg","datePublished":"2026-02-13T12:08:24+00:00","dateModified":"2026-02-13T12:08:25+00:00","breadcrumb":{"@id":"https:\/\/styrke.no\/svv\/forside\/historikk\/#breadcrumb"},"inLanguage":"nb-NO","potentialAction":[{"@type":"ReadAction","target":["https:\/\/styrke.no\/svv\/forside\/historikk\/"]}]},{"@type":"ImageObject","inLanguage":"nb-NO","@id":"https:\/\/styrke.no\/svv\/forside\/historikk\/#primaryimage","url":"https:\/\/styrke.no\/content\/uploads\/sites\/31\/2026\/02\/DSC7895-5-1024x686.jpg","contentUrl":"https:\/\/styrke.no\/content\/uploads\/sites\/31\/2026\/02\/DSC7895-5-1024x686.jpg"},{"@type":"BreadcrumbList","@id":"https:\/\/styrke.no\/svv\/forside\/historikk\/#breadcrumb","itemListElement":[{"@type":"ListItem","position":1,"name":"Hjem","item":"https:\/\/styrke.no\/svv\/"},{"@type":"ListItem","position":2,"name":"Styrke i Statens vegvesen","item":"https:\/\/styrke.no\/svv\/"},{"@type":"ListItem","position":3,"name":"Historikk"}]},{"@type":"WebSite","@id":"https:\/\/styrke.no\/svv\/#website","url":"https:\/\/styrke.no\/svv\/","name":"Styrke Statens vegvesen","description":"Enda et Styrke subsite-nettsted","publisher":{"@id":"https:\/\/styrke.no\/svv\/#organization"},"potentialAction":[{"@type":"SearchAction","target":{"@type":"EntryPoint","urlTemplate":"https:\/\/styrke.no\/svv\/?s={search_term_string}"},"query-input":"required name=search_term_string"}],"inLanguage":"nb-NO"},{"@type":"Organization","@id":"https:\/\/styrke.no\/svv\/#organization","name":"Styrke Statens vegvesen","url":"https:\/\/styrke.no\/svv\/","logo":{"@type":"ImageObject","inLanguage":"nb-NO","@id":"https:\/\/styrke.no\/svv\/#\/schema\/logo\/image\/","url":"https:\/\/styrke.no\/content\/uploads\/sites\/31\/2024\/10\/Isolation_Mode.svg","contentUrl":"https:\/\/styrke.no\/content\/uploads\/sites\/31\/2024\/10\/Isolation_Mode.svg","width":185,"height":54,"caption":"Styrke Statens vegvesen"},"image":{"@id":"https:\/\/styrke.no\/svv\/#\/schema\/logo\/image\/"}}]}},"acf":[],"_links":{"self":[{"href":"https:\/\/styrke.no\/svv\/wp-json\/wp\/v2\/pages\/376"}],"collection":[{"href":"https:\/\/styrke.no\/svv\/wp-json\/wp\/v2\/pages"}],"about":[{"href":"https:\/\/styrke.no\/svv\/wp-json\/wp\/v2\/types\/page"}],"author":[{"embeddable":true,"href":"https:\/\/styrke.no\/svv\/wp-json\/wp\/v2\/users\/240"}],"replies":[{"embeddable":true,"href":"https:\/\/styrke.no\/svv\/wp-json\/wp\/v2\/comments?post=376"}],"version-history":[{"count":2,"href":"https:\/\/styrke.no\/svv\/wp-json\/wp\/v2\/pages\/376\/revisions"}],"predecessor-version":[{"id":574,"href":"https:\/\/styrke.no\/svv\/wp-json\/wp\/v2\/pages\/376\/revisions\/574"}],"up":[{"embeddable":true,"href":"https:\/\/styrke.no\/svv\/wp-json\/wp\/v2\/pages\/4"}],"wp:attachment":[{"href":"https:\/\/styrke.no\/svv\/wp-json\/wp\/v2\/media?parent=376"}],"wp:term":[{"taxonomy":"news-tag","embeddable":true,"href":"https:\/\/styrke.no\/svv\/wp-json\/wp\/v2\/news-tag?post=376"}],"curies":[{"name":"wp","href":"https:\/\/api.w.org\/{rel}","templated":true}]}}